{"id":17227,"date":"2023-12-04T13:06:41","date_gmt":"2023-12-04T12:06:41","guid":{"rendered":"http:\/\/drancourt.fr\/Shop\/?page_id=17227"},"modified":"2023-12-04T13:10:49","modified_gmt":"2023-12-04T12:10:49","slug":"mentions-legales","status":"publish","type":"page","link":"https:\/\/drancourt.fr\/Shop\/mentions-legales\/","title":{"rendered":"Mentions l\u00e9gales"},"content":{"rendered":"\n<h2 class=\"wp-block-heading\">Le site internet&nbsp;<em>drancourt.fr<\/em>&nbsp;est \u00e9dit\u00e9 par la soci\u00e9t\u00e9&nbsp;<strong>Drancourt sarl.<\/strong><\/h2>\n\n\n\n<p>\u2028\u2028<\/p>\n\n\n\n<p>SIREN : 440 931293- APE 4676Z<\/p>\n\n\n\n<p>\u2028\u2028Adresse : ZA de la Pillardi\u00e8re 45600 Sully sur Loire. France<\/p>\n\n\n\n<p>\u2028\u2028Responsable marketing e-commerce : Mr Flores Emmanuel.<\/p>\n\n\n\n<p>\u2028\u2028Contact : 02 38 36 95 53<\/p>\n\n\n\n<p>&nbsp;\u2028\u2028<\/p>\n\n\n\n<p>L\u2019utilisateur est inform\u00e9 que le traitement automatis\u00e9 d\u2019informations, notamment la gestion des adresses e-mails, a fait l\u2019objet d\u2019une d\u00e9claration a la CNIL sous le num\u00e9ro 1381831 du 25 ao\u00fbt 2009.<\/p>\n\n\n\n<p>\u2028\u2028Conform\u00e9ment a l\u2019article 32 de la loi n\u00b0 2004-801 du 6 aout 2004 relative a la protection des personnes physiques a l\u2019\u00e9gard des traitements de donn\u00e9es a caract\u00e8re personnel et modifiant la loi n\u00b078-17 du 6 janvier 1978 relative a l\u2019informatique, aux fichiers et aux libert\u00e9s. Vous disposez d\u2019un droit d\u2019acc\u00e8s, de modification et de suppression des informations vous concernant a exercer \u00e0 tout moment aupr\u00e8s de Drancourt sarl.<\/p>\n\n\n\n<p>\u2028\u2028Le site internet est susceptible d\u2019utiliser des cookies qui ne sont pas destin\u00e9s \u00e0 collecter des informations personnelles sur le profil ou le comportement de l\u2019utilisateur, mais \u00e0 des fins de navigation et de statistiques d\u2019utilisation.<\/p>\n\n\n\n<p>\u2028\u2028Ce site est h\u00e9berg\u00e9 par OVH NET : 140, quai du Sartel &#8211; 59100 Roubaix &#8211; tech@ovh.net<\/p>\n\n\n\n<p>\u2028\u2028OVH. 2 Rue Kellermann &#8211; BP 80157 &#8211; ROUBAIX CEDEX 1 &#8211; support@ovh.com<\/p>\n\n\n\n<p>\u2028\u2028Propri\u00e9t\u00e9 intellectuelle<\/p>\n\n\n\n<p>\u2028\u2028Tous les \u00e9l\u00e9ments du site\u00a0<em>drancourt-communication.com<\/em>, qu\u2019ils soient visuels ou sonores, y compris la technologie sous-jacente, sont prot\u00e9g\u00e9s par le droit d\u2019auteur, des marques ou des brevets.<\/p>\n\n\n\n<p>\u2028\u2028Ainsi, aucun des documents provenant du site\u00a0<em>drancourt-communication.com<\/em>\u00a0ne peut-\u00eatre copi\u00e9, reproduit, republi\u00e9, t\u00e9l\u00e9charg\u00e9, post\u00e9, transmis ou distribu\u00e9 d\u2019aucune mani\u00e8re que ce soit, sauf dans les conditions suivantes : il est possible de t\u00e9l\u00e9charger une copie des documents sur un micro-ordinateur pour votre utilisation professionnelle et uniquement a des fins non commerciales, pourvu que vous ne modifiiez pas les informations et que vous conserviez intacts tous les copyrights et autres mentions de propri\u00e9t\u00e9. La modification de ces documents ou leur utilisation dans un autre but constitue une infraction au droit de propri\u00e9t\u00e9 intellectuelle de\u00a0<strong>Drancourt sarl.<\/strong><\/p>\n\n\n\n<p>\u2028\u2028L\u2019utilisateur qui dispose d\u2019un site Internet a titre personnel et qui d\u00e9sire placer, pour un usage personnel, sur son site un lien simple renvoyant directement a la page d\u2019accueil du site de drancourt-communication.com, doit obligatoirement en demander l\u2019autorisation a la soci\u00e9t\u00e9\u00a0<strong>Drancourt sarl.<\/strong>. Il ne s\u2019agira pas dans ce cas d\u2019une convention implicite d\u2019affiliation.<\/p>\n\n\n\n<p>\u2028En revanche, tout lien hypertexte renvoyant au site de\u00a0<em>drancourt.fr<\/em>\u00a0et utilisant la technique du framing ou du in-line linking est formellement interdit.<\/p>\n\n\n\n<p>\u2028Dans tous les cas, tout lien, m\u00eame tacitement autoris\u00e9, devra \u00eatre retir\u00e9 sur simple demande de la soci\u00e9t\u00e9\u00a0<strong>Drancourt sarl.<\/strong>.<\/p>\n\n\n\n<p>\u2028Les marques, logos, dessins et mod\u00e8les figurant sur ce site sont la propri\u00e9t\u00e9 exclusive de\u00a0<strong>Drancourt sarl.<\/strong>\u00a0ou des marques repr\u00e9sent\u00e9es.<\/p>\n\n\n\n<p>\u2028Leur divulgation ne saurait en aucun cas \u00eatre interpr\u00e9t\u00e9e comme accordant une licence ou un droit d\u2019utilisation quelconque des dites marques et \u00e9l\u00e9ments distinctifs prot\u00e9g\u00e9s par le droit d\u2019auteur. Ils ne peuvent donc \u00eatre utilis\u00e9s sous peine de contrefa\u00e7on.<\/p>\n","protected":false},"excerpt":{"rendered":"<p>Le site internet&nbsp;drancourt.fr&nbsp;est \u00e9dit\u00e9 par la soci\u00e9t\u00e9&nbsp;Drancourt sarl. \u2028\u2028 SIREN : 440 931293- APE 4676Z \u2028\u2028Adresse : ZA de la Pillardi\u00e8re 45600 Sully sur Loire. France \u2028\u2028Responsable marketing e-commerce : Mr Flores Emmanuel. \u2028\u2028Contact : 02 38 36 95 53 &nbsp;\u2028\u2028 L\u2019utilisateur est inform\u00e9 que le traitement automatis\u00e9 d\u2019informations, notamment la gestion des adresses e-mails, [&hellip;]<\/p>\n","protected":false},"author":3,"featured_media":0,"parent":0,"menu_order":0,"comment_status":"closed","ping_status":"closed","template":"","meta":{"content-type":"","om_disable_all_campaigns":false,"_monsterinsights_skip_tracking":false,"_monsterinsights_sitenote_active":false,"_monsterinsights_sitenote_note":"","_monsterinsights_sitenote_category":0,"_uf_show_specific_survey":0,"_uf_disable_surveys":false,"jetpack_post_was_ever_published":false,"footnotes":""},"class_list":["post-17227","page","type-page","status-publish","hentry"],"aioseo_notices":[],"jetpack_sharing_enabled":true,"_links":{"self":[{"href":"https:\/\/drancourt.fr\/Shop\/wp-json\/wp\/v2\/pages\/17227","targetHints":{"allow":["GET"]}}],"collection":[{"href":"https:\/\/drancourt.fr\/Shop\/wp-json\/wp\/v2\/pages"}],"about":[{"href":"https:\/\/drancourt.fr\/Shop\/wp-json\/wp\/v2\/types\/page"}],"author":[{"embeddable":true,"href":"https:\/\/drancourt.fr\/Shop\/wp-json\/wp\/v2\/users\/3"}],"replies":[{"embeddable":true,"href":"https:\/\/drancourt.fr\/Shop\/wp-json\/wp\/v2\/comments?post=17227"}],"version-history":[{"count":4,"href":"https:\/\/drancourt.fr\/Shop\/wp-json\/wp\/v2\/pages\/17227\/revisions"}],"predecessor-version":[{"id":17233,"href":"https:\/\/drancourt.fr\/Shop\/wp-json\/wp\/v2\/pages\/17227\/revisions\/17233"}],"wp:attachment":[{"href":"https:\/\/drancourt.fr\/Shop\/wp-json\/wp\/v2\/media?parent=17227"}],"curies":[{"name":"wp","href":"https:\/\/api.w.org\/{rel}","templated":true}]}}