{"id":17239,"date":"2023-12-04T13:16:28","date_gmt":"2023-12-04T12:16:28","guid":{"rendered":"http:\/\/drancourt.fr\/Shop\/?page_id=17239"},"modified":"2024-03-20T17:46:11","modified_gmt":"2024-03-20T16:46:11","slug":"a-propos","status":"publish","type":"page","link":"https:\/\/drancourt.fr\/Shop\/a-propos\/","title":{"rendered":"A Propos"},"content":{"rendered":"\n<h1 class=\"wp-block-heading has-text-color has-link-color wp-elements-3ebc28aa3db1240d4f90d7f5dc2a04d8\" style=\"color:#1c4499\">La communication est le c\u0153ur de notre activit\u00e9 depuis plus de 20 ans.<\/h1>\n\n\n\n<h3 class=\"wp-block-heading has-text-color has-link-color wp-elements-93710fc1626a08c3dd0ec6947c135800\" style=\"color:#1c4499\">Un univers bien sp\u00e9cifique o\u00f9 il faut sans cesse trouver des solutions, apporter du conseil et du service.<\/h3>\n\n\n\n<p>Trois axes prioritaires sur lesquels votre contact direct et toute notre \u00e9quipe se mobilisent pour vous conseiller et vous accompagner, \u00e0 tous les stades de vos besoins. Notre r\u00e9activit\u00e9 est permanente gr\u00e2ce \u00e0 un stock important et \u00e0 notre service de livraison. Notre secteur communication visuelle et son service graphique int\u00e9gr\u00e9 sont \u00e0 votre \u00e9coute pour la r\u00e9alisation de vos panneaux de circulations, enseignes, signalisations, signal\u00e9tiques, mais aussi pour personnaliser vos emballages.<\/p>\n\n\n\n<p>Votre partenaire DRANCOURT SARL, la proximit\u00e9 qui fait la diff\u00e9rence !<\/p>\n\n\n\n<p style=\"margin-top:var(--wp--preset--spacing--40);margin-bottom:var(--wp--preset--spacing--40)\"><strong>Jean-Luc DRANCOURT<\/strong><\/p>\n\n\n\n<div class=\"wp-block-columns is-layout-flex wp-container-core-columns-is-layout-ef350914 wp-block-columns-is-layout-flex\" style=\"padding-top:var(--wp--preset--spacing--30);padding-bottom:var(--wp--preset--spacing--30)\">\n<div class=\"wp-block-column is-layout-flow wp-block-column-is-layout-flow\"><\/div>\n\n\n\n<div class=\"wp-block-column is-layout-flow wp-block-column-is-layout-flow\">\n<figure class=\"wp-block-image aligncenter size-full\"><img data-recalc-dims=\"1\" decoding=\"async\" width=\"150\" height=\"100\" src=\"https:\/\/i0.wp.com\/drancourt.fr\/Shop\/wp-content\/uploads\/2023\/12\/logo-drancourt.png?resize=150%2C100\" alt=\"\" class=\"wp-image-17062\"\/><\/figure>\n<\/div>\n\n\n\n<div class=\"wp-block-column is-layout-flow wp-block-column-is-layout-flow\"><\/div>\n<\/div>\n","protected":false},"excerpt":{"rendered":"<p>La communication est le c\u0153ur de notre activit\u00e9 depuis plus de 20 ans. Un univers bien sp\u00e9cifique o\u00f9 il faut sans cesse trouver des solutions, apporter du conseil et du service. Trois axes prioritaires sur lesquels votre contact direct et toute notre \u00e9quipe se mobilisent pour vous conseiller et vous accompagner, \u00e0 tous les stades [&hellip;]<\/p>\n","protected":false},"author":3,"featured_media":0,"parent":0,"menu_order":0,"comment_status":"closed","ping_status":"closed","template":"","meta":{"content-type":"","om_disable_all_campaigns":false,"_monsterinsights_skip_tracking":false,"_monsterinsights_sitenote_active":false,"_monsterinsights_sitenote_note":"","_monsterinsights_sitenote_category":0,"_uf_show_specific_survey":0,"_uf_disable_surveys":false,"jetpack_post_was_ever_published":false,"footnotes":""},"class_list":["post-17239","page","type-page","status-publish","hentry"],"aioseo_notices":[],"jetpack_sharing_enabled":true,"_links":{"self":[{"href":"https:\/\/drancourt.fr\/Shop\/wp-json\/wp\/v2\/pages\/17239","targetHints":{"allow":["GET"]}}],"collection":[{"href":"https:\/\/drancourt.fr\/Shop\/wp-json\/wp\/v2\/pages"}],"about":[{"href":"https:\/\/drancourt.fr\/Shop\/wp-json\/wp\/v2\/types\/page"}],"author":[{"embeddable":true,"href":"https:\/\/drancourt.fr\/Shop\/wp-json\/wp\/v2\/users\/3"}],"replies":[{"embeddable":true,"href":"https:\/\/drancourt.fr\/Shop\/wp-json\/wp\/v2\/comments?post=17239"}],"version-history":[{"count":6,"href":"https:\/\/drancourt.fr\/Shop\/wp-json\/wp\/v2\/pages\/17239\/revisions"}],"predecessor-version":[{"id":17247,"href":"https:\/\/drancourt.fr\/Shop\/wp-json\/wp\/v2\/pages\/17239\/revisions\/17247"}],"wp:attachment":[{"href":"https:\/\/drancourt.fr\/Shop\/wp-json\/wp\/v2\/media?parent=17239"}],"curies":[{"name":"wp","href":"https:\/\/api.w.org\/{rel}","templated":true}]}}