{"id":13886,"date":"2023-11-30T11:19:37","date_gmt":"2023-11-30T10:19:37","guid":{"rendered":"http:\/\/drancourt.fr\/Shop\/?post_type=product&#038;p=13886"},"modified":"2024-11-15T09:35:10","modified_gmt":"2024-11-15T08:35:10","slug":"porte-cartes-grises-3-volets-cousus-gomme-unie-jaune","status":"publish","type":"product","link":"https:\/\/drancourt.fr\/Shop\/produit\/porte-cartes-grises-3-volets-cousus-gomme-unie-jaune\/","title":{"rendered":"Porte-cartes grises 3 volets cousus GOMME-UNIE Jaune."},"content":{"rendered":"\n<h3><span style=\"color: #19419b\">Prix Unitaire HT des Porte-Cartes Grises 3 Volets Cousus JAUNE : <\/span><\/h3>\n\n\n\n<p>&nbsp;<p>\n\n\n\n<h5><span style=\"color: #19419b\">1<sup>ere<\/sup> commande :<\/span><\/h5>\n<table class=\"table table-responsive table-hover table-bordered\">\n  <thead>\n <tr>\n     <tr class=\"table-primary\">\n<td style=\"text-align: center\"><span style=\"color: #19419b\">Par<\/span><\/td>\n<td style=\"text-align: center\"><span style=\"color: #19419b\">Par<\/span><\/td>\n<td style=\"text-align: center\"><span style=\"color: #19419b\">Par<\/span><\/td>\n<td style=\"text-align: center\"><span style=\"color: #19419b\">Par<\/span><\/td>\n<td style=\"text-align: center\"><span style=\"color: #19419b\">Par<\/span><\/td>\n\n<\/tr>\n  <\/thead>\n\n  <tbody>\n\n    <tr>\n<td style=\"text-align: center\"><span style=\"color: #19419b\">100 :<\/span><\/td>\n<td style=\"text-align: center\"><span style=\"color: #19419b\">250 :<\/span><\/td>\n<td style=\"text-align: center\"><span style=\"color: #19419b\">500 :<\/span><\/td>\n<td style=\"text-align: center\"><span style=\"color: #19419b\">1000 :<\/span><\/td>\n<td style=\"text-align: center\"><span style=\"color: #19419b\">2500 :<\/span><\/td>\n\n <\/tr>\n\n <tr>\n <td style=\"text-align: center\"><span style=\"color: #19419b\"><b>4,88 \u20ac<b><\/span><\/td>\n<td style=\"text-align: center\"><span style=\"color: #19419b\"><b>3,54 \u20ac<b><\/span><\/td>\n<td style=\"text-align: center\"><span style=\"color: #19419b\"><b>3,12 \u20ac<b><\/span><\/td>\n<td style=\"text-align: center\"><span style=\"color: #19419b\"><b>2,58 \u20ac<b><\/span><\/td>\n<td style=\"text-align: center\"><span style=\"color: #19419b\"><b>2,12 \u20ac<b><\/span><\/td>\n<\/tr>\n\n  <tr>\n <td style=\"text-align: center\"><span style=\"color: #19419b\"><i>+ 98 \u20ac<\/i><\/span><\/td>\n<td style=\"text-align: center\"><span style=\"color: #19419b\"><i>+ 98 \u20ac<\/i><\/span><\/td>\n<td style=\"text-align: center\"><span style=\"color: #19419b\"><i>+ 98 \u20ac<\/i><\/span><\/td>\n<td style=\"text-align: center\"><span style=\"color: #19419b\"><i>+ 98 \u20ac<\/i><\/span><\/td>\n<td style=\"text-align: center\"><span style=\"color: #19419b\"><i>+ 98 \u20ac<\/i><\/span><\/td>\n<\/tr>  \n\n<tr>\n<td style=\"text-align: center\"><span style=\"color: #19419b\"><b>586,00 \u20ac<b><\/span><\/td>\n<td style=\"text-align: center\"><span style=\"color: #19419b\"><b>963,00 \u20ac<b><\/span><\/td>\n<td style=\"text-align: center\"><span style=\"color: #19419b\"><b>1658,00 \u20ac<b><\/span><\/td>\n<td style=\"text-align: center\"><span style=\"color: #19419b\"><b>2678,80 \u20ac<b><\/span><\/td>\n<td style=\"text-align: center\"><span style=\"color: #19419b\"><b>5398,00 \u20ac<b><\/span><\/td>\n\n<\/tr>\n\n <\/tbody>\n<\/table>\n\n<p>&nbsp;<p>\n\n\n<h5><span style=\"color: #19419b\">2<sup>eme<\/sup> commande :<\/span><\/h5>\n\n<table class=\"table table-responsive table-hover table-bordered\">\n  <thead>\n <tr>\n     <tr class=\"table-primary\">\n<td style=\"text-align: center\"><span style=\"color: #19419b\">Par<\/span><\/td>\n<td style=\"text-align: center\"><span style=\"color: #19419b\">Par<\/span><\/td>\n<td style=\"text-align: center\"><span style=\"color: #19419b\">Par<\/span><\/td>\n<td style=\"text-align: center\"><span style=\"color: #19419b\">Par<\/span><\/td>\n<td style=\"text-align: center\"><span style=\"color: #19419b\">Par<\/span><\/td>\n\n<\/tr>\n  <\/thead>\n\n<tbody>\n\n    <tr>\n<td style=\"text-align: center\"><span style=\"color: #19419b\">100 :<\/span><\/td>\n<td style=\"text-align: center\"><span style=\"color: #19419b\">250 :<\/span><\/td>\n<td style=\"text-align: center\"><span style=\"color: #19419b\">500 :<\/span><\/td>\n<td style=\"text-align: center\"><span style=\"color: #19419b\">1000 :<\/span><\/td>\n<td style=\"text-align: center\"><span style=\"color: #19419b\">2500 :<\/span><\/td>\n <\/tr>\n\n<tr>\n <td style=\"text-align: center\"><span style=\"color: #19419b\"><b>4,88 \u20ac<b><\/span><\/td>\n<td style=\"text-align: center\"><span style=\"color: #19419b\"><b>3,54 \u20ac<b><\/span><\/td>\n<td style=\"text-align: center\"><span style=\"color: #19419b\"><b>3,12 \u20ac<b><\/span><\/td>\n<td style=\"text-align: center\"><span style=\"color: #19419b\"><b>2,58 \u20ac<b><\/span><\/td>\n<td style=\"text-align: center\"><span style=\"color: #19419b\"><b>2,12 \u20ac<b><\/span><\/td>\n<\/tr>\n\n<tr>\n<td style=\"text-align: center\"><span style=\"color: #19419b\"><b>488,00 \u20ac<b><\/span><\/td>\n<td style=\"text-align: center\"><span style=\"color: #19419b\"><b>885,00 \u20ac<b><\/span><\/td>\n<td style=\"text-align: center\"><span style=\"color: #19419b\"><b>1560,00 \u20ac<b><\/span><\/td>\n<td style=\"text-align: center\"><span style=\"color: #19419b\"><b>2580,00 \u20ac<b><\/span><\/td>\n<td style=\"text-align: center\"><span style=\"color: #19419b\"><b>5300,00 \u20ac<b><\/span><\/td>\n\n<\/tr>\n\n<\/tbody>\n<\/table>\n\n\n\n<p>&nbsp;<p>\n\n\n\n<h3 class=\"wp-block-heading\">Porte-Carte Grise 3 Volets Cousus GOMME-UNIE :<\/h3>\n<p>Porte carte-grise enti\u00e8rement personnalisable avec votre logo, adresse, num\u00e9ro de t\u00e9l\u00e9phone et bien plus.<\/p>\n\n\n\n<h5><strong><span style=\"color: #19419b\">Caract\u00e9ristiques techniques : <\/span><\/strong><\/h5>\n<li><span style=\"color: #19419b\">Dimensions :<\/span> 8 x 12 cm.<\/li>\n<li><span style=\"color: #19419b\">Poids :<\/span> 22g.<\/li>\n<li><span style=\"color: #19419b\">Piq\u00fbre :<\/span> Sellier.<\/li>\n<li><span style=\"color: #19419b\">2 poches en cristal sur le 1er volet int\u00e9rieur.<\/span><\/li>\n<li><span style=\"color: #19419b\">2 passants en cristal sur les 2\u00e8me et 3\u00e8me volets int\u00e9rieurs.<\/span><\/li>\n<li><span style=\"color: #19419b\">Insertion facilit\u00e9 par l&rsquo;existence d&rsquo;un passant sur le 3\u00e8me volet int\u00e9rieur.<\/span><\/li>\n<li><span style=\"color: #19419b\">Ouverture sur le bord \u00e0 l&rsquo;extr\u00e9mit\u00e9 du produit.<\/span><\/li>\n<li><span style=\"color: #19419b\">Frais technique inclus dans la 1\u00e8re commande (98\u20ac) uniquement.<\/li>\n<br>\n<h5><strong><span style=\"color: #19419b\">Options sur devis : <\/span><\/strong><\/h5>\n  <li><span style=\"color: #19419b\">Doublure standard strie noir.<\/li>\n  <li><span style=\"color: #19419b\">Couleurs suppl\u00e9mentaires.<\/li>\n  <li><span style=\"color: #19419b\">Impression volet suppl\u00e9mentaire.<\/li>\n  <li><span style=\"color: #19419b\">Ajout de deux coins m\u00e9talliques.<\/li>\n\n<br>\n\n<p><span style=\"color: #ED0010\"><strong>Toute commande sera suivie d&rsquo;appels t\u00e9l\u00e9phoniques et d&rsquo;envoi\/r\u00e9ception de BAT valid\u00e9, avant fabrication.<\/strong><\/p>\n","protected":false},"excerpt":{"rendered":"<p>3 volets cousus gomme-unis<\/p>\n","protected":false},"featured_media":14520,"comment_status":"open","ping_status":"closed","template":"","meta":{"content-type":"","om_disable_all_campaigns":false,"_monsterinsights_skip_tracking":false,"_monsterinsights_sitenote_active":false,"_monsterinsights_sitenote_note":"","_monsterinsights_sitenote_category":0,"_uf_show_specific_survey":0,"_uf_disable_surveys":false},"product_brand":[],"product_cat":[117,150],"product_tag":[151],"class_list":{"0":"post-13886","1":"product","2":"type-product","3":"status-publish","4":"has-post-thumbnail","6":"product_cat-porte-cartes-grises-3-volets-cousus","7":"product_cat-porte-cartes-grises-3-volets-cousus-gomme-unie","8":"product_tag-porte-cartes-grises-3-volets-cousus-gomme-unie","10":"first","11":"instock","12":"taxable","13":"shipping-taxable","14":"purchasable","15":"product-type-variable","16":"has-default-attributes"},"aioseo_notices":[],"jetpack_sharing_enabled":true,"_links":{"self":[{"href":"https:\/\/drancourt.fr\/Shop\/wp-json\/wp\/v2\/product\/13886","targetHints":{"allow":["GET"]}}],"collection":[{"href":"https:\/\/drancourt.fr\/Shop\/wp-json\/wp\/v2\/product"}],"about":[{"href":"https:\/\/drancourt.fr\/Shop\/wp-json\/wp\/v2\/types\/product"}],"replies":[{"embeddable":true,"href":"https:\/\/drancourt.fr\/Shop\/wp-json\/wp\/v2\/comments?post=13886"}],"wp:featuredmedia":[{"embeddable":true,"href":"https:\/\/drancourt.fr\/Shop\/wp-json\/wp\/v2\/media\/14520"}],"wp:attachment":[{"href":"https:\/\/drancourt.fr\/Shop\/wp-json\/wp\/v2\/media?parent=13886"}],"wp:term":[{"taxonomy":"product_brand","embeddable":true,"href":"https:\/\/drancourt.fr\/Shop\/wp-json\/wp\/v2\/product_brand?post=13886"},{"taxonomy":"product_cat","embeddable":true,"href":"https:\/\/drancourt.fr\/Shop\/wp-json\/wp\/v2\/product_cat?post=13886"},{"taxonomy":"product_tag","embeddable":true,"href":"https:\/\/drancourt.fr\/Shop\/wp-json\/wp\/v2\/product_tag?post=13886"}],"curies":[{"name":"wp","href":"https:\/\/api.w.org\/{rel}","templated":true}]}}