{"id":1409,"date":"2023-11-02T11:47:14","date_gmt":"2023-11-02T10:47:14","guid":{"rendered":"http:\/\/drancourt.fr\/Shop\/?post_type=product&#038;p=1409"},"modified":"2024-03-20T16:23:51","modified_gmt":"2024-03-20T15:23:51","slug":"porte-cles-alpha-romeo-reference-alf017s-personnalisables-design-automobile","status":"publish","type":"product","link":"https:\/\/drancourt.fr\/Shop\/produit\/porte-cles-alpha-romeo-reference-alf017s-personnalisables-design-automobile\/","title":{"rendered":"Porte-Cl\u00e9s ALPHA ROM\u00c9O ALF017S Personnalisables. Design Automobile"},"content":{"rendered":"\n<script type=\"application\/ld+json\">\n{\n  \"@context\": \"https:\/\/schema.org\/\",\n  \"@type\": \"Product\",\n  \"name\": \"Porte-Cl\u00e9s ALPHA ROM\u00c9O ALF017S Personnalisables. Design Automobile\",\n  \"image\": \"https:\/\/drancourt.fr\/Shop\/wp-content\/uploads\/2023\/11\/porte-cles-alpha-romeo-personnalisables-ref-alf017s-2.webp\",\n  \"description\": \"Porte-Cl\u00e9s ALPHA ROM\u00c9O R\u00e9f\u00e9rence : ALF017S Personnalisables. Design Automobile.\",\n  \"brand\": {\n    \"@type\": \"Brand\",\n    \"name\": \"ALPHA ROM\u00c9O\"\n\n  },\n  \"sku\": \"Alpha Rom\u00e9o : ALF017S\",\n  \"offers\": {\n    \"@type\": \"AggregateOffer\",\n    \"url\": \"https:\/\/drancourt.fr\/Shop\/produit\/porte-cles-alpha-romeo-reference-alf017s-personnalisables-design-automobile\/\",\n    \"priceCurrency\": \"EUR\",\n    \"lowPrice\": \"333.00\",\n    \"highPrice\": \"8488.00\",\n    \"offerCount\": \"6\",\n    \"priceSpecification\": [\n      {\n        \"@type\": \"UnitPriceSpecification\",\n        \"description\": \"Tarif pour la premi\u00e8re commande : 150 unit\u00e9s\",\n        \"price\": \"421.00\",\n        \"priceCurrency\": \"EUR\",\n        \"eligibleQuantity\": {\n          \"@type\": \"QuantitativeValue\",\n          \"value\": 150\n        }\n         },\n\t\t{\n        \"@type\": \"UnitPriceSpecification\",\n        \"description\": \"Tarif pour la premi\u00e8re commande : 300 unit\u00e9s\",\n        \"price\": \"736.00\",\n        \"priceCurrency\": \"EUR\",\n        \"eligibleQuantity\": {\n          \"@type\": \"QuantitativeValue\",\n          \"value\": 300\n       }\n\t  },\n\t\t{\n        \"@type\": \"UnitPriceSpecification\",\n        \"description\": \"Tarif pour la premi\u00e8re commande : 600 unit\u00e9s\",\n        \"price\": \"1192.00\",\n        \"priceCurrency\": \"EUR\",\n        \"eligibleQuantity\": {\n          \"@type\": \"QuantitativeValue\",\n          \"value\": 600\n        }\n\t\t },\n\t\t{\n        \"@type\": \"UnitPriceSpecification\",\n        \"description\": \"Tarif pour la premi\u00e8re commande : 1200 unit\u00e9s\",\n        \"price\": \"2224.00\",\n        \"priceCurrency\": \"EUR\",\n        \"eligibleQuantity\": {\n          \"@type\": \"QuantitativeValue\",\n          \"value\": 1200\n       }\n\t\t},\n\t\t{\n        \"@type\": \"UnitPriceSpecification\",\n        \"description\": \"Tarif pour la premi\u00e8re commande : 2500 unit\u00e9s\",\n        \"price\": \"4338.00\",\n        \"priceCurrency\": \"EUR\",\n        \"eligibleQuantity\": {\n          \"@type\": \"QuantitativeValue\",\n          \"value\": 2500\n       }\n\t\t},\n\t\t{\n        \"@type\": \"UnitPriceSpecification\",\n        \"description\": \"Tarif pour la premi\u00e8re commande : 5000 unit\u00e9s\",\n        \"price\": \"8488.00\",\n        \"priceCurrency\": \"EUR\",\n        \"eligibleQuantity\": {\n          \"@type\": \"QuantitativeValue\",\n          \"value\": 5000\n       }\n\t\t},\n\t\t{\n\t\t\t\"@type\": \"UnitPriceSpecification\",\n\t\t\t\"description\": \"Tarif pour la 2\u00e8me commande : 150 unit\u00e9s\",\n\t\t\t\"price\": \"333.00\",\n\t\t\t\"priceCurrency\": \"EUR\",\n\t\t\t\"eligibleQuantity\": {\n\t\t\t\"@type\": \"QuantitativeValue\",\n\t\t\t\t\"value\": 150\n \t}\n\t},\n{\n  \"@type\": \"UnitPriceSpecification\",\n  \"description\": \"Tarif pour la 2\u00e8me commande : 300 unit\u00e9s\",\n  \"price\": \"648.00\",\n  \"priceCurrency\": \"EUR\",\n  \"eligibleQuantity\": {\n    \"@type\": \"QuantitativeValue\",\n    \"value\": 300\n  }\n\t},\n{\n  \"@type\": \"UnitPriceSpecification\",\n  \"description\": \"Tarif pour la 2\u00e8me commande : 600 unit\u00e9s\",\n  \"price\": \"1104.00\",\n  \"priceCurrency\": \"EUR\",\n  \"eligibleQuantity\": {\n    \"@type\": \"QuantitativeValue\",\n    \"value\": 600\n  }\n\t},\n{\n  \"@type\": \"UnitPriceSpecification\",\n  \"description\": \"Tarif pour la 2\u00e8me commande : 1200 unit\u00e9s\",\n  \"price\": \"2136.00\",\n  \"priceCurrency\": \"EUR\",\n  \"eligibleQuantity\": {\n    \"@type\": \"QuantitativeValue\",\n    \"value\": 1200\n }\n},\n{\n  \"@type\": \"UnitPriceSpecification\",\n  \"description\": \"Tarif pour la 2\u00e8me commande : 2500 unit\u00e9s\",\n  \"price\": \"4350.00\",\n  \"priceCurrency\": \"EUR\",\n  \"eligibleQuantity\": {\n    \"@type\": \"QuantitativeValue\",\n    \"value\": 2500\n }\n},\n{\n  \"@type\": \"UnitPriceSpecification\",\n  \"description\": \"Tarif pour la 2\u00e8me commande : 5000 unit\u00e9s\",\n  \"price\": \"8400.00\",\n  \"priceCurrency\": \"EUR\",\n  \"eligibleQuantity\": {\n    \"@type\": \"QuantitativeValue\",\n    \"value\": 5000\n  }\n      }\n      \n    ],\n    \"itemCondition\": \"https:\/\/schema.org\/NewCondition\",\n    \"availability\": \"https:\/\/schema.org\/InStock\",\n    \"seller\": {\n      \"@type\": \"Organization\",\n      \"name\": \"Drancourt\"\n    }\n  }\n}\n\n<\/script>\n\n\n\n<h3 class=\"wp-block-heading has-text-align-center has-x-large-font-size\" style=\"font-style:normal;font-weight:600\"><em><strong>Porte-Cl\u00e9s Publicitaires ALPHA ROM\u00c9O<\/strong><\/em><\/h3>\n\n\n\n<p>&nbsp;<p>\n\n\n\n<h3><span style=\"color: #1c4499\">Design Color\u00e9, Passion Automobile : Porte-Cl\u00e9s ALPHA ROM\u00c9O ALF017S.\u00a0\u00bb<\/span><\/h3>\n\n\n\n<p>Le porte-cl\u00e9s publicitaire ALPHA ROM\u00c9O ALF017S est <strong>l&rsquo;accessoire parfait<\/strong> pour mettre en valeur votre marque automobile.<\/p>\n\n<p>Avec son design rond et ses 3 couleurs disponibles, ce porte-cl\u00e9s est \u00e0 la fois<strong> \u00e9l\u00e9gant et attrayant<\/strong>. Il attire l&rsquo;attention et permet \u00e0 votre logo ou nom de soci\u00e9t\u00e9 de se d\u00e9marquer.<\/p>\n\n<p>Fabriqu\u00e9 avec des mat\u00e9riaux de haute qualit\u00e9, ce porte-cl\u00e9s offre une <strong>durabilit\u00e9 exceptionnelle<\/strong>. Il est con\u00e7u pour r\u00e9sister \u00e0 l&rsquo;usure quotidienne et garder votre marque visible pendant longtemps.<\/p>\n\n<p>Le porte-cl\u00e9s publicitaire ALPHA ROM\u00c9O ALF017S peut \u00eatre personnalis\u00e9 avec votre logo et votre message. Cela vous permet de cr\u00e9er un cadeau promotionnel unique et m\u00e9morable pour vos clients et partenaires.<\/p>\n\n<p>Ce porte-cl\u00e9s est \u00e9galement pratique et fonctionnel. Il est suffisamment petit pour \u00eatre transport\u00e9 facilement dans une poche ou un sac, mais assez grand pour ne pas \u00eatre perdu. Il peut \u00e9galement \u00eatre utilis\u00e9 comme porte-cl\u00e9s pour les cl\u00e9s de voiture ou de maison.<\/p>\n\n<p>Que vous organisiez un salon automobile, une foire commerciale ou une campagne publicitaire,<strong> le porte-cl\u00e9s publicitaire ALPHA ROM\u00c9O ALF017S <\/strong>est l&rsquo;outil de marketing id\u00e9al. Il permettra \u00e0 votre marque de se d\u00e9marquer et d&rsquo;attirer l&rsquo;attention de vos clients potentiels.<\/p>\n\n<p>Ne manquez pas l&rsquo;occasion d&rsquo;accro\u00eetre la visibilit\u00e9 de votre marque et de renforcer votre image de marque. Demandez d\u00e8s maintenant un devis pour le porte-cl\u00e9s publicitaire ALPHA ROM\u00c9O ALF017S. Rond 3 Couleurs!<\/p>\n\n\n\n<p>&nbsp;<p>\n\n\n\n<h4><span style=\"color: #1c4499\">Prix Unitaire des Porte-Cl\u00e9s 1<sup>ere<\/sup> Gravure : <\/span><\/h4>\n\n\n\n<table class=\"table table-responsive table-hover table-bordered\">\n  <thead>\n     <tr class=\"table-primary\">\n<td style=\"text-align: center\"><span style=\"color: #19419b\">Par<\/span><\/td>\n<td style=\"text-align: center\"><span style=\"color: #19419b\">Par<\/span><\/td>\n<td style=\"text-align: center\"><span style=\"color: #19419b\">Par<\/span><\/td>\n<td style=\"text-align: center\"><span style=\"color: #19419b\">Par<\/span><\/td>\n<td style=\"text-align: center\"><span style=\"color: #19419b\">Par<\/span><\/td>\n<td style=\"text-align: center\"><span style=\"color: #19419b\">Par<\/span><\/td>\n     <\/tr>\n  <\/thead>\n\n  <tbody>\n\n    <tr>\n<td style=\"text-align: center\"><span style=\"color: #19419b\">150 :<\/span><\/td>\n<td style=\"text-align: center\"><span style=\"color: #19419b\">300 :<\/span><\/td>\n<td style=\"text-align: center\"><span style=\"color: #19419b\">600 :<\/span><\/td>\n<td style=\"text-align: center\"><span style=\"color: #19419b\">1200 :<\/span><\/td>\n<td style=\"text-align: center\"><span style=\"color: #19419b\">2500 :<\/span><\/td>\n<td style=\"text-align: center\"><span style=\"color: #19419b\">5000 :<\/span><\/td>  \n<\/tr>\n\n<tr>\n<td style=\"text-align: center\"><span style=\"color: #19419b\"><b>2,20 \u20ac<b><\/span><\/td>\n<td style=\"text-align: center\"><span style=\"color: #19419b\"><b>2,16 \u20ac<b><\/span><\/td>\n<td style=\"text-align: center\"><span style=\"color: #19419b\"><b>1,84 \u20ac<b><\/span><\/td>\n<td style=\"text-align: center\"><span style=\"color: #19419b\"><b>1,78 \u20ac<b><\/span><\/td>\n<td style=\"text-align: center\"><span style=\"color: #19419b\"><b>1,74 \u20ac<b><\/span><\/td>\n<td style=\"text-align: center\"><span style=\"color: #19419b\"><b>1,68 \u20ac<b><\/span><\/td>  \n <\/tr>\n \n <tr>   \n<td style=\"text-align: center\"><span style=\"color: #19419b\"><i>+ 88 \u20ac<\/i><\/span><\/td>\n<td style=\"text-align: center\"><span style=\"color: #19419b\"><i>+ 88 \u20ac<\/i><\/span><\/td>\n<td style=\"text-align: center\"><span style=\"color: #19419b\"><i>+ 88 \u20ac<\/i><\/span><\/td>\n<td style=\"text-align: center\"><span style=\"color: #19419b\"><i>+ 88 \u20ac<\/i><\/span><\/td>\n<td style=\"text-align: center\"><span style=\"color: #19419b\"><i>+ 88 \u20ac<\/i><\/span><\/td>\n<td style=\"text-align: center\"><span style=\"color: #19419b\"><i>+ 88 \u20ac<\/i><\/span><\/td> \n<\/tr>\n\n<tr>\n<td style=\"text-align: center\"><span style=\"color: #19419b\"><b>421,00 \u20ac<b><\/span><\/td>\n<td style=\"text-align: center\"><span style=\"color: #19419b\"><b>736,00 \u20ac<b><\/span><\/td>\n<td style=\"text-align: center\"><span style=\"color: #19419b\"><b>1192,00 \u20ac<b><\/span><\/td>\n<td style=\"text-align: center\"><span style=\"color: #19419b\"><b>2224,00 \u20ac<b><\/span><\/td>\n<td style=\"text-align: center\"><span style=\"color: #19419b\"><b>4338,00 \u20ac<b><\/span><\/td>\n<td style=\"text-align: center\"><span style=\"color: #19419b\"><b>8488,00 \u20ac<b><\/span><\/td>\n<\/tr>\n\n  <\/tbody>\n<\/table>\n\n\n\n<p>&nbsp;<p>\n\n\n\n<h3><span style=\"color: #1c4499\">Options de Personnalisation et Processus de Commande<\/span><\/h3>\n    <ol>\n        <li><strong>Personnalisation en Relief sur le Revers<\/strong> :\n            <ul>\n                <li><strong>Premi\u00e8re Commande<\/strong> : Co\u00fbt d&rsquo;outillage de 88 euros pour le nom, l&rsquo;adresse et le t\u00e9l\u00e9phone avec une typographie en \u00ab \u00c9criture B\u00e2ton \u00bb. Ce tarif comprend un lettrage standard.<\/li>\n                <li><strong>Renouvellement<\/strong> : Aucun frais pour les outillages d\u00e9j\u00e0 existants.<\/li>\n            <\/ul>\n        <\/li>\n        <li><strong>Marquage Sp\u00e9cial sur le Revers<\/strong> :\n            <ul>\n                <li>Pour l&rsquo;ajout d&rsquo;un logo ou d&rsquo;une typographie personnalis\u00e9e, le co\u00fbt est de 110 euros. Merci de nous consulter pour plus de d\u00e9tails.<\/li>\n            <\/ul>\n        <\/li>\n        <li><strong>Processus de Commande et Fabrication<\/strong> :\n            <ul>\n                <li>Chaque commande implique une communication proactive, incluant des appels t\u00e9l\u00e9phoniques et l&rsquo;\u00e9change d&rsquo;un Bon \u00e0 Tirer (BAT) valid\u00e9 avant le d\u00e9but de la fabrication.<\/li>\n                <li>Le d\u00e9lai de fabrication est estim\u00e9 entre 4 et 6 semaines.<\/li>\n            <\/ul>\n        <\/li>\n    <\/ol>\n\n\n\n<p>&nbsp;<p>\n\n\n\n<h4><span style=\"color: #1c4499\">Prix Unitaire des Porte-Cl\u00e9s Renouvellement : <\/span><\/h4>\n\n\n\n<table class=\"table table-responsive table-hover table-bordered\">\n  <thead>\n    <tr class=\"table-primary\">\n<td style=\"text-align: center\"><span style=\"color: #19419b\">Par<\/span><\/td>\n<td style=\"text-align: center\"><span style=\"color: #19419b\">Par<\/span><\/td>\n<td style=\"text-align: center\"><span style=\"color: #19419b\">Par<\/span><\/td>\n<td style=\"text-align: center\"><span style=\"color: #19419b\">Par<\/span><\/td>\n<td style=\"text-align: center\"><span style=\"color: #19419b\">Par<\/span><\/td>\n<td style=\"text-align: center\"><span style=\"color: #19419b\">Par<\/span><\/td>\n     <\/tr>\n  <\/thead>\n\n  <tbody>\n\n    <tr>\n   <td style=\"text-align: center\"><span style=\"color: #19419b\">150 :<\/span><\/td>\n<td style=\"text-align: center\"><span style=\"color: #19419b\">300 :<\/span><\/td>\n<td style=\"text-align: center\"><span style=\"color: #19419b\">600 :<\/span><\/td>\n<td style=\"text-align: center\"><span style=\"color: #19419b\">1200 :<\/span><\/td>\n<td style=\"text-align: center\"><span style=\"color: #19419b\">2500 :<\/span><\/td>\n<td style=\"text-align: center\"><span style=\"color: #19419b\">5000 :<\/span><\/td>  \n<\/tr>\n\n <tr>\n<td style=\"text-align: center\"><span style=\"color: #19419b\"><b>2,20 \u20ac<b><\/span><\/td>\n<td style=\"text-align: center\"><span style=\"color: #19419b\"><b>2,16 \u20ac<b><\/span><\/td>\n<td style=\"text-align: center\"><span style=\"color: #19419b\"><b>1,84 \u20ac<b><\/span><\/td>\n<td style=\"text-align: center\"><span style=\"color: #19419b\"><b>1,78 \u20ac<b><\/span><\/td>\n<td style=\"text-align: center\"><span style=\"color: #19419b\"><b>1,74 \u20ac<b><\/span><\/td>\n<td style=\"text-align: center\"><span style=\"color: #19419b\"><b>1,68 \u20ac<b><\/span><\/td>  \n <\/tr>\n   \n\n<tr>\n<td style=\"text-align: center\"><span style=\"color: #19419b\"><b>333,00 \u20ac<b><\/span><\/td>\n<td style=\"text-align: center\"><span style=\"color: #19419b\"><b>648,00 \u20ac<b><\/span><\/td>\n<td style=\"text-align: center\"><span style=\"color: #19419b\"><b>1104,00 \u20ac<b><\/span><\/td>\n<td style=\"text-align: center\"><span style=\"color: #19419b\"><b>2136,00 \u20ac<b><\/span><\/td>\n<td style=\"text-align: center\"><span style=\"color: #19419b\"><b>4350,00 \u20ac<b><\/span><\/td>\n<td style=\"text-align: center\"><span style=\"color: #19419b\"><b>8400,00 \u20ac<b><\/span><\/td>\n<\/tr>\n\n  <\/tbody>\n<\/table>\n\n\n\n<p>&nbsp;<p>\n\n\n\n<h3><span style=\"color: #1c4499\">Porte-Cl\u00e9s ALF017S ALPHA ROM\u00c9O. ROND 3 Couleurs : <\/span><\/h3>\n\n\n\n<p>&nbsp;<p>\n\n\n\n<div class=\"wp-block-columns\">\n<div class=\"wp-block-column\">\n<figure class=\"wp-block-image aligncenter size-full\"><img data-recalc-dims=\"1\" fetchpriority=\"high\" decoding=\"async\" width=\"400\" height=\"500\" src=\"https:\/\/i0.wp.com\/drancourt.fr\/Shop\/wp-content\/uploads\/2023\/11\/Logo-Alpha-Romeo-1.webp?resize=400%2C500\" alt=\"Logo-Alpha-Rome\u0301o\" class=\"wp-image-1388\" srcset=\"https:\/\/i0.wp.com\/drancourt.fr\/Shop\/wp-content\/uploads\/2023\/11\/Logo-Alpha-Romeo-1.webp?w=400&amp;ssl=1 400w, https:\/\/i0.wp.com\/drancourt.fr\/Shop\/wp-content\/uploads\/2023\/11\/Logo-Alpha-Romeo-1.webp?resize=240%2C300&amp;ssl=1 240w\" sizes=\"(max-width: 400px) 100vw, 400px\" \/><\/figure>\n<\/div>\n<div class=\"wp-block-column\">\n<div class=\"wp-block-group\">\n<div class=\"wp-block-group\">\n<h2 class=\"wp-block-heading\" id=\"block-80d37238-861c-4921-b650-550d4e855d0e\">Description<\/h2>\n<p id=\"block-b96fc4b1-0ffa-4724-8d2f-98c73e4b6f7b\"><strong><span style=\"color: #1c4499\">Tout m\u00e9tal<\/span><\/strong><\/p>\n<ul id=\"block-feaf2cde-eab6-4b64-b323-c328005bda9e\">\n<li style=\"line-height:2\"><strong>Alpha Rom\u00e9o <\/strong> : ALF017S<\/li>\n<li style=\"line-height:2\"><strong>Face<\/strong> : Bomb\u00e9e avec Logo<\/li>\n<li style=\"line-height:2\"><strong>Dimension de l&rsquo;artile<\/strong> : &#x2300; 32<\/li>\n<li style=\"line-height:2\"><strong>Revers<\/strong> : Texte en relief<\/li>\n<li style=\"line-height:2\"><strong>Finition<\/strong> : M\u00e9tal<\/li>\n<li style=\"line-height:2\"><strong>Gravure<\/strong> : 38 \u00e0 50 caract\u00e8res sur 4 lignes<\/li>\n<li style=\"line-height:2\"><strong>Gravure Sp\u00e9ciale<\/strong> : En Option<\/li>\n<\/ul>\n<\/div>\n<\/div>\n<\/div>\n<\/div>\n\n\n\n<p>&nbsp;<p>\n<hr>\n<p>&nbsp;<p>\n\n\n\n<div class=\"wp-block-columns\">\n<div class=\"wp-block-column\">\n<figure class=\"wp-block-image aligncenter size-full\"><img data-recalc-dims=\"1\" decoding=\"async\" width=\"400\" height=\"500\" src=\"https:\/\/i0.wp.com\/drancourt.fr\/Shop\/wp-content\/uploads\/2023\/12\/Revers-154-155-184-1.webp?resize=400%2C500&#038;ssl=1\" alt=\"\" class=\"wp-image-20699\" srcset=\"https:\/\/i0.wp.com\/drancourt.fr\/Shop\/wp-content\/uploads\/2023\/12\/Revers-154-155-184-1.webp?w=400&amp;ssl=1 400w, https:\/\/i0.wp.com\/drancourt.fr\/Shop\/wp-content\/uploads\/2023\/12\/Revers-154-155-184-1.webp?resize=240%2C300&amp;ssl=1 240w\" sizes=\"(max-width: 400px) 100vw, 400px\" \/><\/figure>\n<\/div>\n<div class=\"wp-block-column\">\n<figure class=\"wp-block-image aligncenter size-full\"><img data-recalc-dims=\"1\" decoding=\"async\" width=\"400\" height=\"500\" src=\"https:\/\/i0.wp.com\/drancourt.fr\/Shop\/wp-content\/uploads\/2023\/12\/Revers-154-155-184-2.webp?resize=400%2C500&#038;ssl=1\" alt=\"\" class=\"wp-image-20700\" srcset=\"https:\/\/i0.wp.com\/drancourt.fr\/Shop\/wp-content\/uploads\/2023\/12\/Revers-154-155-184-2.webp?w=400&amp;ssl=1 400w, https:\/\/i0.wp.com\/drancourt.fr\/Shop\/wp-content\/uploads\/2023\/12\/Revers-154-155-184-2.webp?resize=240%2C300&amp;ssl=1 240w\" sizes=\"(max-width: 400px) 100vw, 400px\" \/><\/figure>\n<\/div>\n<\/div>\n\n\n\n<div class=\"wp-block-group is-content-justification-right is-nowrap is-layout-flex wp-container-core-group-is-layout-17124a9a wp-block-group-is-layout-flex\">\r\n\t\t\t\t\r\n\t\t<a \r\n\t\t\t\r\n\t\t\tclass=\"block-fea04d89-1ca0-480c-9e4f-4064dd1d4bbf btn areoi-has-url position-relative btn-primary\"\r\n\t href=\"https:\/\/drancourt.fr\/Shop\/categorie-produit\/portes-cles-publicitaires-automobiles-personnalisables\/alpha-romeo\/\" >\r\n\t\t\t\t\t\r\n\t\t\t\t\tAutres Portes-Cl\u00e9s ALPHA ROM\u00c9O Personnalisables \r\n\t\t\t\t\t\r\n\t\t\t\t\t \r\n\t\t\t\t<\/a>\r\n\t\t\t<\/div>\n\n\n\n<p>&nbsp;<p>\n\n\n\r\n\t\t<div  class=\"block-b580172a-422d-4651-93c8-cae7c6f38423 accordion\">\r\n\t\t\t\n\r\n\t\t<div  class=\"block-59b35d03-1c84-4c2f-8526-b8188ce4f7f9 accordion-item\">\r\n\r\n\t\t\t<h3 \r\n\t\t\t\tclass=\"accordion-header\" \r\n\t\t\t\tid=\"block-59b35d03-1c84-4c2f-8526-b8188ce4f7f9-header\"\r\n\t\t\t>\r\n\t\t\t\t<button \r\n\t\t\t\t\tclass=\"accordion-button collapsed\" \r\n\t\t\t\t\ttype=\"button\" \r\n\t\t\t\t\tdata-bs-toggle=\"collapse\" \r\n\t\t\t\t\tdata-bs-target=\"#block-59b35d03-1c84-4c2f-8526-b8188ce4f7f9-collapse\" \r\n\t\t\t\t\taria-expanded=\"false\" \r\n\t\t\t\t\taria-controls=\"block-59b35d03-1c84-4c2f-8526-b8188ce4f7f9-collapse\"\r\n\t\t\t\t>\r\n\t\t\t\t\t<strong><em>Vos Principales Questions :<\/em><\/strong>\r\n\t\t\t\t<\/button>\r\n\t\t\t<\/h3>\r\n\r\n\t\t\t<div \r\n\t\t\t\tid=\"block-59b35d03-1c84-4c2f-8526-b8188ce4f7f9-collapse\" \r\n\t\t\t\tclass=\"accordion-collapse collapse\" \r\n\t\t\t\taria-labelledby=\"block-59b35d03-1c84-4c2f-8526-b8188ce4f7f9-header\"\r\n\t\t\t\tdata-bs-parent=\".block-b580172a-422d-4651-93c8-cae7c6f38423\"\r\n\t\t\t>\r\n\t\t\t\t<div class=\"accordion-body\">\r\n\t\t\t\t\t\n\n<p>\u00ab\u00a0<em>Je recherche des portes-cl\u00e9s personnalisables Alpha Rom\u00e9o qui refl\u00e8tent vraiment l&rsquo;image de mon \u00e9tablissement, mais je suis pr\u00e9occup\u00e9 par le fait que les options de personnalisation ne r\u00e9pondent pas pleinement aux besoins de mon image de marque.<\/em>\u00ab\u00a0<\/p>\n\n\n\n<div class=\"wp-block-group is-content-justification-right is-nowrap is-layout-flex wp-container-core-group-is-layout-17124a9a wp-block-group-is-layout-flex\">\r\n\t\t\t\t\r\n\t\t<a \r\n\t\t\t\r\n\t\t\tclass=\"block-cea57816-940b-4fab-ad97-6d3091704bea btn areoi-has-url position-relative btn-primary\"\r\n\t href=\"https:\/\/drancourt.fr\/Shop\/2024\/02\/21\/des-portes-cles-personnalisables-qui-refletent-vraiment-limage-de-mon-etablissement\/\" >\r\n\t\t\t\t\t\r\n\t\t\t\t\tEn savoir plus \r\n\t\t\t\t\t\r\n\t\t\t\t\t \r\n\t\t\t\t<\/a>\r\n\t\t\t<\/div>\n\n\n\n<p>&nbsp;<p>\n\n\n\n<p>\u00ab\u00a0<em>J&rsquo;aimerais utiliser des portes-cl\u00e9s <em><em><em><em>Alpha Rom\u00e9o<\/em><\/em><\/em><\/em> comme outil de promotion, mais je crains que les d\u00e9lais de livraison ne compromettent l&rsquo;efficacit\u00e9 de ma campagne marketing.<\/em>\u00ab\u00a0<\/p>\n\n\n\n<div class=\"wp-block-group is-content-justification-right is-nowrap is-layout-flex wp-container-core-group-is-layout-17124a9a wp-block-group-is-layout-flex\">\r\n\t\t\t\t\r\n\t\t<a \r\n\t\t\t\r\n\t\t\tclass=\"block-3c478ddf-e61b-4ef7-b894-5c610a9c80c3 btn areoi-has-url position-relative btn-primary\"\r\n\t href=\"https:\/\/drancourt.fr\/Shop\/2024\/02\/21\/assurez-le-succes-de-votre-campagne-marketing-avec-nos-porte-cles-personnalises\/\" >\r\n\t\t\t\t\t\r\n\t\t\t\t\tEn savoir plus \r\n\t\t\t\t\t\r\n\t\t\t\t\t \r\n\t\t\t\t<\/a>\r\n\t\t\t<\/div>\n\n\n\n<p>&nbsp;<p>\n\n\n\n<p>\u00ab\u00a0<em>Je cherche des portes-cl\u00e9s <em><em><em><em>Alpha Rom\u00e9o<\/em><\/em><\/em><\/em> grav\u00e9s avec le nom de mon garage, mais je me demande si le processus de commande sera trop compliqu\u00e9 ou chronophage, \u00e9tant donn\u00e9 mes autres responsabilit\u00e9s professionnelles.<\/em>\u00ab\u00a0<\/p>\n\n\n\n<div class=\"wp-block-group is-content-justification-right is-nowrap is-layout-flex wp-container-core-group-is-layout-17124a9a wp-block-group-is-layout-flex\">\r\n\t\t\t\t\r\n\t\t<a \r\n\t\t\t\r\n\t\t\tclass=\"block-ab99c9a2-c267-4ca2-a019-88d37cc3194b btn areoi-has-url position-relative btn-primary\"\r\n\t href=\"https:\/\/drancourt.fr\/Shop\/2024\/02\/21\/simplifiez-vos-commandes-de-portes-cles-graves-avec-drancourt-sarl\/\" >\r\n\t\t\t\t\t\r\n\t\t\t\t\tEn savoir plus \r\n\t\t\t\t\t\r\n\t\t\t\t\t \r\n\t\t\t\t<\/a>\r\n\t\t\t<\/div>\n\n \r\n\t\t\t\t<\/div>\r\n\t\t\t<\/div>\r\n\t\t<\/div>\r\n\t\n \r\n\t\t<\/div>\r\n\t\n\n\n<p>&nbsp;<p>\n<hr>\n<p>&nbsp;<p>\n<p><h5 style=\"text-align:center\"><a href=\"https:\/\/drive.google.com\/file\/d\/1sbwQ_fnEpCT0mI_W7_vBaNc4hbULSm4C\/view?usp=drive_link\" target=\"_blank\" rel=\"noopener\"><span style=\"color: #c50039\">Toute la gamme ALPHA ROM\u00c9O (<i>Pdf : 2,1 Mo<\/i>)<\/span><\/a><\/h5><\/p>\n<p>&nbsp;<p>\n<hr>\n\n\n\n<!-- UseStrict's Calendly Embedder - Calendly popup widget start -->\n<div id=\"wpcalel-calendly-popup-1\"\n\tdata-wpcalel-type=\"popup\"\n\tdata-wpcalel-url=\"https:\/\/calendly.com\/drancourtservice\/\"\n\tdata-wpcalel-prefill=\"false\"\n\tdata-wpcalel-query-str=\"false\"\n\tdata-wpcalel-text=\"Programmer un RDV avec Nous\"\n\tdata-wpcalel-color=\"#1c4499\"\n\tdata-wpcalel-textColor=\"#ffffff\"\n\tdata-wpcalel-branding=\"false\"\n\t\t\t\t\t\t\t\t\t\t\t\t\t\t\t\t\t\t\t\t\t\t\t\t\t\t\t\t\t\t\t\t\t\t\t\t\t\t\t\t\t\t\t\t\t\t\t\t\t\t\t\t\t \n><\/div>\n<!-- UseStrict's Calendly Embedder - Calendly popup widget end -->\n\n\t\t\t\n","protected":false},"excerpt":{"rendered":"<p>Le Porte-Cl\u00e9s ALPHA ROM\u00c9O ALF017S, avec son design rond en trois couleurs, est \u00e0 la fois durable et personnalisable. C&rsquo;est l&rsquo;accessoire id\u00e9al pour promouvoir votre image de marque dans le secteur automobile, alliant style et fonctionnalit\u00e9<\/p>\n","protected":false},"featured_media":1446,"comment_status":"open","ping_status":"closed","template":"","meta":{"content-type":"","om_disable_all_campaigns":false,"_monsterinsights_skip_tracking":false,"_monsterinsights_sitenote_active":false,"_monsterinsights_sitenote_note":"","_monsterinsights_sitenote_category":0,"_uf_show_specific_survey":0,"_uf_disable_surveys":false,"jetpack_post_was_ever_published":true},"product_brand":[],"product_cat":[21,29],"product_tag":[18],"class_list":{"0":"post-1409","1":"product","2":"type-product","3":"status-publish","4":"has-post-thumbnail","6":"product_cat-porte-cles-alpha-romeo","7":"product_cat-portes-cles-personnalises","8":"product_tag-portes-cles-alpha-romeo","10":"first","11":"instock","12":"taxable","13":"shipping-taxable","14":"purchasable","15":"product-type-variable","16":"has-default-attributes"},"aioseo_notices":[],"jetpack_sharing_enabled":true,"_links":{"self":[{"href":"https:\/\/drancourt.fr\/Shop\/wp-json\/wp\/v2\/product\/1409","targetHints":{"allow":["GET"]}}],"collection":[{"href":"https:\/\/drancourt.fr\/Shop\/wp-json\/wp\/v2\/product"}],"about":[{"href":"https:\/\/drancourt.fr\/Shop\/wp-json\/wp\/v2\/types\/product"}],"replies":[{"embeddable":true,"href":"https:\/\/drancourt.fr\/Shop\/wp-json\/wp\/v2\/comments?post=1409"}],"wp:featuredmedia":[{"embeddable":true,"href":"https:\/\/drancourt.fr\/Shop\/wp-json\/wp\/v2\/media\/1446"}],"wp:attachment":[{"href":"https:\/\/drancourt.fr\/Shop\/wp-json\/wp\/v2\/media?parent=1409"}],"wp:term":[{"taxonomy":"product_brand","embeddable":true,"href":"https:\/\/drancourt.fr\/Shop\/wp-json\/wp\/v2\/product_brand?post=1409"},{"taxonomy":"product_cat","embeddable":true,"href":"https:\/\/drancourt.fr\/Shop\/wp-json\/wp\/v2\/product_cat?post=1409"},{"taxonomy":"product_tag","embeddable":true,"href":"https:\/\/drancourt.fr\/Shop\/wp-json\/wp\/v2\/product_tag?post=1409"}],"curies":[{"name":"wp","href":"https:\/\/api.w.org\/{rel}","templated":true}]}}