{"id":15,"date":"2023-10-31T10:00:34","date_gmt":"2023-10-31T09:00:34","guid":{"rendered":"http:\/\/drancourt.fr\/Shop\/?post_type=product&#038;p=15"},"modified":"2024-03-20T16:24:02","modified_gmt":"2024-03-20T15:24:02","slug":"porte-cles-alpha-romeo-alf016s-personnalisables-le-rond-de-metal","status":"publish","type":"product","link":"https:\/\/drancourt.fr\/Shop\/produit\/porte-cles-alpha-romeo-alf016s-personnalisables-le-rond-de-metal\/","title":{"rendered":"Porte-Cl\u00e9s ALPHA ROM\u00c9O ALF016S Personnalisables. Le Rond de M\u00e9tal"},"content":{"rendered":"\n<script type=\"application\/ld+json\">\n{\n  \"@context\": \"https:\/\/schema.org\/\",\n  \"@type\": \"Product\",\n  \"name\": \"Porte-Cl\u00e9s ALPHA ROM\u00c9O ALF016S Personnalisables. Le Rond de M\u00e9tal\",\n  \"image\": \"https:\/\/drancourt.fr\/Shop\/wp-content\/uploads\/2023\/11\/porte-cles-publicitaires-alpha-romeo-alf016s-personnalisables-3.webp\",\n  \"description\": \"Porte-Cl\u00e9s ALPHA ROM\u00c9O R\u00e9f\u00e9rence : ALF016S Personnalisables. Le Rond de M\u00e9tal.\",\n  \"brand\": {\n    \"@type\": \"Brand\",\n    \"name\": \"ALPHA ROM\u00c9O\"\n\n  },\n  \"sku\": \"ALF016S\",\n  \"offers\": {\n    \"@type\": \"AggregateOffer\",\n    \"url\": \"https:\/\/drancourt.fr\/Shop\/produit\/porte-cles-alpha-romeo-alf016s-personnalisables-le-rond-de-metal\/\",\n    \"priceCurrency\": \"EUR\",\n    \"lowPrice\": \"240.90\",\n    \"highPrice\": \"5578.00\",\n    \"offerCount\": \"6\",\n    \"priceSpecification\": [\n      \n{\n        \"@type\": \"UnitPriceSpecification\",\n        \"description\": \"Tarif pour la premi\u00e8re commande : 150 unit\u00e9s\",\n        \"price\": \"328.90\",\n        \"priceCurrency\": \"EUR\",\n        \"eligibleQuantity\": {\n          \"@type\": \"QuantitativeValue\",\n          \"value\": 150\n       }\n\t  },\t\t\n{\n        \"@type\": \"UnitPriceSpecification\",\n        \"description\": \"Tarif pour la premi\u00e8re commande : 300 unit\u00e9s\",\n        \"price\": \"554.20\",\n        \"priceCurrency\": \"EUR\",\n        \"eligibleQuantity\": {\n          \"@type\": \"QuantitativeValue\",\n          \"value\": 300\n       }\n\t  },\n\t\t{\n        \"@type\": \"UnitPriceSpecification\",\n        \"description\": \"Tarif pour la premi\u00e8re commande : 600 unit\u00e9s\",\n        \"price\": \"836.80\",\n        \"priceCurrency\": \"EUR\",\n        \"eligibleQuantity\": {\n          \"@type\": \"QuantitativeValue\",\n          \"value\": 600\n        }\n\t\t },\n\t\t{\n        \"@type\": \"UnitPriceSpecification\",\n        \"description\": \"Tarif pour la premi\u00e8re commande : 1200 unit\u00e9s\",\n        \"price\": \"1523.20\",\n        \"priceCurrency\": \"EUR\",\n        \"eligibleQuantity\": {\n          \"@type\": \"QuantitativeValue\",\n          \"value\": 1200\n       }\n\t\t},\n\t\t{\n        \"@type\": \"UnitPriceSpecification\",\n        \"description\": \"Tarif pour la premi\u00e8re commande : 2500 unit\u00e9s\",\n        \"price\": \"2958.00\",\n        \"priceCurrency\": \"EUR\",\n        \"eligibleQuantity\": {\n          \"@type\": \"QuantitativeValue\",\n          \"value\": 2500\n       }\n\t\t},\n\t\t{\n        \"@type\": \"UnitPriceSpecification\",\n        \"description\": \"Tarif pour la premi\u00e8re commande : 5000 unit\u00e9s\",\n        \"price\": \"5578.00\",\n        \"priceCurrency\": \"EUR\",\n        \"eligibleQuantity\": {\n          \"@type\": \"QuantitativeValue\",\n          \"value\": 5000\n       }\n\t\t},\n\t\t{\n\t\t\t\"@type\": \"UnitPriceSpecification\",\n\t\t\t\"description\": \"Tarif pour la 2\u00e8me commande : 150 unit\u00e9s\",\n\t\t\t\"price\": \"240.90\",\n\t\t\t\"priceCurrency\": \"EUR\",\n\t\t\t\"eligibleQuantity\": {\n\t\t\t\"@type\": \"QuantitativeValue\",\n\t\t\t\t\"value\": 150\n \t}\n\t},\n{\n  \"@type\": \"UnitPriceSpecification\",\n  \"description\": \"Tarif pour la 2\u00e8me commande : 300 unit\u00e9s\",\n  \"price\": \"446.20\",\n  \"priceCurrency\": \"EUR\",\n  \"eligibleQuantity\": {\n    \"@type\": \"QuantitativeValue\",\n    \"value\": 300\n  }\n\t},\n{\n  \"@type\": \"UnitPriceSpecification\",\n  \"description\": \"Tarif pour la 2\u00e8me commande : 600 unit\u00e9s\",\n  \"price\": \"748.80\",\n  \"priceCurrency\": \"EUR\",\n  \"eligibleQuantity\": {\n    \"@type\": \"QuantitativeValue\",\n    \"value\": 600\n  }\n\t},\n{\n  \"@type\": \"UnitPriceSpecification\",\n  \"description\": \"Tarif pour la 2\u00e8me commande : 1200 unit\u00e9s\",\n  \"price\": \"1435.20\",\n  \"priceCurrency\": \"EUR\",\n  \"eligibleQuantity\": {\n    \"@type\": \"QuantitativeValue\",\n    \"value\": 1200\n  }\n\t},\n{\n  \"@type\": \"UnitPriceSpecification\",\n  \"description\": \"Tarif pour la 2\u00e8me commande : 2500 unit\u00e9s\",\n  \"price\": \"2870.00\",\n  \"priceCurrency\": \"EUR\",\n  \"eligibleQuantity\": {\n    \"@type\": \"QuantitativeValue\",\n    \"value\": 2500\n }\n},\n{\n  \"@type\": \"UnitPriceSpecification\",\n  \"description\": \"Tarif pour la 2\u00e8me commande : 5000 unit\u00e9s\",\n  \"price\":\"5490.00\",\n  \"priceCurrency\": \"EUR\",\n  \"eligibleQuantity\": {\n    \"@type\": \"QuantitativeValue\",\n    \"value\": 5000\n }\n}\n\n      \n    ],\n    \"itemCondition\": \"https:\/\/schema.org\/NewCondition\",\n    \"availability\": \"https:\/\/schema.org\/InStock\",\n    \"seller\": {\n      \"@type\": \"Organization\",\n      \"name\": \"Drancourt\"\n    }\n  }\n}\n\n<\/script>\n\n\n\n<h3 class=\"wp-block-heading has-text-align-center has-x-large-font-size\" style=\"font-style:normal;font-weight:600\"><em><strong>Porte-Cl\u00e9s Publicitaires ALPHA ROM\u00c9O<\/strong><\/em><\/h3>\n\n\n\n<p>&nbsp;<p>\n\n\n\n<h3><span style=\"color: #19419b\"><strong>Le Porte-Cl\u00e9s ALPHA ROM\u00c9O ALF016S : Un Rond de M\u00e9tal, Un Monde de Style<\/strong><\/span><\/h3>\n\n\n\n<p>Vous recherchez un <strong>porte-cl\u00e9s publicitaire personnalisable<\/strong> qui fera sensation aupr\u00e8s de vos clients et partenaires ? Ne cherchez pas plus loin, le <strong>porte-cl\u00e9 ALPHA ROM\u00c9O ALF016S<\/strong> est fait pour vous.<\/p>\n\n<p>Avec son <strong>design rond<\/strong> et sa construction <strong>enti\u00e8rement m\u00e9tallique<\/strong>, ce porte-cl\u00e9s est \u00e0 la fois \u00e9l\u00e9gant et r\u00e9sistant. Il ne se d\u00e9formera pas avec le temps et restera un souvenir durable pour ceux qui le recevront.<\/p>\n\n<p>Personnalisez-le avec le logo de votre entreprise ou le slogan de votre choix pour cr\u00e9er un cadeau promotionnel unique. Ce porte-cl\u00e9s est parfait pour les <strong>professionnels du secteur de l&rsquo;automobile<\/strong> qui souhaitent laisser une impression durable.<\/p>\n\n<p>Avec la possibilit\u00e9 d&rsquo;accrocher vos cl\u00e9s en toute s\u00e9curit\u00e9, ce porte-cl\u00e9s pratique est \u00e9galement un excellent moyen de <strong>garder votre marque<\/strong> sous les yeux de vos clients au quotidien. Chaque fois qu&rsquo;ils utilisent leurs cl\u00e9s, votre logo sera l\u00e0 pour rappeler votre entreprise.<\/p>\n\n<p>Demandez d\u00e8s maintenant un devis pour le porte-cl\u00e9s publicitaire ALPHA ROM\u00c9O ALF016S. Rond. Tout M\u00e9tal. et offrez \u00e0 votre entreprise une visibilit\u00e9 in\u00e9gal\u00e9e gr\u00e2ce \u00e0 un cadeau promotionnel de qualit\u00e9.<\/p>\n\n\n\n<p>&nbsp;<p>\n\n\n\n<h4><span style=\"color: #1c4499\">Prix Unitaire des Porte-Cl\u00e9s 1<sup>ere<\/sup> Gravure : <\/span><\/h4>\n\n\n\n<p><table class=\"table table-responsive table-hover table-bordered\">\n  <thead>\n    <tr class=\"table-primary\">\n<td style=\"text-align: center\"><span style=\"color: #19419b\">Par<\/span><\/td>\n<td style=\"text-align: center\"><span style=\"color: #19419b\">Par<\/span><\/td>\n<td style=\"text-align: center\"><span style=\"color: #19419b\">Par<\/span><\/td>\n<td style=\"text-align: center\"><span style=\"color: #19419b\">Par<\/span><\/td>\n<td style=\"text-align: center\"><span style=\"color: #19419b\">Par<\/span><\/td>\n<td style=\"text-align: center\"><span style=\"color: #19419b\">Par<\/span><\/td>\n     <\/tr>\n  <\/thead>\n\n  <tbody>\n\n    <tr>\n  \n   \n<td style=\"text-align: center\"><span style=\"color: #19419b\">150 :<\/span><\/td>\n<td style=\"text-align: center\"><span style=\"color: #19419b\">300 :<\/span><\/td>\n<td style=\"text-align: center\"><span style=\"color: #19419b\">600 :<\/span><\/td>\n<td style=\"text-align: center\"><span style=\"color: #19419b\">1200 :<\/span><\/td>\n<td style=\"text-align: center\"><span style=\"color: #19419b\">2500 :<\/span><\/td>\n<td style=\"text-align: center\"><span style=\"color: #19419b\">5000 :<\/span><\/td>  \n\n    <\/tr>\n\n    <tr>\n \n   \n<td style=\"text-align: center\"><span style=\"color: #19419b\"><b>1,606 \u20ac<b><\/b><\/b><\/span><\/td>\n<td style=\"text-align: center\"><span style=\"color: #19419b\"><b>1,554 \u20ac<b><\/b><\/b><\/span><\/td>\n<td style=\"text-align: center\"><span style=\"color: #19419b\"><b>1,248 \u20ac<b><\/b><\/b><\/span><\/td>\n<td style=\"text-align: center\"><span style=\"color: #19419b\"><b>1,196 \u20ac<b><\/b><\/b><\/span><\/td>\n<td style=\"text-align: center\"><span style=\"color: #19419b\"><b>1,148 \u20ac<b><\/b><\/b><\/span><\/td>\n<td style=\"text-align: center\"><span style=\"color: #19419b\"><b>1,098 \u20ac<b><\/b><\/b><\/span><\/td>  \n\n    <\/tr>\n\n    <tr>\n \n    \n<td style=\"text-align: center\"><span style=\"color: #19419b\"><i>+ 88 \u20ac<\/i><\/span><\/td>\n<td style=\"text-align: center\"><span style=\"color: #19419b\"><i>+ 88 \u20ac<\/i><\/span><\/td>\n<td style=\"text-align: center\"><span style=\"color: #19419b\"><i>+ 88 \u20ac<\/i><\/span><\/td>\n<td style=\"text-align: center\"><span style=\"color: #19419b\"><i>+ 88 \u20ac<\/i><\/span><\/td>\n<td style=\"text-align: center\"><span style=\"color: #19419b\"><i>+ 88 \u20ac<\/i><\/span><\/td>\n<td style=\"text-align: center\"><span style=\"color: #19419b\"><i>+ 88 \u20ac<\/i><\/span><\/td> \n\n    <\/tr>\n\n<tr>\n\n\n<td style=\"text-align: center\"><span style=\"color: #19419b\"><b>328,90 \u20ac<b><\/b><\/b><\/span><\/td>\n<td style=\"text-align: center\"><span style=\"color: #19419b\"><b>554,20 \u20ac<b><\/b><\/b><\/span><\/td>\n<td style=\"text-align: center\"><span style=\"color: #19419b\"><b>836,80 \u20ac<b><\/b><\/b><\/span><\/td>\n<td style=\"text-align: center\"><span style=\"color: #19419b\"><b>1523,20 \u20ac<b><\/b><\/b><\/span><\/td>\n<td style=\"text-align: center\"><span style=\"color: #19419b\"><b>2958,00 \u20ac<b><\/b><\/b><\/span><\/td>\n<td style=\"text-align: center\"><span style=\"color: #19419b\"><b>5578,00 \u20ac<b><\/b><\/b><\/span><\/td>\n<\/tr>\n\n  <\/tbody>\n<\/table><\/p>\n\n\n\n<p>&nbsp;<p>\n\n\n\n<h3><span style=\"color: #1c4499\">Options de Personnalisation et Processus de Commande<\/span><\/h3>\n    <ol>\n        <li><strong>Personnalisation en Relief sur le Revers<\/strong> :\n            <ul>\n                <li><strong>Premi\u00e8re Commande<\/strong> : Co\u00fbt d&rsquo;outillage de 88 euros pour le nom, l&rsquo;adresse et le t\u00e9l\u00e9phone avec une typographie en \u00ab \u00c9criture B\u00e2ton \u00bb. Ce tarif comprend un lettrage standard.<\/li>\n                <li><strong>Renouvellement<\/strong> : Aucun frais pour les outillages d\u00e9j\u00e0 existants.<\/li>\n            <\/ul>\n        <\/li>\n        <li><strong>Marquage Sp\u00e9cial sur le Revers<\/strong> :\n            <ul>\n                <li>Pour l&rsquo;ajout d&rsquo;un logo ou d&rsquo;une typographie personnalis\u00e9e, le co\u00fbt est de 110 euros. Merci de nous consulter pour plus de d\u00e9tails.<\/li>\n            <\/ul>\n        <\/li>\n        <li><strong>Processus de Commande et Fabrication<\/strong> :\n            <ul>\n                <li>Chaque commande implique une communication proactive, incluant des appels t\u00e9l\u00e9phoniques et l&rsquo;\u00e9change d&rsquo;un Bon \u00e0 Tirer (BAT) valid\u00e9 avant le d\u00e9but de la fabrication.<\/li>\n                <li>Le d\u00e9lai de fabrication est estim\u00e9 entre 4 et 6 semaines.<\/li>\n            <\/ul>\n        <\/li>\n    <\/ol>\n\n\n\n<p>&nbsp;<p>\n\n\n\n<h4><span style=\"color: #1c4499\">Prix Unitaire des Porte-Cl\u00e9s Renouvellement : <\/span><\/h4>\n\n\n\n<table class=\"table table-responsive table-hover table-bordered\">\n  <thead>\n     <tr class=\"table-primary\">\n<td style=\"text-align: center\"><span style=\"color: #19419b\">Par<\/span><\/td>\n<td style=\"text-align: center\"><span style=\"color: #19419b\">Par<\/span><\/td>\n<td style=\"text-align: center\"><span style=\"color: #19419b\">Par<\/span><\/td>\n<td style=\"text-align: center\"><span style=\"color: #19419b\">Par<\/span><\/td>\n<td style=\"text-align: center\"><span style=\"color: #19419b\">Par<\/span><\/td>\n<td style=\"text-align: center\"><span style=\"color: #19419b\">Par<\/span><\/td>\n     <\/tr>\n  <\/thead>\n\n  <tbody>\n\n    <tr>\n  \n   \n<td style=\"text-align: center\"><span style=\"color: #19419b\">150 :<\/span><\/td>\n<td style=\"text-align: center\"><span style=\"color: #19419b\">300 :<\/span><\/td>\n<td style=\"text-align: center\"><span style=\"color: #19419b\">600 :<\/span><\/td>\n<td style=\"text-align: center\"><span style=\"color: #19419b\">1200 :<\/span><\/td>\n<td style=\"text-align: center\"><span style=\"color: #19419b\">2500 :<\/span><\/td>\n<td style=\"text-align: center\"><span style=\"color: #19419b\">5000 :<\/span><\/td>  \n\n    <\/tr>\n\n    <tr>\n \n   \n<td style=\"text-align: center\"><span style=\"color: #19419b\"><b>1,606 \u20ac<b><\/b><\/b><\/span><\/td>\n<td style=\"text-align: center\"><span style=\"color: #19419b\"><b>1,554 \u20ac<b><\/b><\/b><\/span><\/td>\n<td style=\"text-align: center\"><span style=\"color: #19419b\"><b>1,248 \u20ac<b><\/b><\/b><\/span><\/td>\n<td style=\"text-align: center\"><span style=\"color: #19419b\"><b>1,196 \u20ac<b><\/b><\/b><\/span><\/td>\n<td style=\"text-align: center\"><span style=\"color: #19419b\"><b>1,148 \u20ac<b><\/b><\/b><\/span><\/td>\n<td style=\"text-align: center\"><span style=\"color: #19419b\"><b>1,098 \u20ac<b><\/b><\/b><\/span><\/td>  \n\n    <\/tr>\n\n   \n\n<tr>\n\n\n<td style=\"text-align: center\"><span style=\"color: #19419b\"><b>240,90 \u20ac<b><\/b><\/b><\/span><\/td>\n<td style=\"text-align: center\"><span style=\"color: #19419b\"><b>466,20 \u20ac<b><\/b><\/b><\/span><\/td>\n<td style=\"text-align: center\"><span style=\"color: #19419b\"><b>748,80 \u20ac<b><\/b><\/b><\/span><\/td>\n<td style=\"text-align: center\"><span style=\"color: #19419b\"><b>1435,20 \u20ac<b><\/b><\/b><\/span><\/td>\n<td style=\"text-align: center\"><span style=\"color: #19419b\"><b>2870,00 \u20ac<b><\/b><\/b><\/span><\/td>\n<td style=\"text-align: center\"><span style=\"color: #19419b\"><b>5490,00 \u20ac<b><\/b><\/b><\/span><\/td>\n<\/tr>\n\n  <\/tbody>\n<\/table>\n\n\n\n<p>&nbsp;<\/p>\n\n\n\n<h3><span style=\"color: #1c4499\">Porte-Cl\u00e9s ALF016S ALPHA ROM\u00c9O. ROND. TOUT M\u00c9TAL : <\/span><\/h3>\n\n\n\n<p>&nbsp;<\/p>\n\n\n\n<div class=\"wp-block-columns\">\n<div class=\"wp-block-column\">\n<figure class=\"wp-block-image aligncenter size-full\"><img data-recalc-dims=\"1\" fetchpriority=\"high\" decoding=\"async\" width=\"400\" height=\"500\" src=\"https:\/\/i0.wp.com\/drancourt.fr\/Shop\/wp-content\/uploads\/2023\/11\/Logo-Alpha-Romeo-1.webp?resize=400%2C500\" alt=\"Logo-Alpha-Rome\u0301o\" class=\"wp-image-1388\" srcset=\"https:\/\/i0.wp.com\/drancourt.fr\/Shop\/wp-content\/uploads\/2023\/11\/Logo-Alpha-Romeo-1.webp?w=400&amp;ssl=1 400w, https:\/\/i0.wp.com\/drancourt.fr\/Shop\/wp-content\/uploads\/2023\/11\/Logo-Alpha-Romeo-1.webp?resize=240%2C300&amp;ssl=1 240w\" sizes=\"(max-width: 400px) 100vw, 400px\" \/><\/figure>\n<\/div>\n<div class=\"wp-block-column\">\n<div class=\"wp-block-group\">\n<div class=\"wp-block-group\">\n<h2 class=\"wp-block-heading\" id=\"block-80d37238-861c-4921-b650-550d4e855d0e\">Description<\/h2>\n<p id=\"block-b96fc4b1-0ffa-4724-8d2f-98c73e4b6f7b\"><strong><span style=\"color: #1c4499\">Tout m\u00e9tal<\/span><\/strong><\/p>\n<ul id=\"block-feaf2cde-eab6-4b64-b323-c328005bda9e\">\n<li style=\"line-height:2\"><strong>Alpha Rom\u00e9o <\/strong> : ALF016S<\/li>\n<li style=\"line-height:2\"><strong>Face<\/strong> : Bomb\u00e9e avec Logo<\/li>\n<li style=\"line-height:2\"><strong>Dimension de l&rsquo;article<\/strong> : \u2300  32<\/li>\n<li style=\"line-height:2\"><strong>Revers<\/strong> : Texte en relief<\/li>\n<li style=\"line-height:2\"><strong>Finition<\/strong> : M\u00e9tal<\/li>\n<li style=\"line-height:2\"><strong>Gravure<\/strong> : 38 \u00e0 50 caract\u00e8res sur 4 lignes<\/li>\n<li style=\"line-height:2\"><strong>Gravure Sp\u00e9ciale<\/strong> : En Option<\/li>\n<\/ul>\n<p><\/p>\n<\/div>\n<\/div>\n<\/div>\n<\/div>\n\n\n\n<div class=\"wp-block-group is-content-justification-right is-nowrap is-layout-flex wp-container-core-group-is-layout-17124a9a wp-block-group-is-layout-flex\">\r\n\t\t\t\t\r\n\t\t<a \r\n\t\t\t\r\n\t\t\tclass=\"block-fea04d89-1ca0-480c-9e4f-4064dd1d4bbf btn areoi-has-url position-relative btn-primary\"\r\n\t href=\"https:\/\/drancourt.fr\/Shop\/categorie-produit\/portes-cles-publicitaires-automobiles-personnalisables\/alpha-romeo\/\" >\r\n\t\t\t\t\t\r\n\t\t\t\t\tAutres Portes-Cl\u00e9s ALPHA ROM\u00c9O Personnalisables \r\n\t\t\t\t\t\r\n\t\t\t\t\t \r\n\t\t\t\t<\/a>\r\n\t\t\t<\/div>\n\n\n\n<p>&nbsp;<p>\n\n\n\r\n\t\t<div  class=\"block-b580172a-422d-4651-93c8-cae7c6f38423 accordion\">\r\n\t\t\t\n\r\n\t\t<div  class=\"block-59b35d03-1c84-4c2f-8526-b8188ce4f7f9 accordion-item\">\r\n\r\n\t\t\t<h3 \r\n\t\t\t\tclass=\"accordion-header\" \r\n\t\t\t\tid=\"block-59b35d03-1c84-4c2f-8526-b8188ce4f7f9-header\"\r\n\t\t\t>\r\n\t\t\t\t<button \r\n\t\t\t\t\tclass=\"accordion-button collapsed\" \r\n\t\t\t\t\ttype=\"button\" \r\n\t\t\t\t\tdata-bs-toggle=\"collapse\" \r\n\t\t\t\t\tdata-bs-target=\"#block-59b35d03-1c84-4c2f-8526-b8188ce4f7f9-collapse\" \r\n\t\t\t\t\taria-expanded=\"false\" \r\n\t\t\t\t\taria-controls=\"block-59b35d03-1c84-4c2f-8526-b8188ce4f7f9-collapse\"\r\n\t\t\t\t>\r\n\t\t\t\t\t<strong><em>Vos Principales Questions :<\/em><\/strong>\r\n\t\t\t\t<\/button>\r\n\t\t\t<\/h3>\r\n\r\n\t\t\t<div \r\n\t\t\t\tid=\"block-59b35d03-1c84-4c2f-8526-b8188ce4f7f9-collapse\" \r\n\t\t\t\tclass=\"accordion-collapse collapse\" \r\n\t\t\t\taria-labelledby=\"block-59b35d03-1c84-4c2f-8526-b8188ce4f7f9-header\"\r\n\t\t\t\tdata-bs-parent=\".block-b580172a-422d-4651-93c8-cae7c6f38423\"\r\n\t\t\t>\r\n\t\t\t\t<div class=\"accordion-body\">\r\n\t\t\t\t\t\n\n<p>\u00ab\u00a0<em>Je recherche des portes-cl\u00e9s personnalisables Alpha Rom\u00e9o qui refl\u00e8tent vraiment l&rsquo;image de mon \u00e9tablissement, mais je suis pr\u00e9occup\u00e9 par le fait que les options de personnalisation ne r\u00e9pondent pas pleinement aux besoins de mon image de marque.<\/em>\u00ab\u00a0<\/p>\n\n\n\n<div class=\"wp-block-group is-content-justification-right is-nowrap is-layout-flex wp-container-core-group-is-layout-17124a9a wp-block-group-is-layout-flex\">\r\n\t\t\t\t\r\n\t\t<a \r\n\t\t\t\r\n\t\t\tclass=\"block-cea57816-940b-4fab-ad97-6d3091704bea btn areoi-has-url position-relative btn-primary\"\r\n\t href=\"https:\/\/drancourt.fr\/Shop\/2024\/02\/21\/des-portes-cles-personnalisables-qui-refletent-vraiment-limage-de-mon-etablissement\/\" >\r\n\t\t\t\t\t\r\n\t\t\t\t\tEn savoir plus \r\n\t\t\t\t\t\r\n\t\t\t\t\t \r\n\t\t\t\t<\/a>\r\n\t\t\t<\/div>\n\n\n\n<p>&nbsp;<p>\n\n\n\n<p>\u00ab\u00a0<em>J&rsquo;aimerais utiliser des portes-cl\u00e9s <em><em><em><em>Alpha Rom\u00e9o<\/em><\/em><\/em><\/em> comme outil de promotion, mais je crains que les d\u00e9lais de livraison ne compromettent l&rsquo;efficacit\u00e9 de ma campagne marketing.<\/em>\u00ab\u00a0<\/p>\n\n\n\n<div class=\"wp-block-group is-content-justification-right is-nowrap is-layout-flex wp-container-core-group-is-layout-17124a9a wp-block-group-is-layout-flex\">\r\n\t\t\t\t\r\n\t\t<a \r\n\t\t\t\r\n\t\t\tclass=\"block-3c478ddf-e61b-4ef7-b894-5c610a9c80c3 btn areoi-has-url position-relative btn-primary\"\r\n\t href=\"https:\/\/drancourt.fr\/Shop\/2024\/02\/21\/assurez-le-succes-de-votre-campagne-marketing-avec-nos-porte-cles-personnalises\/\" >\r\n\t\t\t\t\t\r\n\t\t\t\t\tEn savoir plus \r\n\t\t\t\t\t\r\n\t\t\t\t\t \r\n\t\t\t\t<\/a>\r\n\t\t\t<\/div>\n\n\n\n<p>&nbsp;<p>\n\n\n\n<p>\u00ab\u00a0<em>Je cherche des portes-cl\u00e9s <em><em><em><em>Alpha Rom\u00e9o<\/em><\/em><\/em><\/em> grav\u00e9s avec le nom de mon garage, mais je me demande si le processus de commande sera trop compliqu\u00e9 ou chronophage, \u00e9tant donn\u00e9 mes autres responsabilit\u00e9s professionnelles.<\/em>\u00ab\u00a0<\/p>\n\n\n\n<div class=\"wp-block-group is-content-justification-right is-nowrap is-layout-flex wp-container-core-group-is-layout-17124a9a wp-block-group-is-layout-flex\">\r\n\t\t\t\t\r\n\t\t<a \r\n\t\t\t\r\n\t\t\tclass=\"block-ab99c9a2-c267-4ca2-a019-88d37cc3194b btn areoi-has-url position-relative btn-primary\"\r\n\t href=\"https:\/\/drancourt.fr\/Shop\/2024\/02\/21\/simplifiez-vos-commandes-de-portes-cles-graves-avec-drancourt-sarl\/\" >\r\n\t\t\t\t\t\r\n\t\t\t\t\tEn savoir plus \r\n\t\t\t\t\t\r\n\t\t\t\t\t \r\n\t\t\t\t<\/a>\r\n\t\t\t<\/div>\n\n \r\n\t\t\t\t<\/div>\r\n\t\t\t<\/div>\r\n\t\t<\/div>\r\n\t\n \r\n\t\t<\/div>\r\n\t\n\n\n<p>&nbsp;<p>\n<hr>\n<p>&nbsp;<p>\n<p><h5 style=\"text-align:center\"><a href=\"https:\/\/drive.google.com\/file\/d\/1sbwQ_fnEpCT0mI_W7_vBaNc4hbULSm4C\/view?usp=drive_link\" target=\"_blank\" rel=\"noopener\"><span style=\"color: #c50039\">Toute la gamme ALPHA ROM\u00c9O (<i>Pdf : 2,1 Mo<\/i>)<\/span><\/a><\/h5><\/p>\n<p>&nbsp;<p>\n<hr>\n\n\n\n<!-- UseStrict's Calendly Embedder - Calendly popup widget start -->\n<div id=\"wpcalel-calendly-popup-1\"\n\tdata-wpcalel-type=\"popup\"\n\tdata-wpcalel-url=\"https:\/\/calendly.com\/drancourtservice\/\"\n\tdata-wpcalel-prefill=\"false\"\n\tdata-wpcalel-query-str=\"false\"\n\tdata-wpcalel-text=\"Programmer un RDV avec Nous\"\n\tdata-wpcalel-color=\"#1c4499\"\n\tdata-wpcalel-textColor=\"#ffffff\"\n\tdata-wpcalel-branding=\"false\"\n\t\t\t\t\t\t\t\t\t\t\t\t\t\t\t\t\t\t\t\t\t\t\t\t\t\t\t\t\t\t\t\t\t\t\t\t\t\t\t\t\t\t\t\t\t\t\t\t\t\t\t\t\t \n><\/div>\n<!-- UseStrict's Calendly Embedder - Calendly popup widget end -->\n\n\t\t\t\n","protected":false},"excerpt":{"rendered":"<p>Le Porte-Cl\u00e9s ALPHA ROM\u00c9O ALF016S se distingue par son design rond tout en m\u00e9tal, offrant \u00e9l\u00e9gance et durabilit\u00e9. C&rsquo;est le cadeau publicitaire parfait pour laisser une impression durable et utile, refl\u00e9tant l&rsquo;image de votre marque.<\/p>\n","protected":false},"featured_media":1441,"comment_status":"open","ping_status":"closed","template":"","meta":{"content-type":"","om_disable_all_campaigns":false,"_monsterinsights_skip_tracking":false,"_monsterinsights_sitenote_active":false,"_monsterinsights_sitenote_note":"","_monsterinsights_sitenote_category":0,"_uf_show_specific_survey":0,"_uf_disable_surveys":false,"jetpack_post_was_ever_published":false},"product_brand":[],"product_cat":[21,29],"product_tag":[18],"class_list":{"0":"post-15","1":"product","2":"type-product","3":"status-publish","4":"has-post-thumbnail","6":"product_cat-porte-cles-alpha-romeo","7":"product_cat-portes-cles-personnalises","8":"product_tag-portes-cles-alpha-romeo","10":"first","11":"instock","12":"taxable","13":"shipping-taxable","14":"purchasable","15":"product-type-variable","16":"has-default-attributes"},"aioseo_notices":[],"jetpack_sharing_enabled":true,"_links":{"self":[{"href":"https:\/\/drancourt.fr\/Shop\/wp-json\/wp\/v2\/product\/15","targetHints":{"allow":["GET"]}}],"collection":[{"href":"https:\/\/drancourt.fr\/Shop\/wp-json\/wp\/v2\/product"}],"about":[{"href":"https:\/\/drancourt.fr\/Shop\/wp-json\/wp\/v2\/types\/product"}],"replies":[{"embeddable":true,"href":"https:\/\/drancourt.fr\/Shop\/wp-json\/wp\/v2\/comments?post=15"}],"wp:featuredmedia":[{"embeddable":true,"href":"https:\/\/drancourt.fr\/Shop\/wp-json\/wp\/v2\/media\/1441"}],"wp:attachment":[{"href":"https:\/\/drancourt.fr\/Shop\/wp-json\/wp\/v2\/media?parent=15"}],"wp:term":[{"taxonomy":"product_brand","embeddable":true,"href":"https:\/\/drancourt.fr\/Shop\/wp-json\/wp\/v2\/product_brand?post=15"},{"taxonomy":"product_cat","embeddable":true,"href":"https:\/\/drancourt.fr\/Shop\/wp-json\/wp\/v2\/product_cat?post=15"},{"taxonomy":"product_tag","embeddable":true,"href":"https:\/\/drancourt.fr\/Shop\/wp-json\/wp\/v2\/product_tag?post=15"}],"curies":[{"name":"wp","href":"https:\/\/api.w.org\/{rel}","templated":true}]}}