{"id":15485,"date":"2023-11-30T17:03:20","date_gmt":"2023-11-30T16:03:20","guid":{"rendered":"http:\/\/drancourt.fr\/Shop\/?post_type=product&#038;p=15485"},"modified":"2024-11-14T12:15:04","modified_gmt":"2024-11-14T11:15:04","slug":"portes-cartes-grises-3-volets-avec-1-cristal-gomme-unie-gris-plomb","status":"publish","type":"product","link":"https:\/\/drancourt.fr\/Shop\/produit\/portes-cartes-grises-3-volets-avec-1-cristal-gomme-unie-gris-plomb\/","title":{"rendered":"Portes-Cartes Grises 3 Volets avec 1 Cristal GOMME UNIE Gris Plomb"},"content":{"rendered":"\n<script type=\"application\/ld+json\">\n{\n  \"@context\": \"https:\/\/schema.org\/\",\n  \"@type\": \"Product\",\n  \"name\": \"Portes-Cartes Grises 3 Volets avec 1 Cristal GOMME UNIE Vert Bouteille\",\n  \"image\": \"https:\/\/drancourt.fr\/Shop\/wp-content\/uploads\/2023\/12\/porte-carte-grise-1-volet-cristal-vert-bouteille-gomme-unie-impression-blanc.webp\",\n  \"description\": \"Porte-carte grise 1 volet en cristal vert bouteille gomme unie, impression blanc, design \u00e9l\u00e9gant et professionnel pour automobile. Grille Tarifaire D\u00e9gressive.\",\n  \"brand\": {\n    \"@type\": \"Brand\",\n    \"name\": \"Drancourt\"\n\n  },\n  \"sku\": \"cristal-gomme-unie-vert-bouteille\",\n  \"offers\": {\n    \"@type\": \"AggregateOffer\",\n    \"url\": \"https:\/\/drancourt.fr\/Shop\/produit\/portes-cartes-grises-3-volets-avec-1-cristal-gomme-unie-vert-bouteille\/\",\n    \"priceCurrency\": \"EUR\",\n    \"lowPrice\":\"630.00\",\n    \"highPrice\":\"4098.00\",\n    \"offerCount\": \"\u00a05\u00a0\",\n    \"priceSpecification\": [\n      \n{\n        \"@type\": \"UnitPriceSpecification\",\n        \"description\": \"Tarif pour la premi\u00e8re commande : 250 unit\u00e9s\",\n        \"price\":\"728.00\",\n        \"priceCurrency\": \"EUR\",\n        \"eligibleQuantity\": {\n          \"@type\": \"QuantitativeValue\",\n          \"value\": 250\n       }\n\t  },\t\t\n{\n        \"@type\": \"UnitPriceSpecification\",\n        \"description\": \"Tarif pour la premi\u00e8re commande : 500 unit\u00e9s\",\n        \"price\":\"928.60\",\n        \"priceCurrency\": \"EUR\",\n        \"eligibleQuantity\": {\n          \"@type\": \"QuantitativeValue\",\n          \"value\": 500\n       }\n\t  },\n\t\t{\n        \"@type\": \"UnitPriceSpecification\",\n        \"description\": \"Tarif pour la premi\u00e8re commande : 1000 unit\u00e9s\",\n        \"price\":\"1418.00\",\n        \"priceCurrency\": \"EUR\",\n        \"eligibleQuantity\": {\n          \"@type\": \"QuantitativeValue\",\n          \"value\": 1000\n        }\n\t\t },\n\t\t{\n        \"@type\": \"UnitPriceSpecification\",\n        \"description\": \"Tarif pour la premi\u00e8re commande : 2500 unit\u00e9s\",\n        \"price\":\"2448.00\",\n        \"priceCurrency\": \"EUR\",\n        \"eligibleQuantity\": {\n          \"@type\": \"QuantitativeValue\",\n          \"value\": 2500\n       }\n\t\t},\n\t\t{\n        \"@type\": \"UnitPriceSpecification\",\n        \"description\": \"Tarif pour la premi\u00e8re commande : 5000 unit\u00e9s\",\n        \"price\":\"4098.00\",\n        \"priceCurrency\": \"EUR\",\n        \"eligibleQuantity\": {\n          \"@type\": \"QuantitativeValue\",\n          \"value\": 5000\n       }\n\t\t},\n\t\t\n\t\t{\n\t\t\t\"@type\": \"UnitPriceSpecification\",\n\t\t\t\"description\": \"Tarif pour la 2\u00e8me commande : 250 unit\u00e9s\",\n\t\t\t\"price\":\"630.00\",\n\t\t\t\"priceCurrency\": \"EUR\",\n\t\t\t\"eligibleQuantity\": {\n\t\t\t\"@type\": \"QuantitativeValue\",\n\t\t\t\t\"value\": 250\n \t}\n\t},\n{\n  \"@type\": \"UnitPriceSpecification\",\n  \"description\": \"Tarif pour la 2\u00e8me commande : 500 unit\u00e9s\",\n  \"price\":\"830.00\",\n  \"priceCurrency\": \"EUR\",\n  \"eligibleQuantity\": {\n    \"@type\": \"QuantitativeValue\",\n    \"value\": 500\n  }\n\t},\n{\n  \"@type\": \"UnitPriceSpecification\",\n  \"description\": \"Tarif pour la 2\u00e8me commande : 1000 unit\u00e9s\",\n  \"price\":\"1320.00\",\n  \"priceCurrency\": \"EUR\",\n  \"eligibleQuantity\": {\n    \"@type\": \"QuantitativeValue\",\n    \"value\": 1000\n  }\n\t},\n{\n  \"@type\": \"UnitPriceSpecification\",\n  \"description\": \"Tarif pour la 2\u00e8me commande : 2500 unit\u00e9s\",\n  \"price\":\"2350.00\",\n  \"priceCurrency\": \"EUR\",\n  \"eligibleQuantity\": {\n    \"@type\": \"QuantitativeValue\",\n    \"value\": 2500\n  }\n\t},\n{\n  \"@type\": \"UnitPriceSpecification\",\n  \"description\": \"Tarif pour la 2\u00e8me commande : 5000 unit\u00e9s\",\n  \"price\":\"4000.00\",\n  \"priceCurrency\": \"EUR\",\n  \"eligibleQuantity\": {\n    \"@type\": \"QuantitativeValue\",\n    \"value\": 5000\n }\n}\n      \n    ],\n    \"itemCondition\": \"https:\/\/schema.org\/NewCondition\",\n    \"availability\": \"https:\/\/schema.org\/InStock\",\n    \"seller\": {\n      \"@type\": \"Organization\",\n      \"name\": \"Drancourt sarl\"\n    }\n  }\n}\n\n<\/script>\n\n\n\n<p>&nbsp;<p>\n\n\n\n<h3><span style=\"color: #1c4499\"><strong>Prix Unitaire HT des Porte-Cartes Grises 3 Volets dont 1 Cristal GRIS PLOMB<\/strong><\/span><\/h3>\n\n\n\n<p>&nbsp;<p>\n\n\n\n<h5><span style=\"color: #19419b\">1<sup>ere<\/sup> commande :<\/span><\/h5>\n<table class=\"table table-responsive table-hover table-bordered\">\n  <thead>\n <tr>\n<tr class=\"table-primary\" >\n<td style=\"text-align: center\"><span style=\"color: #19419b\">Par<\/span><\/td>\n<td style=\"text-align: center\"><span style=\"color: #19419b\">Par<\/span><\/td>\n<td style=\"text-align: center\"><span style=\"color: #19419b\">Par<\/span><\/td>\n<td style=\"text-align: center\"><span style=\"color: #19419b\">Par<\/span><\/td>\n<td style=\"text-align: center\"><span style=\"color: #19419b\">Par<\/span><\/td>\n<\/tr>\n\n<\/thead>\n\n<tbody>\n   <tr>\n<td style=\"text-align: center\"><span style=\"color: #19419b\">250 :<\/span><\/td>\n<td style=\"text-align: center\"><span style=\"color: #19419b\">500 :<\/span><\/td>\n<td style=\"text-align: center\"><span style=\"color: #19419b\">1000 :<\/span><\/td>\n<td style=\"text-align: center\"><span style=\"color: #19419b\">2500 :<\/span><\/td>\n<td style=\"text-align: center\"><span style=\"color: #19419b\">5000 :<\/span><\/td>\n <\/tr>\n\n <tr>\n<td style=\"text-align: center\"><span style=\"color: #19419b\"><b>2,52 \u20ac<b><\/span><\/td>\n<td style=\"text-align: center\"><span style=\"color: #19419b\"><b>1,66 \u20ac<b><\/span><\/td>\n<td style=\"text-align: center\"><span style=\"color: #19419b\"><b>1,32 \u20ac<b><\/span><\/td>\n<td style=\"text-align: center\"><span style=\"color: #19419b\"><b>0,94 \u20ac<b><\/span><\/td>\n<td style=\"text-align: center\"><span style=\"color: #19419b\"><b>0,80 \u20ac<b><\/span><\/td>\n<\/tr>\n\n<tr>\n <td style=\"text-align: center\"><span style=\"color: #19419b\"><i>+ 98 \u20ac<\/i><\/span><\/td>\n<td style=\"text-align: center\"><span style=\"color: #19419b\"><i>+ 98 \u20ac<\/i><\/span><\/td>\n<td style=\"text-align: center\"><span style=\"color: #19419b\"><i>+ 98 \u20ac<\/i><\/span><\/td>\n<td style=\"text-align: center\"><span style=\"color: #19419b\"><i>+ 98 \u20ac<\/i><\/span><\/td>\n<td style=\"text-align: center\"><span style=\"color: #19419b\"><i>+ 98 \u20ac<\/i><\/span><\/td>\n<\/tr> \n\n<tr>\n<td style=\"text-align: center\"><span style=\"color: #19419b\"><b>728 \u20ac<b><\/span><\/td>\n<td style=\"text-align: center\"><span style=\"color: #19419b\"><b>928 \u20ac<b><\/span><\/td>\n<td style=\"text-align: center\"><span style=\"color: #19419b\"><b>1418 \u20ac<b><\/span><\/td>\n<td style=\"text-align: center\"><span style=\"color: #19419b\"><b>2448 \u20ac<b><\/span><\/td>\n<td style=\"text-align: center\"><span style=\"color: #19419b\"><b>4098 \u20ac<b><\/span><\/td>\n<\/tr>\n\n <\/tbody>\n<\/table>\n\n\n<h5><span style=\"color: #19419b\">2<sup>eme<\/sup> commande :<\/span><\/h5>\n\n<table class=\"table table-responsive table-hover table-bordered\">\n  <thead>\n <tr>\n<tr class=\"table-primary\">\n<td style=\"text-align: center\"><span style=\"color: #19419b\">Par<\/span><\/td>\n<td style=\"text-align: center\"><span style=\"color: #19419b\">Par<\/span><\/td>\n<td style=\"text-align: center\"><span style=\"color: #19419b\">Par<\/span><\/td>\n<td style=\"text-align: center\"><span style=\"color: #19419b\">Par<\/span><\/td>\n<td style=\"text-align: center\"><span style=\"color: #19419b\">Par<\/span><\/td>\n\n<\/tr>\n  <\/thead>\n\n<tbody>\n\n    <tr>\n<td style=\"text-align: center\"><span style=\"color: #19419b\">250 :<\/span><\/td>\n<td style=\"text-align: center\"><span style=\"color: #19419b\">500 :<\/span><\/td>\n<td style=\"text-align: center\"><span style=\"color: #19419b\">1000 :<\/span><\/td>\n<td style=\"text-align: center\"><span style=\"color: #19419b\">2500 :<\/span><\/td>\n<td style=\"text-align: center\"><span style=\"color: #19419b\">5000 :<\/span><\/td>\n <\/tr>\n\n\n<tr>\n<td style=\"text-align: center\"><span style=\"color: #19419b\"><b>630 \u20ac<b><\/span><\/td>\n<td style=\"text-align: center\"><span style=\"color: #19419b\"><b>830 \u20ac<b><\/span><\/td>\n<td style=\"text-align: center\"><span style=\"color: #19419b\"><b>1320 \u20ac<b><\/span><\/td>\n<td style=\"text-align: center\"><span style=\"color: #19419b\"><b>2350 \u20ac<b><\/span><\/td>\n<td style=\"text-align: center\"><span style=\"color: #19419b\"><b>4000 \u20ac<b><\/span><\/td>\n<\/tr>\n\n\n<\/tbody>\n<\/table>\n\n\n\n<p>&nbsp;<p>\n\n\n\n<h3 class=\"wp-block-heading\">Porte-Carte Grise 3 Volets 1 Cristal GOMME-UNIE :<\/h3>\n<p>D\u00e9couvrez les portes-cartes grises 3 volets avec fen\u00eatre transparente, un accessoire indispensable pour les professionnels de l\u2019automobile. Parfaits pour les concessionnaires, garagistes et ateliers, ces portes-cartes grises sont non seulement pratiques, mais \u00e9galement un <strong>outil de marketing important.<\/strong>\n<br>\nChoisissez un porte-carte grise aux couleurs de votre choix et personnalisez-le avec votre logo et vos coordonn\u00e9es pour qu\u2019il s\u2019harmonise au mieux avec l\u2019identit\u00e9 de votre entreprise.<\/p>\n<br>\n<p>Demandez-nous vite un devis personnalis\u00e9 ! Profitez de notre grille tarifaire d\u00e9gressive pour obtenir ce produit d&rsquo;exception \u00e0 un prix avantageux. Nous vous assurons une qualit\u00e9 irr\u00e9prochable et un service adapt\u00e9 \u00e0 vos besoins.<\/p>\n\n\n\n<p>&nbsp;<p>\n\n\n\n<h5><strong><span style=\"color: #19419b\">Caract\u00e9ristiques techniques : <\/span><\/strong><\/h5>\n<li><span style=\"color: #19419b\">Dimensions :<\/span> 8 x 12 cm.<\/li>\n<li><span style=\"color: #19419b\">Poids :<\/span> 20g.<\/li>\n<li>1 poche en cristal sur le 1er volet int\u00e9rieur.<\/li>\n<li>1 passant en cristal sur les 2\u00e8me et 3\u00e8me volets int\u00e9rieurs.<\/li>\n<li>Lecture directe de la nouvelle carte grise sortie en 2010, appel\u00e9e orange, facilit\u00e9e gr\u00e2ce au volet central en cristal incolore.<\/li>\n<li>Frais technique inclus dans la 1\u00e8re commande (98\u20ac) uniquement.<\/li>\n<br>\n<h5><strong><span style=\"color: #19419b\">Options sur devis : <\/span><\/strong><\/h5>\n  <li>Couleurs suppl\u00e9mentaires.<\/li>\n  <li>Impression volet suppl\u00e9mentaire.<\/li>\n  <li>Ajout de deux coins m\u00e9talliques.<\/li>\n\n<br>\n\n<p><span style=\"color: #ED0010\"><strong>Toute commande sera suivie d&rsquo;appels t\u00e9l\u00e9phoniques et d&rsquo;envoi\/r\u00e9ception de BAT valid\u00e9, avant fabrication.<\/strong><\/p>\n\n\n\n<p>&nbsp;<p>\n\n\n\n<div class=\"wp-block-group is-content-justification-right is-nowrap is-layout-flex wp-container-core-group-is-layout-17124a9a wp-block-group-is-layout-flex\">\r\n\t\t\t\t\r\n\t\t<a \r\n\t\t\t\r\n\t\t\tclass=\"block-fea04d89-1ca0-480c-9e4f-4064dd1d4bbf btn areoi-has-url position-relative btn-primary\"\r\n\t href=\"https:\/\/drancourt.fr\/Shop\/categorie-produit\/portes-cartes-grises-3-volets-avec-un-cristal\/portes-cartes-grises-3-volets-avec-1-cristal-gomme-unie\/\" >\r\n\t\t\t\t\t\r\n\t\t\t\t\tAutres Portes-Carte Grises 3 Volets avec 1 Cristal  \r\n\t\t\t\t\t\r\n\t\t\t\t\t \r\n\t\t\t\t<\/a>\r\n\t\t\t<\/div>\n\n\n\n<p>&nbsp;<p>\n\n\n\n<hr>\n\n\n\n<!-- UseStrict's Calendly Embedder - Calendly popup widget start -->\n<div id=\"wpcalel-calendly-popup-1\"\n\tdata-wpcalel-type=\"popup\"\n\tdata-wpcalel-url=\"https:\/\/calendly.com\/drancourtservice\/\"\n\tdata-wpcalel-prefill=\"false\"\n\tdata-wpcalel-query-str=\"false\"\n\tdata-wpcalel-text=\"Programmer un RDV avec Nous\"\n\tdata-wpcalel-color=\"#1c4499\"\n\tdata-wpcalel-textColor=\"#ffffff\"\n\tdata-wpcalel-branding=\"false\"\n\t\t\t\t\t\t\t\t\t\t\t\t\t\t\t\t\t\t\t\t\t\t\t\t\t\t\t\t\t\t\t\t\t\t\t\t\t\t\t\t\t\t\t\t\t\t\t\t\t\t\t\t\t \n><\/div>\n<!-- UseStrict's Calendly Embedder - Calendly popup widget end -->\n\n\t\t\t\n","protected":false},"excerpt":{"rendered":"<p>Porte-cartes grises personnalisables Gris Plomb \u00e9l\u00e9gants, id\u00e9als pour garages et ateliers auto, offrant visibilit\u00e9 et protection des documents.<\/p>\n","protected":false},"featured_media":15540,"comment_status":"open","ping_status":"closed","template":"","meta":{"content-type":"","om_disable_all_campaigns":false,"_monsterinsights_skip_tracking":false,"_monsterinsights_sitenote_active":false,"_monsterinsights_sitenote_note":"","_monsterinsights_sitenote_category":0,"_uf_show_specific_survey":0,"_uf_disable_surveys":false,"jetpack_post_was_ever_published":false},"product_brand":[],"product_cat":[152,153],"product_tag":[155],"class_list":{"0":"post-15485","1":"product","2":"type-product","3":"status-publish","4":"has-post-thumbnail","6":"product_cat-portes-cartes-grises-3-volets-avec-1-cristal","7":"product_cat-portes-cartes-grises-3-volets-avec-1-cristal-gomme-unie","8":"product_tag-porte-cartes-grises-3-volets-1-cristal-gomme-unie","10":"first","11":"instock","12":"taxable","13":"shipping-taxable","14":"purchasable","15":"product-type-variable","16":"has-default-attributes"},"aioseo_notices":[],"jetpack_sharing_enabled":true,"_links":{"self":[{"href":"https:\/\/drancourt.fr\/Shop\/wp-json\/wp\/v2\/product\/15485","targetHints":{"allow":["GET"]}}],"collection":[{"href":"https:\/\/drancourt.fr\/Shop\/wp-json\/wp\/v2\/product"}],"about":[{"href":"https:\/\/drancourt.fr\/Shop\/wp-json\/wp\/v2\/types\/product"}],"replies":[{"embeddable":true,"href":"https:\/\/drancourt.fr\/Shop\/wp-json\/wp\/v2\/comments?post=15485"}],"wp:featuredmedia":[{"embeddable":true,"href":"https:\/\/drancourt.fr\/Shop\/wp-json\/wp\/v2\/media\/15540"}],"wp:attachment":[{"href":"https:\/\/drancourt.fr\/Shop\/wp-json\/wp\/v2\/media?parent=15485"}],"wp:term":[{"taxonomy":"product_brand","embeddable":true,"href":"https:\/\/drancourt.fr\/Shop\/wp-json\/wp\/v2\/product_brand?post=15485"},{"taxonomy":"product_cat","embeddable":true,"href":"https:\/\/drancourt.fr\/Shop\/wp-json\/wp\/v2\/product_cat?post=15485"},{"taxonomy":"product_tag","embeddable":true,"href":"https:\/\/drancourt.fr\/Shop\/wp-json\/wp\/v2\/product_tag?post=15485"}],"curies":[{"name":"wp","href":"https:\/\/api.w.org\/{rel}","templated":true}]}}