{"id":16257,"date":"2023-12-01T13:43:17","date_gmt":"2023-12-01T12:43:17","guid":{"rendered":"http:\/\/drancourt.fr\/Shop\/?post_type=product&#038;p=16257"},"modified":"2024-11-14T16:30:50","modified_gmt":"2024-11-14T15:30:50","slug":"disque-de-stationnement-impression-quadrichromie","status":"publish","type":"product","link":"https:\/\/drancourt.fr\/Shop\/produit\/disque-de-stationnement-impression-quadrichromie\/","title":{"rendered":"Disque De Stationnement Impression QUADRICHROMIE."},"content":{"rendered":"\n<script type=\"application\/ld+json\">\n{\n  \"@context\": \"https:\/\/schema.org\/\",\n  \"@type\": \"Product\",\n  \"name\": \"Disque De Stationnement Gomme, Impression QUADRICHROMIE\",\n  \"image\": \"https:\/\/drancourt.fr\/Shop\/wp-content\/uploads\/2023\/12\/Disque-De-Stationnement-Impression-QUADRICHROMIE-3.webp\",\n  \"description\": \"Disque De Stationnement IMPRESSION QUADRICHROMIE.\",\n  \"brand\": {\n    \"@type\": \"Brand\",\n    \"name\": \"Drancourt\"\n\n  },\n  \"sku\": \"Disque De Stationnement Gomme, Impression QUADRICHROMIE\",\n  \"offers\": {\n    \"@type\": \"AggregateOffer\",\n    \"url\": \"https:\/\/drancourt.fr\/Shop\/produit\/disque-de-stationnement-impression-quadrichromie\/\",\n    \"priceCurrency\": \"EUR\",\n    \"lowPrice\":\"1333.00\",\n    \"highPrice\":\"3558.00\",\n    \"offerCount\": \"6\",\n    \"priceSpecification\": [\n      \n{\n        \"@type\": \"UnitPriceSpecification\",\n        \"description\": \"Tarif pour la premi\u00e8re commande : 250 unit\u00e9s\",\n        \"price\":\"1333.00\",\n        \"priceCurrency\": \"EUR\",\n        \"eligibleQuantity\": {\n          \"@type\": \"QuantitativeValue\",\n          \"value\": 250\n       }\n\t  },\t\t\n{\n        \"@type\": \"UnitPriceSpecification\",\n        \"description\": \"Tarif pour la premi\u00e8re commande : 500 unit\u00e9s\",\n        \"price\":\"1728.00\",\n        \"priceCurrency\": \"EUR\",\n        \"eligibleQuantity\": {\n          \"@type\": \"QuantitativeValue\",\n          \"value\": 500\n       }\n\t  },\n\t\t{\n        \"@type\": \"UnitPriceSpecification\",\n        \"description\": \"Tarif pour la premi\u00e8re commande : 1000 unit\u00e9s\",\n        \"price\":\"2258.00\",\n        \"priceCurrency\": \"EUR\",\n        \"eligibleQuantity\": {\n          \"@type\": \"QuantitativeValue\",\n          \"value\": 1000\n        }\n\t\t },\n{\n        \"@type\": \"UnitPriceSpecification\",\n        \"description\": \"Tarif pour la premi\u00e8re commande : 2500 unit\u00e9s\",\n        \"price\":\"2758.00\",\n        \"priceCurrency\": \"EUR\",\n        \"eligibleQuantity\": {\n          \"@type\": \"QuantitativeValue\",\n          \"value\": 2500\n        }\n\t\t },\n{\n        \"@type\": \"UnitPriceSpecification\",\n        \"description\": \"Tarif pour la premi\u00e8re commande : 5000 unit\u00e9s\",\n        \"price\":\"3558.00\",\n        \"priceCurrency\": \"EUR\",\n        \"eligibleQuantity\": {\n          \"@type\": \"QuantitativeValue\",\n          \"value\": 5000\n        }\n\t\t }\n    ],\n    \"itemCondition\": \"https:\/\/schema.org\/NewCondition\",\n    \"availability\": \"https:\/\/schema.org\/InStock\",\n    \"seller\": {\n      \"@type\": \"Organization\",\n      \"name\": \"Drancourt\"\n    }\n  }\n}\n\n<\/script>\n\n\n\n<h3><span style=\"color: #1c4499\"><strong>Prix Unitaire HT des Disques De Stationnement GOMME, Impression QUADRICHROMIE : <\/strong><\/span><\/h3>\n\n\n\n<table class=\"table table-responsive table-hover table-bordered\">\n  <thead>\n     <tr class=\"table-primary\">\n<td style=\"text-align: center\"><span style=\"color: #19419b\">Par<\/span><\/td>\n<td style=\"text-align: center\"><span style=\"color: #19419b\">Par<\/span><\/td>\n<td style=\"text-align: center\"><span style=\"color: #19419b\">Par<\/span><\/td>\n<td style=\"text-align: center\"><span style=\"color: #19419b\">Par<\/span><\/td>\n<td style=\"text-align: center\"><span style=\"color: #19419b\">Par<\/span><\/td>\n\n     <\/tr>\n  <\/thead>\n\n  <tbody>\n\n\n    <tr>\n <td style=\"text-align: center\"><span style=\"color: #19419b\">250 :<\/span><\/td>\n<td style=\"text-align: center\"><span style=\"color: #19419b\">500 :<\/span><\/td>\n<td style=\"text-align: center\"><span style=\"color: #19419b\">1000 :<\/span><\/td>\n<td style=\"text-align: center\"><span style=\"color: #19419b\">2500 :<\/span><\/td>\n<td style=\"text-align: center\"><span style=\"color: #19419b\">5000 :<\/span><\/td>  \n<\/tr>\n\n  <tr>\n <td style=\"text-align: center\"><span style=\"color: #19419b\"><b>5,10 \u20ac<b><\/span><\/td>\n<td style=\"text-align: center\"><span style=\"color: #19419b\"><b>3,34 \u20ac<b><\/span><\/td>\n<td style=\"text-align: center\"><span style=\"color: #19419b\"><b>2,20 \u20ac<b><\/span><\/td>\n<td style=\"text-align: center\"><span style=\"color: #19419b\"><b>1,08 \u20ac<b><\/span><\/td>\n<td style=\"text-align: center\"><span style=\"color: #19419b\"><b>0,70 \u20ac<b><\/span><\/td>\n <\/tr>\n\n<tr>\n<td style=\"text-align: center\"><span style=\"color: #19419b\"><b>1333,00 \u20ac<b><\/span><\/td>\n<td style=\"text-align: center\"><span style=\"color: #19419b\"><b>1728,00 \u20ac<b><\/span><\/td>\n<td style=\"text-align: center\"><span style=\"color: #19419b\"><b>2258,00 \u20ac<b><\/span><\/td>\n<td style=\"text-align: center\"><span style=\"color: #19419b\"><b>2758,00 \u20ac<b><\/span><\/td>\n<td style=\"text-align: center\"><span style=\"color: #19419b\"><b>3558,00 \u20ac<b><\/span><\/td>\n<\/tr>\n\n  <\/tbody>\n<\/table>\n\n\n\n<p>&nbsp;<p>\n\n\n\n<h3 class=\"wp-block-heading\">Disque de stationnement Gomme Impression Quadrichromie :<\/h3>\n\n<p>Les disques de stationnement personnalis\u00e9s sont un excellent moyen <strong>mettre en avant votre image de marque<\/strong> dans le quotidien de vos consommateurs. Vous pouvez y ajouter votre logo, vos coordonn\u00e9es ou encore un message sp\u00e9cifique et offrir \u00e0 votre garage, concession ou atelier automobile une nouvelle opportunit\u00e9 <strong>d\u2019accro\u00eetre sa visibilit\u00e9.<\/strong><\/p>\n\n\n\n<p>&nbsp;<p>\n\n\n\n<h5><strong><span style=\"color: #19419b\">Caract\u00e9ristiques techniques : <\/span><\/strong><\/h5>\n <ul>\n  <li><span style=\"color: #19419b\">Mati\u00e8re : <\/span>PVC et carton.<\/li>\n  <li><span style=\"color: #19419b\">Dimensions : <\/span>10 x 10cm.<\/li>\n  <li><span style=\"color: #19419b\">Poids : <\/span>35g.<\/li>\n<br>\n\n\n\n<p><\/p>\n","protected":false},"excerpt":{"rendered":"<p>Disque De Stationnement<\/p>\n","protected":false},"featured_media":16267,"comment_status":"open","ping_status":"closed","template":"","meta":{"content-type":"","om_disable_all_campaigns":false,"_monsterinsights_skip_tracking":false,"_monsterinsights_sitenote_active":false,"_monsterinsights_sitenote_note":"","_monsterinsights_sitenote_category":0,"_uf_show_specific_survey":0,"_uf_disable_surveys":false},"product_brand":[],"product_cat":[165,170],"product_tag":[171],"class_list":{"0":"post-16257","1":"product","2":"type-product","3":"status-publish","4":"has-post-thumbnail","6":"product_cat-disques-de-stationnement","7":"product_cat-disques-de-stationnement-impression-quadrichromie","8":"product_tag-disque-de-stationnement-quadrichromie","10":"first","11":"instock","12":"taxable","13":"shipping-taxable","14":"purchasable","15":"product-type-variable","16":"has-default-attributes"},"aioseo_notices":[],"jetpack_sharing_enabled":true,"_links":{"self":[{"href":"https:\/\/drancourt.fr\/Shop\/wp-json\/wp\/v2\/product\/16257","targetHints":{"allow":["GET"]}}],"collection":[{"href":"https:\/\/drancourt.fr\/Shop\/wp-json\/wp\/v2\/product"}],"about":[{"href":"https:\/\/drancourt.fr\/Shop\/wp-json\/wp\/v2\/types\/product"}],"replies":[{"embeddable":true,"href":"https:\/\/drancourt.fr\/Shop\/wp-json\/wp\/v2\/comments?post=16257"}],"wp:featuredmedia":[{"embeddable":true,"href":"https:\/\/drancourt.fr\/Shop\/wp-json\/wp\/v2\/media\/16267"}],"wp:attachment":[{"href":"https:\/\/drancourt.fr\/Shop\/wp-json\/wp\/v2\/media?parent=16257"}],"wp:term":[{"taxonomy":"product_brand","embeddable":true,"href":"https:\/\/drancourt.fr\/Shop\/wp-json\/wp\/v2\/product_brand?post=16257"},{"taxonomy":"product_cat","embeddable":true,"href":"https:\/\/drancourt.fr\/Shop\/wp-json\/wp\/v2\/product_cat?post=16257"},{"taxonomy":"product_tag","embeddable":true,"href":"https:\/\/drancourt.fr\/Shop\/wp-json\/wp\/v2\/product_tag?post=16257"}],"curies":[{"name":"wp","href":"https:\/\/api.w.org\/{rel}","templated":true}]}}