{"id":16288,"date":"2023-12-01T14:40:57","date_gmt":"2023-12-01T13:40:57","guid":{"rendered":"http:\/\/drancourt.fr\/Shop\/?post_type=product&#038;p=16288"},"modified":"2024-11-15T09:06:12","modified_gmt":"2024-11-15T08:06:12","slug":"pochette-location-vehicule-standard-noir","status":"publish","type":"product","link":"https:\/\/drancourt.fr\/Shop\/produit\/pochette-location-vehicule-standard-noir\/","title":{"rendered":"Pochette Location V\u00e9hicule STANDARD Noire"},"content":{"rendered":"\n<script type=\"application\/ld+json\">\n{\n  \"@context\": \"https:\/\/schema.org\/\",\n  \"@type\": \"Product\",\n  \"name\": \"Pochette Location V\u00e9hicule STANDARD Noire\",\n  \"image\": \"https:\/\/drancourt.fr\/Shop\/wp-content\/uploads\/2023\/12\/Pochette-Location-Vehicule-Standard-Noir-orange-961.webp\",\n  \"description\": \"Pochette Location V\u00e9hicule STANDARD Noire. Coloris Impression : Orange 961.\",\n  \"brand\": {\n    \"@type\": \"Brand\",\n    \"name\": \"Drancourt\"\n\n  },\n  \"sku\": \"Pochette Location V\u00e9hicule STANDARD Noire\",\n  \"offers\": {\n    \"@type\": \"AggregateOffer\",\n    \"url\": \"https:\/\/drancourt.fr\/Shop\/produit\/pochette-location-vehicule-standard-noire\/\",\n    \"priceCurrency\": \"EUR\",\n    \"lowPrice\":\"683.00\",\n    \"highPrice\":\"5898.00\",\n    \"offerCount\": \"6\",\n    \"priceSpecification\": [\n      \n{\n        \"@type\": \"UnitPriceSpecification\",\n        \"description\": \"Tarif pour la premi\u00e8re commande : 250 unit\u00e9s\",\n        \"price\":\"683.00\",\n        \"priceCurrency\": \"EUR\",\n        \"eligibleQuantity\": {\n          \"@type\": \"QuantitativeValue\",\n          \"value\": 250\n       }\n\t  },\t\t\n{\n        \"@type\": \"UnitPriceSpecification\",\n        \"description\": \"Tarif pour la premi\u00e8re commande : 500 unit\u00e9s\",\n        \"price\":\"1118.00\",\n        \"priceCurrency\": \"EUR\",\n        \"eligibleQuantity\": {\n          \"@type\": \"QuantitativeValue\",\n          \"value\": 500\n       }\n\t  },\n\t\t{\n        \"@type\": \"UnitPriceSpecification\",\n        \"description\": \"Tarif pour la premi\u00e8re commande : 1000 unit\u00e9s\",\n        \"price\":\"1698.00\",\n        \"priceCurrency\": \"EUR\",\n        \"eligibleQuantity\": {\n          \"@type\": \"QuantitativeValue\",\n          \"value\": 1000\n        }\n\t\t },\n\t\t{\n        \"@type\": \"UnitPriceSpecification\",\n        \"description\": \"Tarif pour la premi\u00e8re commande : 2500 unit\u00e9s\",\n        \"price\":\"3348.80\",\n        \"priceCurrency\": \"EUR\",\n        \"eligibleQuantity\": {\n          \"@type\": \"QuantitativeValue\",\n          \"value\": 2500\n       }\n\t\t},\n\t\t{\n        \"@type\": \"UnitPriceSpecification\",\n        \"description\": \"Tarif pour la premi\u00e8re commande : 5000 unit\u00e9s\",\n        \"price\":\"5898.00\",\n        \"priceCurrency\": \"EUR\",\n        \"eligibleQuantity\": {\n          \"@type\": \"QuantitativeValue\",\n          \"value\": 5000\n       }\n\t\t}\n      \n    ],\n    \"itemCondition\": \"https:\/\/schema.org\/NewCondition\",\n    \"availability\": \"https:\/\/schema.org\/InStock\",\n    \"seller\": {\n      \"@type\": \"Organization\",\n      \"name\": \"Drancourt\"\n    }\n  }\n}\n\n<\/script>\n\n\n\n<h3><span style=\"color: #1c4499\"><strong>Prix Unitaire HT des Pochette Location V\u00e9hicule STANDARD Noire : <\/strong><\/span><\/h3>\n\n\n\n<table class=\"table table-responsive table-hover table-bordered\">\n  <thead>\n     <tr class=\"table-primary\">\n<td colspan=\"\u00ab\u00a03\u00a0\u00bb\" style=\"text-align: center\"><span style=\"color: #19419b\">Par<\/span><\/td>\n<td colspan=\"\u00ab\u00a03\u00a0\u00bb\" style=\"text-align: center\"><span style=\"color: #19419b\">Par<\/span><\/td>\n<td colspan=\"\u00ab\u00a03\u00a0\u00bb\" style=\"text-align: center\"><span style=\"color: #19419b\">Par<\/span><\/td>\n<td colspan=\"\u00ab\u00a03\u00a0\u00bb\" style=\"text-align: center\"><span style=\"color: #19419b\">Par<\/span><\/td>\n<td colspan=\"\u00ab\u00a03\u00a0\u00bb\" style=\"text-align: center\"><span style=\"color: #19419b\">Par<\/span><\/td>\n<\/tr>\n  <\/thead>\n\n  <tbody>\n<td colspan=\"\u00ab\u00a03\u00a0\u00bb\" style=\"text-align: center\"><span style=\"color: #19419b\">250 :<\/span><\/td>\n<td colspan=\"\u00ab\u00a03\u00a0\u00bb\" style=\"text-align: center\"><span style=\"color: #19419b\">500 :<\/span><\/td>\n<td colspan=\"\u00ab\u00a03\u00a0\u00bb\" style=\"text-align: center\"><span style=\"color: #19419b\">1000 :<\/span><\/td>\n<td colspan=\"\u00ab\u00a03\u00a0\u00bb\" style=\"text-align: center\"><span style=\"color: #19419b\">2500 :<\/span><\/td>\n<td colspan=\"\u00ab\u00a03\u00a0\u00bb\" style=\"text-align: center\"><span style=\"color: #19419b\">5000 :<\/span><\/td>\n<\/tr>\n\n <tr>\n<td colspan=\"\u00ab\u00a03\u00a0\u00bb\" style=\"text-align: center\"><span style=\"color: #19419b\"><b>2,34 \u20ac<\/b><\/span><\/td>\n<td colspan=\"\u00ab\u00a03\u00a0\u00bb\" style=\"text-align: center\"><span style=\"color: #19419b\"><b>2,04 \u20ac<\/b><\/span><\/td>\n<td colspan=\"\u00ab\u00a03\u00a0\u00bb\" style=\"text-align: center\"><span style=\"color: #19419b\"><b>1,60 \u20ac<\/b><\/span><\/td>\n<td colspan=\"\u00ab\u00a03\u00a0\u00bb\" style=\"text-align: center\"><span style=\"color: #19419b\"><b>1,30 \u20ac<\/b><\/span><\/td>\n<td colspan=\"\u00ab\u00a03\u00a0\u00bb\" style=\"text-align: center\"><span style=\"color: #19419b\"><b>1,16 \u20ac<\/b><\/span><\/td>\n <\/tr>\n\n <tr>\n<td colspan=\"\u00ab\u00a03\u00a0\u00bb\" style=\"text-align: center\"><span style=\"color: #19419b\">683 \u20ac<\/span><\/td>\n<td colspan=\"\u00ab\u00a03\u00a0\u00bb\" style=\"text-align: center\"><span style=\"color: #19419b\">1118 \u20ac<\/span><\/td>\n<td colspan=\"\u00ab\u00a03\u00a0\u00bb\" style=\"text-align: center\"><span style=\"color: #19419b\">1698 \u20ac<\/span><\/td>\n<td colspan=\"\u00ab\u00a03\u00a0\u00bb\" style=\"text-align: center\"><span style=\"color: #19419b\">3348 \u20ac<\/span><\/td>\n<td colspan=\"\u00ab\u00a03\u00a0\u00bb\" style=\"text-align: center\"><span style=\"color: #19419b\">5898 \u20ac<\/span><\/td>\n<\/tr>\n\n  <\/tbody>\n<\/table>\n\n\n\n<p>&nbsp;<p>\n\n\n\n<h3><span style=\"color: #1c4499\">Pochette Location V\u00e9hicule STANDARD :<\/span><\/h3>\n\n<p>Personnalisez vos pochettes de location en y int\u00e9grant votre logo, vos coordonn\u00e9es ou un message publicitaire pour <strong>renforcer votre image<\/strong> de marque et <strong>accro\u00eetre votre visibilit\u00e9<\/strong>. Ces pochettes personnalis\u00e9es ajoutent \u00e9galement une touche de professionnalisme \u00e0 votre entreprise, refl\u00e9tant un souci du d\u00e9tail qui inspire confiance \u00e0 vos clients.<\/p>\n\n\n\n<p>&nbsp;<p>\n\n\n\n<h5><strong><span style=\"color: #19419b\">Caract\u00e9ristiques techniques : <\/span><\/strong><\/h5>\n <ul>\n  <li><span style=\"color: #19419b\">Format ferm\u00e9 : <\/span>16,3 x 23,6cm.<\/li>\n  <li><span style=\"color: #19419b\">Format ouvert : <\/span>32,7 x 23,6cm.<\/li>\n  <li><span style=\"color: #19419b\">Format d&rsquo;impression : <\/span>14 x 12cm.<\/li>\n  <li><span style=\"color: #19419b\">Poids : <\/span>55g.<\/li>\n  <li>4 poches en cristal transparent de 11,5cm et 14 cm.<\/li>\n  <li><span style=\"color: #19419b\">Documents :<\/span> constat de location, plaquette d&rsquo;assistance, carte grise, vignette et constat \u00e0 l&rsquo;amiable.<\/li>\n<br>\n\n\n\n<p>&nbsp;<p>\n\n\n\n<hr>\n","protected":false},"excerpt":{"rendered":"<p>Pochette STANDARD Noir.<\/p>\n","protected":false},"featured_media":16304,"comment_status":"open","ping_status":"closed","template":"","meta":{"content-type":"","om_disable_all_campaigns":false,"_monsterinsights_skip_tracking":false,"_monsterinsights_sitenote_active":false,"_monsterinsights_sitenote_note":"","_monsterinsights_sitenote_category":0,"_uf_show_specific_survey":0,"_uf_disable_surveys":false,"jetpack_post_was_ever_published":false},"product_brand":[],"product_cat":[173,174],"product_tag":[180],"class_list":{"0":"post-16288","1":"product","2":"type-product","3":"status-publish","4":"has-post-thumbnail","6":"product_cat-pochette-location-vehicule","7":"product_cat-pochette-location-vehicule-standard","8":"product_tag-pochette-location-standard","10":"first","11":"instock","12":"taxable","13":"shipping-taxable","14":"purchasable","15":"product-type-variable","16":"has-default-attributes"},"aioseo_notices":[],"jetpack_sharing_enabled":true,"_links":{"self":[{"href":"https:\/\/drancourt.fr\/Shop\/wp-json\/wp\/v2\/product\/16288","targetHints":{"allow":["GET"]}}],"collection":[{"href":"https:\/\/drancourt.fr\/Shop\/wp-json\/wp\/v2\/product"}],"about":[{"href":"https:\/\/drancourt.fr\/Shop\/wp-json\/wp\/v2\/types\/product"}],"replies":[{"embeddable":true,"href":"https:\/\/drancourt.fr\/Shop\/wp-json\/wp\/v2\/comments?post=16288"}],"wp:featuredmedia":[{"embeddable":true,"href":"https:\/\/drancourt.fr\/Shop\/wp-json\/wp\/v2\/media\/16304"}],"wp:attachment":[{"href":"https:\/\/drancourt.fr\/Shop\/wp-json\/wp\/v2\/media?parent=16288"}],"wp:term":[{"taxonomy":"product_brand","embeddable":true,"href":"https:\/\/drancourt.fr\/Shop\/wp-json\/wp\/v2\/product_brand?post=16288"},{"taxonomy":"product_cat","embeddable":true,"href":"https:\/\/drancourt.fr\/Shop\/wp-json\/wp\/v2\/product_cat?post=16288"},{"taxonomy":"product_tag","embeddable":true,"href":"https:\/\/drancourt.fr\/Shop\/wp-json\/wp\/v2\/product_tag?post=16288"}],"curies":[{"name":"wp","href":"https:\/\/api.w.org\/{rel}","templated":true}]}}