{"id":16533,"date":"2023-12-01T17:31:44","date_gmt":"2023-12-01T16:31:44","guid":{"rendered":"http:\/\/drancourt.fr\/Shop\/?post_type=product&#038;p=16533"},"modified":"2024-03-01T11:51:34","modified_gmt":"2024-03-01T10:51:34","slug":"pochette-location-vehicule-gomme-unie-anis","status":"publish","type":"product","link":"https:\/\/drancourt.fr\/Shop\/produit\/pochette-location-vehicule-gomme-unie-anis\/","title":{"rendered":"Pochette Location V\u00e9hicule GOMME UNIE Anis."},"content":{"rendered":"\n<script type=\"application\/ld+json\">\n{\n  \"@context\": \"https:\/\/schema.org\/\",\n  \"@type\": \"Product\",\n  \"name\": \"Pochette Location V\u00e9hicule GOMME UNIE Gris Plomb\",\n  \"image\": \"https:\/\/drancourt.fr\/Shop\/wp-content\/uploads\/2023\/12\/Pochette-Location-Vehicule-Gomme-Unie-Gris-Plomb-orange-961.webp\",\n  \"description\": \"Pochette de location de v\u00e9hicule en gomme unie gris plomb avec d\u00e9tails oranges, \u00e9l\u00e9gante et professionnelle.\",\n  \"brand\": {\n    \"@type\": \"Brand\",\n    \"name\": \"Drancourt\"\n\n  },\n  \"sku\": \"Pochette Location V\u00e9hicule GOMME UNIE Gris clair\",\n  \"offers\": {\n    \"@type\": \"AggregateOffer\",\n    \"url\": \"https:\/\/drancourt.fr\/Shop\/produit\/pochette-location-vehicule-gomme-unie-gris-plomb\/\",\n    \"priceCurrency\": \"EUR\",\n    \"lowPrice\":\"743.00\",\n    \"highPrice\":\"7198.00\",\n    \"offerCount\": \"6\",\n    \"priceSpecification\": [\n      \n{\n        \"@type\": \"UnitPriceSpecification\",\n        \"description\": \"Tarif pour la premi\u00e8re commande : 250 unit\u00e9s\",\n        \"price\":\"743.00\",\n        \"priceCurrency\": \"EUR\",\n        \"eligibleQuantity\": {\n          \"@type\": \"QuantitativeValue\",\n          \"value\": 250\n       }\n\t  },\t\t\n{\n        \"@type\": \"UnitPriceSpecification\",\n        \"description\": \"Tarif pour la premi\u00e8re commande : 500 unit\u00e9s\",\n        \"price\":\"1228.00\",\n        \"priceCurrency\": \"EUR\",\n        \"eligibleQuantity\": {\n          \"@type\": \"QuantitativeValue\",\n          \"value\": 500\n       }\n\t  },\n\t\t{\n        \"@type\": \"UnitPriceSpecification\",\n        \"description\": \"Tarif pour la premi\u00e8re commande : 1000 unit\u00e9s\",\n        \"price\":\"1918.00\",\n        \"priceCurrency\": \"EUR\",\n        \"eligibleQuantity\": {\n          \"@type\": \"QuantitativeValue\",\n          \"value\": 1000\n        }\n\t\t },\n\t\t{\n        \"@type\": \"UnitPriceSpecification\",\n        \"description\": \"Tarif pour la premi\u00e8re commande : 2500 unit\u00e9s\",\n        \"price\":\"3998.80\",\n        \"priceCurrency\": \"EUR\",\n        \"eligibleQuantity\": {\n          \"@type\": \"QuantitativeValue\",\n          \"value\": 2500\n       }\n\t\t},\n\t\t{\n        \"@type\": \"UnitPriceSpecification\",\n        \"description\": \"Tarif pour la premi\u00e8re commande : 5000 unit\u00e9s\",\n        \"price\":\"7198.00\",\n        \"priceCurrency\": \"EUR\",\n        \"eligibleQuantity\": {\n          \"@type\": \"QuantitativeValue\",\n          \"value\": 5000\n       }\n\t\t}\n      \n    ],\n    \"itemCondition\": \"https:\/\/schema.org\/NewCondition\",\n    \"availability\": \"https:\/\/schema.org\/InStock\",\n    \"seller\": {\n      \"@type\": \"Organization\",\n      \"name\": \"Drancourt\"\n    }\n  }\n}\n\n<\/script>\n\n\n\n<h3><span style=\"color: #1c4499\"><strong>Prix Unitaire HT des Pochette Location V\u00e9hicule GOMME UNIE ANIS : <\/strong><\/span><\/h3>\n\n\n\n<table class=\"table table-responsive table-hover table-bordered\">\n  <thead>\n     <tr class=\"table-primary\">\n<td colspan=\"\u00ab\u00a03\u00a0\u00bb\" style=\"text-align: center\"><span style=\"color: #19419b\">Par<\/span><\/td>\n<td colspan=\"\u00ab\u00a03\u00a0\u00bb\" style=\"text-align: center\"><span style=\"color: #19419b\">Par<\/span><\/td>\n<td colspan=\"\u00ab\u00a03\u00a0\u00bb\" style=\"text-align: center\"><span style=\"color: #19419b\">Par<\/span><\/td>\n<td colspan=\"\u00ab\u00a03\u00a0\u00bb\" style=\"text-align: center\"><span style=\"color: #19419b\">Par<\/span><\/td>\n<td colspan=\"\u00ab\u00a03\u00a0\u00bb\" style=\"text-align: center\"><span style=\"color: #19419b\">Par<\/span><\/td>\n<\/tr>\n  <\/thead>\n\n  <tbody>\n<td colspan=\"\u00ab\u00a03\u00a0\u00bb\" style=\"text-align: center\"><span style=\"color: #19419b\">250 :<\/span><\/td>\n<td colspan=\"\u00ab\u00a03\u00a0\u00bb\" style=\"text-align: center\"><span style=\"color: #19419b\">500 :<\/span><\/td>\n<td colspan=\"\u00ab\u00a03\u00a0\u00bb\" style=\"text-align: center\"><span style=\"color: #19419b\">1000 :<\/span><\/td>\n<td colspan=\"\u00ab\u00a03\u00a0\u00bb\" style=\"text-align: center\"><span style=\"color: #19419b\">2500 :<\/span><\/td>\n<td colspan=\"\u00ab\u00a03\u00a0\u00bb\" style=\"text-align: center\"><span style=\"color: #19419b\">5000 :<\/span><\/td>\n<\/tr>\n\n <tr>\n<td colspan=\"\u00ab\u00a03\u00a0\u00bb\" style=\"text-align: center\"><span style=\"color: #19419b\"><b>2,58 \u20ac<\/b><\/span><\/td>\n<td colspan=\"\u00ab\u00a03\u00a0\u00bb\" style=\"text-align: center\"><span style=\"color: #19419b\"><b>2,26 \u20ac<\/b><\/span><\/td>\n<td colspan=\"\u00ab\u00a03\u00a0\u00bb\" style=\"text-align: center\"><span style=\"color: #19419b\"><b>1,82 \u20ac<\/b><\/span><\/td>\n<td colspan=\"\u00ab\u00a03\u00a0\u00bb\" style=\"text-align: center\"><span style=\"color: #19419b\"><b>1,56 \u20ac<\/b><\/span><\/td>\n<td colspan=\"\u00ab\u00a03\u00a0\u00bb\" style=\"text-align: center\"><span style=\"color: #19419b\"><b>1,42 \u20ac<\/b><\/span><\/td>\n <\/tr>\n\n <tr>\n<td colspan=\"\u00ab\u00a03\u00a0\u00bb\" style=\"text-align: center\"><span style=\"color: #19419b\">743 \u20ac<\/span><\/td>\n<td colspan=\"\u00ab\u00a03\u00a0\u00bb\" style=\"text-align: center\"><span style=\"color: #19419b\">1228 \u20ac<\/span><\/td>\n<td colspan=\"\u00ab\u00a03\u00a0\u00bb\" style=\"text-align: center\"><span style=\"color: #19419b\">1918 \u20ac<\/span><\/td>\n<td colspan=\"\u00ab\u00a03\u00a0\u00bb\" style=\"text-align: center\"><span style=\"color: #19419b\">3998 \u20ac<\/span><\/td>\n<td colspan=\"\u00ab\u00a03\u00a0\u00bb\" style=\"text-align: center\"><span style=\"color: #19419b\">7198 \u20ac<\/span><\/td>\n\n<\/tr>\n\n  <\/tbody>\n<\/table>\n\n\n\n<p>&nbsp;<p>\n\n\n\n<h3><span style=\"color: #1c4499\">Pochette Location V\u00e9hicule GOMME UNIE ANIS :<\/span><\/h3>\n\n\n\n<p>Optimisez l&rsquo;organisation de vos documents de location avec notre \u00ab\u00a0Pochette Location V\u00e9hicule GOMME UNIE Anis\u00a0\u00bb, pratique et \u00e9l\u00e9gante, sp\u00e9cialement con\u00e7ue pour les professionnels. <\/p>\n\n<p>Dot\u00e9e de <strong>deux volets et quatre poches en cristal transparent<\/strong>, cette pochette est id\u00e9ale pour ranger soigneusement tous vos documents essentiels. <\/p>\n\n<p>Elle comprend <strong>une poche de 11,5 cm et une de 14 cm<\/strong>, parfaitement dimensionn\u00e9es pour accueillir le <strong><em>constat de location, la plaquette d&rsquo;assistance, la carte grise, la carte verte, la vignette<\/em><\/strong> et m\u00eame <strong><em>le constat \u00e0 l\u2019amiable<\/em><\/strong>.<\/p>\n\n<p>Avec un <strong>format ferm\u00e9 de 16.3 x 23,6 cm <\/strong>et un <strong>format ouvert de 32.7 x 23,6 cm<\/strong>, cette pochette offre une grande flexibilit\u00e9 tout en restant compacte et facile \u00e0 manipuler. Le format standard d\u2019impression de 14 x 12 cm vous permet d&rsquo;ajouter votre image de marque (logo, adresse, message &#8230;) pour une <strong>personnalisation maximale<\/strong>. Et avec un poids l\u00e9ger de seulement 55 g, elle est parfaite pour une utilisation quotidienne sans encombrement.<\/p>\n\n<p>Choisissez cette pochette pour une solution de rangement professionnelle qui refl\u00e8te l&rsquo;<strong>excellence et l&rsquo;efficacit\u00e9 de votre entreprise<\/strong>.<\/p>\n\n\n\n<p>&nbsp;<p>\n\n\n\n<hr>\n","protected":false},"excerpt":{"rendered":"<p>Pochette GOMME UNIE Anis.<\/p>\n","protected":false},"featured_media":16581,"comment_status":"open","ping_status":"closed","template":"","meta":{"content-type":"","om_disable_all_campaigns":false,"_monsterinsights_skip_tracking":false,"_monsterinsights_sitenote_active":false,"_monsterinsights_sitenote_note":"","_monsterinsights_sitenote_category":0,"_uf_show_specific_survey":0,"_uf_disable_surveys":false,"jetpack_post_was_ever_published":false},"product_brand":[],"product_cat":[181,173],"product_tag":[182],"class_list":{"0":"post-16533","1":"product","2":"type-product","3":"status-publish","4":"has-post-thumbnail","6":"product_cat-pochette-de-location-de-vehicule-gomme-unie","7":"product_cat-pochette-location-vehicule","8":"product_tag-pochette-location-gomme-unie","10":"first","11":"instock","12":"taxable","13":"shipping-taxable","14":"purchasable","15":"product-type-variable","16":"has-default-attributes"},"aioseo_notices":[],"jetpack_sharing_enabled":true,"_links":{"self":[{"href":"https:\/\/drancourt.fr\/Shop\/wp-json\/wp\/v2\/product\/16533","targetHints":{"allow":["GET"]}}],"collection":[{"href":"https:\/\/drancourt.fr\/Shop\/wp-json\/wp\/v2\/product"}],"about":[{"href":"https:\/\/drancourt.fr\/Shop\/wp-json\/wp\/v2\/types\/product"}],"replies":[{"embeddable":true,"href":"https:\/\/drancourt.fr\/Shop\/wp-json\/wp\/v2\/comments?post=16533"}],"wp:featuredmedia":[{"embeddable":true,"href":"https:\/\/drancourt.fr\/Shop\/wp-json\/wp\/v2\/media\/16581"}],"wp:attachment":[{"href":"https:\/\/drancourt.fr\/Shop\/wp-json\/wp\/v2\/media?parent=16533"}],"wp:term":[{"taxonomy":"product_brand","embeddable":true,"href":"https:\/\/drancourt.fr\/Shop\/wp-json\/wp\/v2\/product_brand?post=16533"},{"taxonomy":"product_cat","embeddable":true,"href":"https:\/\/drancourt.fr\/Shop\/wp-json\/wp\/v2\/product_cat?post=16533"},{"taxonomy":"product_tag","embeddable":true,"href":"https:\/\/drancourt.fr\/Shop\/wp-json\/wp\/v2\/product_tag?post=16533"}],"curies":[{"name":"wp","href":"https:\/\/api.w.org\/{rel}","templated":true}]}}