{"id":17408,"date":"2023-12-04T17:46:30","date_gmt":"2023-12-04T16:46:30","guid":{"rendered":"http:\/\/drancourt.fr\/Shop\/?post_type=product&#038;p=17408"},"modified":"2024-03-03T12:52:36","modified_gmt":"2024-03-03T11:52:36","slug":"containers-en-fibre-cuir-300-x-150-x-110","status":"publish","type":"product","link":"https:\/\/drancourt.fr\/Shop\/produit\/containers-en-fibre-cuir-300-x-150-x-110\/","title":{"rendered":"Containers En Fibre Cuir 300 X 150 X 110."},"content":{"rendered":"\n<script type=\"application\/ld+json\">\n{\n  \"@context\": \"https:\/\/schema.org\/\",\n  \"@type\": \"Product\",\n  \"name\": \"Containers En Fibre Cuir 300 X 150 X 110\",\n  \"image\": \"https:\/\/drancourt.fr\/Shop\/wp-content\/uploads\/2024\/03\/Containers-En-Fibre-Cuir-300-X-150-X-110-2-2.webp\",\n  \"description\": \"Container durable en fibre cuir, taille 300x150x110, con\u00e7u pour l'optimisation de l'espace en milieu professionnel.\",\n  \"brand\": {\n    \"@type\": \"Brand\",\n    \"name\": \"Drancourt\"\n\n  },\n  \"sku\": \"Containers En Fibre Cuir 300 X 150 X 110\",\n  \"offers\": {\n    \"@type\": \"AggregateOffer\",\n    \"url\": \"https:\/\/drancourt.fr\/Shop\/produit\/containers-en-fibre-cuir-300-x-150-x-110\/\",\n    \"priceCurrency\": \"EUR\",\n    \"lowPrice\":\"37.18\",\n    \"highPrice\":\"2873.00\",\n    \"offerCount\": \"6\",\n    \"priceSpecification\": [\n      \n{\n        \"@type\": \"UnitPriceSpecification\",\n        \"description\": \"Tarif pour la premi\u00e8re commande : 10 unit\u00e9s\",\n        \"price\":\"37.18\",\n        \"priceCurrency\": \"EUR\",\n        \"eligibleQuantity\": {\n          \"@type\": \"QuantitativeValue\",\n          \"value\": 10\n       }\n\t  },\t\t\n{\n        \"@type\": \"UnitPriceSpecification\",\n        \"description\": \"Tarif pour la premi\u00e8re commande : 50 unit\u00e9s\",\n        \"price\":\"177.45\",\n        \"priceCurrency\": \"EUR\",\n        \"eligibleQuantity\": {\n          \"@type\": \"QuantitativeValue\",\n          \"value\": 50\n       }\n\t  },\n\t\t{\n        \"@type\": \"UnitPriceSpecification\",\n        \"description\": \"Tarif pour la premi\u00e8re commande : 100 unit\u00e9s\",\n        \"price\":\"338.00\",\n        \"priceCurrency\": \"EUR\",\n        \"eligibleQuantity\": {\n          \"@type\": \"QuantitativeValue\",\n          \"value\": 100\n        }\n\t\t },\n\t\t{\n        \"@type\": \"UnitPriceSpecification\",\n        \"description\": \"Tarif pour la premi\u00e8re commande : 200 unit\u00e9s\",\n        \"price\":\"642.20\",\n        \"priceCurrency\": \"EUR\",\n        \"eligibleQuantity\": {\n          \"@type\": \"QuantitativeValue\",\n          \"value\": 200\n       }\n\t\t},\n\t\t{\n        \"@type\": \"UnitPriceSpecification\",\n        \"description\": \"Tarif pour la premi\u00e8re commande : 500 unit\u00e9s\",\n        \"price\":\"1521.00\",\n        \"priceCurrency\": \"EUR\",\n        \"eligibleQuantity\": {\n          \"@type\": \"QuantitativeValue\",\n          \"value\": 500\n       }\n\t\t},\n\t\t{\n        \"@type\": \"UnitPriceSpecification\",\n        \"description\": \"Tarif pour la premi\u00e8re commande : 1000 unit\u00e9s\",\n        \"price\":\"2873.00\",\n        \"priceCurrency\": \"EUR\",\n        \"eligibleQuantity\": {\n          \"@type\": \"QuantitativeValue\",\n          \"value\": 1000\n       }\n\t\t}      \n    ],\n    \"itemCondition\": \"https:\/\/schema.org\/NewCondition\",\n    \"availability\": \"https:\/\/schema.org\/InStock\",\n    \"seller\": {\n      \"@type\": \"Organization\",\n      \"name\": \"Drancourt\"\n    }\n  }\n}\n\n<\/script>\n\n\n\n\n<h3><span style=\"color: #1c4499\"><strong>Prix Unitaire HT des Containers En Fibre Cuir 300 X 150 X 110. Casier Vide : <\/strong><\/span><\/h3>\n\n\n\n<table class=\"table table-responsive table-hover table-bordered\">\n  <thead>\n     <tr class=\"table-primary\">\n<td colspan=\"\u00ab\u00a03\u00a0\u00bb\" style=\"text-align: center\"><span style=\"color: #19419b\">Par<\/span><\/td>\n<td colspan=\"\u00ab\u00a03\u00a0\u00bb\" style=\"text-align: center\"><span style=\"color: #19419b\">Par<\/span><\/td>\n<td colspan=\"\u00ab\u00a03\u00a0\u00bb\" style=\"text-align: center\"><span style=\"color: #19419b\">Par<\/span><\/td>\n<td colspan=\"\u00ab\u00a03\u00a0\u00bb\" style=\"text-align: center\"><span style=\"color: #19419b\">Par<\/span><\/td>\n<td colspan=\"\u00ab\u00a03\u00a0\u00bb\" style=\"text-align: center\"><span style=\"color: #19419b\">Par<\/span><\/td>\n<td colspan=\"\u00ab\u00a03\u00a0\u00bb\" style=\"text-align: center\"><span style=\"color: #19419b\">Par<\/span><\/td>\n<\/tr>\n  <\/thead>\n<tbody>\n\n<tr>\n<td colspan=\"\u00ab\u00a03\u00a0\u00bb\" style=\"text-align: center\"><span style=\"color: #19419b\">10 :<\/span><\/td>\n<td colspan=\"\u00ab\u00a03\u00a0\u00bb\" style=\"text-align: center\"><span style=\"color: #19419b\">50 :<\/span><\/td>\n<td colspan=\"\u00ab\u00a03\u00a0\u00bb\" style=\"text-align: center\"><span style=\"color: #19419b\">100 :<\/span><\/td>\n<td colspan=\"\u00ab\u00a03\u00a0\u00bb\" style=\"text-align: center\"><span style=\"color: #19419b\">200 :<\/span><\/td>\n<td colspan=\"\u00ab\u00a03\u00a0\u00bb\" style=\"text-align: center\"><span style=\"color: #19419b\">500 :<\/span><\/td>\n<td colspan=\"\u00ab\u00a03\u00a0\u00bb\" style=\"text-align: center\"><span style=\"color: #19419b\">1000 :<\/span><\/td>\n<\/tr>\n\n <tr>\n<td colspan=\"\u00ab\u00a03\u00a0\u00bb\" style=\"text-align: center\"><span style=\"color: #19419b\"><b>3,718 \u20ac<\/b><\/span><\/td>\n<td colspan=\"\u00ab\u00a03\u00a0\u00bb\" style=\"text-align: center\"><span style=\"color: #19419b\"><b>3,549 \u20ac<\/b><\/span><\/td>\n<td colspan=\"\u00ab\u00a03\u00a0\u00bb\" style=\"text-align: center\"><span style=\"color: #19419b\"><b>3,380 \u20ac<\/b><\/span><\/td>\n<td colspan=\"\u00ab\u00a03\u00a0\u00bb\" style=\"text-align: center\"><span style=\"color: #19419b\"><b>3,211 \u20ac<\/b><\/span><\/td>\n<td colspan=\"\u00ab\u00a03\u00a0\u00bb\" style=\"text-align: center\"><span style=\"color: #19419b\"><b>3,042 \u20ac<\/b><\/span><\/td>\n<td colspan=\"\u00ab\u00a03\u00a0\u00bb\" style=\"text-align: center\"><span style=\"color: #19419b\"><b>2,873 \u20ac<\/b><\/span><\/td>\n <\/tr>\n\n <tr>\n<td colspan=\"\u00ab\u00a03\u00a0\u00bb\" style=\"text-align: center\"><span style=\"color: #19419b\">37,18 \u20ac<\/span><\/td>\n<td colspan=\"\u00ab\u00a03\u00a0\u00bb\" style=\"text-align: center\"><span style=\"color: #19419b\">177,45 \u20ac<\/span><\/td>\n<td colspan=\"\u00ab\u00a03\u00a0\u00bb\" style=\"text-align: center\"><span style=\"color: #19419b\">338,00 \u20ac<\/span><\/td>\n<td colspan=\"\u00ab\u00a03\u00a0\u00bb\" style=\"text-align: center\"><span style=\"color: #19419b\">642,20 \u20ac<\/span><\/td>\n<td colspan=\"\u00ab\u00a03\u00a0\u00bb\" style=\"text-align: center\"><span style=\"color: #19419b\">1521,00 \u20ac<\/span><\/td>\n<td colspan=\"\u00ab\u00a03\u00a0\u00bb\" style=\"text-align: center\"><span style=\"color: #19419b\">2873,00 \u20ac<\/span><\/td>\n<\/tr>\n\n  <\/tbody>\n<\/table>\n\n\n\n<p>&nbsp;<p>\n\n\n\n<h3><span style=\"color: #1c4499\">Containers Haute Densit\u00e9 pour Optimisation d&rsquo;Espace en Entreprise<\/span><\/h3>\n\n\n\n<p><strong>Containers en Fibre Cuir, Ultra haute densit\u00e9 1700 Gr\/m2<\/strong> &#8211; 1,70 mm d\u2019\u00e9paisseur, nos containers offrent une robustesse in\u00e9gal\u00e9e.<\/p>\n\n<p> Ils peuvent contenir jusqu&rsquo;\u00e0 3 cuvettes pour containers de dimensions<strong> <em>140 P x 88 l x 98 H<\/em><\/strong>, disponibles en option.<\/p>\n\n<p>Compos\u00e9s de <strong>70\u2009% fibres recycl\u00e9es<\/strong>, 30\u2009% de fibres vierges, ils sont non seulement <strong>\u00e9conomiques et \u00e9cologiques<\/strong>, mais aussi modulables et ergonomiques. La profondeur de 300 mm de ces containers permet un <strong>gain de place significatif<\/strong>, une optimisation des espaces de travail et des rendements am\u00e9lior\u00e9s.<\/p>\n  \n<p>Parfaits pour des <strong>contr\u00f4les rapides<\/strong> et faciles, ces containers sont enti\u00e8rement recyclables, r\u00e9pondant ainsi aux besoins des entreprises soucieuses de leur impact environnemental.<\/p>\n   \n<p>DOMAINES D&rsquo;UTILISATION : \n        <ul>\n            <li>Entrep\u00f4ts \/ D\u00e9p\u00f4ts.<\/li>\n            <li>Ateliers Agricoles \/ Garages \/ Ateliers.<\/li>\n            <li>Activit\u00e9s de Picking.<\/li>\n            <li>Vente Par Correspondance (VPC).<\/li>\n        <\/ul>\n<\/p>\n\n\n\n<p>&nbsp;<p>\n\n\n\n<hr>\n\n\n\n<!-- UseStrict's Calendly Embedder - Calendly popup widget start -->\n<div id=\"wpcalel-calendly-popup-1\"\n\tdata-wpcalel-type=\"popup\"\n\tdata-wpcalel-url=\"https:\/\/calendly.com\/drancourtservice\/\"\n\tdata-wpcalel-prefill=\"false\"\n\tdata-wpcalel-query-str=\"false\"\n\tdata-wpcalel-text=\"Programmer un RDV avec Nous\"\n\tdata-wpcalel-color=\"#1c4499\"\n\tdata-wpcalel-textColor=\"#ffffff\"\n\tdata-wpcalel-branding=\"false\"\n\t\t\t\t\t\t\t\t\t\t\t\t\t\t\t\t\t\t\t\t\t\t\t\t\t\t\t\t\t\t\t\t\t\t\t\t\t\t\t\t\t\t\t\t\t\t\t\t\t\t\t\t\t \n><\/div>\n<!-- UseStrict's Calendly Embedder - Calendly popup widget end -->\n\n\t\t\t\n","protected":false},"excerpt":{"rendered":"<p>Containers 300 X 150 X 110.<\/p>\n","protected":false},"featured_media":17355,"comment_status":"open","ping_status":"closed","template":"","meta":{"content-type":"","om_disable_all_campaigns":false,"_monsterinsights_skip_tracking":false,"_monsterinsights_sitenote_active":false,"_monsterinsights_sitenote_note":"","_monsterinsights_sitenote_category":0,"_uf_show_specific_survey":0,"_uf_disable_surveys":false,"jetpack_post_was_ever_published":false},"product_brand":[],"product_cat":[189,190],"product_tag":[197],"class_list":{"0":"post-17408","1":"product","2":"type-product","3":"status-publish","4":"has-post-thumbnail","6":"product_cat-accessoires-magasin-mpr-et-atelier","7":"product_cat-container-en-fibre-cuir-300-mm","8":"product_tag-containers-en-fibre-cuir-300-mm","10":"first","11":"instock","12":"taxable","13":"shipping-taxable","14":"purchasable","15":"product-type-variable","16":"has-default-attributes"},"aioseo_notices":[],"jetpack_sharing_enabled":true,"_links":{"self":[{"href":"https:\/\/drancourt.fr\/Shop\/wp-json\/wp\/v2\/product\/17408","targetHints":{"allow":["GET"]}}],"collection":[{"href":"https:\/\/drancourt.fr\/Shop\/wp-json\/wp\/v2\/product"}],"about":[{"href":"https:\/\/drancourt.fr\/Shop\/wp-json\/wp\/v2\/types\/product"}],"replies":[{"embeddable":true,"href":"https:\/\/drancourt.fr\/Shop\/wp-json\/wp\/v2\/comments?post=17408"}],"wp:featuredmedia":[{"embeddable":true,"href":"https:\/\/drancourt.fr\/Shop\/wp-json\/wp\/v2\/media\/17355"}],"wp:attachment":[{"href":"https:\/\/drancourt.fr\/Shop\/wp-json\/wp\/v2\/media?parent=17408"}],"wp:term":[{"taxonomy":"product_brand","embeddable":true,"href":"https:\/\/drancourt.fr\/Shop\/wp-json\/wp\/v2\/product_brand?post=17408"},{"taxonomy":"product_cat","embeddable":true,"href":"https:\/\/drancourt.fr\/Shop\/wp-json\/wp\/v2\/product_cat?post=17408"},{"taxonomy":"product_tag","embeddable":true,"href":"https:\/\/drancourt.fr\/Shop\/wp-json\/wp\/v2\/product_tag?post=17408"}],"curies":[{"name":"wp","href":"https:\/\/api.w.org\/{rel}","templated":true}]}}