{"id":17434,"date":"2023-12-04T18:23:59","date_gmt":"2023-12-04T17:23:59","guid":{"rendered":"http:\/\/drancourt.fr\/Shop\/?post_type=product&#038;p=17434"},"modified":"2024-03-03T16:40:40","modified_gmt":"2024-03-03T15:40:40","slug":"containers-en-fibre-cuir-400-x-150-x-110","status":"publish","type":"product","link":"https:\/\/drancourt.fr\/Shop\/produit\/containers-en-fibre-cuir-400-x-150-x-110\/","title":{"rendered":"Containers En Fibre Cuir 400 X 150 X 110"},"content":{"rendered":"\n<script type=\"application\/ld+json\">\n{\n  \"@context\": \"https:\/\/schema.org\/\",\n  \"@type\": \"Product\",\n  \"name\": \"Containers En Fibre Cuir 400 X 150 X 110\",\n  \"image\": \"https:\/\/drancourt.fr\/Shop\/wp-content\/uploads\/2023\/12\/Containers-En-Fibre-Cuir-400-X-150-X-110-2.webp\",\n  \"description\": \"Solution de rangement durable en fibre cuir, container 400x150x110, parfait pour entrep\u00f4ts et ateliers professionnels.\",\n  \"brand\": {\n    \"@type\": \"Brand\",\n    \"name\": \"Drancourt\"\n\n  },\n  \"sku\": \"Containers En Fibre Cuir 400 X 150 X 110\",\n  \"offers\": {\n    \"@type\": \"AggregateOffer\",\n    \"url\": \"https:\/\/drancourt.fr\/Shop\/produit\/containers-en-fibre-cuir-400-x-150-x-110\/\",\n    \"priceCurrency\": \"EUR\",\n    \"lowPrice\":\"42.46\",\n    \"highPrice\":\"3281.00\",\n    \"offerCount\": \"6\",\n    \"priceSpecification\": [\n      \n{\n        \"@type\": \"UnitPriceSpecification\",\n        \"description\": \"Tarif pour la premi\u00e8re commande : 10 unit\u00e9s\",\n        \"price\":\"42.46\",\n        \"priceCurrency\": \"EUR\",\n        \"eligibleQuantity\": {\n          \"@type\": \"QuantitativeValue\",\n          \"value\": 10\n       }\n\t  },\t\t\n{\n        \"@type\": \"UnitPriceSpecification\",\n        \"description\": \"Tarif pour la premi\u00e8re commande : 50 unit\u00e9s\",\n        \"price\":\"202.65\",\n        \"priceCurrency\": \"EUR\",\n        \"eligibleQuantity\": {\n          \"@type\": \"QuantitativeValue\",\n          \"value\": 50\n       }\n\t  },\n\t\t{\n        \"@type\": \"UnitPriceSpecification\",\n        \"description\": \"Tarif pour la premi\u00e8re commande : 100 unit\u00e9s\",\n        \"price\":\"386.00\",\n        \"priceCurrency\": \"EUR\",\n        \"eligibleQuantity\": {\n          \"@type\": \"QuantitativeValue\",\n          \"value\": 100\n        }\n\t\t },\n\t\t{\n        \"@type\": \"UnitPriceSpecification\",\n        \"description\": \"Tarif pour la premi\u00e8re commande : 200 unit\u00e9s\",\n        \"price\":\"733.40\",\n        \"priceCurrency\": \"EUR\",\n        \"eligibleQuantity\": {\n          \"@type\": \"QuantitativeValue\",\n          \"value\": 200\n       }\n\t\t},\n\t\t{\n        \"@type\": \"UnitPriceSpecification\",\n        \"description\": \"Tarif pour la premi\u00e8re commande : 500 unit\u00e9s\",\n        \"price\":\"1737.00\",\n        \"priceCurrency\": \"EUR\",\n        \"eligibleQuantity\": {\n          \"@type\": \"QuantitativeValue\",\n          \"value\": 500\n       }\n\t\t},\n\t\t{\n        \"@type\": \"UnitPriceSpecification\",\n        \"description\": \"Tarif pour la premi\u00e8re commande : 1000 unit\u00e9s\",\n        \"price\":\"3281.00\",\n        \"priceCurrency\": \"EUR\",\n        \"eligibleQuantity\": {\n          \"@type\": \"QuantitativeValue\",\n          \"value\": 1000\n       }\n\t\t}      \n    ],\n    \"itemCondition\": \"https:\/\/schema.org\/NewCondition\",\n    \"availability\": \"https:\/\/schema.org\/InStock\",\n    \"seller\": {\n      \"@type\": \"Organization\",\n      \"name\": \"Drancourt\"\n    }\n  }\n}\n\n<\/script>\n\n\n\n\n<h3><span style=\"color: #1c4499\"><strong>Prix Unitaire HT des Containers En Fibre Cuir 400 X 150 X 110<\/strong><\/span><\/h3>\n\n\n\n<table class=\"table table-responsive table-hover table-bordered\">\n  <thead>\n     <tr class=\"table-primary\">\n<td colspan=\"\u00ab\u00a03\u00a0\u00bb\" style=\"text-align: center\"><span style=\"color: #19419b\">Par<\/span><\/td>\n<td colspan=\"\u00ab\u00a03\u00a0\u00bb\" style=\"text-align: center\"><span style=\"color: #19419b\">Par<\/span><\/td>\n<td colspan=\"\u00ab\u00a03\u00a0\u00bb\" style=\"text-align: center\"><span style=\"color: #19419b\">Par<\/span><\/td>\n<td colspan=\"\u00ab\u00a03\u00a0\u00bb\" style=\"text-align: center\"><span style=\"color: #19419b\">Par<\/span><\/td>\n<td colspan=\"\u00ab\u00a03\u00a0\u00bb\" style=\"text-align: center\"><span style=\"color: #19419b\">Par<\/span><\/td>\n<td colspan=\"\u00ab\u00a03\u00a0\u00bb\" style=\"text-align: center\"><span style=\"color: #19419b\">Par<\/span><\/td>\n <\/tr>\n  <\/thead>\n<tbody>\n\n<tr>\n<td colspan=\"\u00ab\u00a03\u00a0\u00bb\" style=\"text-align: center\"><span style=\"color: #19419b\">10 :<\/span><\/td>\n<td colspan=\"\u00ab\u00a03\u00a0\u00bb\" style=\"text-align: center\"><span style=\"color: #19419b\">50 :<\/span><\/td>\n<td colspan=\"\u00ab\u00a03\u00a0\u00bb\" style=\"text-align: center\"><span style=\"color: #19419b\">100 :<\/span><\/td>\n<td colspan=\"\u00ab\u00a03\u00a0\u00bb\" style=\"text-align: center\"><span style=\"color: #19419b\">200 :<\/span><\/td>\n<td colspan=\"\u00ab\u00a03\u00a0\u00bb\" style=\"text-align: center\"><span style=\"color: #19419b\">500 :<\/span><\/td>\n<td colspan=\"\u00ab\u00a03\u00a0\u00bb\" style=\"text-align: center\"><span style=\"color: #19419b\">1000 :<\/span><\/td>\n<\/tr>\n\n <tr>\n<td colspan=\"\u00ab\u00a03\u00a0\u00bb\" style=\"text-align: center\"><span style=\"color: #19419b\"><b>4,246 \u20ac<\/b><\/span><\/td>\n<td colspan=\"\u00ab\u00a03\u00a0\u00bb\" style=\"text-align: center\"><span style=\"color: #19419b\"><b>4,053 \u20ac<\/b><\/span><\/td>\n<td colspan=\"\u00ab\u00a03\u00a0\u00bb\" style=\"text-align: center\"><span style=\"color: #19419b\"><b>3,860 \u20ac<\/b><\/span><\/td>\n<td colspan=\"\u00ab\u00a03\u00a0\u00bb\" style=\"text-align: center\"><span style=\"color: #19419b\"><b>3,667 \u20ac<\/b><\/span><\/td>\n<td colspan=\"\u00ab\u00a03\u00a0\u00bb\" style=\"text-align: center\"><span style=\"color: #19419b\"><b>3,474 \u20ac<\/b><\/span><\/td>\n<td colspan=\"\u00ab\u00a03\u00a0\u00bb\" style=\"text-align: center\"><span style=\"color: #19419b\"><b>3,281 \u20ac<\/b><\/span><\/td>\n <\/tr>\n\n <tr>\n<td colspan=\"\u00ab\u00a03\u00a0\u00bb\" style=\"text-align: center\"><span style=\"color: #19419b\">42,46 \u20ac<\/span><\/td>\n<td colspan=\"\u00ab\u00a03\u00a0\u00bb\" style=\"text-align: center\"><span style=\"color: #19419b\">202,65 \u20ac<\/span><\/td>\n<td colspan=\"\u00ab\u00a03\u00a0\u00bb\" style=\"text-align: center\"><span style=\"color: #19419b\">386,00 \u20ac<\/span><\/td>\n<td colspan=\"\u00ab\u00a03\u00a0\u00bb\" style=\"text-align: center\"><span style=\"color: #19419b\">733,40 \u20ac<\/span><\/td>\n<td colspan=\"\u00ab\u00a03\u00a0\u00bb\" style=\"text-align: center\"><span style=\"color: #19419b\">1737,00 \u20ac<\/span><\/td>\n<td colspan=\"\u00ab\u00a03\u00a0\u00bb\" style=\"text-align: center\"><span style=\"color: #19419b\">3281,00 \u20ac<\/span><\/td>\n<\/tr>\n\n  <\/tbody>\n<\/table>\n\n\n\n<p>&nbsp;<p>\n\n\n\n<h3><span style=\"color: #1c4499\">Containers En Fibre Cuir pour Stockage Professionnel Efficace<\/span><\/h3>\n\n\n\n<p>D\u00e9couvrez nos Containers En Fibre Cuir de <strong>haute densit\u00e9 1700 Gr\/m2<\/strong> et d&rsquo;une \u00e9paisseur de <strong>1,70 mm<\/strong>, con\u00e7us pour une durabilit\u00e9 et une r\u00e9sistance sup\u00e9rieures. Ils sont capables de contenir jusqu&rsquo;\u00e0 4 cuvettes, avec des dimensions de 140 P x 88 l x 98 H, disponibles en option.<\/p>\n\n<p>Ces containers sont fabriqu\u00e9s avec <strong>70\u2009% de fibres recycl\u00e9es<\/strong> et <strong>30\u2009% de fibres vierges<\/strong>, offrant une solution \u00e0 la fois respectueuse de l&rsquo;environnement et performante. Leur <strong>profondeur de 400 mm<\/strong> permet une utilisation optimale de l&rsquo;espace, rendant ces containers id\u00e9aux pour diverses applications professionnelles.<\/p>\n    \n<p>Ils sont <strong>\u00e9conomiques, \u00e9cologiques, modulables et ergonomiques<\/strong>, offrant un gain de place significatif, une optimisation des espaces de travail et une am\u00e9lioration des rendements. Faciles \u00e0 contr\u00f4ler et enti\u00e8rement recyclables, ils r\u00e9pondent aux exigences des entreprises modernes.\n<\/p>\n\n<p>\nDOMAINES D&rsquo;UTILISATION : \n        <ul>\n            <li>Entrep\u00f4ts \/ D\u00e9p\u00f4ts<\/li>\n            <li>Ateliers Agricoles \/ Garages \/ Ateliers<\/li>\n            <li>Activit\u00e9s de Picking<\/li>\n            <li>Vente Par Correspondance (VPC)<\/li>\n        <\/ul>\n<\/p>\n\n\n\n<p>&nbsp;<p>\n\n\n\n<hr>\n","protected":false},"excerpt":{"rendered":"<p>Containers 400 X 150 X 110.<\/p>\n","protected":false},"featured_media":17442,"comment_status":"open","ping_status":"closed","template":"","meta":{"content-type":"","om_disable_all_campaigns":false,"_monsterinsights_skip_tracking":false,"_monsterinsights_sitenote_active":false,"_monsterinsights_sitenote_note":"","_monsterinsights_sitenote_category":0,"_uf_show_specific_survey":0,"_uf_disable_surveys":false,"jetpack_post_was_ever_published":false},"product_brand":[],"product_cat":[189,198],"product_tag":[199],"class_list":{"0":"post-17434","1":"product","2":"type-product","3":"status-publish","4":"has-post-thumbnail","6":"product_cat-accessoires-magasin-mpr-et-atelier","7":"product_cat-container-en-fibre-cuir-400-mm","8":"product_tag-containers-en-fibre-cuir-400-mm","10":"first","11":"instock","12":"taxable","13":"shipping-taxable","14":"purchasable","15":"product-type-variable","16":"has-default-attributes"},"aioseo_notices":[],"jetpack_sharing_enabled":true,"_links":{"self":[{"href":"https:\/\/drancourt.fr\/Shop\/wp-json\/wp\/v2\/product\/17434","targetHints":{"allow":["GET"]}}],"collection":[{"href":"https:\/\/drancourt.fr\/Shop\/wp-json\/wp\/v2\/product"}],"about":[{"href":"https:\/\/drancourt.fr\/Shop\/wp-json\/wp\/v2\/types\/product"}],"replies":[{"embeddable":true,"href":"https:\/\/drancourt.fr\/Shop\/wp-json\/wp\/v2\/comments?post=17434"}],"wp:featuredmedia":[{"embeddable":true,"href":"https:\/\/drancourt.fr\/Shop\/wp-json\/wp\/v2\/media\/17442"}],"wp:attachment":[{"href":"https:\/\/drancourt.fr\/Shop\/wp-json\/wp\/v2\/media?parent=17434"}],"wp:term":[{"taxonomy":"product_brand","embeddable":true,"href":"https:\/\/drancourt.fr\/Shop\/wp-json\/wp\/v2\/product_brand?post=17434"},{"taxonomy":"product_cat","embeddable":true,"href":"https:\/\/drancourt.fr\/Shop\/wp-json\/wp\/v2\/product_cat?post=17434"},{"taxonomy":"product_tag","embeddable":true,"href":"https:\/\/drancourt.fr\/Shop\/wp-json\/wp\/v2\/product_tag?post=17434"}],"curies":[{"name":"wp","href":"https:\/\/api.w.org\/{rel}","templated":true}]}}