{"id":17501,"date":"2023-12-05T11:26:57","date_gmt":"2023-12-05T10:26:57","guid":{"rendered":"http:\/\/drancourt.fr\/Shop\/?post_type=product&#038;p=17501"},"modified":"2024-03-04T16:52:32","modified_gmt":"2024-03-04T15:52:32","slug":"containers-en-fibre-cuir-500-x-200-x-110","status":"publish","type":"product","link":"https:\/\/drancourt.fr\/Shop\/produit\/containers-en-fibre-cuir-500-x-200-x-110\/","title":{"rendered":"Containers En Fibre Cuir 500 X 200 X 110"},"content":{"rendered":"\n<script type=\"application\/ld+json\">\n{\n  \"@context\": \"https:\/\/schema.org\/\",\n  \"@type\": \"Product\",\n  \"name\": \"Containers En Fibre Cuir 500 X 200 X 110\",\n  \"image\": \"https:\/\/drancourt.fr\/Shop\/wp-content\/uploads\/2023\/12\/Containers-En-Fibre-Cuir-500-X-200-X-110.webp\",\n  \"description\": \"Container en fibre cuir de grande taille 500x200x110, id\u00e9al pour le stockage avanc\u00e9 et l'organisation en entreprise.\",\n  \"brand\": {\n    \"@type\": \"Brand\",\n    \"name\": \"Drancourt\"\n\n  },\n  \"sku\": \"Containers En Fibre Cuir 500 X 200 X 110\",\n  \"offers\": {\n    \"@type\": \"AggregateOffer\",\n    \"url\": \"https:\/\/drancourt.fr\/Shop\/produit\/containers-en-fibre-cuir-500-x-200-x-110\/\",\n    \"priceCurrency\": \"EUR\",\n    \"lowPrice\":\"53.46\",\n    \"highPrice\":\"4131.00\",\n    \"offerCount\": \"6\",\n    \"priceSpecification\": [\n      \n{\n        \"@type\": \"UnitPriceSpecification\",\n        \"description\": \"Tarif pour la premi\u00e8re commande : 10 unit\u00e9s\",\n        \"price\":\"53.46\",\n        \"priceCurrency\": \"EUR\",\n        \"eligibleQuantity\": {\n          \"@type\": \"QuantitativeValue\",\n          \"value\": 10\n       }\n\t  },\t\t\n{\n        \"@type\": \"UnitPriceSpecification\",\n        \"description\": \"Tarif pour la premi\u00e8re commande : 50 unit\u00e9s\",\n        \"price\":\"255.15\u00a0\",\n        \"priceCurrency\": \"EUR\",\n        \"eligibleQuantity\": {\n          \"@type\": \"QuantitativeValue\",\n          \"value\": 50\n       }\n\t  },\n\t\t{\n        \"@type\": \"UnitPriceSpecification\",\n        \"description\": \"Tarif pour la premi\u00e8re commande : 100 unit\u00e9s\",\n        \"price\":\"486.00\",\n        \"priceCurrency\": \"EUR\",\n        \"eligibleQuantity\": {\n          \"@type\": \"QuantitativeValue\",\n          \"value\": 100\n        }\n\t\t },\n\t\t{\n        \"@type\": \"UnitPriceSpecification\",\n        \"description\": \"Tarif pour la premi\u00e8re commande : 200 unit\u00e9s\",\n        \"price\":\"923.40\",\n        \"priceCurrency\": \"EUR\",\n        \"eligibleQuantity\": {\n          \"@type\": \"QuantitativeValue\",\n          \"value\": 200\n       }\n\t\t},\n\t\t{\n        \"@type\": \"UnitPriceSpecification\",\n        \"description\": \"Tarif pour la premi\u00e8re commande : 500 unit\u00e9s\",\n        \"price\":\"2187.00\",\n        \"priceCurrency\": \"EUR\",\n        \"eligibleQuantity\": {\n          \"@type\": \"QuantitativeValue\",\n          \"value\": 500\n       }\n\t\t},\n\t\t{\n        \"@type\": \"UnitPriceSpecification\",\n        \"description\": \"Tarif pour la premi\u00e8re commande : 1000 unit\u00e9s\",\n        \"price\":\"4131.00\",\n        \"priceCurrency\": \"EUR\",\n        \"eligibleQuantity\": {\n          \"@type\": \"QuantitativeValue\",\n          \"value\": 1000\n       }\n\t\t}      \n    ],\n    \"itemCondition\": \"https:\/\/schema.org\/NewCondition\",\n    \"availability\": \"https:\/\/schema.org\/InStock\",\n    \"seller\": {\n      \"@type\": \"Organization\",\n      \"name\": \"Drancourt\"\n    }\n  }\n}\n\n<\/script>\n\n\n\n\n<h3><span style=\"color: #1c4499\"><strong>Prix Unitaire HT des Containers En Fibre Cuir 500 X 200 X 110<\/strong><\/span><\/h3>\n\n\n\n<table class=\"table table-responsive table-hover table-bordered\">\n  <thead>\n     <tr class=\"table-primary\">\n<td colspan=\"\u00ab\u00a03\u00a0\u00bb\" style=\"text-align: center\"><span style=\"color: #19419b\">Par<\/span><\/td>\n<td colspan=\"\u00ab\u00a03\u00a0\u00bb\" style=\"text-align: center\"><span style=\"color: #19419b\">Par<\/span><\/td>\n<td colspan=\"\u00ab\u00a03\u00a0\u00bb\" style=\"text-align: center\"><span style=\"color: #19419b\">Par<\/span><\/td>\n<td colspan=\"\u00ab\u00a03\u00a0\u00bb\" style=\"text-align: center\"><span style=\"color: #19419b\">Par<\/span><\/td>\n<td colspan=\"\u00ab\u00a03\u00a0\u00bb\" style=\"text-align: center\"><span style=\"color: #19419b\">Par<\/span><\/td>\n<td colspan=\"\u00ab\u00a03\u00a0\u00bb\" style=\"text-align: center\"><span style=\"color: #19419b\">Par<\/span><\/td>\n <\/tr>\n  <\/thead>\n<tbody>\n\n<tr>\n<td colspan=\"\u00ab\u00a03\u00a0\u00bb\" style=\"text-align: center\"><span style=\"color: #19419b\">10 :<\/span><\/td>\n<td colspan=\"\u00ab\u00a03\u00a0\u00bb\" style=\"text-align: center\"><span style=\"color: #19419b\">50 :<\/span><\/td>\n<td colspan=\"\u00ab\u00a03\u00a0\u00bb\" style=\"text-align: center\"><span style=\"color: #19419b\">100 :<\/span><\/td>\n<td colspan=\"\u00ab\u00a03\u00a0\u00bb\" style=\"text-align: center\"><span style=\"color: #19419b\">200 :<\/span><\/td>\n<td colspan=\"\u00ab\u00a03\u00a0\u00bb\" style=\"text-align: center\"><span style=\"color: #19419b\">500 :<\/span><\/td>\n<td colspan=\"\u00ab\u00a03\u00a0\u00bb\" style=\"text-align: center\"><span style=\"color: #19419b\">1000 :<\/span><\/td>\n<\/tr>\n\n <tr>\n<td colspan=\"\u00ab\u00a03\u00a0\u00bb\" style=\"text-align: center\"><span style=\"color: #19419b\"><b>5,346 \u20ac<\/b><\/span><\/td>\n<td colspan=\"\u00ab\u00a03\u00a0\u00bb\" style=\"text-align: center\"><span style=\"color: #19419b\"><b>5,103 \u20ac<\/b><\/span><\/td>\n<td colspan=\"\u00ab\u00a03\u00a0\u00bb\" style=\"text-align: center\"><span style=\"color: #19419b\"><b>4,860 \u20ac<\/b><\/span><\/td>\n<td colspan=\"\u00ab\u00a03\u00a0\u00bb\" style=\"text-align: center\"><span style=\"color: #19419b\"><b>4,617 \u20ac<\/b><\/span><\/td>\n<td colspan=\"\u00ab\u00a03\u00a0\u00bb\" style=\"text-align: center\"><span style=\"color: #19419b\"><b>4,374 \u20ac<\/b><\/span><\/td>\n<td colspan=\"\u00ab\u00a03\u00a0\u00bb\" style=\"text-align: center\"><span style=\"color: #19419b\"><b>4,131 \u20ac<\/b><\/span><\/td>\n <\/tr>\n\n <tr>\n<td colspan=\"\u00ab\u00a03\u00a0\u00bb\" style=\"text-align: center\"><span style=\"color: #19419b\">53,46 \u20ac<\/span><\/td>\n<td colspan=\"\u00ab\u00a03\u00a0\u00bb\" style=\"text-align: center\"><span style=\"color: #19419b\">255,15 \u20ac<\/span><\/td>\n<td colspan=\"\u00ab\u00a03\u00a0\u00bb\" style=\"text-align: center\"><span style=\"color: #19419b\">486,00 \u20ac<\/span><\/td>\n<td colspan=\"\u00ab\u00a03\u00a0\u00bb\" style=\"text-align: center\"><span style=\"color: #19419b\">923,40 \u20ac<\/span><\/td>\n<td colspan=\"\u00ab\u00a03\u00a0\u00bb\" style=\"text-align: center\"><span style=\"color: #19419b\">2187,00 \u20ac<\/span><\/td>\n<td colspan=\"\u00ab\u00a03\u00a0\u00bb\" style=\"text-align: center\"><span style=\"color: #19419b\">4131,00 \u20ac<\/span><\/td>\n\n<\/tr>\n\n  <\/tbody>\n<\/table>\n\n\n\n<p>&nbsp;<p>\n\n\n\n<h3><span style=\"color: #1c4499\">Containers En Fibre Cuir, Solutions de Stockage Avanc\u00e9es pour Entreprises avec Bacs \u00e0 Bec Haute Densit\u00e9<\/span><\/h3>\n\n\n\n<p>\n        Introduisant nos <strong>Bacs \u00e0 Bec, Containers En Fibre Cuir, ultra haute densit\u00e9<\/strong>, pesant 1700 Gr\/m2 et d&rsquo;une \u00e9paisseur de <strong>1,70 mm<\/strong>, ces solutions de stockage sont sp\u00e9cialement con\u00e7ues pour les besoins exigeants des milieux professionnels.\n    <\/p>\n    <p>\n        Ces bacs, compos\u00e9s de <strong>70\u2009% de fibres recycl\u00e9es<\/strong> et <strong>30\u2009% de fibres vierges<\/strong>, offrent une solution de rangement \u00e0 la fois durable et respectueuse de l&rsquo;environnement. Avec une <strong>profondeur de 500 mm<\/strong>, ils sont id\u00e9aux pour contenir jusqu&rsquo;\u00e0 10 cuvettes de dimensions 88 P x 88 l x 98 H, disponibles en option.\n    <\/p>\n    <p>\n        Parfaits pour les entreprises cherchant des solutions <strong>\u00e9conomiques, \u00e9cologiques, modulables et ergonomiques<\/strong>, ces bacs \u00e0 bec facilitent le gain de place, l&rsquo;optimisation des espaces de travail et l&rsquo;am\u00e9lioration des rendements. Leur conception permet des contr\u00f4les rapides et ils sont enti\u00e8rement <strong>recyclables<\/strong>.\n    <\/p>\n    <p>\n        DOMAINES D&rsquo;UTILISATION : \n        <ul>\n            <li>Entrep\u00f4ts \/ D\u00e9p\u00f4ts<\/li>\n            <li>Ateliers Agricoles \/ Garages \/ Ateliers<\/li>\n            <li>Activit\u00e9s de Picking<\/li>\n            <li>Vente Par Correspondance (VPC)<\/li>\n        <\/ul>\n    <\/p>\n\n\n\n<p>&nbsp;<p>\n\n\n\n<hr>\n\n\n\n<!-- UseStrict's Calendly Embedder - Calendly popup widget start -->\n<div id=\"wpcalel-calendly-popup-1\"\n\tdata-wpcalel-type=\"popup\"\n\tdata-wpcalel-url=\"https:\/\/calendly.com\/drancourtservice\/\"\n\tdata-wpcalel-prefill=\"false\"\n\tdata-wpcalel-query-str=\"false\"\n\tdata-wpcalel-text=\"Programmer un RDV avec Nous\"\n\tdata-wpcalel-color=\"#1c4499\"\n\tdata-wpcalel-textColor=\"#ffffff\"\n\tdata-wpcalel-branding=\"false\"\n\t\t\t\t\t\t\t\t\t\t\t\t\t\t\t\t\t\t\t\t\t\t\t\t\t\t\t\t\t\t\t\t\t\t\t\t\t\t\t\t\t\t\t\t\t\t\t\t\t\t\t\t\t \n><\/div>\n<!-- UseStrict's Calendly Embedder - Calendly popup widget end -->\n\n\t\t\t\n","protected":false},"excerpt":{"rendered":"<p>Containers 500 X 200 X 110.<\/p>\n","protected":false},"featured_media":17508,"comment_status":"open","ping_status":"closed","template":"","meta":{"content-type":"","om_disable_all_campaigns":false,"_monsterinsights_skip_tracking":false,"_monsterinsights_sitenote_active":false,"_monsterinsights_sitenote_note":"","_monsterinsights_sitenote_category":0,"_uf_show_specific_survey":0,"_uf_disable_surveys":false,"jetpack_post_was_ever_published":false},"product_brand":[],"product_cat":[189,202],"product_tag":[203],"class_list":{"0":"post-17501","1":"product","2":"type-product","3":"status-publish","4":"has-post-thumbnail","6":"product_cat-accessoires-magasin-mpr-et-atelier","7":"product_cat-container-en-fibre-cuir-500-mm","8":"product_tag-containers-en-fibre-cuir-500-mm","10":"first","11":"instock","12":"taxable","13":"shipping-taxable","14":"purchasable","15":"product-type-variable","16":"has-default-attributes"},"aioseo_notices":[],"jetpack_sharing_enabled":true,"_links":{"self":[{"href":"https:\/\/drancourt.fr\/Shop\/wp-json\/wp\/v2\/product\/17501","targetHints":{"allow":["GET"]}}],"collection":[{"href":"https:\/\/drancourt.fr\/Shop\/wp-json\/wp\/v2\/product"}],"about":[{"href":"https:\/\/drancourt.fr\/Shop\/wp-json\/wp\/v2\/types\/product"}],"replies":[{"embeddable":true,"href":"https:\/\/drancourt.fr\/Shop\/wp-json\/wp\/v2\/comments?post=17501"}],"wp:featuredmedia":[{"embeddable":true,"href":"https:\/\/drancourt.fr\/Shop\/wp-json\/wp\/v2\/media\/17508"}],"wp:attachment":[{"href":"https:\/\/drancourt.fr\/Shop\/wp-json\/wp\/v2\/media?parent=17501"}],"wp:term":[{"taxonomy":"product_brand","embeddable":true,"href":"https:\/\/drancourt.fr\/Shop\/wp-json\/wp\/v2\/product_brand?post=17501"},{"taxonomy":"product_cat","embeddable":true,"href":"https:\/\/drancourt.fr\/Shop\/wp-json\/wp\/v2\/product_cat?post=17501"},{"taxonomy":"product_tag","embeddable":true,"href":"https:\/\/drancourt.fr\/Shop\/wp-json\/wp\/v2\/product_tag?post=17501"}],"curies":[{"name":"wp","href":"https:\/\/api.w.org\/{rel}","templated":true}]}}