{"id":17558,"date":"2023-12-07T12:42:04","date_gmt":"2023-12-07T11:42:04","guid":{"rendered":"http:\/\/drancourt.fr\/Shop\/?post_type=product&#038;p=17558"},"modified":"2024-03-20T17:22:08","modified_gmt":"2024-03-20T16:22:08","slug":"porte-cles-audi-aud021vvelours-le-compagnon-chic","status":"publish","type":"product","link":"https:\/\/drancourt.fr\/Shop\/produit\/porte-cles-audi-aud021vvelours-le-compagnon-chic\/","title":{"rendered":"Porte-Cl\u00e9s AUDI AUD021Vvelours. Le compagnon chic"},"content":{"rendered":"\n<script type=\"application\/ld+json\">\n{\n  \"@context\": \"https:\/\/schema.org\",\n  \"@type\": \"Product\",\n  \"name\": \"Porte-Cl\u00e9s Publicitaires AUDI AUD021Vvelours. Le compagnon chic\",\n  \"sku\": \"AUD021Vvelours\",\n  \"image\": \"https:\/\/drancourt.fr\/Shop\/wp-content\/uploads\/2023\/12\/porte-cles-publicitaires-audi-aud021v-velours-4.webp\",\n  \"description\": \"Porte-Cl\u00e9s Personnalisables AUDI R\u00e9f\u00e9rence : AUD021Vvelours. Le compagnon chic\",\n  \"brand\": {\n    \"@type\": \"Brand\",\n    \"name\": \"Audi\"\n  },\n  \"offers\": [\n    {\n      \"@type\": \"Offer\",\n      \"url\": \"https:\/\/drancourt.fr\/Shop\/produit\/porte-cles-personnalisables-audi-aud021vvelours-le-compagnon-chic\/\",\n      \"priceCurrency\": \"EUR\",\n      \"price\": \"329.20\",\n      \"priceSpecification\": {\n        \"@type\": \"UnitPriceSpecification\",\n        \"name\": \"Par 150\",\n        \"price\": \"329.20\",\n        \"priceCurrency\": \"EUR\",\n        \"priceType\": \"Unit\",\n        \"unitCode\": \"C62\",\n        \"valueAddedTaxIncluded\": true\n      }\n    },\n    {\n      \"@type\": \"Offer\",\n      \"url\": \"https:\/\/drancourt.fr\/Shop\/produit\/porte-cles-audi-aud038velours-personnalisables-accessoire-de-prestige\/\",\n      \"priceCurrency\": \"EUR\",\n      \"price\": \"554.20\",\n      \"priceSpecification\": {\n        \"@type\": \"UnitPriceSpecification\",\n        \"name\": \"Par 300\",\n        \"price\": \"554.20\",\n        \"priceCurrency\": \"EUR\",\n        \"priceType\": \"Unit\",\n        \"unitCode\": \"C62\",\n        \"valueAddedTaxIncluded\": true\n      }\n    },\n    {\n      \"@type\": \"Offer\",\n      \"url\": \"https:\/\/drancourt.fr\/Shop\/produit\/porte-cles-audi-aud038velours-personnalisables-accessoire-de-prestige\/\",\n      \"priceCurrency\": \"EUR\",\n      \"price\": \"836.80\",\n      \"priceSpecification\": {\n        \"@type\": \"UnitPriceSpecification\",\n        \"name\": \"Par 600\",\n        \"price\": \"836.80\",\n        \"priceCurrency\": \"EUR\",\n        \"priceType\": \"Unit\",\n        \"unitCode\": \"C62\",\n        \"valueAddedTaxIncluded\": true\n      }\n    },\n    {\n      \"@type\": \"Offer\",\n      \"url\": \"https:\/\/drancourt.fr\/Shop\/produit\/porte-cles-audi-aud038velours-personnalisables-accessoire-de-prestige\/\",\n      \"priceCurrency\": \"EUR\",\n      \"price\": \"1525.60\",\n      \"priceSpecification\": {\n        \"@type\": \"UnitPriceSpecification\",\n        \"name\": \"Par 1200\",\n        \"price\": \"1525.60\",\n        \"priceCurrency\": \"EUR\",\n        \"priceType\": \"Unit\",\n        \"unitCode\": \"C62\",\n        \"valueAddedTaxIncluded\": true\n      }\n    },\n    {\n      \"@type\": \"Offer\",\n      \"url\": \"https:\/\/drancourt.fr\/Shop\/produit\/porte-cles-audi-aud038velours-personnalisables-accessoire-de-prestige\/\",\n      \"priceCurrency\": \"EUR\",\n      \"price\": \"2958.00\",\n      \"priceSpecification\": {\n        \"@type\": \"UnitPriceSpecification\",\n        \"name\": \"Par 2500\",\n        \"price\": \"2958.00\",\n        \"priceCurrency\": \"EUR\",\n        \"priceType\": \"Unit\",\n        \"unitCode\": \"C62\",\n        \"valueAddedTaxIncluded\": true\n      }\n    },\n    {\n      \"@type\": \"Offer\",\n      \"url\": \"https:\/\/drancourt.fr\/Shop\/produit\/porte-cles-audi-aud038velours-personnalisables-accessoire-de-prestige\/\",\n      \"priceCurrency\": \"EUR\",\n      \"price\": \"5578.00\",\n      \"priceSpecification\": {\n        \"@type\": \"UnitPriceSpecification\",\n        \"name\": \"Par 5000\",\n        \"price\": \"5578.00\",\n        \"priceCurrency\": \"EUR\",\n        \"priceType\": \"Unit\",\n        \"unitCode\": \"C62\",\n        \"valueAddedTaxIncluded\": true\n      }\n    }\n  ]\n}\n<\/script>\n\n\n\n\n<h3><span style=\"color: #19419b\"><strong>AUDI AUD021Vvelours. Anneaux ajour\u00e9s. L&rsquo;alliance parfaite de style et de praticit\u00e9<\/strong><\/span><\/h3>\n\n\n\n<p>Le <strong>porte-cl\u00e9s AUDI AUD021Vvelours<\/strong> est le choix parfait pour les amateurs de la marque AUDI. Ce porte-cl\u00e9s personnalisable est fabriqu\u00e9 en <strong>velours m\u00e2t de haute qualit\u00e9<\/strong> pour une sensation de douceur au toucher. Avec ses anneaux ajour\u00e9s, il offre non seulement un look \u00e9l\u00e9gant, mais permet \u00e9galement de ranger vos cl\u00e9s de mani\u00e8re pratique.<\/p>\n\n<p>Ce porte-cl\u00e9s publicitaire est un excellent moyen de promouvoir votre entreprise et votre visibilit\u00e9 aupr\u00e8s de vos clients potentiels. Que ce soit pour un salon professionnel, un \u00e9v\u00e9nement promotionnel ou tout simplement comme cadeau d&rsquo;entreprise, ce porte-cl\u00e9s attrayant attirera l&rsquo;attention et fera une <strong>excellente premi\u00e8re impression<\/strong>.<\/p>\n\n<p>Avec une taille compacte de 8 cm, le porte-cl\u00e9s AUDI AUD021Vvelours est facile \u00e0 transporter et \u00e0 distribuer. Il est \u00e9galement dot\u00e9 d&rsquo;un anneau solide qui peut accueillir plusieurs cl\u00e9s. Que vous ayez besoin d&rsquo;un petit lot de porte-cl\u00e9s pour un \u00e9v\u00e9nement ponctuel ou d&rsquo;une grande quantit\u00e9 pour votre \u00e9quipe de vente, nous pouvons r\u00e9pondre \u00e0 vos besoins.<\/p>\n\n<p>Ne manquez pas l&rsquo;opportunit\u00e9 de <strong>promouvoir votre entreprise<\/strong> avec style gr\u00e2ce au porte-cl\u00e9s AUDI AUD021Vvelours. Contactez-nous d\u00e8s maintenant pour demander un <strong>devis personnalis\u00e9<\/strong> et d\u00e9couvrir comment ce porte-cl\u00e9s peut vous aider \u00e0 accro\u00eetre votre visibilit\u00e9.<\/p>\n\n\n\n<p>&nbsp;<p>\n\n\n\n<h4><span style=\"color: #19419b\">Prix Unitaire des Porte-Cl\u00e9s AUDI AUD021Vvelours : <\/span><\/h4>\n\n\n\n<table class=\"table table-responsive table-hover table-bordered\">\n  <thead>\n     <tr class=\"table-primary\">\n<td style=\"text-align: center\"><span style=\"color: #19419b\">Par<\/span><\/td>\n<td style=\"text-align: center\"><span style=\"color: #19419b\">Par<\/span><\/td>\n<td style=\"text-align: center\"><span style=\"color: #19419b\">Par<\/span><\/td>\n<td style=\"text-align: center\"><span style=\"color: #19419b\">Par<\/span><\/td>\n<td style=\"text-align: center\"><span style=\"color: #19419b\">Par<\/span><\/td>\n<td style=\"text-align: center\"><span style=\"color: #19419b\">Par<\/span><\/td>\n     <\/tr>\n  <\/thead>\n\n  <tbody>\n\n    <tr>\n  \n   \n<td style=\"text-align: center\"><span style=\"color: #19419b\">150 :<\/span><\/td>\n<td style=\"text-align: center\"><span style=\"color: #19419b\">300 :<\/span><\/td>\n<td style=\"text-align: center\"><span style=\"color: #19419b\">600 :<\/span><\/td>\n<td style=\"text-align: center\"><span style=\"color: #19419b\">1200 :<\/span><\/td>\n<td style=\"text-align: center\"><span style=\"color: #19419b\">2500 :<\/span><\/td>\n<td style=\"text-align: center\"><span style=\"color: #19419b\">5000 :<\/span><\/td>  \n\n    <\/tr>\n\n    <tr>\n\n <td style=\"text-align: center\"><span style=\"color: #19419b\"><b>2,22 \u20ac<b><\/b><\/b><\/span><\/td>\n<td style=\"text-align: center\"><span style=\"color: #19419b\"><b>2,18 \u20ac<b><\/b><\/b><\/span><\/td>\n<td style=\"text-align: center\"><span style=\"color: #19419b\"><b>1,82 \u20ac<b><\/b><\/b><\/span><\/td>\n<td style=\"text-align: center\"><span style=\"color: #19419b\"><b>1,76 \u20ac<b><\/b><\/b><\/span><\/td>\n<td style=\"text-align: center\"><span style=\"color: #19419b\"><b>1,70 \u20ac<b><\/b><\/b><\/span><\/td>\n<td style=\"text-align: center\"><span style=\"color: #19419b\"><b>1,64 \u20ac<b><\/b><\/b><\/span><\/td>  \n\n    <\/tr>\n\n    \n\n<tr>\n\n<td style=\"text-align: center\"><span style=\"color: #19419b\"><b>329,20 \u20ac<b><\/b><\/b><\/span><\/td>\n<td style=\"text-align: center\"><span style=\"color: #19419b\"><b>554,20 \u20ac<b><\/b><\/b><\/span><\/td>\n<td style=\"text-align: center\"><span style=\"color: #19419b\"><b>836,80 \u20ac<b><\/b><\/b><\/span><\/td>\n<td style=\"text-align: center\"><span style=\"color: #19419b\"><b>1525,60 \u20ac<b><\/b><\/b><\/span><\/td>\n<td style=\"text-align: center\"><span style=\"color: #19419b\"><b>2958,00 \u20ac<b><\/b><\/b><\/span><\/td>\n<td style=\"text-align: center\"><span style=\"color: #19419b\"><b>5578,00 \u20ac<b><\/b><\/b><\/span><\/td>\n<\/tr>\n\n  <\/tbody>\n<\/table>\n\n\n\n<p>&nbsp;<p>\n\n\n\n<h3><span style=\"color: #19419b\">Porte-Cl\u00e9s Audi AUD021Vvelours. Anneaux ajour\u00e9s : <\/span><\/h3>\n\n\n\n<p>&nbsp;<p>\n\n\n\n<p><span style=\"color: #19419b\">Cette r\u00e9f\u00e9rence ne permet pas la gravure en marquage relief.<\/span><\/p>\n\n\n\n<p>&nbsp;<p>\n\n\n\n<div class=\"wp-block-columns\">\n<div class=\"wp-block-column\">\n<figure class=\"wp-block-image aligncenter size-full\"><img data-recalc-dims=\"1\" decoding=\"async\" src=\"https:\/\/i0.wp.com\/drancourt.fr\/Shop\/wp-content\/uploads\/2023\/12\/Logo-Audi.webp\" alt=\"Logo-Audi\" class=\"wp-image-1388\"><\/figure>\n<\/div>\n<div class=\"wp-block-column\">\n<div class=\"wp-block-group\">\n<div class=\"wp-block-group\">\n<h2 class=\"wp-block-heading\" id=\"block-80d37238-861c-4921-b650-550d4e855d0e\">Description<\/h2>\n<p id=\"block-b96fc4b1-0ffa-4724-8d2f-98c73e4b6f7b\"><strong><span style=\"color: #1c4499\">velours M\u00e2t<\/span><\/strong><\/p>\n<ul id=\"block-feaf2cde-eab6-4b64-b323-c328005bda9e\">\n<li style=\"line-height:2\"><strong>Audi <\/strong> : AUD021V velours. Anneaux ajour\u00e9s. <\/li>\n<li style=\"line-height:2\"><strong>Face<\/strong> : Rond Audi<\/li>\n\n<li style=\"line-height:2\"><strong>Finition<\/strong> : Velours<\/li>\n<\/ul>\n<\/div>\n<\/div>\n<\/div>\n<\/div>\n\n\n\n<div class=\"wp-block-group is-content-justification-right is-nowrap is-layout-flex wp-container-core-group-is-layout-17124a9a wp-block-group-is-layout-flex\">\r\n\t\t\t\t\r\n\t\t<a \r\n\t\t\t\r\n\t\t\tclass=\"block-fea04d89-1ca0-480c-9e4f-4064dd1d4bbf btn areoi-has-url position-relative btn-primary\"\r\n\t href=\"https:\/\/drancourt.fr\/Shop\/categorie-produit\/portes-cles-publicitaires-automobiles-personnalisables\/audi\/\" >\r\n\t\t\t\t\t\r\n\t\t\t\t\tAutres Portes-Cl\u00e9s Audi Personnalisables \r\n\t\t\t\t\t\r\n\t\t\t\t\t \r\n\t\t\t\t<\/a>\r\n\t\t\t<\/div>\n\n\n\n<p>&nbsp;<p>\n<hr>\n<p>&nbsp;<p>\n<p><h5 style=\"text-align:center\"><a href=\"https:\/\/drive.google.com\/file\/d\/1nXXp3e7RVHG-SGmDBwQ4Qo_zOwc2I7yE\/view?usp=drive_link\" target=\"_blank\" rel=\"noopener\"><span style=\"color: #c50039\">Toute la gamme AUDI (<i>Pdf : 3,8 Mo<\/i>)<\/span><\/a><\/h5><\/p>\n<p>&nbsp;<p>\n<hr>\n\n\n\n<!-- UseStrict's Calendly Embedder - Calendly popup widget start -->\n<div id=\"wpcalel-calendly-popup-1\"\n\tdata-wpcalel-type=\"popup\"\n\tdata-wpcalel-url=\"https:\/\/calendly.com\/drancourtservice\/\"\n\tdata-wpcalel-prefill=\"false\"\n\tdata-wpcalel-query-str=\"false\"\n\tdata-wpcalel-text=\"Programmer un RDV avec Nous\"\n\tdata-wpcalel-color=\"#1c4499\"\n\tdata-wpcalel-textColor=\"#ffffff\"\n\tdata-wpcalel-branding=\"false\"\n\t\t\t\t\t\t\t\t\t\t\t\t\t\t\t\t\t\t\t\t\t\t\t\t\t\t\t\t\t\t\t\t\t\t\t\t\t\t\t\t\t\t\t\t\t\t\t\t\t\t\t\t\t \n><\/div>\n<!-- UseStrict's Calendly Embedder - Calendly popup widget end -->\n\n\t\t\t\n","protected":false},"excerpt":{"rendered":"<p>Le Porte-Cl\u00e9s AUDI AUD021Vvelours, avec ses anneaux ajour\u00e9s et sa sensation de douceur au toucher, est le compagnon chic id\u00e9al. Parfait pour promouvoir votre entreprise, il allie \u00e9l\u00e9gance et fonctionnalit\u00e9 pour un impact publicitaire raffin\u00e9.<\/p>\n","protected":false},"featured_media":17566,"comment_status":"open","ping_status":"closed","template":"","meta":{"content-type":"","om_disable_all_campaigns":false,"_monsterinsights_skip_tracking":false,"_monsterinsights_sitenote_active":false,"_monsterinsights_sitenote_note":"","_monsterinsights_sitenote_category":0,"_uf_show_specific_survey":0,"_uf_disable_surveys":false},"product_brand":[],"product_cat":[206,29],"product_tag":[227],"class_list":{"0":"post-17558","1":"product","2":"type-product","3":"status-publish","4":"has-post-thumbnail","6":"product_cat-porte-cles-audi","7":"product_cat-portes-cles-personnalises","8":"product_tag-portes-cles-audi","10":"first","11":"instock","12":"taxable","13":"shipping-taxable","14":"purchasable","15":"product-type-variable","16":"has-default-attributes"},"aioseo_notices":[],"jetpack_sharing_enabled":true,"_links":{"self":[{"href":"https:\/\/drancourt.fr\/Shop\/wp-json\/wp\/v2\/product\/17558","targetHints":{"allow":["GET"]}}],"collection":[{"href":"https:\/\/drancourt.fr\/Shop\/wp-json\/wp\/v2\/product"}],"about":[{"href":"https:\/\/drancourt.fr\/Shop\/wp-json\/wp\/v2\/types\/product"}],"replies":[{"embeddable":true,"href":"https:\/\/drancourt.fr\/Shop\/wp-json\/wp\/v2\/comments?post=17558"}],"wp:featuredmedia":[{"embeddable":true,"href":"https:\/\/drancourt.fr\/Shop\/wp-json\/wp\/v2\/media\/17566"}],"wp:attachment":[{"href":"https:\/\/drancourt.fr\/Shop\/wp-json\/wp\/v2\/media?parent=17558"}],"wp:term":[{"taxonomy":"product_brand","embeddable":true,"href":"https:\/\/drancourt.fr\/Shop\/wp-json\/wp\/v2\/product_brand?post=17558"},{"taxonomy":"product_cat","embeddable":true,"href":"https:\/\/drancourt.fr\/Shop\/wp-json\/wp\/v2\/product_cat?post=17558"},{"taxonomy":"product_tag","embeddable":true,"href":"https:\/\/drancourt.fr\/Shop\/wp-json\/wp\/v2\/product_tag?post=17558"}],"curies":[{"name":"wp","href":"https:\/\/api.w.org\/{rel}","templated":true}]}}