{"id":17653,"date":"2023-12-07T14:28:33","date_gmt":"2023-12-07T13:28:33","guid":{"rendered":"http:\/\/drancourt.fr\/Shop\/?post_type=product&#038;p=17653"},"modified":"2024-03-20T17:20:17","modified_gmt":"2024-03-20T16:20:17","slug":"porte-cles-audi-aud038velours-accessoire-de-prestige","status":"publish","type":"product","link":"https:\/\/drancourt.fr\/Shop\/produit\/porte-cles-audi-aud038velours-accessoire-de-prestige\/","title":{"rendered":"Porte-Cl\u00e9s AUDI AUD038velours. Accessoire de Prestige !"},"content":{"rendered":"\n<h3><span style=\"color: #19419b\"><strong>AUDI AUD038velours. Anneau 3D Ajour\u00e9 avec GEKKO 3D. Pour un Style Incomparable !<\/strong><\/span><\/h3>\n\n\n\n<script type=\"application\/ld+json\">\n{\n  \"@context\": \"https:\/\/schema.org\",\n  \"@type\": \"Product\",\n  \"name\": \"Porte-Cl\u00e9s AUDI AUD038velours. Accessoire de Prestige !\",\n  \"sku\": \"AUD038\",\n  \"image\": \"https:\/\/drancourt.fr\/wp-content\/uploads\/2023\/11\/Porte-Cles-Audi-AUD038.jpg\",\n  \"description\": \"Porte-Cl\u00e9s Audi AUD038 Velours. Accessoire de Prestige.\",\n  \"brand\": {\n    \"@type\": \"Brand\",\n    \"name\": \"Audi\"\n  },\n  \"offers\": [\n    {\n      \"@type\": \"Offer\",\n      \"url\": \"https:\/\/drancourt.fr\/Shop\/produit\/porte-cles-audi-aud038velours-accessoire-de-prestige\/\",\n      \"priceCurrency\": \"EUR\",\n      \"price\": \"354.00\",\n      \"priceSpecification\": {\n        \"@type\": \"UnitPriceSpecification\",\n        \"name\": \"Par 150\",\n        \"price\": \"354.00\",\n        \"priceCurrency\": \"EUR\",\n        \"priceType\": \"Unit\",\n        \"unitCode\": \"C62\",\n        \"valueAddedTaxIncluded\": true\n      }\n    },\n    {\n      \"@type\": \"Offer\",\n      \"url\": \"https:\/\/drancourt.fr\/Shop\/produit\/porte-cles-audi-aud038velours-personnalisables-accessoire-de-prestige\/\",\n      \"priceCurrency\": \"EUR\",\n      \"price\": \"690.20\",\n      \"priceSpecification\": {\n        \"@type\": \"UnitPriceSpecification\",\n        \"name\": \"Par 300\",\n        \"price\": \"690.20\",\n        \"priceCurrency\": \"EUR\",\n        \"priceType\": \"Unit\",\n        \"unitCode\": \"C62\",\n        \"valueAddedTaxIncluded\": true\n      }\n    },\n    {\n      \"@type\": \"Offer\",\n      \"url\": \"https:\/\/drancourt.fr\/Shop\/produit\/porte-cles-audi-aud038velours-personnalisables-accessoire-de-prestige\/\",\n      \"priceCurrency\": \"EUR\",\n      \"price\": \"1152.00\",\n      \"priceSpecification\": {\n        \"@type\": \"UnitPriceSpecification\",\n        \"name\": \"Par 600\",\n        \"price\": \"1152.00\",\n        \"priceCurrency\": \"EUR\",\n        \"priceType\": \"Unit\",\n        \"unitCode\": \"C62\",\n        \"valueAddedTaxIncluded\": true\n      }\n    },\n    {\n      \"@type\": \"Offer\",\n      \"url\": \"https:\/\/drancourt.fr\/Shop\/produit\/porte-cles-audi-aud038velours-personnalisables-accessoire-de-prestige\/\",\n      \"priceCurrency\": \"EUR\",\n      \"price\": \"2232.00\",\n      \"priceSpecification\": {\n        \"@type\": \"UnitPriceSpecification\",\n        \"name\": \"Par 1200\",\n        \"price\": \"2232.00\",\n        \"priceCurrency\": \"EUR\",\n        \"priceType\": \"Unit\",\n        \"unitCode\": \"C62\",\n        \"valueAddedTaxIncluded\": true\n      }\n    },\n    {\n      \"@type\": \"Offer\",\n      \"url\": \"https:\/\/drancourt.fr\/Shop\/produit\/porte-cles-audi-aud038velours-personnalisables-accessoire-de-prestige\/\",\n      \"priceCurrency\": \"EUR\",\n      \"price\": \"4500.00\",\n      \"priceSpecification\": {\n        \"@type\": \"UnitPriceSpecification\",\n        \"name\": \"Par 2500\",\n        \"price\": \"4500.00\",\n        \"priceCurrency\": \"EUR\",\n        \"priceType\": \"Unit\",\n        \"unitCode\": \"C62\",\n        \"valueAddedTaxIncluded\": true\n      }\n    },\n    {\n      \"@type\": \"Offer\",\n      \"url\": \"https:\/\/drancourt.fr\/Shop\/produit\/porte-cles-audi-aud038velours-personnalisables-accessoire-de-prestige\/\",\n      \"priceCurrency\": \"EUR\",\n      \"price\": \"8700.00\",\n      \"priceSpecification\": {\n        \"@type\": \"UnitPriceSpecification\",\n        \"name\": \"Par 5000\",\n        \"price\": \"8700.00\",\n        \"priceCurrency\": \"EUR\",\n        \"priceType\": \"Unit\",\n        \"unitCode\": \"C62\",\n        \"valueAddedTaxIncluded\": true\n      }\n    }\n  ]\n}\n<\/script>\n\n\n\n<p>Les <strong>porte-cl\u00e9s publicitaires <\/strong> sont un moyen efficace de faire de la publicit\u00e9 pour votre entreprise. Et avec le porte-cl\u00e9s AUDI AUD038velours, vous pouvez ajouter une touche de sophistication \u00e0 votre campagne marketing.<\/p>\n\n<p>Ce porte-cl\u00e9s de <strong>qualit\u00e9 sup\u00e9rieure<\/strong> est parfait pour les amateurs de voitures et les fans de la marque AUDI. Avec son anneau 3D ajour\u00e9, il offre une r\u00e9sistance et une durabilit\u00e9 exceptionnelles. De plus, il est grav\u00e9 avec le logo GEKKO 3D, pour une finition \u00e9l\u00e9gante et exclusive.<\/p>\n\n<p>Avec le porte-cl\u00e9s AUDI AUD038velours, vous \u00eates assur\u00e9 de faire bonne impression aupr\u00e8s de vos clients. Sa <strong>finition de qualit\u00e9<\/strong>, son <strong>design attrayant<\/strong> et son <strong>logo grav\u00e9 en relief<\/strong> en font un objet publicitaire de choix.<\/p>\n\n<p>Ne manquez pas l&rsquo;occasion de faire conna\u00eetre votre entreprise avec style. Demandez d\u00e8s maintenant <strong>un devis<\/strong> pour le porte-cl\u00e9s AUDI AUD038velours et faites de la publicit\u00e9 de mani\u00e8re efficace et \u00e9l\u00e9gante.<\/p>\n\n\n\n<p>&nbsp;<p>\n\n\n\n<h4><span style=\"color: #19419b\">Prix Unitaire des Porte-Cl\u00e9s AUD038Velours : <\/span><\/h4>\n\n\n\n<table class=\"table table-responsive table-hover table-bordered\">\n  <thead>\n     <tr class=\"table-primary\">\n<td style=\"text-align: center\"><span style=\"color: #19419b\">Par<\/span><\/td>\n<td style=\"text-align: center\"><span style=\"color: #19419b\">Par<\/span><\/td>\n<td style=\"text-align: center\"><span style=\"color: #19419b\">Par<\/span><\/td>\n<td style=\"text-align: center\"><span style=\"color: #19419b\">Par<\/span><\/td>\n<td style=\"text-align: center\"><span style=\"color: #19419b\">Par<\/span><\/td>\n<td style=\"text-align: center\"><span style=\"color: #19419b\">Par<\/span><\/td>\n     <\/tr>\n  <\/thead>\n\n  <tbody>\n\n    <tr>\n  \n   \n<td style=\"text-align: center\"><span style=\"color: #19419b\">150 :<\/span><\/td>\n<td style=\"text-align: center\"><span style=\"color: #19419b\">300 :<\/span><\/td>\n<td style=\"text-align: center\"><span style=\"color: #19419b\">600 :<\/span><\/td>\n<td style=\"text-align: center\"><span style=\"color: #19419b\">1200 :<\/span><\/td>\n<td style=\"text-align: center\"><span style=\"color: #19419b\">2500 :<\/span><\/td>\n<td style=\"text-align: center\"><span style=\"color: #19419b\">5000 :<\/span><\/td>  \n\n    <\/tr>\n\n    <tr>\n\n <td style=\"text-align: center\"><span style=\"color: #19419b\"><b>2,36 \u20ac<b><\/b><\/b><\/span><\/td>\n<td style=\"text-align: center\"><span style=\"color: #19419b\"><b>2,30 \u20ac<b><\/b><\/b><\/span><\/td>\n<td style=\"text-align: center\"><span style=\"color: #19419b\"><b>1,92 \u20ac<b><\/b><\/b><\/span><\/td>\n<td style=\"text-align: center\"><span style=\"color: #19419b\"><b>1,86 \u20ac<b><\/b><\/b><\/span><\/td>\n<td style=\"text-align: center\"><span style=\"color: #19419b\"><b>1,80 \u20ac<b><\/b><\/b><\/span><\/td>\n<td style=\"text-align: center\"><span style=\"color: #19419b\"><b>1,74 \u20ac<b><\/b><\/b><\/span><\/td>  \n\n    <\/tr>\n\n    \n\n<tr>\n\n<td style=\"text-align: center\"><span style=\"color: #19419b\"><b>354,00 \u20ac<b><\/b><\/b><\/span><\/td>\n<td style=\"text-align: center\"><span style=\"color: #19419b\"><b>690,20 \u20ac<b><\/b><\/b><\/span><\/td>\n<td style=\"text-align: center\"><span style=\"color: #19419b\"><b>1152,00 \u20ac<b><\/b><\/b><\/span><\/td>\n<td style=\"text-align: center\"><span style=\"color: #19419b\"><b>2232,00 \u20ac<b><\/b><\/b><\/span><\/td>\n<td style=\"text-align: center\"><span style=\"color: #19419b\"><b>4500,00 \u20ac<b><\/b><\/b><\/span><\/td>\n<td style=\"text-align: center\"><span style=\"color: #19419b\"><b>8700,00 \u20ac<b><\/b><\/b><\/span><\/td>\n<\/tr>\n\n  <\/tbody>\n<\/table>\n\n\n\n<p>&nbsp;<p>\n\n\n\n<h3><span style=\"color: #19419b\">Porte-Cl\u00e9s Audi : AUD038Velours. Anneau 3D ajour\u00e9 avec GEKKO 3D. Double-face : <\/span><\/h3>\n\n\n\n<p>&nbsp;<p>\n\n\n\n<p><span style=\"color: #19419b\">Cette r\u00e9f\u00e9rence ne permet pas la gravure personnalis\u00e9e en marquage relief.<\/span><\/p>\n\n\n\n<p>&nbsp;<p>\n\n\n\n<div class=\"wp-block-columns\">\n<div class=\"wp-block-column\">\n<figure class=\"wp-block-image aligncenter size-full\"><img data-recalc-dims=\"1\" decoding=\"async\" src=\"https:\/\/i0.wp.com\/drancourt.fr\/Shop\/wp-content\/uploads\/2023\/12\/Logo-Audi.webp\" alt=\"Logo-Audi\" class=\"wp-image-1388\" \/><\/figure>\n<\/div>\n<div class=\"wp-block-column\">\n<div class=\"wp-block-group\">\n<div class=\"wp-block-group\">\n<h2 class=\"wp-block-heading\" id=\"block-80d37238-861c-4921-b650-550d4e855d0e\">Description<\/h2>\n<p id=\"block-b96fc4b1-0ffa-4724-8d2f-98c73e4b6f7b\"><strong><span style=\"color: #1c4499\">Velours M\u00e2t<\/span><\/strong><\/p>\n<ul id=\"block-feaf2cde-eab6-4b64-b323-c328005bda9e\">\n<li style=\"line-height:2\"><strong>Audi <\/strong> : AUD038Velours Anneaux ajour\u00e9s.<\/li>\n<li style=\"line-height:2\"><strong>Face<\/strong> : Bomb\u00e9e avec GEKKO.<\/li>\n\n<li style=\"line-height:2\"><strong>Finition<\/strong> : M\u00e9tal<\/li>\n<\/ul>\n<\/div>\n<\/div>\n<\/div>\n<\/div>\n\n\n\n<div class=\"wp-block-group is-content-justification-right is-nowrap is-layout-flex wp-container-core-group-is-layout-17124a9a wp-block-group-is-layout-flex\">\r\n\t\t\t\t\r\n\t\t<a \r\n\t\t\t\r\n\t\t\tclass=\"block-fea04d89-1ca0-480c-9e4f-4064dd1d4bbf btn areoi-has-url position-relative btn-primary\"\r\n\t href=\"https:\/\/drancourt.fr\/Shop\/categorie-produit\/portes-cles-publicitaires-automobiles-personnalisables\/audi\/\" >\r\n\t\t\t\t\t\r\n\t\t\t\t\tAutres Portes-Cl\u00e9s Audi Personnalisables \r\n\t\t\t\t\t\r\n\t\t\t\t\t \r\n\t\t\t\t<\/a>\r\n\t\t\t<\/div>\n\n\n\n<p>&nbsp;<p>\n<hr>\n<p>&nbsp;<p>\n<p><h5 style=\"text-align:center\"><a href=\"https:\/\/drive.google.com\/file\/d\/1nXXp3e7RVHG-SGmDBwQ4Qo_zOwc2I7yE\/view?usp=drive_link\" target=\"_blank\" rel=\"noopener\"><span style=\"color: #c50039\">Toute la gamme AUDI (<i>Pdf : 3,8 Mo<\/i>)<\/span><\/a><\/h5><\/p>\n<p>&nbsp;<p>\n<hr>\n\n\n\n<!-- UseStrict's Calendly Embedder - Calendly popup widget start -->\n<div id=\"wpcalel-calendly-popup-1\"\n\tdata-wpcalel-type=\"popup\"\n\tdata-wpcalel-url=\"https:\/\/calendly.com\/drancourtservice\/\"\n\tdata-wpcalel-prefill=\"false\"\n\tdata-wpcalel-query-str=\"false\"\n\tdata-wpcalel-text=\"Programmer un RDV avec Nous\"\n\tdata-wpcalel-color=\"#1c4499\"\n\tdata-wpcalel-textColor=\"#ffffff\"\n\tdata-wpcalel-branding=\"false\"\n\t\t\t\t\t\t\t\t\t\t\t\t\t\t\t\t\t\t\t\t\t\t\t\t\t\t\t\t\t\t\t\t\t\t\t\t\t\t\t\t\t\t\t\t\t\t\t\t\t\t\t\t\t \n><\/div>\n<!-- UseStrict's Calendly Embedder - Calendly popup widget end -->\n\n\t\t\t\n","protected":false},"excerpt":{"rendered":"<p>Le Porte-Cl\u00e9s AUDI AUD038velours, avec son anneau 3D ajour\u00e9 et GEKKO 3D double-face, est un accessoire de prestige id\u00e9al pour \u00e9lever l&rsquo;image de votre \u00e9tablissement ou garage automobile, alliant luxe et design distinctif.<\/p>\n","protected":false},"featured_media":17661,"comment_status":"open","ping_status":"closed","template":"","meta":{"content-type":"","om_disable_all_campaigns":false,"_monsterinsights_skip_tracking":false,"_monsterinsights_sitenote_active":false,"_monsterinsights_sitenote_note":"","_monsterinsights_sitenote_category":0,"_uf_show_specific_survey":0,"_uf_disable_surveys":false},"product_brand":[],"product_cat":[206,29],"product_tag":[227],"class_list":{"0":"post-17653","1":"product","2":"type-product","3":"status-publish","4":"has-post-thumbnail","6":"product_cat-porte-cles-audi","7":"product_cat-portes-cles-personnalises","8":"product_tag-portes-cles-audi","10":"first","11":"instock","12":"taxable","13":"shipping-taxable","14":"purchasable","15":"product-type-variable","16":"has-default-attributes"},"aioseo_notices":[],"jetpack_sharing_enabled":true,"_links":{"self":[{"href":"https:\/\/drancourt.fr\/Shop\/wp-json\/wp\/v2\/product\/17653","targetHints":{"allow":["GET"]}}],"collection":[{"href":"https:\/\/drancourt.fr\/Shop\/wp-json\/wp\/v2\/product"}],"about":[{"href":"https:\/\/drancourt.fr\/Shop\/wp-json\/wp\/v2\/types\/product"}],"replies":[{"embeddable":true,"href":"https:\/\/drancourt.fr\/Shop\/wp-json\/wp\/v2\/comments?post=17653"}],"wp:featuredmedia":[{"embeddable":true,"href":"https:\/\/drancourt.fr\/Shop\/wp-json\/wp\/v2\/media\/17661"}],"wp:attachment":[{"href":"https:\/\/drancourt.fr\/Shop\/wp-json\/wp\/v2\/media?parent=17653"}],"wp:term":[{"taxonomy":"product_brand","embeddable":true,"href":"https:\/\/drancourt.fr\/Shop\/wp-json\/wp\/v2\/product_brand?post=17653"},{"taxonomy":"product_cat","embeddable":true,"href":"https:\/\/drancourt.fr\/Shop\/wp-json\/wp\/v2\/product_cat?post=17653"},{"taxonomy":"product_tag","embeddable":true,"href":"https:\/\/drancourt.fr\/Shop\/wp-json\/wp\/v2\/product_tag?post=17653"}],"curies":[{"name":"wp","href":"https:\/\/api.w.org\/{rel}","templated":true}]}}