{"id":17772,"date":"2023-12-07T17:57:32","date_gmt":"2023-12-07T16:57:32","guid":{"rendered":"http:\/\/drancourt.fr\/Shop\/?post_type=product&#038;p=17772"},"modified":"2024-03-23T16:14:45","modified_gmt":"2024-03-23T15:14:45","slug":"porte-cles-chery-chy137s-style-unique","status":"publish","type":"product","link":"https:\/\/drancourt.fr\/Shop\/produit\/porte-cles-chery-chy137s-style-unique\/","title":{"rendered":"Porte-Cl\u00e9s CHERY CHY137S. Style Unique"},"content":{"rendered":"<h3 style=\"color: #1c4499;\"><strong>Porte-Cl\u00e9s de Prestige CHERY CHY137S : \u00c9l\u00e9gance Fonctionnelle<\/strong><\/h3>\n<p>Capturez l&rsquo;essence du luxe automobile avec le <strong>porte-cl\u00e9s CHERY CHY137S<\/strong>. Son design en barrette, rehauss\u00e9 par une couleur distinctive, symbolise la finesse et le dynamisme de la marque. Cet accessoire haut de gamme est le reflet de la qualit\u00e9 et de l&rsquo;attention aux d\u00e9tails qui caract\u00e9risent CHERY.<\/p>\n<p>Robuste et raffin\u00e9, le CHY137S est con\u00e7u pour ceux qui cherchent \u00e0 combiner utilit\u00e9 et prestige. Parfaitement adapt\u00e9 pour les professionnels de l&rsquo;automobile, il sert d&rsquo;excellent vecteur pour renforcer l&rsquo;<strong>image de marque<\/strong> aupr\u00e8s d&rsquo;une client\u00e8le exigeante.<\/p>\n<p>Le logo CHERY, mis en valeur par un fond \u00e9pur\u00e9, promet de faire une impression durable \u00e0 chaque pr\u00e9sentation. Ce porte-cl\u00e9s n&rsquo;est pas seulement un objet du quotidien, mais une extension de l&rsquo;identit\u00e9 de la marque, port\u00e9e avec fiert\u00e9 par ses utilisateurs.<\/p>\n<p>Choisissez le <strong>porte-cl\u00e9s CHY137S<\/strong> pour vos campagnes promotionnelles et offrez un cadeau qui continue de valoriser l&rsquo;excellence de votre entreprise. Un outil marketing discret mais puissant.<\/p>\n<p>Demandez <strong>un devis personnalis\u00e9<\/strong> d\u00e8s aujourd&rsquo;hui le porte-cl\u00e9s CHY137S et faites de l&rsquo;exp\u00e9rience CHERY un moment m\u00e9morable pour vos clients.<\/p>\n\n\n<p>&nbsp;<p>\n\n\n\n<h4><span style=\"color: #1c4499\">Prix Unitaire des Porte-Cl\u00e9s CHERY CHY137S 1<sup>ere<\/sup> Gravure : <\/span><\/h4>\n\n\n\n<table class=\"table table-responsive table-hover table-bordered\">\n  <thead>\n     <tr class=\"table-primary\">\n<td style=\"text-align: center\"><span style=\"color: #19419b\">Par<\/span><\/td>\n<td style=\"text-align: center\"><span style=\"color: #19419b\">Par<\/span><\/td>\n<td style=\"text-align: center\"><span style=\"color: #19419b\">Par<\/span><\/td>\n<td style=\"text-align: center\"><span style=\"color: #19419b\">Par<\/span><\/td>\n<td style=\"text-align: center\"><span style=\"color: #19419b\">Par<\/span><\/td>\n<td style=\"text-align: center\"><span style=\"color: #19419b\">Par<\/span><\/td>\n     <\/tr>\n  <\/thead>\n\n  <tbody>\n\n<tr>\n<td style=\"text-align: center\"><span style=\"color: #19419b\">150 :<\/span><\/td>\n<td style=\"text-align: center\"><span style=\"color: #19419b\">300 :<\/span><\/td>\n<td style=\"text-align: center\"><span style=\"color: #19419b\">600 :<\/span><\/td>\n<td style=\"text-align: center\"><span style=\"color: #19419b\">1200 :<\/span><\/td>\n<td style=\"text-align: center\"><span style=\"color: #19419b\">2500 :<\/span><\/td>\n<td style=\"text-align: center\"><span style=\"color: #19419b\">5000 :<\/span><\/td>  \n<\/tr>\n\n<tr>\n<td style=\"text-align: center\"><span style=\"color: #19419b\"><b>2,306 \u20ac<b><\/span><\/td>\n<td style=\"text-align: center\"><span style=\"color: #19419b\"><b>2,126 \u20ac<b><\/span><\/td>\n<td style=\"text-align: center\"><span style=\"color: #19419b\"><b>1,978 \u20ac<b><\/span><\/td>\n<td style=\"text-align: center\"><span style=\"color: #19419b\"><b>1,870 \u20ac<b><\/span><\/td>\n<td style=\"text-align: center\"><span style=\"color: #19419b\"><b>1,824 \u20ac<b><\/span><\/td>\n<td style=\"text-align: center\"><span style=\"color: #19419b\"><b>1,772 \u20ac<b><\/span><\/td>  \n<\/tr>\n\n<tr>\n<td style=\"text-align: center\"><span style=\"color: #19419b\"><i>+ 88 \u20ac<\/i><\/span><\/td>\n<td style=\"text-align: center\"><span style=\"color: #19419b\"><i>+ 88 \u20ac<\/i><\/span><\/td>\n<td style=\"text-align: center\"><span style=\"color: #19419b\"><i>+ 88 \u20ac<\/i><\/span><\/td>\n<td style=\"text-align: center\"><span style=\"color: #19419b\"><i>+ 88 \u20ac<\/i><\/span><\/td>\n<td style=\"text-align: center\"><span style=\"color: #19419b\"><i>+ 88 \u20ac<\/i><\/span><\/td>\n<td style=\"text-align: center\"><span style=\"color: #19419b\"><i>+ 88 \u20ac<\/i><\/span><\/td> \n<\/tr>\n\n<tr>\n<td style=\"text-align: center\"><span style=\"color: #19419b\"><b>433,90 \u20ac<b><\/span><\/td>\n<td style=\"text-align: center\"><span style=\"color: #19419b\"><b>725,80 \u20ac<b><\/span><\/td>\n<td style=\"text-align: center\"><span style=\"color: #19419b\"><b>1274,80 \u20ac<b><\/span><\/td>\n<td style=\"text-align: center\"><span style=\"color: #19419b\"><b>2332,00 \u20ac<b><\/span><\/td>\n<td style=\"text-align: center\"><span style=\"color: #19419b\"><b>4648,00 \u20ac<b><\/span><\/td>\n<td style=\"text-align: center\"><span style=\"color: #19419b\"><b>8948,00 \u20ac<b><\/span><\/td>\n<\/tr>\n\n  <\/tbody>\n<\/table>\n\n\n\n<p>&nbsp;<p>\n\n\n\n<h3><span style=\"color: #1c4499\">Options de Personnalisation et Processus de Commande<\/span><\/h3>\n    <ol>\n        <li><strong>Personnalisation en Relief sur le Revers<\/strong> :\n            <ul>\n                <li><strong>Premi\u00e8re Commande<\/strong> : Co\u00fbt d&rsquo;outillage de 88 euros pour le nom, l&rsquo;adresse et le t\u00e9l\u00e9phone avec une typographie en \u00ab \u00c9criture B\u00e2ton \u00bb. Ce tarif comprend un lettrage standard.<\/li>\n                <li><strong>Renouvellement<\/strong> : Aucun frais pour les outillages d\u00e9j\u00e0 existants.<\/li>\n            <\/ul>\n        <\/li>\n        <li><strong>Marquage Sp\u00e9cial sur le Revers<\/strong> :\n            <ul>\n                <li>Pour l&rsquo;ajout d&rsquo;un logo ou d&rsquo;une typographie personnalis\u00e9e, le co\u00fbt est de 110 euros. Merci de nous consulter pour plus de d\u00e9tails.<\/li>\n            <\/ul>\n        <\/li>\n        <li><strong>Processus de Commande et Fabrication<\/strong> :\n            <ul>\n                <li>Chaque commande implique une communication proactive, incluant des appels t\u00e9l\u00e9phoniques et l&rsquo;\u00e9change d&rsquo;un Bon \u00e0 Tirer (BAT) valid\u00e9 avant le d\u00e9but de la fabrication.<\/li>\n                <li>Le d\u00e9lai de fabrication est estim\u00e9 entre 4 et 6 semaines.<\/li>\n            <\/ul>\n        <\/li>\n    <\/ol>\n\n\n\n<p>&nbsp;<p>\n\n\n\n<h4><span style=\"color: #1c4499\">Prix Unitaire des Porte-Cl\u00e9s CHERY CHY137S Renouvellement : <\/span><\/h4>\n\n\n\n<table class=\"table table-responsive table-hover table-bordered\">\n  <thead>\n    <tr class=\"table-primary\">\n<td style=\"text-align: center\"><span style=\"color: #19419b\">Par<\/span><\/td>\n<td style=\"text-align: center\"><span style=\"color: #19419b\">Par<\/span><\/td>\n<td style=\"text-align: center\"><span style=\"color: #19419b\">Par<\/span><\/td>\n<td style=\"text-align: center\"><span style=\"color: #19419b\">Par<\/span><\/td>\n<td style=\"text-align: center\"><span style=\"color: #19419b\">Par<\/span><\/td>\n<td style=\"text-align: center\"><span style=\"color: #19419b\">Par<\/span><\/td>\n     <\/tr>\n  <\/thead>\n\n  <tbody>\n\n <tr>\n<td style=\"text-align: center\"><span style=\"color: #19419b\">150 :<\/span><\/td>\n<td style=\"text-align: center\"><span style=\"color: #19419b\">300 :<\/span><\/td>\n<td style=\"text-align: center\"><span style=\"color: #19419b\">600 :<\/span><\/td>\n<td style=\"text-align: center\"><span style=\"color: #19419b\">1200 :<\/span><\/td>\n<td style=\"text-align: center\"><span style=\"color: #19419b\">2500 :<\/span><\/td>\n<td style=\"text-align: center\"><span style=\"color: #19419b\">5000 :<\/span><\/td>  \n <\/tr>\n\n<tr>\n<td style=\"text-align: center\"><span style=\"color: #19419b\"><b>2,306 \u20ac<b><\/span><\/td>\n<td style=\"text-align: center\"><span style=\"color: #19419b\"><b>2,126 \u20ac<b><\/span><\/td>\n<td style=\"text-align: center\"><span style=\"color: #19419b\"><b>1,978 \u20ac<b><\/span><\/td>\n<td style=\"text-align: center\"><span style=\"color: #19419b\"><b>1,870 \u20ac<b><\/span><\/td>\n<td style=\"text-align: center\"><span style=\"color: #19419b\"><b>1,824 \u20ac<b><\/span><\/td>\n<td style=\"text-align: center\"><span style=\"color: #19419b\"><b>1,772 \u20ac<b><\/span><\/td>  \n<\/tr>\n   \n\n<tr>\n<td style=\"text-align: center\"><span style=\"color: #19419b\"><b>445,90 \u20ac<b><\/span><\/td>\n<td style=\"text-align: center\"><span style=\"color: #19419b\"><b>637,80 \u20ac<b><\/span><\/td>\n<td style=\"text-align: center\"><span style=\"color: #19419b\"><b>1186,80 \u20ac<b><\/span><\/td>\n<td style=\"text-align: center\"><span style=\"color: #19419b\"><b>2244,00 \u20ac<b><\/span><\/td>\n<td style=\"text-align: center\"><span style=\"color: #19419b\"><b>4560,00 \u20ac<b><\/span><\/td>\n<td style=\"text-align: center\"><span style=\"color: #19419b\"><b>8860,00 \u20ac<b><\/span><\/td>\n<\/tr>\n\n  <\/tbody>\n<\/table>\n\n\n\n<p>&nbsp;<p>\n\n\n\n<h3><span style=\"color: #1c4499\">Porte-Cl\u00e9s CHERY CHY137S. Barrette Design 1 couleur : <\/span><\/h3>\n\n\n\n<p>&nbsp;<p>\n\n\n\n<div class=\"wp-block-columns\">\n<div class=\"wp-block-column\">\n<figure class=\"wp-block-image aligncenter size-full\"><img data-recalc-dims=\"1\" fetchpriority=\"high\" decoding=\"async\" width=\"400\" height=\"500\" src=\"https:\/\/i0.wp.com\/drancourt.fr\/Shop\/wp-content\/uploads\/2023\/12\/Logo-Chery.webp?resize=400%2C500\" alt=\"\" class=\"wp-image-17761\" srcset=\"https:\/\/i0.wp.com\/drancourt.fr\/Shop\/wp-content\/uploads\/2023\/12\/Logo-Chery.webp?w=400&amp;ssl=1 400w, https:\/\/i0.wp.com\/drancourt.fr\/Shop\/wp-content\/uploads\/2023\/12\/Logo-Chery.webp?resize=240%2C300&amp;ssl=1 240w\" sizes=\"(max-width: 400px) 100vw, 400px\" \/><\/figure>\n<\/div>\n<div class=\"wp-block-column\">\n<div class=\"wp-block-group\">\n<div class=\"wp-block-group\">\n<h2 class=\"wp-block-heading\" id=\"block-80d37238-861c-4921-b650-550d4e855d0e\">Description<\/h2>\n<p id=\"block-b96fc4b1-0ffa-4724-8d2f-98c73e4b6f7b\"><strong><span style=\"color: #1c4499\">Velours M\u00e2t<\/span><\/strong><\/p>\n<ul id=\"block-feaf2cde-eab6-4b64-b323-c328005bda9e\">\n<li style=\"line-height:2\"><strong>CHERY&nbsp; <\/strong> : CHY137S. <\/li>\n<li style=\"line-height:2\"><strong>Face<\/strong> : Barrette&nbsp;Design 1&nbsp;couleur.<\/li>\n\n<li style=\"line-height:2\"><strong>Revers<\/strong> : Texte en relief<\/li>\n<li style=\"line-height:2\"><strong>Finition<\/strong> : M\u00e9tal<\/li>\n<li style=\"line-height:2\"><strong>Gravure<\/strong> : 38 \u00e0 50 caract\u00e8res<\/li>\n<li style=\"line-height:2\"><strong>Gravure Sp\u00e9ciale<\/strong> : En Option<\/li>\n<\/ul>\n<\/div>\n<\/div>\n<\/div>\n<\/div>\n\n\n\n<div class=\"wp-block-group is-content-justification-right is-nowrap is-layout-flex wp-container-core-group-is-layout-17124a9a wp-block-group-is-layout-flex\">\r\n\t\t\t\t\r\n\t\t<a \r\n\t\t\t\r\n\t\t\tclass=\"block-fea04d89-1ca0-480c-9e4f-4064dd1d4bbf btn areoi-has-url position-relative btn-primary\"\r\n\t href=\"https:\/\/drancourt.fr\/Shop\/categorie-produit\/portes-cles-publicitaires-automobiles-personnalisables\/chery\/\" >\r\n\t\t\t\t\t\r\n\t\t\t\t\tAutres Portes-Cl\u00e9s Chery Personnalisables \r\n\t\t\t\t\t\r\n\t\t\t\t\t \r\n\t\t\t\t<\/a>\r\n\t\t\t<\/div>\n\n\n\n<p>&nbsp;<p>\n\n\n\r\n\t\t<div  class=\"block-b580172a-422d-4651-93c8-cae7c6f38423 accordion\">\r\n\t\t\t\n\r\n\t\t<div  class=\"block-59b35d03-1c84-4c2f-8526-b8188ce4f7f9 accordion-item\">\r\n\r\n\t\t\t<h3 \r\n\t\t\t\tclass=\"accordion-header\" \r\n\t\t\t\tid=\"block-59b35d03-1c84-4c2f-8526-b8188ce4f7f9-header\"\r\n\t\t\t>\r\n\t\t\t\t<button \r\n\t\t\t\t\tclass=\"accordion-button collapsed\" \r\n\t\t\t\t\ttype=\"button\" \r\n\t\t\t\t\tdata-bs-toggle=\"collapse\" \r\n\t\t\t\t\tdata-bs-target=\"#block-59b35d03-1c84-4c2f-8526-b8188ce4f7f9-collapse\" \r\n\t\t\t\t\taria-expanded=\"false\" \r\n\t\t\t\t\taria-controls=\"block-59b35d03-1c84-4c2f-8526-b8188ce4f7f9-collapse\"\r\n\t\t\t\t>\r\n\t\t\t\t\t<strong><em>Vos Principales Questions :<\/em><\/strong>\r\n\t\t\t\t<\/button>\r\n\t\t\t<\/h3>\r\n\r\n\t\t\t<div \r\n\t\t\t\tid=\"block-59b35d03-1c84-4c2f-8526-b8188ce4f7f9-collapse\" \r\n\t\t\t\tclass=\"accordion-collapse collapse\" \r\n\t\t\t\taria-labelledby=\"block-59b35d03-1c84-4c2f-8526-b8188ce4f7f9-header\"\r\n\t\t\t\tdata-bs-parent=\".block-b580172a-422d-4651-93c8-cae7c6f38423\"\r\n\t\t\t>\r\n\t\t\t\t<div class=\"accordion-body\">\r\n\t\t\t\t\t\n\n<p>\u00ab\u00a0<em>Je recherche des portes-cl\u00e9s personnalisables Chery qui refl\u00e8tent vraiment l&rsquo;image de mon \u00e9tablissement, mais je suis pr\u00e9occup\u00e9 par le fait que les options de personnalisation ne r\u00e9pondent pas pleinement aux besoins de mon image de marque.<\/em>\u00ab\u00a0<\/p>\n\n\n\n<div class=\"wp-block-group is-content-justification-right is-nowrap is-layout-flex wp-container-core-group-is-layout-17124a9a wp-block-group-is-layout-flex\">\r\n\t\t\t\t\r\n\t\t<a \r\n\t\t\t\r\n\t\t\tclass=\"block-cea57816-940b-4fab-ad97-6d3091704bea btn areoi-has-url position-relative btn-primary\"\r\n\t href=\"https:\/\/drancourt.fr\/Shop\/2024\/02\/21\/des-portes-cles-personnalisables-qui-refletent-vraiment-limage-de-mon-etablissement\/\" >\r\n\t\t\t\t\t\r\n\t\t\t\t\tEn savoir plus \r\n\t\t\t\t\t\r\n\t\t\t\t\t \r\n\t\t\t\t<\/a>\r\n\t\t\t<\/div>\n\n\n\n<p>&nbsp;<p>\n\n\n\n<p>\u00ab\u00a0<em>J&rsquo;aimerais utiliser des portes-cl\u00e9s <em><em><em><em><em>Chery<\/em><\/em><\/em><\/em><\/em> comme outil de promotion, mais je crains que les d\u00e9lais de livraison ne compromettent l&rsquo;efficacit\u00e9 de ma campagne marketing.<\/em>\u00ab\u00a0<\/p>\n\n\n\n<div class=\"wp-block-group is-content-justification-right is-nowrap is-layout-flex wp-container-core-group-is-layout-17124a9a wp-block-group-is-layout-flex\">\r\n\t\t\t\t\r\n\t\t<a \r\n\t\t\t\r\n\t\t\tclass=\"block-3c478ddf-e61b-4ef7-b894-5c610a9c80c3 btn areoi-has-url position-relative btn-primary\"\r\n\t href=\"https:\/\/drancourt.fr\/Shop\/2024\/02\/21\/assurez-le-succes-de-votre-campagne-marketing-avec-nos-porte-cles-personnalises\/\" >\r\n\t\t\t\t\t\r\n\t\t\t\t\tEn savoir plus \r\n\t\t\t\t\t\r\n\t\t\t\t\t \r\n\t\t\t\t<\/a>\r\n\t\t\t<\/div>\n\n\n\n<p>&nbsp;<p>\n\n\n\n<p>\u00ab\u00a0<em>Je cherche des portes-cl\u00e9s <em><em><em><em><em>Chery<\/em><\/em><\/em><\/em><\/em> grav\u00e9s avec le nom de mon garage, mais je me demande si le processus de commande sera trop compliqu\u00e9 ou chronophage, \u00e9tant donn\u00e9 mes autres responsabilit\u00e9s professionnelles.<\/em>\u00ab\u00a0<\/p>\n\n\n\n<div class=\"wp-block-group is-content-justification-right is-nowrap is-layout-flex wp-container-core-group-is-layout-17124a9a wp-block-group-is-layout-flex\">\r\n\t\t\t\t\r\n\t\t<a \r\n\t\t\t\r\n\t\t\tclass=\"block-ab99c9a2-c267-4ca2-a019-88d37cc3194b btn areoi-has-url position-relative btn-primary\"\r\n\t href=\"https:\/\/drancourt.fr\/Shop\/2024\/02\/21\/simplifiez-vos-commandes-de-portes-cles-graves-avec-drancourt-sarl\/\" >\r\n\t\t\t\t\t\r\n\t\t\t\t\tEn savoir plus \r\n\t\t\t\t\t\r\n\t\t\t\t\t \r\n\t\t\t\t<\/a>\r\n\t\t\t<\/div>\n\n \r\n\t\t\t\t<\/div>\r\n\t\t\t<\/div>\r\n\t\t<\/div>\r\n\t\n \r\n\t\t<\/div>\r\n\t\n\n\n<p>&nbsp;<p>\n<hr>\n<p>&nbsp;<p>\n<p><h5 style=\"text-align:center\"><a href=\"https:\/\/app.popt.in\/APIRequest\/click\/7ed7a989f2c56\"><span style=\"color: #c50039\">Toute la gamme CHERY (<i>Pdf : 1,5 Mo<\/i>)<\/span><\/a><\/h5><\/p>\n<p>&nbsp;<p>\n<hr>\n\n\n\n<!-- UseStrict's Calendly Embedder - Calendly popup widget start -->\n<div id=\"wpcalel-calendly-popup-1\"\n\tdata-wpcalel-type=\"popup\"\n\tdata-wpcalel-url=\"https:\/\/calendly.com\/drancourtservice\/\"\n\tdata-wpcalel-prefill=\"false\"\n\tdata-wpcalel-query-str=\"false\"\n\tdata-wpcalel-text=\"Programmer un RDV avec Nous\"\n\tdata-wpcalel-color=\"#1c4499\"\n\tdata-wpcalel-textColor=\"#ffffff\"\n\tdata-wpcalel-branding=\"false\"\n\t\t\t\t\t\t\t\t\t\t\t\t\t\t\t\t\t\t\t\t\t\t\t\t\t\t\t\t\t\t\t\t\t\t\t\t\t\t\t\t\t\t\t\t\t\t\t\t\t\t\t\t\t \n><\/div>\n<!-- UseStrict's Calendly Embedder - Calendly popup widget end -->\n\n\t\t\t\n","protected":false},"excerpt":{"rendered":"<p>D\u00e9couvrez le Porte-Cl\u00e9s CHERY CHY137S, un accessoire personnalisable qui allie sobri\u00e9t\u00e9 et style. Parfait pour les connaisseurs d&rsquo;auto, ce porte-cl\u00e9s repr\u00e9sente l&rsquo;\u00e9l\u00e9gance de la marque CHERY, offrant une identit\u00e9 distincte et raffin\u00e9e.<\/p>\n","protected":false},"featured_media":17780,"comment_status":"open","ping_status":"closed","template":"","meta":{"content-type":"","om_disable_all_campaigns":false,"_monsterinsights_skip_tracking":false,"_monsterinsights_sitenote_active":false,"_monsterinsights_sitenote_note":"","_monsterinsights_sitenote_category":0,"_uf_show_specific_survey":0,"_uf_disable_surveys":false},"product_brand":[],"product_cat":[207,29],"product_tag":[228],"class_list":{"0":"post-17772","1":"product","2":"type-product","3":"status-publish","4":"has-post-thumbnail","6":"product_cat-porte-cles-chery","7":"product_cat-portes-cles-personnalises","8":"product_tag-portes-cles-chery","10":"first","11":"instock","12":"taxable","13":"shipping-taxable","14":"purchasable","15":"product-type-variable","16":"has-default-attributes"},"aioseo_notices":[],"jetpack_sharing_enabled":true,"_links":{"self":[{"href":"https:\/\/drancourt.fr\/Shop\/wp-json\/wp\/v2\/product\/17772","targetHints":{"allow":["GET"]}}],"collection":[{"href":"https:\/\/drancourt.fr\/Shop\/wp-json\/wp\/v2\/product"}],"about":[{"href":"https:\/\/drancourt.fr\/Shop\/wp-json\/wp\/v2\/types\/product"}],"replies":[{"embeddable":true,"href":"https:\/\/drancourt.fr\/Shop\/wp-json\/wp\/v2\/comments?post=17772"}],"wp:featuredmedia":[{"embeddable":true,"href":"https:\/\/drancourt.fr\/Shop\/wp-json\/wp\/v2\/media\/17780"}],"wp:attachment":[{"href":"https:\/\/drancourt.fr\/Shop\/wp-json\/wp\/v2\/media?parent=17772"}],"wp:term":[{"taxonomy":"product_brand","embeddable":true,"href":"https:\/\/drancourt.fr\/Shop\/wp-json\/wp\/v2\/product_brand?post=17772"},{"taxonomy":"product_cat","embeddable":true,"href":"https:\/\/drancourt.fr\/Shop\/wp-json\/wp\/v2\/product_cat?post=17772"},{"taxonomy":"product_tag","embeddable":true,"href":"https:\/\/drancourt.fr\/Shop\/wp-json\/wp\/v2\/product_tag?post=17772"}],"curies":[{"name":"wp","href":"https:\/\/api.w.org\/{rel}","templated":true}]}}