{"id":17831,"date":"2023-12-08T08:17:33","date_gmt":"2023-12-08T07:17:33","guid":{"rendered":"http:\/\/drancourt.fr\/Shop\/?post_type=product&#038;p=17831"},"modified":"2024-03-23T16:14:44","modified_gmt":"2024-03-23T15:14:44","slug":"porte-cles-chrysler-chro151svelours-personnalisables-raffinement-et-style","status":"publish","type":"product","link":"https:\/\/drancourt.fr\/Shop\/produit\/porte-cles-chrysler-chro151svelours-personnalisables-raffinement-et-style\/","title":{"rendered":"Porte-Cl\u00e9s CHRYSLER CHRO151Svelours Personnalisables. Raffinement et Style"},"content":{"rendered":"\n<script type=\"application\/ld+json\">\n{\n  \"@context\": \"https:\/\/schema.org\/\",\n  \"@type\": \"Product\",\n  \"name\": \"Porte-Cl\u00e9s CHRYSLER CHRO151Svelours Personnalisables. Raffinement et Style\",\n  \"image\": \"https:\/\/drancourt.fr\/Shop\/wp-content\/uploads\/2023\/12\/porte-cles-publicitaires-chrysler-chr151velours-personnalisables-2.webp\",\n  \"description\": \"Accessoire Chrysler CHR151 haut de gamme en velours, parfait pour les cadeaux d'affaires, offrant sophistication et personnalisation pour un style distinctif.\",\n  \"brand\": {\n    \"@type\": \"Brand\",\n    \"name\": \"CHRYSLER\"\n\n  },\n  \"sku\": \"Chrysler : CHRO151Svelours\",\n  \"offers\": {\n    \"@type\": \"AggregateOffer\",\n    \"url\": \"https:\/\/drancourt.fr\/Shop\/produit\/porte-cles-chrysler-chro151svelours-personnalisables-raffinement-et-style\/\",\n    \"priceCurrency\": \"EUR\",\n    \"lowPrice\": \"393.80\",\n    \"highPrice\": \"10548.00\",\n    \"offerCount\": \"6\",\n    \"priceSpecification\": [\n      \n{\n        \"@type\": \"UnitPriceSpecification\",\n        \"description\": \"Tarif pour la premi\u00e8re commande : 150 unit\u00e9s\",\n        \"price\": \"481.90\",\n        \"priceCurrency\": \"EUR\",\n        \"eligibleQuantity\": {\n          \"@type\": \"QuantitativeValue\",\n          \"value\": 150\n       }\n\t  },\t\t\n{\n        \"@type\": \"UnitPriceSpecification\",\n        \"description\": \"Tarif pour la premi\u00e8re commande : 300 unit\u00e9s\",\n        \"price\": \"821.80\",\n        \"priceCurrency\": \"EUR\",\n        \"eligibleQuantity\": {\n          \"@type\": \"QuantitativeValue\",\n          \"value\": 300\n       }\n\t  },\n\t\t{\n        \"@type\": \"UnitPriceSpecification\",\n        \"description\": \"Tarif pour la premi\u00e8re commande : 600 unit\u00e9s\",\n        \"price\": \"1466.80\",\n        \"priceCurrency\": \"EUR\",\n        \"eligibleQuantity\": {\n          \"@type\": \"QuantitativeValue\",\n          \"value\": 600\n        }\n\t\t },\n\t\t{\n        \"@type\": \"UnitPriceSpecification\",\n        \"description\": \"Tarif pour la premi\u00e8re commande : 1200 unit\u00e9s\",\n        \"price\": \"2716.00\",\n        \"priceCurrency\": \"EUR\",\n        \"eligibleQuantity\": {\n          \"@type\": \"QuantitativeValue\",\n          \"value\": 1200\n       }\n\t\t},\n\t\t{\n        \"@type\": \"UnitPriceSpecification\",\n        \"description\": \"Tarif pour la premi\u00e8re commande : 2500 unit\u00e9s\",\n        \"price\": \"5448.00\",\n        \"priceCurrency\": \"EUR\",\n        \"eligibleQuantity\": {\n          \"@type\": \"QuantitativeValue\",\n          \"value\": 2500\n       }\n\t\t},\n\t\t{\n        \"@type\": \"UnitPriceSpecification\",\n        \"description\": \"Tarif pour la premi\u00e8re commande : 5000 unit\u00e9s\",\n        \"price\": \"10548.00\",\n        \"priceCurrency\": \"EUR\",\n        \"eligibleQuantity\": {\n          \"@type\": \"QuantitativeValue\",\n          \"value\": 5000\n       }\n\t\t},\n\t\t{\n\t\t\t\"@type\": \"UnitPriceSpecification\",\n\t\t\t\"description\": \"Tarif pour la 2\u00e8me commande : 150 unit\u00e9s\",\n\t\t\t\"price\": \"393.80\",\n\t\t\t\"priceCurrency\": \"EUR\",\n\t\t\t\"eligibleQuantity\": {\n\t\t\t\"@type\": \"QuantitativeValue\",\n\t\t\t\t\"value\": 150\n \t}\n\t},\n{\n  \"@type\": \"UnitPriceSpecification\",\n  \"description\": \"Tarif pour la 2\u00e8me commande : 300 unit\u00e9s\",\n  \"price\": \"733.80\",\n  \"priceCurrency\": \"EUR\",\n  \"eligibleQuantity\": {\n    \"@type\": \"QuantitativeValue\",\n    \"value\": 300\n  }\n\t},\n{\n  \"@type\": \"UnitPriceSpecification\",\n  \"description\": \"Tarif pour la 2\u00e8me commande : 600 unit\u00e9s\",\n  \"price\": \"1378.80\",\n  \"priceCurrency\": \"EUR\",\n  \"eligibleQuantity\": {\n    \"@type\": \"QuantitativeValue\",\n    \"value\": 600\n  }\n\t},\n{\n  \"@type\": \"UnitPriceSpecification\",\n  \"description\": \"Tarif pour la 2\u00e8me commande : 1200 unit\u00e9s\",\n  \"price\": \"2628.80\",\n  \"priceCurrency\": \"EUR\",\n  \"eligibleQuantity\": {\n    \"@type\": \"QuantitativeValue\",\n    \"value\": 1200\n  }\n\t},\n{\n  \"@type\": \"UnitPriceSpecification\",\n  \"description\": \"Tarif pour la 2\u00e8me commande : 2500 unit\u00e9s\",\n  \"price\": \"5360.00\",\n  \"priceCurrency\": \"EUR\",\n  \"eligibleQuantity\": {\n    \"@type\": \"QuantitativeValue\",\n    \"value\": 2500\n }\n},\n{\n  \"@type\": \"UnitPriceSpecification\",\n  \"description\": \"Tarif pour la 2\u00e8me commande : 5000 unit\u00e9s\",\n  \"price\":\u00a0\"10460.00\",\n  \"priceCurrency\": \"EUR\",\n  \"eligibleQuantity\": {\n    \"@type\": \"QuantitativeValue\",\n    \"value\": 5000\n }\n}\n\n      \n    ],\n    \"itemCondition\": \"https:\/\/schema.org\/NewCondition\",\n    \"availability\": \"https:\/\/schema.org\/InStock\",\n    \"seller\": {\n      \"@type\": \"Organization\",\n      \"name\": \"Drancourt\"\n    }\n  }\n}\n\n<\/script>\n\n\n\n\n<h3><span style=\"color: #19419b\"><strong>Chrysler Porte-cl\u00e9s en Velours : Distinction et Personnalisation<\/strong><\/span><\/h3>\n\n\n\n<p>Pour les concessionnaires automobiles, garagistes et ateliers de r\u00e9paration, offrir un cadeau qui marie \u00e9l\u00e9gance et fonctionnalit\u00e9 est essentiel. Les <strong>Porte-cl\u00e9s CHRYSLER personnalisables CHRO151Svelours<\/strong> r\u00e9pondent parfaitement \u00e0 cette exigence. R\u00e9alis\u00e9s avec une finesse in\u00e9gal\u00e9e, ces porte-cl\u00e9s ne sont pas de simples accessoires, mais des ambassadeurs de votre marque.<\/p>\n\n<p>Chaque <strong>porte-cl\u00e9s avec logo CHRYSLER<\/strong> est con\u00e7u pour refl\u00e9ter les valeurs de sophistication et de qualit\u00e9 de votre entreprise. Qu&rsquo;ils soient en m\u00e9tal ou velours m\u00e2t, ces <strong>porte-cl\u00e9s publicitaires CHRYSLER<\/strong> sont le choix id\u00e9al pour impressionner vos clients et renforcer votre image de marque.<\/p>\n\n<p>Envisagez l&rsquo;impact d&rsquo;un <strong>porte-cl\u00e9s voiture CHRYSLER<\/strong> grav\u00e9, remis apr\u00e8s une vente ou une prestation de service. Ce geste, simple mais significatif, laisse une impression durable. Avec une <em>grille tarifaire d\u00e9gressive<\/em> et l&rsquo;option <em>\u00c0 partir de 150 pi\u00e8ces grav\u00e9es<\/em>, ces porte-cl\u00e9s deviennent un investissement rentable pour votre communication marketing.<\/p>\n\n<p>La personnalisation est au c\u0153ur de notre offre. Un <strong>porte-cl\u00e9s grav\u00e9 CHRYSLER<\/strong> est plus qu&rsquo;un cadeau, c&rsquo;est une d\u00e9claration de personnalisation et d&rsquo;attention aux d\u00e9tails. <em>Demandez-nous vite un devis personnalis\u00e9 !<\/em> et d\u00e9couvrez comment ces <strong>porte-cl\u00e9s de qualit\u00e9 CHRYSLER<\/strong> peuvent transformer l&rsquo;exp\u00e9rience client et booster votre notori\u00e9t\u00e9.<\/p>\n\n<p>En choisissant les <strong>porte-cl\u00e9s promotionnels pour concessionnaires CHRYSLER<\/strong>, vous optez pour un outil de marketing puissant et raffin\u00e9. Ils ne sont pas seulement un objet utile, mais un vecteur de communication qui parle directement au c\u0153ur de vos clients. Transformez chaque remise de cl\u00e9s en un moment m\u00e9morable avec ces porte-cl\u00e9s exceptionnels.<\/p>\n\n\n\n<h4><span style=\"color: #19419b\">Prix Unitaire des Porte-Cl\u00e9s CHRYSLER CHRO151Svelours 1<sup>ere<\/sup> Gravure : <\/span><\/h4>\n\n\n\n<table class=\"table table-responsive table-hover table-bordered\">\n  <thead>\n     <tr class=\"table-primary\">\n<td style=\"text-align: center\"><span style=\"color: #19419b\">Par<\/span><\/td>\n<td style=\"text-align: center\"><span style=\"color: #19419b\">Par<\/span><\/td>\n<td style=\"text-align: center\"><span style=\"color: #19419b\">Par<\/span><\/td>\n<td style=\"text-align: center\"><span style=\"color: #19419b\">Par<\/span><\/td>\n<td style=\"text-align: center\"><span style=\"color: #19419b\">Par<\/span><\/td>\n<td style=\"text-align: center\"><span style=\"color: #19419b\">Par<\/span><\/td>\n     <\/tr>\n  <\/thead>\n\n  <tbody>\n\n<tr>\n<td style=\"text-align: center\"><span style=\"color: #19419b\">150 :<\/span><\/td>\n<td style=\"text-align: center\"><span style=\"color: #19419b\">300 :<\/span><\/td>\n<td style=\"text-align: center\"><span style=\"color: #19419b\">600 :<\/span><\/td>\n<td style=\"text-align: center\"><span style=\"color: #19419b\">1200 :<\/span><\/td>\n<td style=\"text-align: center\"><span style=\"color: #19419b\">2500 :<\/span><\/td>\n<td style=\"text-align: center\"><span style=\"color: #19419b\">5000 :<\/span><\/td>  \n<\/tr>\n\n<tr>\n<td style=\"text-align: center\"><span style=\"color: #19419b\"><b>2,626 \u20ac<b><\/span><\/td>\n<td style=\"text-align: center\"><span style=\"color: #19419b\"><b>2,446 \u20ac<b><\/span><\/td>\n<td style=\"text-align: center\"><span style=\"color: #19419b\"><b>2,298 \u20ac<b><\/span><\/td>\n<td style=\"text-align: center\"><span style=\"color: #19419b\"><b>2,190 \u20ac<b><\/span><\/td>\n<td style=\"text-align: center\"><span style=\"color: #19419b\"><b>2,144 \u20ac<b><\/span><\/td>\n<td style=\"text-align: center\"><span style=\"color: #19419b\"><b>2,092 \u20ac<b><\/span><\/td>  \n<\/tr>\n\n<tr>\n<td style=\"text-align: center\"><span style=\"color: #19419b\"><i>+ 88 \u20ac<\/i><\/span><\/td>\n<td style=\"text-align: center\"><span style=\"color: #19419b\"><i>+ 88 \u20ac<\/i><\/span><\/td>\n<td style=\"text-align: center\"><span style=\"color: #19419b\"><i>+ 88 \u20ac<\/i><\/span><\/td>\n<td style=\"text-align: center\"><span style=\"color: #19419b\"><i>+ 88 \u20ac<\/i><\/span><\/td>\n<td style=\"text-align: center\"><span style=\"color: #19419b\"><i>+ 88 \u20ac<\/i><\/span><\/td>\n<td style=\"text-align: center\"><span style=\"color: #19419b\"><i>+ 88 \u20ac<\/i><\/span><\/td> \n<\/tr>\n\n<tr>\n<td style=\"text-align: center\"><span style=\"color: #19419b\"><b>481,90 \u20ac<b><\/span><\/td>\n<td style=\"text-align: center\"><span style=\"color: #19419b\"><b>821,80 \u20ac<b><\/span><\/td>\n<td style=\"text-align: center\"><span style=\"color: #19419b\"><b>1466,80 \u20ac<b><\/span><\/td>\n<td style=\"text-align: center\"><span style=\"color: #19419b\"><b>2716,00 \u20ac<b><\/span><\/td>\n<td style=\"text-align: center\"><span style=\"color: #19419b\"><b>5448,00 \u20ac<b><\/span><\/td>\n<td style=\"text-align: center\"><span style=\"color: #19419b\"><b>10548,00 \u20ac<b><\/span><\/td>\n<\/tr>\n\n  <\/tbody>\n<\/table>\n\n\n\n<p>&nbsp;<p>\n\n\n\n<h3><span style=\"color: #1c4499\">Options de Personnalisation et Processus de Commande<\/span><\/h3>\n    <ol>\n        <li><strong>Personnalisation en Relief sur le Revers<\/strong> :\n            <ul>\n                <li><strong>Premi\u00e8re Commande<\/strong> : Co\u00fbt d&rsquo;outillage de 88 euros pour le nom, l&rsquo;adresse et le t\u00e9l\u00e9phone avec une typographie en \u00ab \u00c9criture B\u00e2ton \u00bb. Ce tarif comprend un lettrage standard.<\/li>\n                <li><strong>Renouvellement<\/strong> : Aucun frais pour les outillages d\u00e9j\u00e0 existants.<\/li>\n            <\/ul>\n        <\/li>\n        <li><strong>Marquage Sp\u00e9cial sur le Revers<\/strong> :\n            <ul>\n                <li>Pour l&rsquo;ajout d&rsquo;un logo ou d&rsquo;une typographie personnalis\u00e9e, le co\u00fbt est de 110 euros. Merci de nous consulter pour plus de d\u00e9tails.<\/li>\n            <\/ul>\n        <\/li>\n        <li><strong>Processus de Commande et Fabrication<\/strong> :\n            <ul>\n                <li>Chaque commande implique une communication proactive, incluant des appels t\u00e9l\u00e9phoniques et l&rsquo;\u00e9change d&rsquo;un Bon \u00e0 Tirer (BAT) valid\u00e9 avant le d\u00e9but de la fabrication.<\/li>\n                <li>Le d\u00e9lai de fabrication est estim\u00e9 entre 4 et 6 semaines.<\/li>\n            <\/ul>\n        <\/li>\n    <\/ol>\n\n\n\n<p>&nbsp;<p>\n\n\n\n<h4><span style=\"color: #19419b\">Prix Unitaire des Porte-Cl\u00e9s CHRYSLER CHRO151Svelours Renouvellement : <\/span><\/h4>\n\n\n\n<table class=\"table table-responsive table-hover table-bordered\">\n  <thead>\n    <tr class=\"table-primary\">\n<td style=\"text-align: center\"><span style=\"color: #19419b\">Par<\/span><\/td>\n<td style=\"text-align: center\"><span style=\"color: #19419b\">Par<\/span><\/td>\n<td style=\"text-align: center\"><span style=\"color: #19419b\">Par<\/span><\/td>\n<td style=\"text-align: center\"><span style=\"color: #19419b\">Par<\/span><\/td>\n<td style=\"text-align: center\"><span style=\"color: #19419b\">Par<\/span><\/td>\n<td style=\"text-align: center\"><span style=\"color: #19419b\">Par<\/span><\/td>\n     <\/tr>\n  <\/thead>\n\n  <tbody>\n\n <tr>\n<td style=\"text-align: center\"><span style=\"color: #19419b\">150 :<\/span><\/td>\n<td style=\"text-align: center\"><span style=\"color: #19419b\">300 :<\/span><\/td>\n<td style=\"text-align: center\"><span style=\"color: #19419b\">600 :<\/span><\/td>\n<td style=\"text-align: center\"><span style=\"color: #19419b\">1200 :<\/span><\/td>\n<td style=\"text-align: center\"><span style=\"color: #19419b\">2500 :<\/span><\/td>\n<td style=\"text-align: center\"><span style=\"color: #19419b\">5000 :<\/span><\/td>  \n <\/tr>\n\n<tr>\n<td style=\"text-align: center\"><span style=\"color: #19419b\"><b>2,626 \u20ac<b><\/span><\/td>\n<td style=\"text-align: center\"><span style=\"color: #19419b\"><b>2,446 \u20ac<b><\/span><\/td>\n<td style=\"text-align: center\"><span style=\"color: #19419b\"><b>2,298 \u20ac<b><\/span><\/td>\n<td style=\"text-align: center\"><span style=\"color: #19419b\"><b>2,190 \u20ac<b><\/span><\/td>\n<td style=\"text-align: center\"><span style=\"color: #19419b\"><b>2,144 \u20ac<b><\/span><\/td>\n<td style=\"text-align: center\"><span style=\"color: #19419b\"><b>2,092 \u20ac<b><\/span><\/td>  \n<\/tr>\n   \n\n<tr>\n<td style=\"text-align: center\"><span style=\"color: #19419b\"><b>393,80 \u20ac<b><\/span><\/td>\n<td style=\"text-align: center\"><span style=\"color: #19419b\"><b>733,80 \u20ac<b><\/span><\/td>\n<td style=\"text-align: center\"><span style=\"color: #19419b\"><b>1378,80 \u20ac<b><\/span><\/td>\n<td style=\"text-align: center\"><span style=\"color: #19419b\"><b>2628,80 \u20ac<b><\/span><\/td>\n<td style=\"text-align: center\"><span style=\"color: #19419b\"><b>5360,00 \u20ac<b><\/span><\/td>\n<td style=\"text-align: center\"><span style=\"color: #19419b\"><b>10460,00 \u20ac<b><\/span><\/td>\n<\/tr>\n\n  <\/tbody>\n<\/table>\n\n\n\n<p>&nbsp;<p>\n\n\n\n<h3><span style=\"color: #19419b\">Porte-Cl\u00e9s CHRYSLER CHRO151Svelours. Barrette Rectangle 1 couleur : <\/span><\/h3>\n\n\n\n<p>&nbsp;<p>\n\n\n\n<div class=\"wp-block-columns\">\n<div class=\"wp-block-column\">\n<figure class=\"wp-block-image aligncenter size-full\"><img data-recalc-dims=\"1\" fetchpriority=\"high\" decoding=\"async\" width=\"400\" height=\"500\" src=\"https:\/\/i0.wp.com\/drancourt.fr\/Shop\/wp-content\/uploads\/2023\/12\/Logo-Chrysler.webp?resize=400%2C500\" alt=\"\" class=\"wp-image-17828\" srcset=\"https:\/\/i0.wp.com\/drancourt.fr\/Shop\/wp-content\/uploads\/2023\/12\/Logo-Chrysler.webp?w=400&amp;ssl=1 400w, https:\/\/i0.wp.com\/drancourt.fr\/Shop\/wp-content\/uploads\/2023\/12\/Logo-Chrysler.webp?resize=240%2C300&amp;ssl=1 240w\" sizes=\"(max-width: 400px) 100vw, 400px\" \/><\/figure>\n<\/div>\n<div class=\"wp-block-column\">\n<div class=\"wp-block-group\">\n<div class=\"wp-block-group\">\n<h2 class=\"wp-block-heading\" id=\"block-80d37238-861c-4921-b650-550d4e855d0e\">Description<\/h2>\n<p id=\"block-b96fc4b1-0ffa-4724-8d2f-98c73e4b6f7b\"><strong><span style=\"color: #1c4499\">Velours M\u00e2t<\/span><\/strong><\/p>\n<ul id=\"block-feaf2cde-eab6-4b64-b323-c328005bda9e\">\n<li style=\"line-height:2\"><strong>CHRYSLER&nbsp; <\/strong> : CHRO151Svelours   <\/li>\n<li style=\"line-height:2\"><strong>Face<\/strong> : Bomb\u00e9e avec Logo 1 couleur.<\/li>\n<li style=\"line-height:2\"><strong>Verso<\/strong> : Plat.<\/li>\n\n<li style=\"line-height:2\"><strong>Revers<\/strong> : Texte en relief<\/li>\n<li style=\"line-height:2\"><strong>Finition<\/strong> : M\u00e9tal<\/li>\n<li style=\"line-height:2\"><strong>Gravure<\/strong> : 40 \u00e0 50 caract\u00e8res<\/li>\n<li style=\"line-height:2\"><strong>Gravure Sp\u00e9ciale<\/strong> : En Option<\/li>\n<\/ul>\n<\/div>\n<\/div>\n<\/div>\n<\/div>\n\n\n\n<div class=\"wp-block-group is-content-justification-right is-nowrap is-layout-flex wp-container-core-group-is-layout-17124a9a wp-block-group-is-layout-flex\">\r\n\t\t\t\t\r\n\t\t<a \r\n\t\t\t\r\n\t\t\tclass=\"block-fea04d89-1ca0-480c-9e4f-4064dd1d4bbf btn areoi-has-url position-relative btn-primary\"\r\n\t href=\"https:\/\/drancourt.fr\/Shop\/categorie-produit\/portes-cles-publicitaires-automobiles-personnalisables\/chrysler\/\" >\r\n\t\t\t\t\t\r\n\t\t\t\t\tAutres Portes-Cl\u00e9s CHRYSLER Personnalisables \r\n\t\t\t\t\t\r\n\t\t\t\t\t \r\n\t\t\t\t<\/a>\r\n\t\t\t<\/div>\n\n\n\n<p>&nbsp;<p>\n\n\n\r\n\t\t<div  class=\"block-b580172a-422d-4651-93c8-cae7c6f38423 accordion\">\r\n\t\t\t\n\r\n\t\t<div  class=\"block-59b35d03-1c84-4c2f-8526-b8188ce4f7f9 accordion-item\">\r\n\r\n\t\t\t<h3 \r\n\t\t\t\tclass=\"accordion-header\" \r\n\t\t\t\tid=\"block-59b35d03-1c84-4c2f-8526-b8188ce4f7f9-header\"\r\n\t\t\t>\r\n\t\t\t\t<button \r\n\t\t\t\t\tclass=\"accordion-button collapsed\" \r\n\t\t\t\t\ttype=\"button\" \r\n\t\t\t\t\tdata-bs-toggle=\"collapse\" \r\n\t\t\t\t\tdata-bs-target=\"#block-59b35d03-1c84-4c2f-8526-b8188ce4f7f9-collapse\" \r\n\t\t\t\t\taria-expanded=\"false\" \r\n\t\t\t\t\taria-controls=\"block-59b35d03-1c84-4c2f-8526-b8188ce4f7f9-collapse\"\r\n\t\t\t\t>\r\n\t\t\t\t\t<strong><em>Vos Principales Questions :<\/em><\/strong>\r\n\t\t\t\t<\/button>\r\n\t\t\t<\/h3>\r\n\r\n\t\t\t<div \r\n\t\t\t\tid=\"block-59b35d03-1c84-4c2f-8526-b8188ce4f7f9-collapse\" \r\n\t\t\t\tclass=\"accordion-collapse collapse\" \r\n\t\t\t\taria-labelledby=\"block-59b35d03-1c84-4c2f-8526-b8188ce4f7f9-header\"\r\n\t\t\t\tdata-bs-parent=\".block-b580172a-422d-4651-93c8-cae7c6f38423\"\r\n\t\t\t>\r\n\t\t\t\t<div class=\"accordion-body\">\r\n\t\t\t\t\t\n\n<p>\u00ab\u00a0<em>Je recherche des portes-cl\u00e9s personnalisables CHRYSLER qui refl\u00e8tent vraiment l&rsquo;image de mon \u00e9tablissement, mais je suis pr\u00e9occup\u00e9 par le fait que les options de personnalisation ne r\u00e9pondent pas pleinement aux besoins de mon image de marque.<\/em>\u00ab\u00a0<\/p>\n\n\n\n<div class=\"wp-block-group is-content-justification-right is-nowrap is-layout-flex wp-container-core-group-is-layout-17124a9a wp-block-group-is-layout-flex\">\r\n\t\t\t\t\r\n\t\t<a \r\n\t\t\t\r\n\t\t\tclass=\"block-cea57816-940b-4fab-ad97-6d3091704bea btn areoi-has-url position-relative btn-primary\"\r\n\t href=\"https:\/\/drancourt.fr\/Shop\/2024\/02\/21\/des-portes-cles-personnalisables-qui-refletent-vraiment-limage-de-mon-etablissement\/\" >\r\n\t\t\t\t\t\r\n\t\t\t\t\tEn savoir plus \r\n\t\t\t\t\t\r\n\t\t\t\t\t \r\n\t\t\t\t<\/a>\r\n\t\t\t<\/div>\n\n\n\n<p>&nbsp;<p>\n\n\n\n<p>\u00ab\u00a0<em>J&rsquo;aimerais utiliser des portes-cl\u00e9s <em><em><em><em>CHRYSLER<\/em><\/em><\/em><\/em> comme outil de promotion, mais je crains que les d\u00e9lais de livraison ne compromettent l&rsquo;efficacit\u00e9 de ma campagne marketing.<\/em>\u00ab\u00a0<\/p>\n\n\n\n<div class=\"wp-block-group is-content-justification-right is-nowrap is-layout-flex wp-container-core-group-is-layout-17124a9a wp-block-group-is-layout-flex\">\r\n\t\t\t\t\r\n\t\t<a \r\n\t\t\t\r\n\t\t\tclass=\"block-3c478ddf-e61b-4ef7-b894-5c610a9c80c3 btn areoi-has-url position-relative btn-primary\"\r\n\t href=\"https:\/\/drancourt.fr\/Shop\/2024\/02\/21\/assurez-le-succes-de-votre-campagne-marketing-avec-nos-porte-cles-personnalises\/\" >\r\n\t\t\t\t\t\r\n\t\t\t\t\tEn savoir plus \r\n\t\t\t\t\t\r\n\t\t\t\t\t \r\n\t\t\t\t<\/a>\r\n\t\t\t<\/div>\n\n\n\n<p>&nbsp;<p>\n\n\n\n<p>\u00ab\u00a0<em>Je cherche des portes-cl\u00e9s <em><em><em><em>CHRYSLER<\/em><\/em><\/em><\/em> grav\u00e9s avec le nom de mon garage, mais je me demande si le processus de commande sera trop compliqu\u00e9 ou chronophage, \u00e9tant donn\u00e9 mes autres responsabilit\u00e9s professionnelles.<\/em>\u00ab\u00a0<\/p>\n\n\n\n<div class=\"wp-block-group is-content-justification-right is-nowrap is-layout-flex wp-container-core-group-is-layout-17124a9a wp-block-group-is-layout-flex\">\r\n\t\t\t\t\r\n\t\t<a \r\n\t\t\t\r\n\t\t\tclass=\"block-ab99c9a2-c267-4ca2-a019-88d37cc3194b btn areoi-has-url position-relative btn-primary\"\r\n\t href=\"https:\/\/drancourt.fr\/Shop\/2024\/02\/21\/simplifiez-vos-commandes-de-portes-cles-graves-avec-drancourt-sarl\/\" >\r\n\t\t\t\t\t\r\n\t\t\t\t\tEn savoir plus \r\n\t\t\t\t\t\r\n\t\t\t\t\t \r\n\t\t\t\t<\/a>\r\n\t\t\t<\/div>\n\n \r\n\t\t\t\t<\/div>\r\n\t\t\t<\/div>\r\n\t\t<\/div>\r\n\t\n \r\n\t\t<\/div>\r\n\t\n\n\n<p>&nbsp;<p>\n<hr>\n<p>&nbsp;<p>\n<p><h5 style=\"text-align:center\"><a href=\"https:\/\/app.popt.in\/APIRequest\/click\/6b337d5ed8527\"><span style=\"color: #c50039\">Toute la gamme CHRYSLER (<i>Pdf : 1,5 Mo<\/i>)<\/span><\/a><\/h5><\/p>\n<p>&nbsp;<p>\n<hr>\n\n\n\n<!-- UseStrict's Calendly Embedder - Calendly popup widget start -->\n<div id=\"wpcalel-calendly-popup-1\"\n\tdata-wpcalel-type=\"popup\"\n\tdata-wpcalel-url=\"https:\/\/calendly.com\/drancourtservice\/\"\n\tdata-wpcalel-prefill=\"false\"\n\tdata-wpcalel-query-str=\"false\"\n\tdata-wpcalel-text=\"Programmer un RDV avec Nous\"\n\tdata-wpcalel-color=\"#1c4499\"\n\tdata-wpcalel-textColor=\"#ffffff\"\n\tdata-wpcalel-branding=\"false\"\n\t\t\t\t\t\t\t\t\t\t\t\t\t\t\t\t\t\t\t\t\t\t\t\t\t\t\t\t\t\t\t\t\t\t\t\t\t\t\t\t\t\t\t\t\t\t\t\t\t\t\t\t\t \n><\/div>\n<!-- UseStrict's Calendly Embedder - Calendly popup widget end -->\n\n\t\t\t\n","protected":false},"excerpt":{"rendered":"<p>Le porte-cl\u00e9s Chrysler CHRO151S en velours personnalisable allie \u00e9l\u00e9gance et fonctionnalit\u00e9. Id\u00e9al pour les professionnels, il offre une touche de luxe tout en permettant une personnalisation unique. Parfait pour les cadeaux d&rsquo;affaires ou comme accessoire quotidien raffin\u00e9.<\/p>\n","protected":false},"featured_media":17839,"comment_status":"open","ping_status":"closed","template":"","meta":{"content-type":"","om_disable_all_campaigns":false,"_monsterinsights_skip_tracking":false,"_monsterinsights_sitenote_active":false,"_monsterinsights_sitenote_note":"","_monsterinsights_sitenote_category":0,"_uf_show_specific_survey":0,"_uf_disable_surveys":false},"product_brand":[],"product_cat":[209,29],"product_tag":[230],"class_list":{"0":"post-17831","1":"product","2":"type-product","3":"status-publish","4":"has-post-thumbnail","6":"product_cat-porte-cles-chrysler","7":"product_cat-portes-cles-personnalises","8":"product_tag-portes-cles-chrysler","10":"first","11":"instock","12":"taxable","13":"shipping-taxable","14":"purchasable","15":"product-type-variable","16":"has-default-attributes"},"aioseo_notices":[],"jetpack_sharing_enabled":true,"_links":{"self":[{"href":"https:\/\/drancourt.fr\/Shop\/wp-json\/wp\/v2\/product\/17831","targetHints":{"allow":["GET"]}}],"collection":[{"href":"https:\/\/drancourt.fr\/Shop\/wp-json\/wp\/v2\/product"}],"about":[{"href":"https:\/\/drancourt.fr\/Shop\/wp-json\/wp\/v2\/types\/product"}],"replies":[{"embeddable":true,"href":"https:\/\/drancourt.fr\/Shop\/wp-json\/wp\/v2\/comments?post=17831"}],"wp:featuredmedia":[{"embeddable":true,"href":"https:\/\/drancourt.fr\/Shop\/wp-json\/wp\/v2\/media\/17839"}],"wp:attachment":[{"href":"https:\/\/drancourt.fr\/Shop\/wp-json\/wp\/v2\/media?parent=17831"}],"wp:term":[{"taxonomy":"product_brand","embeddable":true,"href":"https:\/\/drancourt.fr\/Shop\/wp-json\/wp\/v2\/product_brand?post=17831"},{"taxonomy":"product_cat","embeddable":true,"href":"https:\/\/drancourt.fr\/Shop\/wp-json\/wp\/v2\/product_cat?post=17831"},{"taxonomy":"product_tag","embeddable":true,"href":"https:\/\/drancourt.fr\/Shop\/wp-json\/wp\/v2\/product_tag?post=17831"}],"curies":[{"name":"wp","href":"https:\/\/api.w.org\/{rel}","templated":true}]}}