{"id":18197,"date":"2023-12-08T12:44:09","date_gmt":"2023-12-08T11:44:09","guid":{"rendered":"http:\/\/drancourt.fr\/Shop\/?post_type=product&#038;p=18197"},"modified":"2024-03-23T16:14:39","modified_gmt":"2024-03-23T15:14:39","slug":"porte-cles-ford-for160s-personnalisables-elegance-asymetrique-en-metal-pur","status":"publish","type":"product","link":"https:\/\/drancourt.fr\/Shop\/produit\/porte-cles-ford-for160s-personnalisables-elegance-asymetrique-en-metal-pur\/","title":{"rendered":"Porte-Cl\u00e9s FORD FOR160S Personnalisables. \u00c9l\u00e9gance Asym\u00e9trique en M\u00e9tal Pur"},"content":{"rendered":"\n<script type=\"application\/ld+json\">\n{\n  \"@context\": \"https:\/\/schema.org\/\",\n  \"@type\": \"Product\",\n  \"name\": \"Porte-Cl\u00e9s FORD FOR160S Personnalisables. \u00c9l\u00e9gance Asym\u00e9trique en M\u00e9tal Pur\",\n  \"image\": \"https:\/\/drancourt.fr\/Shop\/wp-content\/uploads\/2023\/12\/Porte-cles-Ford-FOR160S-3.webp\",\n  \"description\": \"Porte-cl\u00e9s Ford R\u00e9f\u00e9rence : FOR160S Personnalisable, en M\u00e9tal. Symbole de Distinction pour votre \u00c9tablissement.\",\n  \"brand\": {\n    \"@type\": \"Brand\",\n    \"name\": \"FORD\"\n\n  },\n  \"sku\": \"FOR160S\",\n  \"offers\": {\n    \"@type\": \"AggregateOffer\",\n    \"url\": \"https:\/\/drancourt.fr\/Shop\/produit\/porte-cles-ford-for160s-personnalisables-elegance-asymetrique-en-metal-pur\/\",\n    \"priceCurrency\": \"EUR\",\n    \"lowPrice\": \"264.20\",\n    \"highPrice\": \"6088.00\",\n    \"offerCount\": \"6\",\n    \"priceSpecification\": [\n      {\n        \"@type\": \"UnitPriceSpecification\",\n        \"description\": \"Tarif pour la premi\u00e8re commande : 150 unit\u00e9s\",\n        \"price\": \"352.00\",\n        \"priceCurrency\": \"EUR\",\n        \"eligibleQuantity\": {\n          \"@type\": \"QuantitativeValue\",\n          \"value\": 150\n        }\n         },\n\t\t{\n        \"@type\": \"UnitPriceSpecification\",\n        \"description\": \"Tarif pour la premi\u00e8re commande : 300 unit\u00e9s\",\n        \"price\": \"604.00\",\n        \"priceCurrency\": \"EUR\",\n        \"eligibleQuantity\": {\n          \"@type\": \"QuantitativeValue\",\n          \"value\": 300\n       }\n\t  },\n\t\t{\n        \"@type\": \"UnitPriceSpecification\",\n        \"description\": \"Tarif pour la premi\u00e8re commande : 600 unit\u00e9s\",\n        \"price\": \"916.00\",\n        \"priceCurrency\": \"EUR\",\n        \"eligibleQuantity\": {\n          \"@type\": \"QuantitativeValue\",\n          \"value\": 600\n        }\n\t\t },\n\t\t{\n        \"@type\": \"UnitPriceSpecification\",\n        \"description\": \"Tarif pour la premi\u00e8re commande : 1200 unit\u00e9s\",\n        \"price\": \"1672.00\",\n        \"priceCurrency\": \"EUR\",\n        \"eligibleQuantity\": {\n          \"@type\": \"QuantitativeValue\",\n          \"value\": 1200\n       }\n\t\t},\n\t\t{\n        \"@type\": \"UnitPriceSpecification\",\n        \"description\": \"Tarif pour la premi\u00e8re commande : 2500 unit\u00e9s\",\n        \"price\": \"3238.00\",\n        \"priceCurrency\": \"EUR\",\n        \"eligibleQuantity\": {\n          \"@type\": \"QuantitativeValue\",\n          \"value\": 2500\n       }\n\t\t},\n\t\t{\n        \"@type\": \"UnitPriceSpecification\",\n        \"description\": \"Tarif pour la premi\u00e8re commande : 5000 unit\u00e9s\",\n        \"price\": \"6088.00\",\n        \"priceCurrency\": \"EUR\",\n        \"eligibleQuantity\": {\n          \"@type\": \"QuantitativeValue\",\n          \"value\": 5000\n       }\n\t\t},\n\t\t{\n\t\t\t\"@type\": \"UnitPriceSpecification\",\n\t\t\t\"description\": \"Tarif pour la 2\u00e8me commande : 150 unit\u00e9s\",\n\t\t\t\"price\": \"264.20\",\n\t\t\t\"priceCurrency\": \"EUR\",\n\t\t\t\"eligibleQuantity\": {\n\t\t\t\"@type\": \"QuantitativeValue\",\n\t\t\t\t\"value\": 150\n \t}\n\t},\n{\n  \"@type\": \"UnitPriceSpecification\",\n  \"description\": \"Tarif pour la 2\u00e8me commande : 300 unit\u00e9s\",\n  \"price\": \"516.00\",\n  \"priceCurrency\": \"EUR\",\n  \"eligibleQuantity\": {\n    \"@type\": \"QuantitativeValue\",\n    \"value\": 300\n  }\n\t},\n{\n  \"@type\": \"UnitPriceSpecification\",\n  \"description\": \"Tarif pour la 2\u00e8me commande : 600 unit\u00e9s\",\n  \"price\": \"828.00\",\n  \"priceCurrency\": \"EUR\",\n  \"eligibleQuantity\": {\n    \"@type\": \"QuantitativeValue\",\n    \"value\": 600\n  }\n\t},\n{\n  \"@type\": \"UnitPriceSpecification\",\n  \"description\": \"Tarif pour la 2\u00e8me commande : 1200 unit\u00e9s\",\n  \"price\": \"1584.00\",\n  \"priceCurrency\": \"EUR\",\n  \"eligibleQuantity\": {\n    \"@type\": \"QuantitativeValue\",\n    \"value\": 1200\n }\n},\n{\n  \"@type\": \"UnitPriceSpecification\",\n  \"description\": \"Tarif pour la 2\u00e8me commande : 2500 unit\u00e9s\",\n  \"price\": \"3150.00\",\n  \"priceCurrency\": \"EUR\",\n  \"eligibleQuantity\": {\n    \"@type\": \"QuantitativeValue\",\n    \"value\": 2500\n }\n},\n{\n  \"@type\": \"UnitPriceSpecification\",\n  \"description\": \"Tarif pour la 2\u00e8me commande : 5000 unit\u00e9s\",\n  \"price\": \"6000.00\",\n  \"priceCurrency\": \"EUR\",\n  \"eligibleQuantity\": {\n    \"@type\": \"QuantitativeValue\",\n    \"value\": 5000\n  }\n      }\n      \n    ],\n    \"itemCondition\": \"https:\/\/schema.org\/NewCondition\",\n    \"availability\": \"https:\/\/schema.org\/InStock\",\n    \"seller\": {\n      \"@type\": \"Organization\",\n      \"name\": \"Drancourt\"\n    }\n  }\n}\n\n<\/script>\n\n\n\n<h3><span style=\"color: #19419b\"><strong>FORD FOR160S : <i>Quand Design Asym\u00e9trique et M\u00e9tal Se Fusionnent<\/i><\/strong><\/span><\/h3>\n\n\n\n<div class=\"container\">\n            <div class=\"row align-items-center\">\n               <div class=\"col-10\">\n<p>Le <strong>porte-cl\u00e9s publicitaires Ford FOR160S<\/strong> incarne une fusion parfaite de design asym\u00e9trique et de m\u00e9tal, offrant un accessoire de choix pour les professionnels du secteur automobile. Son esth\u00e9tique unique symbolise l&rsquo;innovation et le raffinement.<\/p>\n\n<p>Ces porte-cl\u00e9s Ford personnalisables sont plus qu&rsquo;un simple gadget ; ils sont une extension de votre marque. Chaque d\u00e9tail du FOR160S a \u00e9t\u00e9 pens\u00e9 pour mettre en valeur votre <strong>logo et votre message<\/strong>, le rendant id\u00e9al pour se d\u00e9marquer. <em>Demandez-nous vite un devis personnalis\u00e9<\/em> pour commencer votre commande sur mesure.<\/p>\n\n<p>Les porte-cl\u00e9s promotionnels Ford FOR160S, avec <strong>leur design asym\u00e9trique en m\u00e9tal<\/strong>, sont con\u00e7us pour attirer l&rsquo;attention. Profitez de notre offre d\u00e8s <em>150 pi\u00e8ces grav\u00e9es<\/em> avec une <em>grille tarifaire d\u00e9gressive<\/em>, offrant une solution promotionnelle efficace et \u00e9l\u00e9gante.<\/p>\n\n<p>Chaque porte-cl\u00e9s avec logo Ford FOR160S est un chef-d&rsquo;\u0153uvre de conception. Ce n&rsquo;est pas seulement un porte-cl\u00e9s, c&rsquo;est un t\u00e9moignage de la qualit\u00e9 et de l&rsquo;attention aux d\u00e9tails qui caract\u00e9risent votre entreprise.<\/p>\n\n<p>Opter pour les porte-cl\u00e9s de qualit\u00e9 Ford FOR160S, signifie choisir un produit qui allie <strong>esth\u00e9tique et durabilit\u00e9<\/strong>. Ils repr\u00e9sentent le summum de l&rsquo;\u00e9l\u00e9gance fonctionnelle dans l&rsquo;univers automobile.<\/p>\n\n\n<\/div>\n             \n                <div class=\"col-2\"><figure><img data-recalc-dims=\"1\" decoding=\"async\" src=\"https:\/\/i0.wp.com\/drancourt.fr\/Shop\/wp-content\/uploads\/2024\/02\/Logo-Ford-2.png?ssl=1\" alt=\"Logo Ford\" style=\"width:200px; height:auto\" class=\"img-thumbnail\"><\/figure><\/div>\n            <\/div>\n        <\/div>\n\n\n\n<p>&nbsp;<p>\n<hr>\n<p>&nbsp;<p>\n<div class=\"wp-block-columns is-not-stacked-on-mobile aro-price shop-by-cat justify-content-center\">\n\n<div class=\"wp-block-column col-3\">\n<figure class=\"wp-block-image aligncenter size-full is-resized rounded mx-auto d-block\"><a href=\"\"><img data-recalc-dims=\"1\" decoding=\"async\" src=\"https:\/\/i0.wp.com\/drancourt.fr\/Shop\/wp-content\/uploads\/2024\/02\/tarif-degessif.png?ssl=1\" alt=\"Tarifs D\u00e9gressifs\" class=\"wp-image-6825\" style=\"object-fit:cover;width:64px;height:64px\"\/><\/a><\/figure>\n<h2 class=\"wp-block-heading has-text-align-center\" style=\"margin-top:var(--wp--preset--spacing--40);font-size:20px;font-style:normal;font-weight:500;line-height:1.2\"><a href=\"\"><span style=\"color: #1c4499\">Tarifs D\u00e9gressifs<\/span><\/a><\/h2>\n<\/div>\n\n<div class=\"wp-block-column col-3\">\n<figure class=\"wp-block-image aligncenter size-full is-resized rounded mx-auto d-block\"><a href=\"\"><img data-recalc-dims=\"1\" decoding=\"async\" src=\"https:\/\/i0.wp.com\/drancourt.fr\/Shop\/wp-content\/uploads\/2024\/02\/a-votre-ecoute.png?ssl=1\" alt=\"A votre \u00e9coute\" class=\"wp-image-6825\" style=\"object-fit:cover;width:64px;height:64px\"\/><\/a><\/figure>\n<h2 class=\"wp-block-heading has-text-align-center\" style=\"margin-top:var(--wp--preset--spacing--40);font-size:20px;font-style:normal;font-weight:500;line-height:1.2\"><a href=\"\"><span style=\"color: #1c4499\">A votre \u00c9coute<\/span><\/a><\/h2>\n<\/div>\n\n<div class=\"wp-block-column col-3\">\n<figure class=\"wp-block-image aligncenter size-full is-resized rounded mx-auto d-block\"><a href=\"\"><img data-recalc-dims=\"1\" decoding=\"async\" width=\"64\" height=\"64\" src=\"https:\/\/i0.wp.com\/drancourt.fr\/Shop\/wp-content\/uploads\/2023\/11\/icone-porte-cles.png?resize=64%2C64\" alt=\"\" class=\"wp-image-6826\" style=\"object-fit:cover;width:64px;height:64px\"\/><\/a><\/figure>\n<h2 class=\"wp-block-heading has-text-align-center\" style=\"margin-top:var(--wp--preset--spacing--40);font-size:20px;font-style:normal;font-weight:500;line-height:1.2\"><a href=\"\"><span style=\"color: #1c4499\">Porte-Cl\u00e9s Personnalisables<\/span><\/a><\/h2>\n<\/div>\n\n\n\n<div class=\"wp-block-column col-3\">\n<figure class=\"wp-block-image aligncenter size-full is-resized rounded mx-auto d-block\"><a href=\"\"><img data-recalc-dims=\"1\" decoding=\"async\" src=\"https:\/\/i0.wp.com\/drancourt.fr\/Shop\/wp-content\/uploads\/2024\/02\/devis-en-ligne.png?ssl=1\" alt=\"Devis en ligne\" class=\"wp-image-6827\" style=\"object-fit:cover;width:64px;height:64px\"\/><\/a><\/figure>\n<h2 class=\"wp-block-heading has-text-align-center\" style=\"margin-top:var(--wp--preset--spacing--40);font-size:20px;font-style:normal;font-weight:500;line-height:1.2\"><a href=\"Devis en Ligne\"><span style=\"color: #1c4499\">Devis en Ligne<\/span><\/a><\/h2>\n<\/div>\n\n\n\n<\/div>\n<hr>\n<p>&nbsp;<p>\n\n\n\n<h4><span style=\"color: #19419b\">Prix Unitaire des Porte-Cl\u00e9s FORD FOR160S <strong>1<sup>ere<\/sup> Gravure<\/strong> : <\/span><\/h4>\n\n\n\n<table class=\"table table-responsive table-hover table-bordered\">\n  <thead>\n     <tr class=\"table-primary\">\n<td style=\"text-align: center\"><span style=\"color: #19419b\">Par<\/span><\/td>\n<td style=\"text-align: center\"><span style=\"color: #19419b\">Par<\/span><\/td>\n<td style=\"text-align: center\"><span style=\"color: #19419b\">Par<\/span><\/td>\n<td style=\"text-align: center\"><span style=\"color: #19419b\">Par<\/span><\/td>\n<td style=\"text-align: center\"><span style=\"color: #19419b\">Par<\/span><\/td>\n<td style=\"text-align: center\"><span style=\"color: #19419b\">Par<\/span><\/td>\n     <\/tr>\n  <\/thead>\n\n  <tbody>\n\n    <tr>\n  \n   \n<td style=\"text-align: center\"><span style=\"color: #19419b\">150 :<\/span><\/td>\n<td style=\"text-align: center\"><span style=\"color: #19419b\">300 :<\/span><\/td>\n<td style=\"text-align: center\"><span style=\"color: #19419b\">600 :<\/span><\/td>\n<td style=\"text-align: center\"><span style=\"color: #19419b\">1200 :<\/span><\/td>\n<td style=\"text-align: center\"><span style=\"color: #19419b\">2500 :<\/span><\/td>\n<td style=\"text-align: center\"><span style=\"color: #19419b\">5000 :<\/span><\/td>  \n\n    <\/tr>\n\n    <tr>\n \n<td style=\"text-align: center\"><span style=\"color: #19419b\"><b>1,76 \u20ac<b><\/b><\/b><\/span><\/td>\n<td style=\"text-align: center\"><span style=\"color: #19419b\"><b>1,72 \u20ac<b><\/b><\/b><\/span><\/td>\n<td style=\"text-align: center\"><span style=\"color: #19419b\"><b>1,38 \u20ac<b><\/b><\/b><\/span><\/td>\n<td style=\"text-align: center\"><span style=\"color: #19419b\"><b>1,32 \u20ac<b><\/b><\/b><\/span><\/td>\n<td style=\"text-align: center\"><span style=\"color: #19419b\"><b>1,26 \u20ac<b><\/b><\/b><\/span><\/td>\n<td style=\"text-align: center\"><span style=\"color: #19419b\"><b>1,20 \u20ac<b><\/b><\/b><\/span><\/td>  \n\n    <\/tr>\n\n    <tr>\n \n    \n<td style=\"text-align: center\"><span style=\"color: #19419b\"><i>+ 88 \u20ac<\/i><\/span><\/td>\n<td style=\"text-align: center\"><span style=\"color: #19419b\"><i>+ 88 \u20ac<\/i><\/span><\/td>\n<td style=\"text-align: center\"><span style=\"color: #19419b\"><i>+ 88 \u20ac<\/i><\/span><\/td>\n<td style=\"text-align: center\"><span style=\"color: #19419b\"><i>+ 88 \u20ac<\/i><\/span><\/td>\n<td style=\"text-align: center\"><span style=\"color: #19419b\"><i>+ 88 \u20ac<\/i><\/span><\/td>\n<td style=\"text-align: center\"><span style=\"color: #19419b\"><i>+ 88 \u20ac<\/i><\/span><\/td> \n\n    <\/tr>\n\n<tr>\n\n\n<td style=\"text-align: center\"><span style=\"color: #19419b\"><b>352,00 \u20ac<b><\/b><\/b><\/span><\/td>\n<td style=\"text-align: center\"><span style=\"color: #19419b\"><b>604,00 \u20ac<b><\/b><\/b><\/span><\/td>\n<td style=\"text-align: center\"><span style=\"color: #19419b\"><b>916,00 \u20ac<b><\/b><\/b><\/span><\/td>\n<td style=\"text-align: center\"><span style=\"color: #19419b\"><b>1672,00 \u20ac<b><\/b><\/b><\/span><\/td>\n<td style=\"text-align: center\"><span style=\"color: #19419b\"><b>3238,00 \u20ac<b><\/b><\/b><\/span><\/td>\n<td style=\"text-align: center\"><span style=\"color: #19419b\"><b>6088,00 \u20ac<b><\/b><\/b><\/span><\/td>\n<\/tr>\n\n  <\/tbody>\n<\/table>\n\n\n\n<p>&nbsp;<p>\n\n\n\n<h3><span style=\"color: #1c4499\">Options de Personnalisation et Processus de Commande<\/span><\/h3>\n    <ol>\n        <li><strong>Personnalisation en Relief sur le Revers<\/strong> :\n            <ul>\n                <li><strong>Premi\u00e8re Commande<\/strong> : Co\u00fbt d&rsquo;outillage de 88 euros pour le nom, l&rsquo;adresse et le t\u00e9l\u00e9phone avec une typographie en \u00ab \u00c9criture B\u00e2ton \u00bb. Ce tarif comprend un lettrage standard.<\/li>\n                <li><strong>Renouvellement<\/strong> : Aucun frais pour les outillages d\u00e9j\u00e0 existants.<\/li>\n            <\/ul>\n        <\/li>\n        <li><strong>Marquage Sp\u00e9cial sur le Revers<\/strong> :\n            <ul>\n                <li>Pour l&rsquo;ajout d&rsquo;un logo ou d&rsquo;une typographie personnalis\u00e9e, le co\u00fbt est de 110 euros. Merci de nous consulter pour plus de d\u00e9tails.<\/li>\n            <\/ul>\n        <\/li>\n        <li><strong>Processus de Commande et Fabrication<\/strong> :\n            <ul>\n                <li>Chaque commande implique une communication proactive, incluant des appels t\u00e9l\u00e9phoniques et l&rsquo;\u00e9change d&rsquo;un Bon \u00e0 Tirer (BAT) valid\u00e9 avant le d\u00e9but de la fabrication.<\/li>\n                <li>Le d\u00e9lai de fabrication est estim\u00e9 entre 4 et 6 semaines.<\/li>\n            <\/ul>\n        <\/li>\n    <\/ol>\n\n\n\n<p>&nbsp;<p>\n\n\n\n<h4><span style=\"color: #19419b\">Prix Unitaire des Porte-Cl\u00e9s FORD FOR160S <strong>Renouvellement<\/strong> : <\/span><\/h4>\n\n\n\n<table class=\"table table-responsive table-hover table-bordered\">\n  <thead>\n    <tr class=\"table-primary\">\n<td style=\"text-align: center\"><span style=\"color: #19419b\">Par<\/span><\/td>\n<td style=\"text-align: center\"><span style=\"color: #19419b\">Par<\/span><\/td>\n<td style=\"text-align: center\"><span style=\"color: #19419b\">Par<\/span><\/td>\n<td style=\"text-align: center\"><span style=\"color: #19419b\">Par<\/span><\/td>\n<td style=\"text-align: center\"><span style=\"color: #19419b\">Par<\/span><\/td>\n<td style=\"text-align: center\"><span style=\"color: #19419b\">Par<\/span><\/td>\n     <\/tr>\n  <\/thead>\n\n  <tbody>\n\n    <tr>\n  \n   \n<td style=\"text-align: center\"><span style=\"color: #19419b\">150 :<\/span><\/td>\n<td style=\"text-align: center\"><span style=\"color: #19419b\">300 :<\/span><\/td>\n<td style=\"text-align: center\"><span style=\"color: #19419b\">600 :<\/span><\/td>\n<td style=\"text-align: center\"><span style=\"color: #19419b\">1200 :<\/span><\/td>\n<td style=\"text-align: center\"><span style=\"color: #19419b\">2500 :<\/span><\/td>\n<td style=\"text-align: center\"><span style=\"color: #19419b\">5000 :<\/span><\/td>  \n\n    <\/tr>\n\n   <tr>\n \n<td style=\"text-align: center\"><span style=\"color: #19419b\"><b>1,76 \u20ac<b><\/b><\/b><\/span><\/td>\n<td style=\"text-align: center\"><span style=\"color: #19419b\"><b>1,72 \u20ac<b><\/b><\/b><\/span><\/td>\n<td style=\"text-align: center\"><span style=\"color: #19419b\"><b>1,38 \u20ac<b><\/b><\/b><\/span><\/td>\n<td style=\"text-align: center\"><span style=\"color: #19419b\"><b>1,32 \u20ac<b><\/b><\/b><\/span><\/td>\n<td style=\"text-align: center\"><span style=\"color: #19419b\"><b>1,26 \u20ac<b><\/b><\/b><\/span><\/td>\n<td style=\"text-align: center\"><span style=\"color: #19419b\"><b>1,20 \u20ac<b><\/b><\/b><\/span><\/td>  \n\n    <\/tr>\n\n   \n\n<tr>\n\n\n<td style=\"text-align: center\"><span style=\"color: #19419b\"><b>264,20 \u20ac<b><\/b><\/b><\/span><\/td>\n<td style=\"text-align: center\"><span style=\"color: #19419b\"><b>516,00 \u20ac<b><\/b><\/b><\/span><\/td>\n<td style=\"text-align: center\"><span style=\"color: #19419b\"><b>828,00 \u20ac<b><\/b><\/b><\/span><\/td>\n<td style=\"text-align: center\"><span style=\"color: #19419b\"><b>1584,00 \u20ac<b><\/b><\/b><\/span><\/td>\n<td style=\"text-align: center\"><span style=\"color: #19419b\"><b>3150,00 \u20ac<b><\/b><\/b><\/span><\/td>\n<td style=\"text-align: center\"><span style=\"color: #19419b\"><b>6000,00 \u20ac<b><\/b><\/b><\/span><\/td>\n<\/tr>\n\n  <\/tbody>\n<\/table>\n\n\n\n<p>&nbsp;<p>\n\n\n\n<h3><span style=\"color: #19419b\">Porte-Cl\u00e9s FORD FOR160S. Asym\u00e9trique Design Tout M\u00e9tal : <\/span><\/h3>\n\n\n\n<p>&nbsp;<p>\n\n\n\n<div class=\"wp-block-columns\">\n<div class=\"wp-block-column\">\n<figure class=\"wp-block-image aligncenter size-full\"><img data-recalc-dims=\"1\" fetchpriority=\"high\" decoding=\"async\" width=\"400\" height=\"500\" src=\"https:\/\/i0.wp.com\/drancourt.fr\/Shop\/wp-content\/uploads\/2023\/12\/Logo-Ford.webp?resize=400%2C500\" alt=\"Logo Ford\" class=\"wp-image-18141\" srcset=\"https:\/\/i0.wp.com\/drancourt.fr\/Shop\/wp-content\/uploads\/2023\/12\/Logo-Ford.webp?w=400&amp;ssl=1 400w, https:\/\/i0.wp.com\/drancourt.fr\/Shop\/wp-content\/uploads\/2023\/12\/Logo-Ford.webp?resize=240%2C300&amp;ssl=1 240w\" sizes=\"(max-width: 400px) 100vw, 400px\" \/><\/figure>\n<\/div>\n<div class=\"wp-block-column\">\n<div class=\"wp-block-group\">\n<div class=\"wp-block-group\">\n<h2 class=\"wp-block-heading\" id=\"block-80d37238-861c-4921-b650-550d4e855d0e\">Description<\/h2>\n<p id=\"block-b96fc4b1-0ffa-4724-8d2f-98c73e4b6f7b\"><strong><span style=\"color: #1c4499\">Tout M\u00e9tal<\/span><\/strong><\/p>\n<ul id=\"block-feaf2cde-eab6-4b64-b323-c328005bda9e\">\n<li style=\"line-height:2\"><strong>FORD <\/strong> : FOR160S<\/li>\n<li style=\"line-height:2\"><strong>Face<\/strong> : Asym\u00e9trique&nbsp;Design Tout M\u00e9tal.<\/li>\n\n<li style=\"line-height:2\"><strong>Revers<\/strong> : Texte en relief<\/li>\n<li style=\"line-height:2\"><strong>Finition<\/strong> : M\u00e9tal<\/li>\n<li style=\"line-height:2\"><strong>Gravure<\/strong> : 40 \u00e0 50 caract\u00e8res<\/li>\n<li style=\"line-height:2\"><strong>Gravure Sp\u00e9ciale<\/strong> : En Option<\/li>\n<\/ul>\n<\/div>\n<\/div>\n<\/div>\n<\/div>\n\n\n\n<div class=\"wp-block-group is-content-justification-right is-nowrap is-layout-flex wp-container-core-group-is-layout-17124a9a wp-block-group-is-layout-flex\">\r\n\t\t\t\t\r\n\t\t<a \r\n\t\t\t\r\n\t\t\tclass=\"block-fea04d89-1ca0-480c-9e4f-4064dd1d4bbf btn areoi-has-url position-relative btn-primary\"\r\n\t href=\"https:\/\/drancourt.fr\/Shop\/categorie-produit\/portes-cles-publicitaires-automobiles-personnalisables\/ford\/\" >\r\n\t\t\t\t\t\r\n\t\t\t\t\tAutre Portes-Cl\u00e9s Ford Personnalisables \r\n\t\t\t\t\t\r\n\t\t\t\t\t \r\n\t\t\t\t<\/a>\r\n\t\t\t<\/div>\n\n\n\n<p>&nbsp;<p>\n\n\n\r\n\t\t<div  class=\"block-b580172a-422d-4651-93c8-cae7c6f38423 accordion\">\r\n\t\t\t\n\r\n\t\t<div  class=\"block-59b35d03-1c84-4c2f-8526-b8188ce4f7f9 accordion-item\">\r\n\r\n\t\t\t<h3 \r\n\t\t\t\tclass=\"accordion-header\" \r\n\t\t\t\tid=\"block-59b35d03-1c84-4c2f-8526-b8188ce4f7f9-header\"\r\n\t\t\t>\r\n\t\t\t\t<button \r\n\t\t\t\t\tclass=\"accordion-button collapsed\" \r\n\t\t\t\t\ttype=\"button\" \r\n\t\t\t\t\tdata-bs-toggle=\"collapse\" \r\n\t\t\t\t\tdata-bs-target=\"#block-59b35d03-1c84-4c2f-8526-b8188ce4f7f9-collapse\" \r\n\t\t\t\t\taria-expanded=\"false\" \r\n\t\t\t\t\taria-controls=\"block-59b35d03-1c84-4c2f-8526-b8188ce4f7f9-collapse\"\r\n\t\t\t\t>\r\n\t\t\t\t\t<strong><em>Vos Principales Questions :<\/em><\/strong>\r\n\t\t\t\t<\/button>\r\n\t\t\t<\/h3>\r\n\r\n\t\t\t<div \r\n\t\t\t\tid=\"block-59b35d03-1c84-4c2f-8526-b8188ce4f7f9-collapse\" \r\n\t\t\t\tclass=\"accordion-collapse collapse\" \r\n\t\t\t\taria-labelledby=\"block-59b35d03-1c84-4c2f-8526-b8188ce4f7f9-header\"\r\n\t\t\t\tdata-bs-parent=\".block-b580172a-422d-4651-93c8-cae7c6f38423\"\r\n\t\t\t>\r\n\t\t\t\t<div class=\"accordion-body\">\r\n\t\t\t\t\t\n\n<p>\u00ab\u00a0<em>Je recherche des portes-cl\u00e9s personnalisables Ford qui refl\u00e8tent vraiment l&rsquo;image de mon \u00e9tablissement, mais je suis pr\u00e9occup\u00e9 par le fait que les options de personnalisation ne r\u00e9pondent pas pleinement aux besoins de mon image de marque.<\/em>\u00ab\u00a0<\/p>\n\n\n\n<div class=\"wp-block-group is-content-justification-right is-nowrap is-layout-flex wp-container-core-group-is-layout-17124a9a wp-block-group-is-layout-flex\">\r\n\t\t\t\t\r\n\t\t<a \r\n\t\t\t\r\n\t\t\tclass=\"block-cea57816-940b-4fab-ad97-6d3091704bea btn areoi-has-url position-relative btn-primary\"\r\n\t href=\"https:\/\/drancourt.fr\/Shop\/2024\/02\/21\/des-portes-cles-personnalisables-qui-refletent-vraiment-limage-de-mon-etablissement\/\" >\r\n\t\t\t\t\t\r\n\t\t\t\t\tEn savoir plus \r\n\t\t\t\t\t\r\n\t\t\t\t\t \r\n\t\t\t\t<\/a>\r\n\t\t\t<\/div>\n\n\n\n<p>&nbsp;<p>\n\n\n\n<p>\u00ab\u00a0<em>J&rsquo;aimerais utiliser des portes-cl\u00e9s <em><em>Ford<\/em><\/em> comme outil de promotion, mais je crains que les d\u00e9lais de livraison ne compromettent l&rsquo;efficacit\u00e9 de ma campagne marketing.<\/em>\u00ab\u00a0<\/p>\n\n\n\n<div class=\"wp-block-group is-content-justification-right is-nowrap is-layout-flex wp-container-core-group-is-layout-17124a9a wp-block-group-is-layout-flex\">\r\n\t\t\t\t\r\n\t\t<a \r\n\t\t\t\r\n\t\t\tclass=\"block-3c478ddf-e61b-4ef7-b894-5c610a9c80c3 btn areoi-has-url position-relative btn-primary\"\r\n\t href=\"https:\/\/drancourt.fr\/Shop\/2024\/02\/21\/assurez-le-succes-de-votre-campagne-marketing-avec-nos-porte-cles-personnalises\/\" >\r\n\t\t\t\t\t\r\n\t\t\t\t\tEn savoir plus \r\n\t\t\t\t\t\r\n\t\t\t\t\t \r\n\t\t\t\t<\/a>\r\n\t\t\t<\/div>\n\n\n\n<p>&nbsp;<p>\n\n\n\n<p>\u00ab\u00a0<em>Je cherche des portes-cl\u00e9s <em><em>Ford<\/em><\/em> grav\u00e9s avec le nom de mon garage, mais je me demande si le processus de commande sera trop compliqu\u00e9 ou chronophage, \u00e9tant donn\u00e9 mes autres responsabilit\u00e9s professionnelles.<\/em>\u00ab\u00a0<\/p>\n\n\n\n<div class=\"wp-block-group is-content-justification-right is-nowrap is-layout-flex wp-container-core-group-is-layout-17124a9a wp-block-group-is-layout-flex\">\r\n\t\t\t\t\r\n\t\t<a \r\n\t\t\t\r\n\t\t\tclass=\"block-ab99c9a2-c267-4ca2-a019-88d37cc3194b btn areoi-has-url position-relative btn-primary\"\r\n\t href=\"https:\/\/drancourt.fr\/Shop\/2024\/02\/21\/simplifiez-vos-commandes-de-portes-cles-graves-avec-drancourt-sarl\/\" >\r\n\t\t\t\t\t\r\n\t\t\t\t\tEn savoir plus \r\n\t\t\t\t\t\r\n\t\t\t\t\t \r\n\t\t\t\t<\/a>\r\n\t\t\t<\/div>\n\n \r\n\t\t\t\t<\/div>\r\n\t\t\t<\/div>\r\n\t\t<\/div>\r\n\t\n \r\n\t\t<\/div>\r\n\t\n\n\n<p>&nbsp;<p>\n<hr>\n<p>&nbsp;<p>\n<p><h5 style=\"text-align:center\"><a href=\"https:\/\/drive.google.com\/file\/d\/1fvWrFXM25oqIFg-Vt9Q8Gbj0aehV0_fP\/view?usp=drive_link\" target=\"_blank\" rel=\"noopener\"><span style=\"color: #c50039\">Toute la gamme FORD (<i>Pdf : 3,0 Mo<\/i>)<\/span><\/a><\/h5><\/p>\n<p>&nbsp;<p>\n<hr>\n\n\n\n<!-- UseStrict's Calendly Embedder - Calendly popup widget start -->\n<div id=\"wpcalel-calendly-popup-1\"\n\tdata-wpcalel-type=\"popup\"\n\tdata-wpcalel-url=\"https:\/\/calendly.com\/drancourtservice\/\"\n\tdata-wpcalel-prefill=\"false\"\n\tdata-wpcalel-query-str=\"false\"\n\tdata-wpcalel-text=\"Programmer un RDV avec Nous\"\n\tdata-wpcalel-color=\"#1c4499\"\n\tdata-wpcalel-textColor=\"#ffffff\"\n\tdata-wpcalel-branding=\"false\"\n\t\t\t\t\t\t\t\t\t\t\t\t\t\t\t\t\t\t\t\t\t\t\t\t\t\t\t\t\t\t\t\t\t\t\t\t\t\t\t\t\t\t\t\t\t\t\t\t\t\t\t\t\t \n><\/div>\n<!-- UseStrict's Calendly Embedder - Calendly popup widget end -->\n\n\t\t\t\n","protected":false},"excerpt":{"rendered":"<p>Le porte-cl\u00e9s Ford FOR160S combine design asym\u00e9trique et m\u00e9tal pour un style distinctif, id\u00e9al pour les professionnels automobiles. Il met en valeur logos et messages de mani\u00e8re \u00e9l\u00e9gante, avec une option de personnalisation d\u00e8s 150 pi\u00e8ces. Ce n&rsquo;est pas qu&rsquo;un accessoire, mais un symbole de qualit\u00e9 et d&rsquo;attention aux d\u00e9tails.<\/p>\n","protected":false},"featured_media":18205,"comment_status":"open","ping_status":"closed","template":"","meta":{"content-type":"","om_disable_all_campaigns":false,"_monsterinsights_skip_tracking":false,"_monsterinsights_sitenote_active":false,"_monsterinsights_sitenote_note":"","_monsterinsights_sitenote_category":0,"_uf_show_specific_survey":0,"_uf_disable_surveys":false},"product_brand":[],"product_cat":[215,29],"product_tag":[236],"class_list":{"0":"post-18197","1":"product","2":"type-product","3":"status-publish","4":"has-post-thumbnail","6":"product_cat-porte-cles-ford","7":"product_cat-portes-cles-personnalises","8":"product_tag-portes-cles-ford","10":"first","11":"instock","12":"taxable","13":"shipping-taxable","14":"purchasable","15":"product-type-variable","16":"has-default-attributes"},"aioseo_notices":[],"jetpack_sharing_enabled":true,"_links":{"self":[{"href":"https:\/\/drancourt.fr\/Shop\/wp-json\/wp\/v2\/product\/18197","targetHints":{"allow":["GET"]}}],"collection":[{"href":"https:\/\/drancourt.fr\/Shop\/wp-json\/wp\/v2\/product"}],"about":[{"href":"https:\/\/drancourt.fr\/Shop\/wp-json\/wp\/v2\/types\/product"}],"replies":[{"embeddable":true,"href":"https:\/\/drancourt.fr\/Shop\/wp-json\/wp\/v2\/comments?post=18197"}],"wp:featuredmedia":[{"embeddable":true,"href":"https:\/\/drancourt.fr\/Shop\/wp-json\/wp\/v2\/media\/18205"}],"wp:attachment":[{"href":"https:\/\/drancourt.fr\/Shop\/wp-json\/wp\/v2\/media?parent=18197"}],"wp:term":[{"taxonomy":"product_brand","embeddable":true,"href":"https:\/\/drancourt.fr\/Shop\/wp-json\/wp\/v2\/product_brand?post=18197"},{"taxonomy":"product_cat","embeddable":true,"href":"https:\/\/drancourt.fr\/Shop\/wp-json\/wp\/v2\/product_cat?post=18197"},{"taxonomy":"product_tag","embeddable":true,"href":"https:\/\/drancourt.fr\/Shop\/wp-json\/wp\/v2\/product_tag?post=18197"}],"curies":[{"name":"wp","href":"https:\/\/api.w.org\/{rel}","templated":true}]}}