{"id":18298,"date":"2023-12-08T13:42:54","date_gmt":"2023-12-08T12:42:54","guid":{"rendered":"http:\/\/drancourt.fr\/Shop\/?post_type=product&#038;p=18298"},"modified":"2024-03-23T16:14:37","modified_gmt":"2024-03-23T15:14:37","slug":"porte-cles-honda-hon118svelours-totem-asymetrique-delegance","status":"publish","type":"product","link":"https:\/\/drancourt.fr\/Shop\/produit\/porte-cles-honda-hon118svelours-totem-asymetrique-delegance\/","title":{"rendered":"Porte-Cl\u00e9s HONDA HON118Svelours. Totem Asym\u00e9trique d&rsquo;\u00c9l\u00e9gance"},"content":{"rendered":"\n<script type=\"application\/ld+json\">\n{\n  \"@context\": \"https:\/\/schema.org\/\",\n  \"@type\": \"Product\",\n  \"name\": \"Porte-Cl\u00e9s HONDA HON118Svelours. Totem Asym\u00e9trique d'\u00c9l\u00e9gance\",\n  \"image\": \"https:\/\/drancourt.fr\/Shop\/wp-content\/uploads\/2023\/12\/porte-cles-publicitaires-honda-hon118svelours-personnalisables-2.webp\",\n  \"description\": \"Porte-cl\u00e9s velours Honda HON118S, accessoire de qualit\u00e9 sup\u00e9rieure pour promotion de marque, refl\u00e9tant l'exclusivit\u00e9 Honda.\",\n  \"brand\": {\n    \"@type\": \"Brand\",\n    \"name\": \"Honda\"\n\n  },\n  \"sku\": \"Honda : HON118Svelours\",\n  \"offers\": {\n    \"@type\": \"AggregateOffer\",\n    \"url\": \"https:\/\/drancourt.fr\/Shop\/produit\/porte-cles-honda-hon118svelours-totem-asymetrique-delegance\/\",\n    \"priceCurrency\": \"EUR\",\n    \"lowPrice\": \"312.00\",\n    \"highPrice\": \"7688.00\",\n    \"offerCount\": \"6\",\n    \"priceSpecification\": [\n      {\n        \"@type\": \"UnitPriceSpecification\",\n        \"description\": \"Tarif pour la premi\u00e8re commande : 150 unit\u00e9s\",\n        \"price\": \"400.00\",\n        \"priceCurrency\": \"EUR\",\n        \"eligibleQuantity\": {\n          \"@type\": \"QuantitativeValue\",\n          \"value\": 150\n        }\n         },\n\t\t{\n        \"@type\": \"UnitPriceSpecification\",\n        \"description\": \"Tarif pour la premi\u00e8re commande : 300 unit\u00e9s\",\n        \"price\": \"700.00\",\n        \"priceCurrency\": \"EUR\",\n        \"eligibleQuantity\": {\n          \"@type\": \"QuantitativeValue\",\n          \"value\": 300\n       }\n\t  },\n\t\t{\n        \"@type\": \"UnitPriceSpecification\",\n        \"description\": \"Tarif pour la premi\u00e8re commande : 600 unit\u00e9s\",\n        \"price\": \"1108.00\",\n        \"priceCurrency\": \"EUR\",\n        \"eligibleQuantity\": {\n          \"@type\": \"QuantitativeValue\",\n          \"value\": 600\n        }\n\t\t },\n\t\t{\n        \"@type\": \"UnitPriceSpecification\",\n        \"description\": \"Tarif pour la premi\u00e8re commande : 1200 unit\u00e9s\",\n        \"price\": \"2056.00\",\n        \"priceCurrency\": \"EUR\",\n        \"eligibleQuantity\": {\n          \"@type\": \"QuantitativeValue\",\n          \"value\": 1200\n       }\n\t\t},\n\t\t{\n        \"@type\": \"UnitPriceSpecification\",\n        \"description\": \"Tarif pour la premi\u00e8re commande : 2500 unit\u00e9s\",\n        \"price\": \"4038.00\",\n        \"priceCurrency\": \"EUR\",\n        \"eligibleQuantity\": {\n          \"@type\": \"QuantitativeValue\",\n          \"value\": 2500\n       }\n\t\t},\n\t\t{\n        \"@type\": \"UnitPriceSpecification\",\n        \"description\": \"Tarif pour la premi\u00e8re commande : 5000 unit\u00e9s\",\n        \"price\": \"7688.00\",\n        \"priceCurrency\": \"EUR\",\n        \"eligibleQuantity\": {\n          \"@type\": \"QuantitativeValue\",\n          \"value\": 5000\n       }\n\t\t},\n\t\t{\n\t\t\t\"@type\": \"UnitPriceSpecification\",\n\t\t\t\"description\": \"Tarif pour la 2\u00e8me commande : 150 unit\u00e9s\",\n\t\t\t\"price\": \"312.00\",\n\t\t\t\"priceCurrency\": \"EUR\",\n\t\t\t\"eligibleQuantity\": {\n\t\t\t\"@type\": \"QuantitativeValue\",\n\t\t\t\t\"value\": 150\n \t}\n\t},\n{\n  \"@type\": \"UnitPriceSpecification\",\n  \"description\": \"Tarif pour la 2\u00e8me commande : 300 unit\u00e9s\",\n  \"price\": \"612.00\",\n  \"priceCurrency\": \"EUR\",\n  \"eligibleQuantity\": {\n    \"@type\": \"QuantitativeValue\",\n    \"value\": 300\n  }\n\t},\n{\n  \"@type\": \"UnitPriceSpecification\",\n  \"description\": \"Tarif pour la 2\u00e8me commande : 600 unit\u00e9s\",\n  \"price\": \"1020.00\",\n  \"priceCurrency\": \"EUR\",\n  \"eligibleQuantity\": {\n    \"@type\": \"QuantitativeValue\",\n    \"value\": 600\n  }\n\t},\n{\n  \"@type\": \"UnitPriceSpecification\",\n  \"description\": \"Tarif pour la 2\u00e8me commande : 1200 unit\u00e9s\",\n  \"price\": \"1968.00\",\n  \"priceCurrency\": \"EUR\",\n  \"eligibleQuantity\": {\n    \"@type\": \"QuantitativeValue\",\n    \"value\": 1200\n }\n},\n{\n  \"@type\": \"UnitPriceSpecification\",\n  \"description\": \"Tarif pour la 2\u00e8me commande : 2500 unit\u00e9s\",\n  \"price\": \"3950.00\",\n  \"priceCurrency\": \"EUR\",\n  \"eligibleQuantity\": {\n    \"@type\": \"QuantitativeValue\",\n    \"value\": 2500\n }\n},\n{\n  \"@type\": \"UnitPriceSpecification\",\n  \"description\": \"Tarif pour la 2\u00e8me commande : 5000 unit\u00e9s\",\n  \"price\": \"7600.00\",\n  \"priceCurrency\": \"EUR\",\n  \"eligibleQuantity\": {\n    \"@type\": \"QuantitativeValue\",\n    \"value\": 5000\n  }\n      }\n      \n    ],\n    \"itemCondition\": \"https:\/\/schema.org\/NewCondition\",\n    \"availability\": \"https:\/\/schema.org\/InStock\",\n    \"seller\": {\n      \"@type\": \"Organization\",\n      \"name\": \"Drancourt\"\n    }\n  }\n}\n\n<\/script>\n\n\n\n\n<h3><span style=\"color: #19419b\"><strong>Porte-Cl\u00e9s Honda Hon118s : L&rsquo;Accessoire Distinctif <\/strong> <\/span><\/h3>\n\n\n\n<div class=\"container\">\n            <div class=\"row align-items-center\">\n               <div class=\"col-10\">\n<p>Le <strong>Porte-Cl\u00e9s Honda HON118S Velours Totem<\/strong> est une pi\u00e8ce ma\u00eetresse pour toute entreprise automobile souhaitant valoriser son image. Con\u00e7u avec un design asym\u00e9trique novateur, ce <strong>porte-cl\u00e9s publicitaire Honda<\/strong> combine luxe et originalit\u00e9, offrant ainsi une visibilit\u00e9 in\u00e9gal\u00e9e \u00e0 votre marque.<\/p> \n<p>\u00c0 chaque remise de cl\u00e9s, vos clients seront impressionn\u00e9s par la qualit\u00e9 et le style de ce <strong>porte-cl\u00e9s en m\u00e9tal Honda<\/strong>. La finition en velours, associ\u00e9e \u00e0 un design totem unique, en fait un accessoire d&rsquo;exception, id\u00e9al pour marquer les esprits. En tant que <strong>grossiste porte-cl\u00e9s Honda<\/strong>, nous vous offrons une gamme de produits premium, parfaits pour tout atelier ou concessionnaire automobile d\u00e9sireux de se distinguer.<\/p> \n<p>Ce <strong>porte-cl\u00e9s Honda personnalisable<\/strong> est l&rsquo;opportunit\u00e9 parfaite pour int\u00e9grer votre logo et message personnalis\u00e9,  assurant ainsi une communication efficace et continue avec votre client\u00e8le. Offrir un <strong>porte-cl\u00e9s grav\u00e9 Honda<\/strong> de haute qualit\u00e9 est un gage de votre engagement envers l&rsquo;excellence et le service client.<\/p> \n<p>Nous proposons une grille tarifaire d\u00e9gressive, vous permettant d&rsquo;obtenir ces \u00e9l\u00e9gants <strong>porte-cl\u00e9s de qualit\u00e9 Honda<\/strong> \u00e0 un tarif avantageux. A partir de 150 pi\u00e8ces grav\u00e9es, profitez de cette offre exceptionnelle pour faire de ces <strong>accessoires Honda<\/strong> un outil marketing efficace et m\u00e9morable.<\/p> \n<p>Demande-nous vite un devis personnalis\u00e9 ! Embrassez l&rsquo;opportunit\u00e9 d&rsquo;accro\u00eetre votre visibilit\u00e9 et de renforcer votre image de marque avec le <strong>Porte-Cl\u00e9s Honda HON118S Velours Totem<\/strong>, un choix judicieux pour toute entreprise d\u00e9sireuse d&rsquo;offrir \u00e0 ses clients un produit \u00e0 la fois pratique et \u00e9l\u00e9gant.<\/p> \n<\/div>\n             \n                <div class=\"col-2\"><figure><img data-recalc-dims=\"1\" decoding=\"async\" src=\"https:\/\/i0.wp.com\/drancourt.fr\/Shop\/wp-content\/uploads\/2024\/03\/Logo-Honda-2.png?ssl=1\" alt=\"Logo Honda\" style=\"width:200px; height:auto\" class=\"img-thumbnail\"><\/figure><\/div>\n            <\/div>\n        <\/div>\n\n\n\n<p>&nbsp;<p>\n<hr>\n<p>&nbsp;<p>\n<div class=\"wp-block-columns is-not-stacked-on-mobile aro-price shop-by-cat justify-content-center\">\n\n<div class=\"wp-block-column col-3\">\n<figure class=\"wp-block-image aligncenter size-full is-resized rounded mx-auto d-block\"><a href=\"\"><img data-recalc-dims=\"1\" decoding=\"async\" src=\"https:\/\/i0.wp.com\/drancourt.fr\/Shop\/wp-content\/uploads\/2024\/02\/tarif-degessif.png?ssl=1\" alt=\"Tarifs D\u00e9gressifs\" class=\"wp-image-6825\" style=\"object-fit:cover;width:64px;height:64px\"\/><\/a><\/figure>\n<h2 class=\"wp-block-heading has-text-align-center\" style=\"margin-top:var(--wp--preset--spacing--40);font-size:20px;font-style:normal;font-weight:500;line-height:1.2\"><a href=\"\"><span style=\"color: #1c4499\">Tarifs D\u00e9gressifs<\/span><\/a><\/h2>\n<\/div>\n\n<div class=\"wp-block-column col-3\">\n<figure class=\"wp-block-image aligncenter size-full is-resized rounded mx-auto d-block\"><a href=\"\"><img data-recalc-dims=\"1\" decoding=\"async\" src=\"https:\/\/i0.wp.com\/drancourt.fr\/Shop\/wp-content\/uploads\/2024\/02\/a-votre-ecoute.png?ssl=1\" alt=\"A votre \u00e9coute\" class=\"wp-image-6825\" style=\"object-fit:cover;width:64px;height:64px\"\/><\/a><\/figure>\n<h2 class=\"wp-block-heading has-text-align-center\" style=\"margin-top:var(--wp--preset--spacing--40);font-size:20px;font-style:normal;font-weight:500;line-height:1.2\"><a href=\"\"><span style=\"color: #1c4499\">A votre \u00c9coute<\/span><\/a><\/h2>\n<\/div>\n\n<div class=\"wp-block-column col-3\">\n<figure class=\"wp-block-image aligncenter size-full is-resized rounded mx-auto d-block\"><a href=\"\"><img data-recalc-dims=\"1\" decoding=\"async\" width=\"64\" height=\"64\" src=\"https:\/\/i0.wp.com\/drancourt.fr\/Shop\/wp-content\/uploads\/2023\/11\/icone-porte-cles.png?resize=64%2C64\" alt=\"Porte-cl\u00e9s publicitaires personnalisables\" class=\"wp-image-6826\" style=\"object-fit:cover;width:64px;height:64px\"\/><\/a><\/figure>\n<h2 class=\"wp-block-heading has-text-align-center\" style=\"margin-top:var(--wp--preset--spacing--40);font-size:20px;font-style:normal;font-weight:500;line-height:1.2\"><a href=\"\"><span style=\"color: #1c4499\">Porte-Cl\u00e9s Personnalisables Honda<\/span><\/a><\/h2>\n<\/div>\n\n\n\n<div class=\"wp-block-column col-3\">\n<figure class=\"wp-block-image aligncenter size-full is-resized rounded mx-auto d-block\"><a href=\"\"><img data-recalc-dims=\"1\" decoding=\"async\" src=\"https:\/\/i0.wp.com\/drancourt.fr\/Shop\/wp-content\/uploads\/2024\/02\/devis-en-ligne.png?ssl=1\" alt=\"Devis en ligne\" class=\"wp-image-6827\" style=\"object-fit:cover;width:64px;height:64px\"\/><\/a><\/figure>\n<h2 class=\"wp-block-heading has-text-align-center\" style=\"margin-top:var(--wp--preset--spacing--40);font-size:20px;font-style:normal;font-weight:500;line-height:1.2\"><a href=\"Devis en Ligne\"><span style=\"color: #1c4499\">Devis en Ligne<\/span><\/a><\/h2>\n<\/div>\n\n\n\n<\/div>\n<hr>\n<p>&nbsp;<p>\n\n\n\n<h4><span style=\"color: #19419b\">Prix Unitaire des Porte-Cl\u00e9s HONDA HON118Svelours <strong>1<sup>ere<\/sup> Gravure<\/strong> : <\/span><\/h4>\n\n\n\n<table class=\"table table-responsive table-hover table-bordered\">\n  <thead>\n     <tr class=\"table-primary\">\n<td style=\"text-align: center\"><span style=\"color: #19419b\">Par<\/span><\/td>\n<td style=\"text-align: center\"><span style=\"color: #19419b\">Par<\/span><\/td>\n<td style=\"text-align: center\"><span style=\"color: #19419b\">Par<\/span><\/td>\n<td style=\"text-align: center\"><span style=\"color: #19419b\">Par<\/span><\/td>\n<td style=\"text-align: center\"><span style=\"color: #19419b\">Par<\/span><\/td>\n<td style=\"text-align: center\"><span style=\"color: #19419b\">Par<\/span><\/td>\n     <\/tr>\n  <\/thead>\n\n  <tbody>\n\n    <tr>  \n<td style=\"text-align: center\"><span style=\"color: #19419b\">150 :<\/span><\/td>\n<td style=\"text-align: center\"><span style=\"color: #19419b\">300 :<\/span><\/td>\n<td style=\"text-align: center\"><span style=\"color: #19419b\">600 :<\/span><\/td>\n<td style=\"text-align: center\"><span style=\"color: #19419b\">1200 :<\/span><\/td>\n<td style=\"text-align: center\"><span style=\"color: #19419b\">2500 :<\/span><\/td>\n<td style=\"text-align: center\"><span style=\"color: #19419b\">5000 :<\/span><\/td>  \n    <\/tr>\n\n    <tr>\n<td style=\"text-align: center\"><span style=\"color: #19419b\"><b>2,080 \u20ac<b><\/span><\/td>\n<td style=\"text-align: center\"><span style=\"color: #19419b\"><b>2,040 \u20ac<b><\/span><\/td>\n<td style=\"text-align: center\"><span style=\"color: #19419b\"><b>1,700 \u20ac<b><\/span><\/td>\n<td style=\"text-align: center\"><span style=\"color: #19419b\"><b>1,640 \u20ac<b><\/span><\/td>\n<td style=\"text-align: center\"><span style=\"color: #19419b\"><b>1,580 \u20ac<b><\/span><\/td>\n<td style=\"text-align: center\"><span style=\"color: #19419b\"><b>1,520 \u20ac<b><\/span><\/td>  \n    <\/tr>\n\n    <tr>     \n<td style=\"text-align: center\"><span style=\"color: #19419b\"><i>+ 88 \u20ac<\/i><\/span><\/td>\n<td style=\"text-align: center\"><span style=\"color: #19419b\"><i>+ 88 \u20ac<\/i><\/span><\/td>\n<td style=\"text-align: center\"><span style=\"color: #19419b\"><i>+ 88 \u20ac<\/i><\/span><\/td>\n<td style=\"text-align: center\"><span style=\"color: #19419b\"><i>+ 88 \u20ac<\/i><\/span><\/td>\n<td style=\"text-align: center\"><span style=\"color: #19419b\"><i>+ 88 \u20ac<\/i><\/span><\/td>\n<td style=\"text-align: center\"><span style=\"color: #19419b\"><i>+ 88 \u20ac<\/i><\/span><\/td> \n    <\/tr>\n\n    <tr>\n<td style=\"text-align: center\"><span style=\"color: #19419b\"><b>400,00 \u20ac<b><\/span><\/td>\n<td style=\"text-align: center\"><span style=\"color: #19419b\"><b>700,00 \u20ac<b><\/span><\/td>\n<td style=\"text-align: center\"><span style=\"color: #19419b\"><b>1108,00 \u20ac<b><\/span><\/td>\n<td style=\"text-align: center\"><span style=\"color: #19419b\"><b>2056,00 \u20ac<b><\/span><\/td>\n<td style=\"text-align: center\"><span style=\"color: #19419b\"><b>4038,00 \u20ac<b><\/span><\/td>\n<td style=\"text-align: center\"><span style=\"color: #19419b\"><b>7688,00 \u20ac<b><\/span><\/td>\n   <\/tr>\n\n  <\/tbody>\n<\/table>\n\n\n\n<p>&nbsp;<p>\n\n\n\n<h3><span style=\"color: #19419b\">Options de Personnalisation et Processus de Commande<\/span><\/h3>\n    <ol>\n        <li><strong>Personnalisation en Relief sur le Revers<\/strong> :\n            <ul>\n                <li><strong>Premi\u00e8re Commande<\/strong> : Co\u00fbt d&rsquo;outillage de 88 euros pour le nom, l&rsquo;adresse et le t\u00e9l\u00e9phone avec une typographie en \u00ab \u00c9criture B\u00e2ton \u00bb. Ce tarif comprend un lettrage standard.<\/li>\n                <li><strong>Renouvellement<\/strong> : Aucun frais pour les outillages d\u00e9j\u00e0 existants.<\/li>\n            <\/ul>\n        <\/li>\n        <li><strong>Marquage Sp\u00e9cial sur le Revers<\/strong> :\n            <ul>\n                <li>Pour l&rsquo;ajout d&rsquo;un logo ou d&rsquo;une typographie personnalis\u00e9e, le co\u00fbt est de 110 euros. Merci de nous consulter pour plus de d\u00e9tails.<\/li>\n            <\/ul>\n        <\/li>\n        <li><strong>Processus de Commande et Fabrication<\/strong> :\n            <ul>\n                <li>Chaque commande implique une communication proactive, incluant des appels t\u00e9l\u00e9phoniques et l&rsquo;\u00e9change d&rsquo;un Bon \u00e0 Tirer (BAT) valid\u00e9 avant le d\u00e9but de la fabrication.<\/li>\n                <li>Le d\u00e9lai de fabrication est estim\u00e9 entre 4 et 6 semaines.<\/li>\n            <\/ul>\n        <\/li>\n    <\/ol>\n\n\n\n<p>&nbsp;<p>\n\n\n\n<h4><span style=\"color: #19419b\">Prix Unitaire des Porte-Cl\u00e9s HONDA HON118Svelours <strong>Renouvellement<\/strong> : <\/span><\/h4>\n\n\n\n<table class=\"table table-responsive table-hover table-bordered\">\n  <thead>\n    <tr class=\"table-primary\">\n<td style=\"text-align: center\"><span style=\"color: #19419b\">Par<\/span><\/td>\n<td style=\"text-align: center\"><span style=\"color: #19419b\">Par<\/span><\/td>\n<td style=\"text-align: center\"><span style=\"color: #19419b\">Par<\/span><\/td>\n<td style=\"text-align: center\"><span style=\"color: #19419b\">Par<\/span><\/td>\n<td style=\"text-align: center\"><span style=\"color: #19419b\">Par<\/span><\/td>\n<td style=\"text-align: center\"><span style=\"color: #19419b\">Par<\/span><\/td>\n     <\/tr>\n  <\/thead>\n\n  <tbody>\n\n    <tr>\n<td style=\"text-align: center\"><span style=\"color: #19419b\">150 :<\/span><\/td>\n<td style=\"text-align: center\"><span style=\"color: #19419b\">300 :<\/span><\/td>\n<td style=\"text-align: center\"><span style=\"color: #19419b\">600 :<\/span><\/td>\n<td style=\"text-align: center\"><span style=\"color: #19419b\">1200 :<\/span><\/td>\n<td style=\"text-align: center\"><span style=\"color: #19419b\">2500 :<\/span><\/td>\n<td style=\"text-align: center\"><span style=\"color: #19419b\">5000 :<\/span><\/td>  \n  <\/tr>\n\n     <tr>\n<td style=\"text-align: center\"><span style=\"color: #19419b\"><b>2,080 \u20ac<b><\/span><\/td>\n<td style=\"text-align: center\"><span style=\"color: #19419b\"><b>2,040 \u20ac<b><\/span><\/td>\n<td style=\"text-align: center\"><span style=\"color: #19419b\"><b>1,700 \u20ac<b><\/span><\/td>\n<td style=\"text-align: center\"><span style=\"color: #19419b\"><b>1,640 \u20ac<b><\/span><\/td>\n<td style=\"text-align: center\"><span style=\"color: #19419b\"><b>1,580 \u20ac<b><\/span><\/td>\n<td style=\"text-align: center\"><span style=\"color: #19419b\"><b>1,520 \u20ac<b><\/span><\/td>  \n <\/tr>   \n\n   <tr>\n<td style=\"text-align: center\"><span style=\"color: #19419b\"><b>312,00 \u20ac<b><\/span><\/td>\n<td style=\"text-align: center\"><span style=\"color: #19419b\"><b>612,00 \u20ac<b><\/span><\/td>\n<td style=\"text-align: center\"><span style=\"color: #19419b\"><b>1020,00 \u20ac<b><\/span><\/td>\n<td style=\"text-align: center\"><span style=\"color: #19419b\"><b>1968,00 \u20ac<b><\/span><\/td>\n<td style=\"text-align: center\"><span style=\"color: #19419b\"><b>3950,00 \u20ac<b><\/span><\/td>\n<td style=\"text-align: center\"><span style=\"color: #19419b\"><b>7600,00 \u20ac<b><\/span><\/td>\n  <\/tr>\n\n  <\/tbody>\n<\/table>\n\n\n\n<p>&nbsp;<p>\n\n\n\n<h3><span style=\"color: #19419b\">Porte-Cl\u00e9s HONDA HON118Svelours. Totem Asym\u00e9trique : <\/span><\/h3>\n\n\n\n<p>&nbsp;<p>\n\n\n\n<div class=\"wp-block-columns\">\n<div class=\"wp-block-column\">\n<figure class=\"wp-block-image aligncenter size-full\"><img data-recalc-dims=\"1\" fetchpriority=\"high\" decoding=\"async\" width=\"400\" height=\"500\" src=\"https:\/\/i0.wp.com\/drancourt.fr\/Shop\/wp-content\/uploads\/2023\/12\/Logo-Honda.webp?resize=400%2C500\" alt=\"Logo Honda\" class=\"wp-image-18260\" srcset=\"https:\/\/i0.wp.com\/drancourt.fr\/Shop\/wp-content\/uploads\/2023\/12\/Logo-Honda.webp?w=400&amp;ssl=1 400w, https:\/\/i0.wp.com\/drancourt.fr\/Shop\/wp-content\/uploads\/2023\/12\/Logo-Honda.webp?resize=240%2C300&amp;ssl=1 240w\" sizes=\"(max-width: 400px) 100vw, 400px\" \/><\/figure>\n<\/div>\n<div class=\"wp-block-column\">\n<div class=\"wp-block-group\">\n<div class=\"wp-block-group\">\n<h2 class=\"wp-block-heading\" id=\"block-80d37238-861c-4921-b650-550d4e855d0e\">Description<\/h2>\n<p id=\"block-b96fc4b1-0ffa-4724-8d2f-98c73e4b6f7b\"><strong><span style=\"color: #1c4499\">Velours M\u00e2t<\/span><\/strong><\/p>\n<ul id=\"block-feaf2cde-eab6-4b64-b323-c328005bda9e\">\n<li style=\"line-height:2\"><strong>HONDA <\/strong> : HON118Svelours<\/li>\n<li style=\"line-height:2\"><strong>Face<\/strong> : Totem Asym\u00e9trique.<\/li>\n\n<li style=\"line-height:2\"><strong>Revers<\/strong> : Texte en relief<\/li>\n<li style=\"line-height:2\"><strong>Finition<\/strong> : M\u00e9tal<\/li>\n<li style=\"line-height:2\"><strong>Gravure<\/strong> : 40 \u00e0 50 caract\u00e8res<\/li>\n<li style=\"line-height:2\"><strong>Gravure Sp\u00e9ciale<\/strong> : En Option<\/li>\n<\/ul>\n<\/div>\n<\/div>\n<\/div>\n<\/div>\n\n\n\n<div class=\"wp-block-group is-content-justification-right is-nowrap is-layout-flex wp-container-core-group-is-layout-17124a9a wp-block-group-is-layout-flex\">\r\n\t\t\t\t\r\n\t\t<a \r\n\t\t\t\r\n\t\t\tclass=\"block-fea04d89-1ca0-480c-9e4f-4064dd1d4bbf btn areoi-has-url position-relative btn-primary\"\r\n\t href=\"https:\/\/drancourt.fr\/Shop\/categorie-produit\/portes-cles-personnalises\/portes-cles-honda\/\" >\r\n\t\t\t\t\t\r\n\t\t\t\t\tAutres Portes-Cl\u00e9s Honda Personnalisables \r\n\t\t\t\t\t\r\n\t\t\t\t\t \r\n\t\t\t\t<\/a>\r\n\t\t\t<\/div>\n\n\n\n<p>&nbsp;<p>\n\n\n\r\n\t\t<div  class=\"block-b580172a-422d-4651-93c8-cae7c6f38423 accordion\">\r\n\t\t\t\n\r\n\t\t<div  class=\"block-59b35d03-1c84-4c2f-8526-b8188ce4f7f9 accordion-item\">\r\n\r\n\t\t\t<h3 \r\n\t\t\t\tclass=\"accordion-header\" \r\n\t\t\t\tid=\"block-59b35d03-1c84-4c2f-8526-b8188ce4f7f9-header\"\r\n\t\t\t>\r\n\t\t\t\t<button \r\n\t\t\t\t\tclass=\"accordion-button collapsed\" \r\n\t\t\t\t\ttype=\"button\" \r\n\t\t\t\t\tdata-bs-toggle=\"collapse\" \r\n\t\t\t\t\tdata-bs-target=\"#block-59b35d03-1c84-4c2f-8526-b8188ce4f7f9-collapse\" \r\n\t\t\t\t\taria-expanded=\"false\" \r\n\t\t\t\t\taria-controls=\"block-59b35d03-1c84-4c2f-8526-b8188ce4f7f9-collapse\"\r\n\t\t\t\t>\r\n\t\t\t\t\t<strong><em>Vos Principales Questions :<\/em><\/strong>\r\n\t\t\t\t<\/button>\r\n\t\t\t<\/h3>\r\n\r\n\t\t\t<div \r\n\t\t\t\tid=\"block-59b35d03-1c84-4c2f-8526-b8188ce4f7f9-collapse\" \r\n\t\t\t\tclass=\"accordion-collapse collapse\" \r\n\t\t\t\taria-labelledby=\"block-59b35d03-1c84-4c2f-8526-b8188ce4f7f9-header\"\r\n\t\t\t\tdata-bs-parent=\".block-b580172a-422d-4651-93c8-cae7c6f38423\"\r\n\t\t\t>\r\n\t\t\t\t<div class=\"accordion-body\">\r\n\t\t\t\t\t\n\n<p>\u00ab\u00a0<em>Je recherche des portes-cl\u00e9s personnalisables Honda qui refl\u00e8tent vraiment l&rsquo;image de mon \u00e9tablissement, mais je suis pr\u00e9occup\u00e9 par le fait que les options de personnalisation ne r\u00e9pondent pas pleinement aux besoins de mon image de marque.<\/em>\u00ab\u00a0<\/p>\n\n\n\n<div class=\"wp-block-group is-content-justification-right is-nowrap is-layout-flex wp-container-core-group-is-layout-17124a9a wp-block-group-is-layout-flex\">\r\n\t\t\t\t\r\n\t\t<a \r\n\t\t\t\r\n\t\t\tclass=\"block-cea57816-940b-4fab-ad97-6d3091704bea btn areoi-has-url position-relative btn-primary\"\r\n\t href=\"https:\/\/drancourt.fr\/Shop\/2024\/02\/21\/des-portes-cles-personnalisables-qui-refletent-vraiment-limage-de-mon-etablissement\/\" >\r\n\t\t\t\t\t\r\n\t\t\t\t\tEn savoir plus \r\n\t\t\t\t\t\r\n\t\t\t\t\t \r\n\t\t\t\t<\/a>\r\n\t\t\t<\/div>\n\n\n\n<p>&nbsp;<p>\n\n\n\n<p>\u00ab\u00a0<em>J&rsquo;aimerais utiliser des portes-cl\u00e9s <em><em>Honda<\/em><\/em> comme outil de promotion, mais je crains que les d\u00e9lais de livraison ne compromettent l&rsquo;efficacit\u00e9 de ma campagne marketing.<\/em>\u00ab\u00a0<\/p>\n\n\n\n<div class=\"wp-block-group is-content-justification-right is-nowrap is-layout-flex wp-container-core-group-is-layout-17124a9a wp-block-group-is-layout-flex\">\r\n\t\t\t\t\r\n\t\t<a \r\n\t\t\t\r\n\t\t\tclass=\"block-3c478ddf-e61b-4ef7-b894-5c610a9c80c3 btn areoi-has-url position-relative btn-primary\"\r\n\t href=\"https:\/\/drancourt.fr\/Shop\/2024\/02\/21\/assurez-le-succes-de-votre-campagne-marketing-avec-nos-porte-cles-personnalises\/\" >\r\n\t\t\t\t\t\r\n\t\t\t\t\tEn savoir plus \r\n\t\t\t\t\t\r\n\t\t\t\t\t \r\n\t\t\t\t<\/a>\r\n\t\t\t<\/div>\n\n\n\n<p>&nbsp;<p>\n\n\n\n<p>\u00ab\u00a0<em>Je cherche des portes-cl\u00e9s <em><em>Honda<\/em><\/em> grav\u00e9s avec le nom de mon garage, mais je me demande si le processus de commande sera trop compliqu\u00e9 ou chronophage, \u00e9tant donn\u00e9 mes autres responsabilit\u00e9s professionnelles.<\/em>\u00ab\u00a0<\/p>\n\n\n\n<div class=\"wp-block-group is-content-justification-right is-nowrap is-layout-flex wp-container-core-group-is-layout-17124a9a wp-block-group-is-layout-flex\">\r\n\t\t\t\t\r\n\t\t<a \r\n\t\t\t\r\n\t\t\tclass=\"block-ab99c9a2-c267-4ca2-a019-88d37cc3194b btn areoi-has-url position-relative btn-primary\"\r\n\t href=\"https:\/\/drancourt.fr\/Shop\/2024\/02\/21\/simplifiez-vos-commandes-de-portes-cles-graves-avec-drancourt-sarl\/\" >\r\n\t\t\t\t\t\r\n\t\t\t\t\tEn savoir plus \r\n\t\t\t\t\t\r\n\t\t\t\t\t \r\n\t\t\t\t<\/a>\r\n\t\t\t<\/div>\n\n \r\n\t\t\t\t<\/div>\r\n\t\t\t<\/div>\r\n\t\t<\/div>\r\n\t\n \r\n\t\t<\/div>\r\n\t\n\n\n<p>&nbsp;<p>\n<hr>\n<p>&nbsp;<p>\n<p><h5 style=\"text-align:center\"><a href=\"https:\/\/drive.google.com\/file\/d\/1ELzm5j1Ybmmz4UfsP2Mauj09ONjeQNX8\/view?usp=drive_link\"><span style=\"color: #c50039\">Toute la gamme HONDA (<i>Pdf : 3,2 Mo<\/i>)<\/span><\/a><\/h5><\/p>\n<p>&nbsp;<p>\n<hr>\n\n\n\n<!-- UseStrict's Calendly Embedder - Calendly popup widget start -->\n<div id=\"wpcalel-calendly-popup-1\"\n\tdata-wpcalel-type=\"popup\"\n\tdata-wpcalel-url=\"https:\/\/calendly.com\/drancourtservice\/\"\n\tdata-wpcalel-prefill=\"false\"\n\tdata-wpcalel-query-str=\"false\"\n\tdata-wpcalel-text=\"Programmer un RDV avec Nous\"\n\tdata-wpcalel-color=\"#1c4499\"\n\tdata-wpcalel-textColor=\"#ffffff\"\n\tdata-wpcalel-branding=\"false\"\n\t\t\t\t\t\t\t\t\t\t\t\t\t\t\t\t\t\t\t\t\t\t\t\t\t\t\t\t\t\t\t\t\t\t\t\t\t\t\t\t\t\t\t\t\t\t\t\t\t\t\t\t\t \n><\/div>\n<!-- UseStrict's Calendly Embedder - Calendly popup widget end -->\n\n\t\t\t\n","protected":false},"excerpt":{"rendered":"<p>D\u00e9couvrez le Porte-Cl\u00e9s Honda HON118S Velours Totem, un accessoire de luxe pour votre entreprise. Personnalisable, il associe style et qualit\u00e9 pour un marketing efficace. Demandez un devis pour des tarifs attractifs sur les achats en gros. <\/p>\n","protected":false},"featured_media":18306,"comment_status":"open","ping_status":"closed","template":"","meta":{"content-type":"","om_disable_all_campaigns":false,"_monsterinsights_skip_tracking":false,"_monsterinsights_sitenote_active":false,"_monsterinsights_sitenote_note":"","_monsterinsights_sitenote_category":0,"_uf_show_specific_survey":0,"_uf_disable_surveys":false},"product_brand":[],"product_cat":[216,29],"product_tag":[237],"class_list":{"0":"post-18298","1":"product","2":"type-product","3":"status-publish","4":"has-post-thumbnail","6":"product_cat-portes-cles-honda","7":"product_cat-portes-cles-personnalises","8":"product_tag-portes-cles-honda","10":"first","11":"instock","12":"taxable","13":"shipping-taxable","14":"purchasable","15":"product-type-variable","16":"has-default-attributes"},"aioseo_notices":[],"jetpack_sharing_enabled":true,"_links":{"self":[{"href":"https:\/\/drancourt.fr\/Shop\/wp-json\/wp\/v2\/product\/18298","targetHints":{"allow":["GET"]}}],"collection":[{"href":"https:\/\/drancourt.fr\/Shop\/wp-json\/wp\/v2\/product"}],"about":[{"href":"https:\/\/drancourt.fr\/Shop\/wp-json\/wp\/v2\/types\/product"}],"replies":[{"embeddable":true,"href":"https:\/\/drancourt.fr\/Shop\/wp-json\/wp\/v2\/comments?post=18298"}],"wp:featuredmedia":[{"embeddable":true,"href":"https:\/\/drancourt.fr\/Shop\/wp-json\/wp\/v2\/media\/18306"}],"wp:attachment":[{"href":"https:\/\/drancourt.fr\/Shop\/wp-json\/wp\/v2\/media?parent=18298"}],"wp:term":[{"taxonomy":"product_brand","embeddable":true,"href":"https:\/\/drancourt.fr\/Shop\/wp-json\/wp\/v2\/product_brand?post=18298"},{"taxonomy":"product_cat","embeddable":true,"href":"https:\/\/drancourt.fr\/Shop\/wp-json\/wp\/v2\/product_cat?post=18298"},{"taxonomy":"product_tag","embeddable":true,"href":"https:\/\/drancourt.fr\/Shop\/wp-json\/wp\/v2\/product_tag?post=18298"}],"curies":[{"name":"wp","href":"https:\/\/api.w.org\/{rel}","templated":true}]}}