{"id":18361,"date":"2023-12-08T14:09:30","date_gmt":"2023-12-08T13:09:30","guid":{"rendered":"http:\/\/drancourt.fr\/Shop\/?post_type=product&#038;p=18361"},"modified":"2024-03-23T16:14:36","modified_gmt":"2024-03-23T15:14:36","slug":"porte-cles-honda-hon200s-metal-integral","status":"publish","type":"product","link":"https:\/\/drancourt.fr\/Shop\/produit\/porte-cles-honda-hon200s-metal-integral\/","title":{"rendered":"Porte-Cl\u00e9s HONDA HON200S. M\u00e9tal Int\u00e9gral"},"content":{"rendered":"\n<script type=\"application\/ld+json\">\n{\n  \"@context\": \"https:\/\/schema.org\/\",\n  \"@type\": \"Product\",\n  \"name\": \"Porte-Cl\u00e9s HONDA HON200S. M\u00e9tal Int\u00e9gral\",\n  \"image\": \"https:\/\/drancourt.fr\/Shop\/wp-content\/uploads\/2023\/12\/porte-cles-publicitaires-honda-hon200s-personnalisables-2.webp\",\n  \"description\": \"\u00c9l\u00e9gance moderne du Porte-cl\u00e9s m\u00e9tallique Honda HON200S, parfait pour les concessionnaires souhaitant promouvoir leur marque.\",\n  \"brand\": {\n    \"@type\": \"Brand\",\n    \"name\": \"HONDA\"\n\n  },\n  \"sku\": \"Honda : HON200S\",\n  \"offers\": {\n    \"@type\": \"AggregateOffer\",\n    \"url\": \"https:\/\/drancourt.fr\/Shop\/produit\/porte-cles-honda-hon200s-metal-integral\/\",\n    \"priceCurrency\": \"EUR\",\n    \"lowPrice\": \"241.20\",\n    \"highPrice\": \"5578.00\",\n    \"offerCount\": \"6\",\n    \"priceSpecification\": [\n      \n{\n        \"@type\": \"UnitPriceSpecification\",\n        \"description\": \"Tarif pour la premi\u00e8re commande : 150 unit\u00e9s\",\n        \"price\": \"329.20\",\n        \"priceCurrency\": \"EUR\",\n        \"eligibleQuantity\": {\n          \"@type\": \"QuantitativeValue\",\n          \"value\": 150\n       }\n\t  },\t\t\n{\n        \"@type\": \"UnitPriceSpecification\",\n        \"description\": \"Tarif pour la premi\u00e8re commande : 300 unit\u00e9s\",\n        \"price\": \"554.20\",\n        \"priceCurrency\": \"EUR\",\n        \"eligibleQuantity\": {\n          \"@type\": \"QuantitativeValue\",\n          \"value\": 300\n       }\n\t  },\n\t\t{\n        \"@type\": \"UnitPriceSpecification\",\n        \"description\": \"Tarif pour la premi\u00e8re commande : 600 unit\u00e9s\",\n        \"price\": \"836.80\",\n        \"priceCurrency\": \"EUR\",\n        \"eligibleQuantity\": {\n          \"@type\": \"QuantitativeValue\",\n          \"value\": 600\n        }\n\t\t },\n\t\t{\n        \"@type\": \"UnitPriceSpecification\",\n        \"description\": \"Tarif pour la premi\u00e8re commande : 1200 unit\u00e9s\",\n        \"price\": \"1525.60\",\n        \"priceCurrency\": \"EUR\",\n        \"eligibleQuantity\": {\n          \"@type\": \"QuantitativeValue\",\n          \"value\": 1200\n       }\n\t\t},\n\t\t{\n        \"@type\": \"UnitPriceSpecification\",\n        \"description\": \"Tarif pour la premi\u00e8re commande : 2500 unit\u00e9s\",\n        \"price\": \"2958.00\",\n        \"priceCurrency\": \"EUR\",\n        \"eligibleQuantity\": {\n          \"@type\": \"QuantitativeValue\",\n          \"value\": 2500\n       }\n\t\t},\n\t\t{\n        \"@type\": \"UnitPriceSpecification\",\n        \"description\": \"Tarif pour la premi\u00e8re commande : 5000 unit\u00e9s\",\n        \"price\": \"5578.00\",\n        \"priceCurrency\": \"EUR\",\n        \"eligibleQuantity\": {\n          \"@type\": \"QuantitativeValue\",\n          \"value\": 5000\n       }\n\t\t},\n\t\t{\n\t\t\t\"@type\": \"UnitPriceSpecification\",\n\t\t\t\"description\": \"Tarif pour la 2\u00e8me commande : 150 unit\u00e9s\",\n\t\t\t\"price\": \"241.20\",\n\t\t\t\"priceCurrency\": \"EUR\",\n\t\t\t\"eligibleQuantity\": {\n\t\t\t\"@type\": \"QuantitativeValue\",\n\t\t\t\t\"value\": 150\n \t}\n\t},\n{\n  \"@type\": \"UnitPriceSpecification\",\n  \"description\": \"Tarif pour la 2\u00e8me commande : 300 unit\u00e9s\",\n  \"price\": \"466.20\",\n  \"priceCurrency\": \"EUR\",\n  \"eligibleQuantity\": {\n    \"@type\": \"QuantitativeValue\",\n    \"value\": 300\n  }\n\t},\n{\n  \"@type\": \"UnitPriceSpecification\",\n  \"description\": \"Tarif pour la 2\u00e8me commande : 600 unit\u00e9s\",\n  \"price\": \"748.80\",\n  \"priceCurrency\": \"EUR\",\n  \"eligibleQuantity\": {\n    \"@type\": \"QuantitativeValue\",\n    \"value\": 600\n  }\n\t},\n{\n  \"@type\": \"UnitPriceSpecification\",\n  \"description\": \"Tarif pour la 2\u00e8me commande : 1200 unit\u00e9s\",\n  \"price\": \"1437.60\",\n  \"priceCurrency\": \"EUR\",\n  \"eligibleQuantity\": {\n    \"@type\": \"QuantitativeValue\",\n    \"value\": 1200\n  }\n\t},\n{\n  \"@type\": \"UnitPriceSpecification\",\n  \"description\": \"Tarif pour la 2\u00e8me commande : 2500 unit\u00e9s\",\n  \"price\": \"2870.00\",\n  \"priceCurrency\": \"EUR\",\n  \"eligibleQuantity\": {\n    \"@type\": \"QuantitativeValue\",\n    \"value\": 2500\n }\n},\n{\n  \"@type\": \"UnitPriceSpecification\",\n  \"description\": \"Tarif pour la 2\u00e8me commande : 5000 unit\u00e9s\",\n  \"price\":\"5490.00\",\n  \"priceCurrency\": \"EUR\",\n  \"eligibleQuantity\": {\n    \"@type\": \"QuantitativeValue\",\n    \"value\": 5000\n }\n}\n\n      \n    ],\n    \"itemCondition\": \"https:\/\/schema.org\/NewCondition\",\n    \"availability\": \"https:\/\/schema.org\/InStock\",\n    \"seller\": {\n      \"@type\": \"Organization\",\n      \"name\": \"Drancourt\"\n    }\n  }\n}\n\n<\/script>\n\n\n\n\n<h3><span style=\"color: #19419b\"><strong>PPorte-Cl\u00e9s Honda HON200S : Totem Design 3D en M\u00e9tal Int\u00e9gral <\/strong> <\/span><\/h3>\n\n\n\n<div class=\"container\">\n            <div class=\"row align-items-center\">\n               <div class=\"col-10\">\n<p>Le <strong>Porte-Cl\u00e9s Honda HON200S<\/strong> est une v\u00e9ritable \u0153uvre d&rsquo;art en m\u00e9tal. Son design totem 3D est une d\u00e9claration d&rsquo;innovation et de style, parfaitement adapt\u00e9 pour les professionnels de l&rsquo;automobile qui cherchent \u00e0 se d\u00e9marquer.<\/p>\n\n<p>Ce <strong>porte-cl\u00e9s en m\u00e9tal Honda<\/strong> n&rsquo;est pas seulement un accessoire, c&rsquo;est un choix de distinction. Sa fabrication en m\u00e9tal int\u00e9gral assure durabilit\u00e9 et \u00e9l\u00e9gance, faisant de lui un cadeau m\u00e9morable pour vos clients les plus pr\u00e9cieux.<\/p>\n\n<p>En tant que <strong>grossiste porte-cl\u00e9s Honda<\/strong>, nous offrons ce produit exclusif avec une grille tarifaire d\u00e9gressive, rendant vos commandes en gros encore plus avantageuses. Id\u00e9al \u00e0 partir de 150 pi\u00e8ces grav\u00e9es, ce <strong>porte-cl\u00e9s promotionnels pour concessionnaires Honda<\/strong> est un outil de marketing efficace.<\/p>\n\n<p><em>Demande-nous vite un devis personnalis\u00e9 !<\/em> Chaque <strong>Porte-Cl\u00e9s Honda<\/strong> peut \u00eatre adapt\u00e9 \u00e0 vos besoins, offrant un message personnalis\u00e9 \u00e0 vos clients tout en refl\u00e9tant la qualit\u00e9 et le prestige de votre marque.<\/p>\n\n<p>Choisissez le <strong>Porte-Cl\u00e9s Honda HON200S<\/strong> pour un impact maximal aupr\u00e8s de vos clients. Son design unique en 3D et sa fabrication de haute qualit\u00e9 le distinguent comme un choix de premier ordre pour tout professionnel de l&rsquo;automobile.<\/p>\n\n<\/div>\n             \n                <div class=\"col-2\"><figure><img data-recalc-dims=\"1\" decoding=\"async\" src=\"https:\/\/i0.wp.com\/drancourt.fr\/Shop\/wp-content\/uploads\/2024\/03\/Logo-Honda-2.png?ssl=1\" alt=\"Logo Honda\" style=\"width:200px; height:auto\" class=\"img-thumbnail\"><\/figure><\/div>\n            <\/div>\n        <\/div>\n\n\n\n<p>&nbsp;<p>\n<hr>\n<p>&nbsp;<p>\n<div class=\"wp-block-columns is-not-stacked-on-mobile aro-price shop-by-cat justify-content-center\">\n\n<div class=\"wp-block-column col-3\">\n<figure class=\"wp-block-image aligncenter size-full is-resized rounded mx-auto d-block\"><a href=\"\"><img data-recalc-dims=\"1\" decoding=\"async\" src=\"https:\/\/i0.wp.com\/drancourt.fr\/Shop\/wp-content\/uploads\/2024\/02\/tarif-degessif.png?ssl=1\" alt=\"Tarifs D\u00e9gressifs\" class=\"wp-image-6825\" style=\"object-fit:cover;width:64px;height:64px\"\/><\/a><\/figure>\n<h2 class=\"wp-block-heading has-text-align-center\" style=\"margin-top:var(--wp--preset--spacing--40);font-size:20px;font-style:normal;font-weight:500;line-height:1.2\"><a href=\"\"><span style=\"color: #1c4499\">Tarifs D\u00e9gressifs<\/span><\/a><\/h2>\n<\/div>\n\n<div class=\"wp-block-column col-3\">\n<figure class=\"wp-block-image aligncenter size-full is-resized rounded mx-auto d-block\"><a href=\"\"><img data-recalc-dims=\"1\" decoding=\"async\" src=\"https:\/\/i0.wp.com\/drancourt.fr\/Shop\/wp-content\/uploads\/2024\/02\/a-votre-ecoute.png?ssl=1\" alt=\"A votre \u00e9coute\" class=\"wp-image-6825\" style=\"object-fit:cover;width:64px;height:64px\"\/><\/a><\/figure>\n<h2 class=\"wp-block-heading has-text-align-center\" style=\"margin-top:var(--wp--preset--spacing--40);font-size:20px;font-style:normal;font-weight:500;line-height:1.2\"><a href=\"\"><span style=\"color: #1c4499\">A votre \u00c9coute<\/span><\/a><\/h2>\n<\/div>\n\n<div class=\"wp-block-column col-3\">\n<figure class=\"wp-block-image aligncenter size-full is-resized rounded mx-auto d-block\"><a href=\"\"><img data-recalc-dims=\"1\" decoding=\"async\" width=\"64\" height=\"64\" src=\"https:\/\/i0.wp.com\/drancourt.fr\/Shop\/wp-content\/uploads\/2023\/11\/icone-porte-cles.png?resize=64%2C64\" alt=\"Porte-cl\u00e9s publicitaires personnalisables\" class=\"wp-image-6826\" style=\"object-fit:cover;width:64px;height:64px\"\/><\/a><\/figure>\n<h2 class=\"wp-block-heading has-text-align-center\" style=\"margin-top:var(--wp--preset--spacing--40);font-size:20px;font-style:normal;font-weight:500;line-height:1.2\"><a href=\"\"><span style=\"color: #1c4499\">Porte-Cl\u00e9s Personnalisables Honda<\/span><\/a><\/h2>\n<\/div>\n\n\n\n<div class=\"wp-block-column col-3\">\n<figure class=\"wp-block-image aligncenter size-full is-resized rounded mx-auto d-block\"><a href=\"\"><img data-recalc-dims=\"1\" decoding=\"async\" src=\"https:\/\/i0.wp.com\/drancourt.fr\/Shop\/wp-content\/uploads\/2024\/02\/devis-en-ligne.png?ssl=1\" alt=\"Devis en ligne\" class=\"wp-image-6827\" style=\"object-fit:cover;width:64px;height:64px\"\/><\/a><\/figure>\n<h2 class=\"wp-block-heading has-text-align-center\" style=\"margin-top:var(--wp--preset--spacing--40);font-size:20px;font-style:normal;font-weight:500;line-height:1.2\"><a href=\"Devis en Ligne\"><span style=\"color: #1c4499\">Devis en Ligne<\/span><\/a><\/h2>\n<\/div>\n\n\n\n<\/div>\n<hr>\n<p>&nbsp;<p>\n\n\n\n<h4><span style=\"color: #19419b\">Prix Unitaire des Porte-Cl\u00e9s HONDA HON200S <strong>1<sup>ere<\/sup> Gravure<\/strong> : <\/span><\/h4>\n\n\n\n<table class=\"table table-hover table-bordered\">\n  <thead>\n     <tr class=\"table-primary\">\n<td style=\"text-align: center\"><span style=\"color: #19419b\">Par<\/span><\/td>\n<td style=\"text-align: center\"><span style=\"color: #19419b\">Par<\/span><\/td>\n<td style=\"text-align: center\"><span style=\"color: #19419b\">Par<\/span><\/td>\n<td style=\"text-align: center\"><span style=\"color: #19419b\">Par<\/span><\/td>\n<td style=\"text-align: center\"><span style=\"color: #19419b\">Par<\/span><\/td>\n<td style=\"text-align: center\"><span style=\"color: #19419b\">Par<\/span><\/td>\n     <\/tr>\n  <\/thead>\n\n  <tbody>\n\n    <tr>\n  \n   \n<td style=\"text-align: center\"><span style=\"color: #19419b\">150 :<\/span><\/td>\n<td style=\"text-align: center\"><span style=\"color: #19419b\">300 :<\/span><\/td>\n<td style=\"text-align: center\"><span style=\"color: #19419b\">600 :<\/span><\/td>\n<td style=\"text-align: center\"><span style=\"color: #19419b\">1200 :<\/span><\/td>\n<td style=\"text-align: center\"><span style=\"color: #19419b\">2500 :<\/span><\/td>\n<td style=\"text-align: center\"><span style=\"color: #19419b\">5000 :<\/span><\/td>  \n\n    <\/tr>\n\n    <tr>\n \n   \n<td style=\"text-align: center\"><span style=\"color: #19419b\"><b>1,608 \u20ac<b><\/b><\/b><\/span><\/td>\n<td style=\"text-align: center\"><span style=\"color: #19419b\"><b>1,554 \u20ac<b><\/b><\/b><\/span><\/td>\n<td style=\"text-align: center\"><span style=\"color: #19419b\"><b>1,248 \u20ac<b><\/b><\/b><\/span><\/td>\n<td style=\"text-align: center\"><span style=\"color: #19419b\"><b>1,198 \u20ac<b><\/b><\/b><\/span><\/td>\n<td style=\"text-align: center\"><span style=\"color: #19419b\"><b>1,148 \u20ac<b><\/b><\/b><\/span><\/td>\n<td style=\"text-align: center\"><span style=\"color: #19419b\"><b>1,098 \u20ac<b><\/b><\/b><\/span><\/td>  \n\n    <\/tr>\n\n    <tr>\n \n    \n<td style=\"text-align: center\"><span style=\"color: #19419b\"><i>+ 88 \u20ac<\/i><\/span><\/td>\n<td style=\"text-align: center\"><span style=\"color: #19419b\"><i>+ 88 \u20ac<\/i><\/span><\/td>\n<td style=\"text-align: center\"><span style=\"color: #19419b\"><i>+ 88 \u20ac<\/i><\/span><\/td>\n<td style=\"text-align: center\"><span style=\"color: #19419b\"><i>+ 88 \u20ac<\/i><\/span><\/td>\n<td style=\"text-align: center\"><span style=\"color: #19419b\"><i>+ 88 \u20ac<\/i><\/span><\/td>\n<td style=\"text-align: center\"><span style=\"color: #19419b\"><i>+ 88 \u20ac<\/i><\/span><\/td> \n\n    <\/tr>\n\n<tr>\n\n\n<td style=\"text-align: center\"><span style=\"color: #19419b\"><b>329,20 \u20ac<b><\/b><\/b><\/span><\/td>\n<td style=\"text-align: center\"><span style=\"color: #19419b\"><b>554,20 \u20ac<b><\/b><\/b><\/span><\/td>\n<td style=\"text-align: center\"><span style=\"color: #19419b\"><b>836,80 \u20ac<b><\/b><\/b><\/span><\/td>\n<td style=\"text-align: center\"><span style=\"color: #19419b\"><b>1525,60 \u20ac<b><\/b><\/b><\/span><\/td>\n<td style=\"text-align: center\"><span style=\"color: #19419b\"><b>2958,00 \u20ac<b><\/b><\/b><\/span><\/td>\n<td style=\"text-align: center\"><span style=\"color: #19419b\"><b>5578,00 \u20ac<b><\/b><\/b><\/span><\/td>\n<\/tr>\n\n  <\/tbody>\n<\/table>\n\n\n\n<p>&nbsp;<p>\n\n\n\n<h3><span style=\"color: #19419b\">Options de Personnalisation et Processus de Commande<\/span><\/h3>\n    <ol>\n        <li><strong>Personnalisation en Relief sur le Revers<\/strong> :\n            <ul>\n                <li><strong>Premi\u00e8re Commande<\/strong> : Co\u00fbt d&rsquo;outillage de 88 euros pour le nom, l&rsquo;adresse et le t\u00e9l\u00e9phone avec une typographie en \u00ab \u00c9criture B\u00e2ton \u00bb. Ce tarif comprend un lettrage standard.<\/li>\n                <li><strong>Renouvellement<\/strong> : Aucun frais pour les outillages d\u00e9j\u00e0 existants.<\/li>\n            <\/ul>\n        <\/li>\n        <li><strong>Marquage Sp\u00e9cial sur le Revers<\/strong> :\n            <ul>\n                <li>Pour l&rsquo;ajout d&rsquo;un logo ou d&rsquo;une typographie personnalis\u00e9e, le co\u00fbt est de 110 euros. Merci de nous consulter pour plus de d\u00e9tails.<\/li>\n            <\/ul>\n        <\/li>\n        <li><strong>Processus de Commande et Fabrication<\/strong> :\n            <ul>\n                <li>Chaque commande implique une communication proactive, incluant des appels t\u00e9l\u00e9phoniques et l&rsquo;\u00e9change d&rsquo;un Bon \u00e0 Tirer (BAT) valid\u00e9 avant le d\u00e9but de la fabrication.<\/li>\n                <li>Le d\u00e9lai de fabrication est estim\u00e9 entre 4 et 6 semaines.<\/li>\n            <\/ul>\n        <\/li>\n    <\/ol>\n\n\n\n<p>&nbsp;<p>\n\n\n\n<h4><span style=\"color: #19419b\">Prix Unitaire des Porte-Cl\u00e9s HONDA HON200S <strong>Renouvellement<\/strong> : <\/span><\/h4>\n\n\n\n<table class=\"table table-hover table-bordered\">\n  <thead>\n    <tr class=\"table-primary\">\n<td style=\"text-align: center\"><span style=\"color: #19419b\">Par<\/span><\/td>\n<td style=\"text-align: center\"><span style=\"color: #19419b\">Par<\/span><\/td>\n<td style=\"text-align: center\"><span style=\"color: #19419b\">Par<\/span><\/td>\n<td style=\"text-align: center\"><span style=\"color: #19419b\">Par<\/span><\/td>\n<td style=\"text-align: center\"><span style=\"color: #19419b\">Par<\/span><\/td>\n<td style=\"text-align: center\"><span style=\"color: #19419b\">Par<\/span><\/td>\n     <\/tr>\n  <\/thead>\n\n  <tbody>\n\n    <tr>\n  \n   \n<td style=\"text-align: center\"><span style=\"color: #19419b\">150 :<\/span><\/td>\n<td style=\"text-align: center\"><span style=\"color: #19419b\">300 :<\/span><\/td>\n<td style=\"text-align: center\"><span style=\"color: #19419b\">600 :<\/span><\/td>\n<td style=\"text-align: center\"><span style=\"color: #19419b\">1200 :<\/span><\/td>\n<td style=\"text-align: center\"><span style=\"color: #19419b\">2500 :<\/span><\/td>\n<td style=\"text-align: center\"><span style=\"color: #19419b\">5000 :<\/span><\/td>  \n\n    <\/tr>\n\n    <tr>\n \n   \n<td style=\"text-align: center\"><span style=\"color: #19419b\"><b>1,608 \u20ac<b><\/b><\/b><\/span><\/td>\n<td style=\"text-align: center\"><span style=\"color: #19419b\"><b>1,554 \u20ac<b><\/b><\/b><\/span><\/td>\n<td style=\"text-align: center\"><span style=\"color: #19419b\"><b>1,248 \u20ac<b><\/b><\/b><\/span><\/td>\n<td style=\"text-align: center\"><span style=\"color: #19419b\"><b>1,198 \u20ac<b><\/b><\/b><\/span><\/td>\n<td style=\"text-align: center\"><span style=\"color: #19419b\"><b>1,148 \u20ac<b><\/b><\/b><\/span><\/td>\n<td style=\"text-align: center\"><span style=\"color: #19419b\"><b>1,098 \u20ac<b><\/b><\/b><\/span><\/td> \n\n    <\/tr>\n\n   \n\n<tr>\n\n\n<td style=\"text-align: center\"><span style=\"color: #19419b\"><b>241,20 \u20ac<b><\/b><\/b><\/span><\/td>\n<td style=\"text-align: center\"><span style=\"color: #19419b\"><b>466,20 \u20ac<b><\/b><\/b><\/span><\/td>\n<td style=\"text-align: center\"><span style=\"color: #19419b\"><b>748,80 \u20ac<b><\/b><\/b><\/span><\/td>\n<td style=\"text-align: center\"><span style=\"color: #19419b\"><b>1437,60 \u20ac<b><\/b><\/b><\/span><\/td>\n<td style=\"text-align: center\"><span style=\"color: #19419b\"><b>2870,00 \u20ac<b><\/b><\/b><\/span><\/td>\n<td style=\"text-align: center\"><span style=\"color: #19419b\"><b>5490,00 \u20ac<b><\/b><\/b><\/span><\/td>\n<\/tr>\n\n  <\/tbody>\n<\/table>\n\n\n\n<p>&nbsp;<p>\n\n\n\n<h3><span style=\"color: #19419b\">Porte-Cl\u00e9s HONDA HON200S. Totem Design 3D. Tout M\u00e9tal. : <\/span><\/h3>\n\n\n\n<p>&nbsp;<p>\n\n\n\n<div class=\"wp-block-columns\">\n<div class=\"wp-block-column\">\n<figure class=\"wp-block-image aligncenter size-full\"><img data-recalc-dims=\"1\" fetchpriority=\"high\" decoding=\"async\" width=\"400\" height=\"500\" src=\"https:\/\/i0.wp.com\/drancourt.fr\/Shop\/wp-content\/uploads\/2023\/12\/Logo-Honda.webp?resize=400%2C500\" alt=\"Logo Honda\" class=\"wp-image-18260\" srcset=\"https:\/\/i0.wp.com\/drancourt.fr\/Shop\/wp-content\/uploads\/2023\/12\/Logo-Honda.webp?w=400&amp;ssl=1 400w, https:\/\/i0.wp.com\/drancourt.fr\/Shop\/wp-content\/uploads\/2023\/12\/Logo-Honda.webp?resize=240%2C300&amp;ssl=1 240w\" sizes=\"(max-width: 400px) 100vw, 400px\" \/><\/figure>\n<\/div>\n<div class=\"wp-block-column\">\n<div class=\"wp-block-group\">\n<div class=\"wp-block-group\">\n<h2 class=\"wp-block-heading\" id=\"block-80d37238-861c-4921-b650-550d4e855d0e\">Description<\/h2>\n<p id=\"block-b96fc4b1-0ffa-4724-8d2f-98c73e4b6f7b\"><strong><span style=\"color: #1c4499\">Tout M\u00e9tal<\/span><\/strong><\/p>\n<ul id=\"block-feaf2cde-eab6-4b64-b323-c328005bda9e\">\n<li style=\"line-height:2\"><strong>HONDA <\/strong> : HON200S. <\/li>\n<li style=\"line-height:2\"><strong>Face<\/strong> : Totem Design 3D. Tout M\u00e9tal.<\/li>\n\n<li style=\"line-height:2\"><strong>Revers<\/strong> : Texte en relief<\/li>\n<li style=\"line-height:2\"><strong>Finition<\/strong> : M\u00e9tal<\/li>\n<li style=\"line-height:2\"><strong>Gravure<\/strong> : 40 \u00e0 50 caract\u00e8res<\/li>\n<li style=\"line-height:2\"><strong>Gravure Sp\u00e9ciale<\/strong> : En Option<\/li>\n<\/ul>\n<\/div>\n<\/div>\n<\/div>\n<\/div>\n\n\n\n<div class=\"wp-block-group is-content-justification-right is-nowrap is-layout-flex wp-container-core-group-is-layout-17124a9a wp-block-group-is-layout-flex\">\r\n\t\t\t\t\r\n\t\t<a \r\n\t\t\t\r\n\t\t\tclass=\"block-fea04d89-1ca0-480c-9e4f-4064dd1d4bbf btn areoi-has-url position-relative btn-primary\"\r\n\t href=\"https:\/\/drancourt.fr\/Shop\/categorie-produit\/portes-cles-personnalises\/portes-cles-honda\/\" >\r\n\t\t\t\t\t\r\n\t\t\t\t\tAutres Portes-Cl\u00e9s Honda Personnalisables \r\n\t\t\t\t\t\r\n\t\t\t\t\t \r\n\t\t\t\t<\/a>\r\n\t\t\t<\/div>\n\n\n\n<p>&nbsp;<p>\n\n\n\r\n\t\t<div  class=\"block-b580172a-422d-4651-93c8-cae7c6f38423 accordion\">\r\n\t\t\t\n\r\n\t\t<div  class=\"block-59b35d03-1c84-4c2f-8526-b8188ce4f7f9 accordion-item\">\r\n\r\n\t\t\t<h3 \r\n\t\t\t\tclass=\"accordion-header\" \r\n\t\t\t\tid=\"block-59b35d03-1c84-4c2f-8526-b8188ce4f7f9-header\"\r\n\t\t\t>\r\n\t\t\t\t<button \r\n\t\t\t\t\tclass=\"accordion-button collapsed\" \r\n\t\t\t\t\ttype=\"button\" \r\n\t\t\t\t\tdata-bs-toggle=\"collapse\" \r\n\t\t\t\t\tdata-bs-target=\"#block-59b35d03-1c84-4c2f-8526-b8188ce4f7f9-collapse\" \r\n\t\t\t\t\taria-expanded=\"false\" \r\n\t\t\t\t\taria-controls=\"block-59b35d03-1c84-4c2f-8526-b8188ce4f7f9-collapse\"\r\n\t\t\t\t>\r\n\t\t\t\t\t<strong><em>Vos Principales Questions :<\/em><\/strong>\r\n\t\t\t\t<\/button>\r\n\t\t\t<\/h3>\r\n\r\n\t\t\t<div \r\n\t\t\t\tid=\"block-59b35d03-1c84-4c2f-8526-b8188ce4f7f9-collapse\" \r\n\t\t\t\tclass=\"accordion-collapse collapse\" \r\n\t\t\t\taria-labelledby=\"block-59b35d03-1c84-4c2f-8526-b8188ce4f7f9-header\"\r\n\t\t\t\tdata-bs-parent=\".block-b580172a-422d-4651-93c8-cae7c6f38423\"\r\n\t\t\t>\r\n\t\t\t\t<div class=\"accordion-body\">\r\n\t\t\t\t\t\n\n<p>\u00ab\u00a0<em>Je recherche des portes-cl\u00e9s personnalisables Honda qui refl\u00e8tent vraiment l&rsquo;image de mon \u00e9tablissement, mais je suis pr\u00e9occup\u00e9 par le fait que les options de personnalisation ne r\u00e9pondent pas pleinement aux besoins de mon image de marque.<\/em>\u00ab\u00a0<\/p>\n\n\n\n<div class=\"wp-block-group is-content-justification-right is-nowrap is-layout-flex wp-container-core-group-is-layout-17124a9a wp-block-group-is-layout-flex\">\r\n\t\t\t\t\r\n\t\t<a \r\n\t\t\t\r\n\t\t\tclass=\"block-cea57816-940b-4fab-ad97-6d3091704bea btn areoi-has-url position-relative btn-primary\"\r\n\t href=\"https:\/\/drancourt.fr\/Shop\/2024\/02\/21\/des-portes-cles-personnalisables-qui-refletent-vraiment-limage-de-mon-etablissement\/\" >\r\n\t\t\t\t\t\r\n\t\t\t\t\tEn savoir plus \r\n\t\t\t\t\t\r\n\t\t\t\t\t \r\n\t\t\t\t<\/a>\r\n\t\t\t<\/div>\n\n\n\n<p>&nbsp;<p>\n\n\n\n<p>\u00ab\u00a0<em>J&rsquo;aimerais utiliser des portes-cl\u00e9s <em><em>Honda<\/em><\/em> comme outil de promotion, mais je crains que les d\u00e9lais de livraison ne compromettent l&rsquo;efficacit\u00e9 de ma campagne marketing.<\/em>\u00ab\u00a0<\/p>\n\n\n\n<div class=\"wp-block-group is-content-justification-right is-nowrap is-layout-flex wp-container-core-group-is-layout-17124a9a wp-block-group-is-layout-flex\">\r\n\t\t\t\t\r\n\t\t<a \r\n\t\t\t\r\n\t\t\tclass=\"block-3c478ddf-e61b-4ef7-b894-5c610a9c80c3 btn areoi-has-url position-relative btn-primary\"\r\n\t href=\"https:\/\/drancourt.fr\/Shop\/2024\/02\/21\/assurez-le-succes-de-votre-campagne-marketing-avec-nos-porte-cles-personnalises\/\" >\r\n\t\t\t\t\t\r\n\t\t\t\t\tEn savoir plus \r\n\t\t\t\t\t\r\n\t\t\t\t\t \r\n\t\t\t\t<\/a>\r\n\t\t\t<\/div>\n\n\n\n<p>&nbsp;<p>\n\n\n\n<p>\u00ab\u00a0<em>Je cherche des portes-cl\u00e9s <em><em>Honda<\/em><\/em> grav\u00e9s avec le nom de mon garage, mais je me demande si le processus de commande sera trop compliqu\u00e9 ou chronophage, \u00e9tant donn\u00e9 mes autres responsabilit\u00e9s professionnelles.<\/em>\u00ab\u00a0<\/p>\n\n\n\n<div class=\"wp-block-group is-content-justification-right is-nowrap is-layout-flex wp-container-core-group-is-layout-17124a9a wp-block-group-is-layout-flex\">\r\n\t\t\t\t\r\n\t\t<a \r\n\t\t\t\r\n\t\t\tclass=\"block-ab99c9a2-c267-4ca2-a019-88d37cc3194b btn areoi-has-url position-relative btn-primary\"\r\n\t href=\"https:\/\/drancourt.fr\/Shop\/2024\/02\/21\/simplifiez-vos-commandes-de-portes-cles-graves-avec-drancourt-sarl\/\" >\r\n\t\t\t\t\t\r\n\t\t\t\t\tEn savoir plus \r\n\t\t\t\t\t\r\n\t\t\t\t\t \r\n\t\t\t\t<\/a>\r\n\t\t\t<\/div>\n\n \r\n\t\t\t\t<\/div>\r\n\t\t\t<\/div>\r\n\t\t<\/div>\r\n\t\n \r\n\t\t<\/div>\r\n\t\n\n\n<p>&nbsp;<p>\n<hr>\n<p>&nbsp;<p>\n<p><h5 style=\"text-align:center\"><a href=\"https:\/\/drive.google.com\/file\/d\/1ELzm5j1Ybmmz4UfsP2Mauj09ONjeQNX8\/view?usp=drive_link\"><span style=\"color: #c50039\">Toute la gamme HONDA (<i>Pdf : 3,2 Mo<\/i>)<\/span><\/a><\/h5><\/p>\n<p>&nbsp;<p>\n<hr>\n\n\n\n<!-- UseStrict's Calendly Embedder - Calendly popup widget start -->\n<div id=\"wpcalel-calendly-popup-1\"\n\tdata-wpcalel-type=\"popup\"\n\tdata-wpcalel-url=\"https:\/\/calendly.com\/drancourtservice\/\"\n\tdata-wpcalel-prefill=\"false\"\n\tdata-wpcalel-query-str=\"false\"\n\tdata-wpcalel-text=\"Programmer un RDV avec Nous\"\n\tdata-wpcalel-color=\"#1c4499\"\n\tdata-wpcalel-textColor=\"#ffffff\"\n\tdata-wpcalel-branding=\"false\"\n\t\t\t\t\t\t\t\t\t\t\t\t\t\t\t\t\t\t\t\t\t\t\t\t\t\t\t\t\t\t\t\t\t\t\t\t\t\t\t\t\t\t\t\t\t\t\t\t\t\t\t\t\t \n><\/div>\n<!-- UseStrict's Calendly Embedder - Calendly popup widget end -->\n\n\t\t\t\n","protected":false},"excerpt":{"rendered":"<p>Le Porte-Cl\u00e9s Honda HON200S allie design 3D innovant et m\u00e9tal de qualit\u00e9. Parfait pour les pros de l&rsquo;auto, c&rsquo;est un choix de prestige et de distinction.<\/p>\n","protected":false},"featured_media":18369,"comment_status":"open","ping_status":"closed","template":"","meta":{"content-type":"","om_disable_all_campaigns":false,"_monsterinsights_skip_tracking":false,"_monsterinsights_sitenote_active":false,"_monsterinsights_sitenote_note":"","_monsterinsights_sitenote_category":0,"_uf_show_specific_survey":0,"_uf_disable_surveys":false},"product_brand":[],"product_cat":[216,29],"product_tag":[237],"class_list":{"0":"post-18361","1":"product","2":"type-product","3":"status-publish","4":"has-post-thumbnail","6":"product_cat-portes-cles-honda","7":"product_cat-portes-cles-personnalises","8":"product_tag-portes-cles-honda","10":"first","11":"instock","12":"taxable","13":"shipping-taxable","14":"purchasable","15":"product-type-variable","16":"has-default-attributes"},"aioseo_notices":[],"jetpack_sharing_enabled":true,"_links":{"self":[{"href":"https:\/\/drancourt.fr\/Shop\/wp-json\/wp\/v2\/product\/18361","targetHints":{"allow":["GET"]}}],"collection":[{"href":"https:\/\/drancourt.fr\/Shop\/wp-json\/wp\/v2\/product"}],"about":[{"href":"https:\/\/drancourt.fr\/Shop\/wp-json\/wp\/v2\/types\/product"}],"replies":[{"embeddable":true,"href":"https:\/\/drancourt.fr\/Shop\/wp-json\/wp\/v2\/comments?post=18361"}],"wp:featuredmedia":[{"embeddable":true,"href":"https:\/\/drancourt.fr\/Shop\/wp-json\/wp\/v2\/media\/18369"}],"wp:attachment":[{"href":"https:\/\/drancourt.fr\/Shop\/wp-json\/wp\/v2\/media?parent=18361"}],"wp:term":[{"taxonomy":"product_brand","embeddable":true,"href":"https:\/\/drancourt.fr\/Shop\/wp-json\/wp\/v2\/product_brand?post=18361"},{"taxonomy":"product_cat","embeddable":true,"href":"https:\/\/drancourt.fr\/Shop\/wp-json\/wp\/v2\/product_cat?post=18361"},{"taxonomy":"product_tag","embeddable":true,"href":"https:\/\/drancourt.fr\/Shop\/wp-json\/wp\/v2\/product_tag?post=18361"}],"curies":[{"name":"wp","href":"https:\/\/api.w.org\/{rel}","templated":true}]}}