{"id":2011,"date":"2023-11-08T10:03:35","date_gmt":"2023-11-08T09:03:35","guid":{"rendered":"http:\/\/drancourt.fr\/Shop\/?post_type=product&#038;p=2011"},"modified":"2024-02-18T16:43:23","modified_gmt":"2024-02-18T15:43:23","slug":"porte-cles-toyota-toy118s-personnalisables-rectangle-3d-asymetrique-tout-metal","status":"publish","type":"product","link":"https:\/\/drancourt.fr\/Shop\/produit\/porte-cles-toyota-toy118s-personnalisables-rectangle-3d-asymetrique-tout-metal\/","title":{"rendered":"Porte-Cl\u00e9s TOYOTA TOY118S. Rectangle 3d Asym\u00e9trique. Tout M\u00e9tal."},"content":{"rendered":"\n<script type=\"application\/ld+json\">\n{\n  \"@context\": \"https:\/\/schema.org\/\",\n  \"@type\": \"Product\",\n  \"name\": \"Porte-Cl\u00e9s TOYOTA TOY118S. Rectangle 3d Asym\u00e9trique. Tout M\u00e9tal.\",\n  \"image\": \"https:\/\/drancourt.fr\/Shop\/wp-content\/uploads\/2023\/11\/Porte-Cles-Toyota-TOY118S.webp\",\n  \"description\": \"Porte-Cl\u00e9s TOYOTA R\u00e9f\u00e9rence : TOY118S. Rectangle 3d Asym\u00e9trique. Tout M\u00e9tal.\",\n  \"brand\": {\n    \"@type\": \"Brand\",\n    \"name\": \"Toyota\"\n  },\n  \"sku\": \"TOY118S\",\n  \"offers\": {\n    \"@type\": \"AggregateOffer\",\n    \"url\": \"https:\/\/drancourt.fr\/Shop\/produit\/porte-cles-toyota-toy118s-rectangle-3d-asymetrique-tout-metal\/\",\n    \"priceCurrency\": \"EUR\",\n    \"lowPrice\": \"264.20\",\n    \"highPrice\": \"6088,00\",\n    \"offerCount\": \"6\",\n    \"priceSpecification\": [\n      {\n        \"@type\": \"UnitPriceSpecification\",\n        \"description\": \"Tarif pour la premi\u00e8re commande : 150 unit\u00e9s\",\n        \"price\": \"352.00\",\n        \"priceCurrency\": \"EUR\",\n        \"eligibleQuantity\": {\n          \"@type\": \"QuantitativeValue\",\n          \"value\": 150\n        }\n         },\n\t\t{\n        \"@type\": \"UnitPriceSpecification\",\n        \"description\": \"Tarif pour la premi\u00e8re commande : 300 unit\u00e9s\",\n        \"price\": \"604.00\",\n        \"priceCurrency\": \"EUR\",\n        \"eligibleQuantity\": {\n          \"@type\": \"QuantitativeValue\",\n          \"value\": 300\n       }\n\t  },\n\t\t{\n        \"@type\": \"UnitPriceSpecification\",\n        \"description\": \"Tarif pour la premi\u00e8re commande : 600 unit\u00e9s\",\n        \"price\": \"916.00\",\n        \"priceCurrency\": \"EUR\",\n        \"eligibleQuantity\": {\n          \"@type\": \"QuantitativeValue\",\n          \"value\": 600\n        }\n\t\t },\n\t\t{\n        \"@type\": \"UnitPriceSpecification\",\n        \"description\": \"Tarif pour la premi\u00e8re commande : 1200 unit\u00e9s\",\n        \"price\": \"1672.00\",\n        \"priceCurrency\": \"EUR\",\n        \"eligibleQuantity\": {\n          \"@type\": \"QuantitativeValue\",\n          \"value\": 1200\n       }\n\t\t},\n\t\t{\n        \"@type\": \"UnitPriceSpecification\",\n        \"description\": \"Tarif pour la premi\u00e8re commande : 2500 unit\u00e9s\",\n        \"price\": \"3238.00\",\n        \"priceCurrency\": \"EUR\",\n        \"eligibleQuantity\": {\n          \"@type\": \"QuantitativeValue\",\n          \"value\": 2500\n       }\n\t\t},\n\t\t{\n        \"@type\": \"UnitPriceSpecification\",\n        \"description\": \"Tarif pour la premi\u00e8re commande : 5000 unit\u00e9s\",\n        \"price\": \"6088.00\",\n        \"priceCurrency\": \"EUR\",\n        \"eligibleQuantity\": {\n          \"@type\": \"QuantitativeValue\",\n          \"value\": 5000\n       }\n\t\t},\n\t\t{\n\t\t\t\"@type\": \"UnitPriceSpecification\",\n\t\t\t\"description\": \"Tarif pour la 2\u00e8me commande : 150 unit\u00e9s\",\n\t\t\t\"price\": \"264.20\",\n\t\t\t\"priceCurrency\": \"EUR\",\n\t\t\t\"eligibleQuantity\": {\n\t\t\t\"@type\": \"QuantitativeValue\",\n\t\t\t\t\"value\": 150\n \t}\n\t},\n{\n  \"@type\": \"UnitPriceSpecification\",\n  \"description\": \"Tarif pour la 2\u00e8me commande : 300 unit\u00e9s\",\n  \"price\": \"516.00\",\n  \"priceCurrency\": \"EUR\",\n  \"eligibleQuantity\": {\n    \"@type\": \"QuantitativeValue\",\n    \"value\": 300\n  }\n\t},\n{\n  \"@type\": \"UnitPriceSpecification\",\n  \"description\": \"Tarif pour la 2\u00e8me commande : 600 unit\u00e9s\",\n  \"price\": \"828.00\",\n  \"priceCurrency\": \"EUR\",\n  \"eligibleQuantity\": {\n    \"@type\": \"QuantitativeValue\",\n    \"value\": 600\n  }\n\t},\n{\n  \"@type\": \"UnitPriceSpecification\",\n  \"description\": \"Tarif pour la 2\u00e8me commande : 1200 unit\u00e9s\",\n  \"price\": \"1584.00\",\n  \"priceCurrency\": \"EUR\",\n  \"eligibleQuantity\": {\n    \"@type\": \"QuantitativeValue\",\n    \"value\": 1200\n }\n},\n{\n  \"@type\": \"UnitPriceSpecification\",\n  \"description\": \"Tarif pour la 2\u00e8me commande : 2500 unit\u00e9s\",\n  \"price\": \"3150.00\",\n  \"priceCurrency\": \"EUR\",\n  \"eligibleQuantity\": {\n    \"@type\": \"QuantitativeValue\",\n    \"value\": 2500\n }\n},\n{\n  \"@type\": \"UnitPriceSpecification\",\n  \"description\": \"Tarif pour la 2\u00e8me commande : 5000 unit\u00e9s\",\n  \"price\": \"6000.00\",\n  \"priceCurrency\": \"EUR\",\n  \"eligibleQuantity\": {\n    \"@type\": \"QuantitativeValue\",\n    \"value\": 5000\n  }\n      }\n      \n    ],\n    \"itemCondition\": \"https:\/\/schema.org\/NewCondition\",\n    \"availability\": \"https:\/\/schema.org\/InStock\",\n    \"seller\": {\n      \"@type\": \"Organization\",\n      \"name\": \"Drancourt\"\n    }\n  }\n}\n\n<\/script>\n\n\n\n<h3><span style=\"color: #19419b\"><strong>Porte-Cl\u00e9s Toyota TOY118S : \u00c9l\u00e9gance M\u00e9tallique dans un Design 3D Asym\u00e9trique<\/strong> <\/span><\/h3>\n\n\n\n<p>D\u00e9couvrez le <strong>porte-cl\u00e9s Toyota personnalisable TOY118S<\/strong>, une combinaison parfaite de style moderne et de fonctionnalit\u00e9, id\u00e9ale pour les professionnels du secteur automobile. Son design 3D asym\u00e9trique et sa finition m\u00e9tallique en font un accessoire incontournable pour tout concessionnaire, garagiste ou atelier de r\u00e9paration.<\/p>\n\n<p>Chaque <strong>porte-cl\u00e9s publicitaire Toyota<\/strong> est con\u00e7u pour \u00eatre non seulement un outil pratique mais aussi un v\u00e9ritable reflet de l&rsquo;\u00e9l\u00e9gance de votre marque. Gr\u00e2ce \u00e0 la personnalisation du <strong>logo Toyota<\/strong>, ces porte-cl\u00e9s promotionnels deviennent un puissant vecteur de votre image de marque.<\/p>\n\n<p>Notre gamme de <strong>porte-cl\u00e9s en m\u00e9tal Toyota<\/strong> se distingue par sa robustesse et son allure sophistiqu\u00e9e. Que ce soit pour une utilisation quotidienne ou comme cadeau d&rsquo;affaires, ces porte-cl\u00e9s sont faits pour impressionner et durer. Les <strong>porte-cl\u00e9s en cuir Toyota<\/strong> offrent une alternative raffin\u00e9e, alliant luxe et durabilit\u00e9.<\/p>\n\n<p>Profitez de notre <i>grille tarifaire d\u00e9gressive<\/i> pour optimiser votre achat. \u00c0 partir de <i>150 pi\u00e8ces grav\u00e9es<\/i>, vous b\u00e9n\u00e9ficiez d&rsquo;un excellent rapport qualit\u00e9-prix, faisant de ces <strong>porte-cl\u00e9s de qualit\u00e9 Toyota<\/strong> un choix judicieux pour toutes vos op\u00e9rations promotionnelles.<\/p>\n\n<p>Ne ratez pas cette opportunit\u00e9 d&rsquo;\u00e9largir votre port\u00e9e marketing. <i>Demandez-nous vite un devis personnalis\u00e9 !<\/i> En choisissant les <strong>porte-cl\u00e9s promotionnels pour concessionnaires Toyota<\/strong>, vous vous assurez une visibilit\u00e9 accrue et un impact durable aupr\u00e8s de votre client\u00e8le.<\/p>\n\n\n\n<p>&nbsp;<p>\n\n\n\n<h4><span style=\"color: #19419b\">Prix Unitaire des Porte-Cl\u00e9s 1<sup>ere<\/sup> Gravure : <\/span><\/h4>\n\n\n\n<table class=\"table table-responsive table-hover table-bordered\">\n  <thead>\n     <tr class=\"table-primary\">\n<td style=\"text-align: center\"><span style=\"color: #19419b\">Par<\/span><\/td>\n<td style=\"text-align: center\"><span style=\"color: #19419b\">Par<\/span><\/td>\n<td style=\"text-align: center\"><span style=\"color: #19419b\">Par<\/span><\/td>\n<td style=\"text-align: center\"><span style=\"color: #19419b\">Par<\/span><\/td>\n<td style=\"text-align: center\"><span style=\"color: #19419b\">Par<\/span><\/td>\n<td style=\"text-align: center\"><span style=\"color: #19419b\">Par<\/span><\/td>\n     <\/tr>\n  <\/thead>\n\n  <tbody>\n\n    <tr>\n  \n   \n<td style=\"text-align: center\"><span style=\"color: #19419b\">150 :<\/span><\/td>\n<td style=\"text-align: center\"><span style=\"color: #19419b\">300 :<\/span><\/td>\n<td style=\"text-align: center\"><span style=\"color: #19419b\">600 :<\/span><\/td>\n<td style=\"text-align: center\"><span style=\"color: #19419b\">1200 :<\/span><\/td>\n<td style=\"text-align: center\"><span style=\"color: #19419b\">2500 :<\/span><\/td>\n<td style=\"text-align: center\"><span style=\"color: #19419b\">5000 :<\/span><\/td>  \n\n    <\/tr>\n\n    <tr>\n \n<td style=\"text-align: center\"><span style=\"color: #19419b\"><b>1,76 \u20ac<b><\/b><\/b><\/span><\/td>\n<td style=\"text-align: center\"><span style=\"color: #19419b\"><b>1,72 \u20ac<b><\/b><\/b><\/span><\/td>\n<td style=\"text-align: center\"><span style=\"color: #19419b\"><b>1,38 \u20ac<b><\/b><\/b><\/span><\/td>\n<td style=\"text-align: center\"><span style=\"color: #19419b\"><b>1,32 \u20ac<b><\/b><\/b><\/span><\/td>\n<td style=\"text-align: center\"><span style=\"color: #19419b\"><b>1,26 \u20ac<b><\/b><\/b><\/span><\/td>\n<td style=\"text-align: center\"><span style=\"color: #19419b\"><b>1,20 \u20ac<b><\/b><\/b><\/span><\/td>  \n\n    <\/tr>\n\n    <tr>\n \n    \n<td style=\"text-align: center\"><span style=\"color: #19419b\"><i>+ 88 \u20ac<\/i><\/span><\/td>\n<td style=\"text-align: center\"><span style=\"color: #19419b\"><i>+ 88 \u20ac<\/i><\/span><\/td>\n<td style=\"text-align: center\"><span style=\"color: #19419b\"><i>+ 88 \u20ac<\/i><\/span><\/td>\n<td style=\"text-align: center\"><span style=\"color: #19419b\"><i>+ 88 \u20ac<\/i><\/span><\/td>\n<td style=\"text-align: center\"><span style=\"color: #19419b\"><i>+ 88 \u20ac<\/i><\/span><\/td>\n<td style=\"text-align: center\"><span style=\"color: #19419b\"><i>+ 88 \u20ac<\/i><\/span><\/td> \n\n    <\/tr>\n\n<tr>\n\n\n<td style=\"text-align: center\"><span style=\"color: #19419b\"><b>352,00 \u20ac<b><\/b><\/b><\/span><\/td>\n<td style=\"text-align: center\"><span style=\"color: #19419b\"><b>604,00 \u20ac<b><\/b><\/b><\/span><\/td>\n<td style=\"text-align: center\"><span style=\"color: #19419b\"><b>916,00 \u20ac<b><\/b><\/b><\/span><\/td>\n<td style=\"text-align: center\"><span style=\"color: #19419b\"><b>1672,00 \u20ac<b><\/b><\/b><\/span><\/td>\n<td style=\"text-align: center\"><span style=\"color: #19419b\"><b>3238,00 \u20ac<b><\/b><\/b><\/span><\/td>\n<td style=\"text-align: center\"><span style=\"color: #19419b\"><b>6088,00 \u20ac<b><\/b><\/b><\/span><\/td>\n<\/tr>\n\n  <\/tbody>\n<\/table>\n\n\n\n<p>&nbsp;<p>\n\n\n\n<h3><span style=\"color: #1c4499\">Options de Personnalisation et Processus de Commande<\/span><\/h3>\n    <ol>\n        <li><strong>Personnalisation en Relief sur le Revers<\/strong> :\n            <ul>\n                <li><strong>Premi\u00e8re Commande<\/strong> : Co\u00fbt d&rsquo;outillage de 88 euros pour le nom, l&rsquo;adresse et le t\u00e9l\u00e9phone avec une typographie en \u00ab \u00c9criture B\u00e2ton \u00bb. Ce tarif comprend un lettrage standard.<\/li>\n                <li><strong>Renouvellement<\/strong> : Aucun frais pour les outillages d\u00e9j\u00e0 existants.<\/li>\n            <\/ul>\n        <\/li>\n        <li><strong>Marquage Sp\u00e9cial sur le Revers<\/strong> :\n            <ul>\n                <li>Pour l&rsquo;ajout d&rsquo;un logo ou d&rsquo;une typographie personnalis\u00e9e, le co\u00fbt est de 110 euros. Merci de nous consulter pour plus de d\u00e9tails.<\/li>\n            <\/ul>\n        <\/li>\n        <li><strong>Processus de Commande et Fabrication<\/strong> :\n            <ul>\n                <li>Chaque commande implique une communication proactive, incluant des appels t\u00e9l\u00e9phoniques et l&rsquo;\u00e9change d&rsquo;un Bon \u00e0 Tirer (BAT) valid\u00e9 avant le d\u00e9but de la fabrication.<\/li>\n                <li>Le d\u00e9lai de fabrication est estim\u00e9 entre 4 et 6 semaines.<\/li>\n            <\/ul>\n        <\/li>\n    <\/ol>\n\n\n\n<p>&nbsp;<p>\n\n\n\n<h4><span style=\"color: #19419b\">Prix Unitaire des Porte-Cl\u00e9s Renouvellement : <\/span><\/h4>\n\n\n\n<table class=\"table table-responsive table-hover table-bordered\">\n  <thead>\n    <tr class=\"table-primary\">\n<td style=\"text-align: center\"><span style=\"color: #19419b\">Par<\/span><\/td>\n<td style=\"text-align: center\"><span style=\"color: #19419b\">Par<\/span><\/td>\n<td style=\"text-align: center\"><span style=\"color: #19419b\">Par<\/span><\/td>\n<td style=\"text-align: center\"><span style=\"color: #19419b\">Par<\/span><\/td>\n<td style=\"text-align: center\"><span style=\"color: #19419b\">Par<\/span><\/td>\n<td style=\"text-align: center\"><span style=\"color: #19419b\">Par<\/span><\/td>\n     <\/tr>\n  <\/thead>\n\n  <tbody>\n\n    <tr>\n  \n   \n<td style=\"text-align: center\"><span style=\"color: #19419b\">150 :<\/span><\/td>\n<td style=\"text-align: center\"><span style=\"color: #19419b\">300 :<\/span><\/td>\n<td style=\"text-align: center\"><span style=\"color: #19419b\">600 :<\/span><\/td>\n<td style=\"text-align: center\"><span style=\"color: #19419b\">1200 :<\/span><\/td>\n<td style=\"text-align: center\"><span style=\"color: #19419b\">2500 :<\/span><\/td>\n<td style=\"text-align: center\"><span style=\"color: #19419b\">5000 :<\/span><\/td>  \n\n    <\/tr>\n\n   <tr>\n \n<td style=\"text-align: center\"><span style=\"color: #19419b\"><b>1,76 \u20ac<b><\/b><\/b><\/span><\/td>\n<td style=\"text-align: center\"><span style=\"color: #19419b\"><b>1,72 \u20ac<b><\/b><\/b><\/span><\/td>\n<td style=\"text-align: center\"><span style=\"color: #19419b\"><b>1,38 \u20ac<b><\/b><\/b><\/span><\/td>\n<td style=\"text-align: center\"><span style=\"color: #19419b\"><b>1,32 \u20ac<b><\/b><\/b><\/span><\/td>\n<td style=\"text-align: center\"><span style=\"color: #19419b\"><b>1,26 \u20ac<b><\/b><\/b><\/span><\/td>\n<td style=\"text-align: center\"><span style=\"color: #19419b\"><b>1,20 \u20ac<b><\/b><\/b><\/span><\/td>  \n\n    <\/tr>\n\n   \n\n<tr>\n\n\n<td style=\"text-align: center\"><span style=\"color: #19419b\"><b>264,20 \u20ac<b><\/b><\/b><\/span><\/td>\n<td style=\"text-align: center\"><span style=\"color: #19419b\"><b>516,00 \u20ac<b><\/b><\/b><\/span><\/td>\n<td style=\"text-align: center\"><span style=\"color: #19419b\"><b>828,00 \u20ac<b><\/b><\/b><\/span><\/td>\n<td style=\"text-align: center\"><span style=\"color: #19419b\"><b>1584,00 \u20ac<b><\/b><\/b><\/span><\/td>\n<td style=\"text-align: center\"><span style=\"color: #19419b\"><b>3150,00 \u20ac<b><\/b><\/b><\/span><\/td>\n<td style=\"text-align: center\"><span style=\"color: #19419b\"><b>6000,00 \u20ac<b><\/b><\/b><\/span><\/td>\n<\/tr>\n\n  <\/tbody>\n<\/table>\n\n\n\n<p>&nbsp;<p>\n\n\n\n<h3><span style=\"color: #19419b\">Porte-Cl\u00e9s TOYOTA TOY118S. Rectangle 3d Asym\u00e9trique. Tout M\u00e9tal : <\/span><\/h3>\n\n\n\n<p>&nbsp;<p>\n\n\n\n<div class=\"wp-block-columns\">\n<div class=\"wp-block-column\">\n<figure class=\"wp-block-image aligncenter size-full\"><img data-recalc-dims=\"1\" decoding=\"async\" src=\"https:\/\/i0.wp.com\/drancourt.fr\/Shop\/wp-content\/uploads\/2023\/11\/Logo-Toyota.webp\" alt=\"Logo-Toyota\" class=\"wp-image-1388\"><\/figure>\n<\/div>\n<div class=\"wp-block-column\">\n<div class=\"wp-block-group\">\n<div class=\"wp-block-group\">\n<h2 class=\"wp-block-heading\" id=\"block-80d37238-861c-4921-b650-550d4e855d0e\">Description<\/h2>\n<p id=\"block-b96fc4b1-0ffa-4724-8d2f-98c73e4b6f7b\"><strong><span style=\"color: #1c4499\">Tout M\u00e9tal<\/span><\/strong><\/p>\n<ul id=\"block-feaf2cde-eab6-4b64-b323-c328005bda9e\">\n<li style=\"line-height:2\"><strong>Toyota <\/strong> : TOY118S. Rectangle 3d Asym\u00e9trique. Tout M\u00e9tal. <\/li>\n<li style=\"line-height:2\"><strong>Face<\/strong> : Bomb\u00e9e avec Logo<\/li>\n\n<li style=\"line-height:2\"><strong>Revers<\/strong> : Texte en relief<\/li>\n<li style=\"line-height:2\"><strong>Finition<\/strong> : M\u00e9tal<\/li>\n<li style=\"line-height:2\"><strong>Gravure<\/strong> : 40 \u00e0 50 caract\u00e8res<\/li>\n<li style=\"line-height:2\"><strong>Gravure Sp\u00e9ciale<\/strong> : En Option<\/li>\n<\/ul>\n<\/div>\n<\/div>\n<\/div>\n<\/div>\n\n\n\n<div class=\"wp-block-group is-content-justification-right is-nowrap is-layout-flex wp-container-core-group-is-layout-17124a9a wp-block-group-is-layout-flex\">\r\n\t\t\t\t\r\n\t\t<a \r\n\t\t\t\r\n\t\t\tclass=\"block-fea04d89-1ca0-480c-9e4f-4064dd1d4bbf btn areoi-has-url position-relative btn-primary\"\r\n\t href=\"https:\/\/drancourt.fr\/Shop\/categorie-produit\/portes-cles-publicitaires-automobiles-personnalisables\/toyota\/\" >\r\n\t\t\t\t\t\r\n\t\t\t\t\tAutres Portes-Cl\u00e9s Toyota Personnalisables \r\n\t\t\t\t\t\r\n\t\t\t\t\t \r\n\t\t\t\t<\/a>\r\n\t\t\t<\/div>\n\n\n\n<p>&nbsp;<p>\n<hr>\n<p>&nbsp;<p>\n<p><h5 style=\"text-align:center\"><a href=\"https:\/\/drive.google.com\/file\/d\/1jKP9iUUDK3LL7omxyqvVKncyp_CZ-T9O\/view?usp=drive_link\" target=\"_blank\" rel=\"noopener\"><span style=\"color: #c50039\">Toute la gamme Toyota (<i>Pdf : 2,8 Mo<\/i>)<\/span><\/a><\/h5><\/p>\n<p>&nbsp;<p>\n<hr>\n\n\n\n<!-- UseStrict's Calendly Embedder - Calendly popup widget start -->\n<div id=\"wpcalel-calendly-popup-1\"\n\tdata-wpcalel-type=\"popup\"\n\tdata-wpcalel-url=\"https:\/\/calendly.com\/drancourtservice\/\"\n\tdata-wpcalel-prefill=\"false\"\n\tdata-wpcalel-query-str=\"false\"\n\tdata-wpcalel-text=\"Programmer un RDV avec Nous\"\n\tdata-wpcalel-color=\"#1c4499\"\n\tdata-wpcalel-textColor=\"#ffffff\"\n\tdata-wpcalel-branding=\"false\"\n\t\t\t\t\t\t\t\t\t\t\t\t\t\t\t\t\t\t\t\t\t\t\t\t\t\t\t\t\t\t\t\t\t\t\t\t\t\t\t\t\t\t\t\t\t\t\t\t\t\t\t\t\t \n><\/div>\n<!-- UseStrict's Calendly Embedder - Calendly popup widget end -->\n\n\t\t\t\n","protected":false},"excerpt":{"rendered":"<p>TOYOTA : TOY118S<\/p>\n","protected":false},"featured_media":2021,"comment_status":"open","ping_status":"closed","template":"","meta":{"content-type":"","om_disable_all_campaigns":false,"_monsterinsights_skip_tracking":false,"_monsterinsights_sitenote_active":false,"_monsterinsights_sitenote_note":"","_monsterinsights_sitenote_category":0,"_uf_show_specific_survey":0,"_uf_disable_surveys":false},"product_brand":[],"product_cat":[29,74],"product_tag":[75],"class_list":{"0":"post-2011","1":"product","2":"type-product","3":"status-publish","4":"has-post-thumbnail","6":"product_cat-portes-cles-personnalises","7":"product_cat-portes-cles-toyota","8":"product_tag-portes-cles-toyota","10":"first","11":"instock","12":"taxable","13":"shipping-taxable","14":"purchasable","15":"product-type-variable","16":"has-default-attributes"},"aioseo_notices":[],"jetpack_sharing_enabled":true,"_links":{"self":[{"href":"https:\/\/drancourt.fr\/Shop\/wp-json\/wp\/v2\/product\/2011","targetHints":{"allow":["GET"]}}],"collection":[{"href":"https:\/\/drancourt.fr\/Shop\/wp-json\/wp\/v2\/product"}],"about":[{"href":"https:\/\/drancourt.fr\/Shop\/wp-json\/wp\/v2\/types\/product"}],"replies":[{"embeddable":true,"href":"https:\/\/drancourt.fr\/Shop\/wp-json\/wp\/v2\/comments?post=2011"}],"wp:featuredmedia":[{"embeddable":true,"href":"https:\/\/drancourt.fr\/Shop\/wp-json\/wp\/v2\/media\/2021"}],"wp:attachment":[{"href":"https:\/\/drancourt.fr\/Shop\/wp-json\/wp\/v2\/media?parent=2011"}],"wp:term":[{"taxonomy":"product_brand","embeddable":true,"href":"https:\/\/drancourt.fr\/Shop\/wp-json\/wp\/v2\/product_brand?post=2011"},{"taxonomy":"product_cat","embeddable":true,"href":"https:\/\/drancourt.fr\/Shop\/wp-json\/wp\/v2\/product_cat?post=2011"},{"taxonomy":"product_tag","embeddable":true,"href":"https:\/\/drancourt.fr\/Shop\/wp-json\/wp\/v2\/product_tag?post=2011"}],"curies":[{"name":"wp","href":"https:\/\/api.w.org\/{rel}","templated":true}]}}