{"id":20320,"date":"2023-12-12T17:17:28","date_gmt":"2023-12-12T16:17:28","guid":{"rendered":"http:\/\/drancourt.fr\/Shop\/?post_type=product&#038;p=20320"},"modified":"2024-11-11T14:47:53","modified_gmt":"2024-11-11T13:47:53","slug":"porte-vignette-assurance-personnalise-2-couleurs-recto-1-couleur-recto-verso","status":"publish","type":"product","link":"https:\/\/drancourt.fr\/Shop\/produit\/porte-vignette-assurance-personnalise-2-couleurs-recto-1-couleur-recto-verso\/","title":{"rendered":"Porte Vignette Assurance Personnalis\u00e9. 2 couleurs recto. 1 couleur recto-verso."},"content":{"rendered":"\n<h4><span style=\"color: #19419b\">Prix Unitaire des Portes Vignettes Assurance Personnalis\u00e9 2 couleurs recto. 1 couleur recto-verso : <\/span><\/h4>\n\n\n\n<table border=\"1px\" style=\"width: 1200px\" width=\"364\">\n \n  <tbody>\n    <tr>\n<td colspan=\"\u00ab\u00a03\u00a0\u00bb\" style=\"text-align: center\"><span style=\"color: #19419b\">Par<\/span><\/td>\n<td colspan=\"\u00ab\u00a03\u00a0\u00bb\" style=\"text-align: center\"><span style=\"color: #19419b\">Par<\/span><\/td>\n<td colspan=\"\u00ab\u00a03\u00a0\u00bb\" style=\"text-align: center\"><span style=\"color: #19419b\">Par<\/span><\/td>\n<td colspan=\"\u00ab\u00a03\u00a0\u00bb\" style=\"text-align: center\"><span style=\"color: #19419b\">Par<\/span><\/td>\n<td colspan=\"\u00ab\u00a03\u00a0\u00bb\" style=\"text-align: center\"><span style=\"color: #19419b\">Par<\/span><\/td>\n\n  <\/tr>\n\n    <tr>\n<td colspan=\"\u00ab\u00a03\u00a0\u00bb\" style=\"text-align: center\"><span style=\"color: #19419b\">250 :<\/span><\/td>\n<td colspan=\"\u00ab\u00a03\u00a0\u00bb\" style=\"text-align: center\"><span style=\"color: #19419b\">500 :<\/span><\/td>\n<td colspan=\"\u00ab\u00a03\u00a0\u00bb\" style=\"text-align: center\"><span style=\"color: #19419b\">1000 :<\/span><\/td>\n<td colspan=\"\u00ab\u00a03\u00a0\u00bb\" style=\"text-align: center\"><span style=\"color: #19419b\">2500 :<\/span><\/td>\n<td colspan=\"\u00ab\u00a03\u00a0\u00bb\" style=\"text-align: center\"><span style=\"color: #19419b\">5000 :<\/span><\/td>\n\n  <\/tr>\n\n <tr>\n<td colspan=\"\u00ab\u00a03\u00a0\u00bb\" style=\"text-align: center\"><span style=\"color: #19419b\"><b>2,700 \u20ac<b><\/span><\/td>\n<td colspan=\"\u00ab\u00a03\u00a0\u00bb\" style=\"text-align: center\"><span style=\"color: #19419b\"><b>1,660 \u20ac<b><\/span><\/td>\n<td colspan=\"\u00ab\u00a03\u00a0\u00bb\" style=\"text-align: center\"><span style=\"color: #19419b\"><b>1,160 \u20ac<b><\/span><\/td>\n<td colspan=\"\u00ab\u00a03\u00a0\u00bb\" style=\"text-align: center\"><span style=\"color: #19419b\"><b>0,860 \u20ac<b><\/span><\/td>\n<td colspan=\"\u00ab\u00a03\u00a0\u00bb\" style=\"text-align: center\"><span style=\"color: #19419b\"><b>0,720 \u20ac<b><\/span><\/td>\n  <\/tr>\n\n<tr>\n<td colspan=\"\u00ab\u00a03\u00a0\u00bb\" style=\"text-align: center\"><span style=\"color: #19419b\"><b>675,00 \u20ac<b><\/span><\/td>\n<td colspan=\"\u00ab\u00a03\u00a0\u00bb\" style=\"text-align: center\"><span style=\"color: #19419b\"><b>830,00 \u20ac<b><\/span><\/td>\n<td colspan=\"\u00ab\u00a03\u00a0\u00bb\" style=\"text-align: center\"><span style=\"color: #19419b\"><b>1160,00 \u20ac<b><\/span><\/td>\n<td colspan=\"\u00ab\u00a03\u00a0\u00bb\" style=\"text-align: center\"><span style=\"color: #19419b\"><b>2150,00 \u20ac<b><\/span><\/td>\n<td colspan=\"\u00ab\u00a03\u00a0\u00bb\" style=\"text-align: center\"><span style=\"color: #19419b\"><b>3600,00 \u20ac<b><\/span><\/td>\n  <\/tr>\n\n\n  <\/tbody>\n<\/table>\n\n\n\n<ul class=\"wp-block-list\">\n<li><strong><span style=\"color: #1c4499\">1 face en PVC standard blanc<\/span><\/strong><\/li>\n\n\n\n<li><strong><span style=\"color: #1c4499\">1 face adh\u00e9sive en cristal soud\u00e9e en U<\/span><\/strong><\/li>\n\n\n\n<li><strong><span style=\"color: #1c4499\">Ouverture sur le petit c\u00f4t\u00e9.<\/span><\/strong><\/li>\n\n\n\n<li><strong><span style=\"color: #1c4499\">Possibilit\u00e9 de personnalisation c\u00f4t\u00e9 rue et c\u00f4t\u00e9 passager<\/span><\/strong><\/li>\n\n\n\n<li><strong><span style=\"color: #1c4499\">Poids 3g<\/span><\/strong><\/li>\n<\/ul>\n\n\n\n<p><\/p>\n","protected":false},"excerpt":{"rendered":"<p>Porte Vignette Personnalis\u00e9<\/p>\n","protected":false},"featured_media":20307,"comment_status":"open","ping_status":"closed","template":"","meta":{"content-type":"","om_disable_all_campaigns":false,"_monsterinsights_skip_tracking":false,"_monsterinsights_sitenote_active":false,"_monsterinsights_sitenote_note":"","_monsterinsights_sitenote_category":0,"_uf_show_specific_survey":0,"_uf_disable_surveys":false,"jetpack_post_was_ever_published":false},"product_brand":[],"product_cat":[286,283],"product_tag":[284],"class_list":{"0":"post-20320","1":"product","2":"type-product","3":"status-publish","4":"has-post-thumbnail","6":"product_cat-porte-vignette-2-couleurs","7":"product_cat-porte-vignette-assurance-personnalise","8":"product_tag-porte-vignette-assurance-personnalise","10":"first","11":"instock","12":"taxable","13":"shipping-taxable","14":"purchasable","15":"product-type-variable","16":"has-default-attributes"},"aioseo_notices":[],"jetpack_sharing_enabled":true,"_links":{"self":[{"href":"https:\/\/drancourt.fr\/Shop\/wp-json\/wp\/v2\/product\/20320","targetHints":{"allow":["GET"]}}],"collection":[{"href":"https:\/\/drancourt.fr\/Shop\/wp-json\/wp\/v2\/product"}],"about":[{"href":"https:\/\/drancourt.fr\/Shop\/wp-json\/wp\/v2\/types\/product"}],"replies":[{"embeddable":true,"href":"https:\/\/drancourt.fr\/Shop\/wp-json\/wp\/v2\/comments?post=20320"}],"wp:featuredmedia":[{"embeddable":true,"href":"https:\/\/drancourt.fr\/Shop\/wp-json\/wp\/v2\/media\/20307"}],"wp:attachment":[{"href":"https:\/\/drancourt.fr\/Shop\/wp-json\/wp\/v2\/media?parent=20320"}],"wp:term":[{"taxonomy":"product_brand","embeddable":true,"href":"https:\/\/drancourt.fr\/Shop\/wp-json\/wp\/v2\/product_brand?post=20320"},{"taxonomy":"product_cat","embeddable":true,"href":"https:\/\/drancourt.fr\/Shop\/wp-json\/wp\/v2\/product_cat?post=20320"},{"taxonomy":"product_tag","embeddable":true,"href":"https:\/\/drancourt.fr\/Shop\/wp-json\/wp\/v2\/product_tag?post=20320"}],"curies":[{"name":"wp","href":"https:\/\/api.w.org\/{rel}","templated":true}]}}