{"id":20343,"date":"2023-12-12T17:41:27","date_gmt":"2023-12-12T16:41:27","guid":{"rendered":"http:\/\/drancourt.fr\/Shop\/?post_type=product&#038;p=20343"},"modified":"2024-07-02T18:30:32","modified_gmt":"2024-07-02T16:30:32","slug":"porte-vignette-assurance-personnalise-3-couleurs-3-couleurs-recto-et-verso","status":"publish","type":"product","link":"https:\/\/drancourt.fr\/Shop\/produit\/porte-vignette-assurance-personnalise-3-couleurs-3-couleurs-recto-et-verso\/","title":{"rendered":"Porte-Vignette Assurance Personnalis\u00e9 : Style et S\u00e9curit\u00e9 en 3 Couleurs Recto-Verso"},"content":{"rendered":"\n<h3><span style=\"color: #1c4499;\"><strong>Porte-Vignette Assurance Personnalis\u00e9<i> 3 Couleurs Recto-Verso<\/i><\/strong><\/span><\/h3>\n\n\n\n<p>Dans le monde concurrentiel de l&rsquo;automobile, se d\u00e9marquer est essentiel. Le <strong>Porte-Vignette Assurance Personnalis\u00e9<\/strong> offre une opportunit\u00e9 unique pour les concessionnaires automobiles, garagistes et cabinets d&rsquo;assurance de se distinguer. Ce n&rsquo;est pas seulement un accessoire pratique, c&rsquo;est un outil de marketing puissant.<\/p>\n\n<p>Imaginez un <strong>accessoire de voiture color\u00e9<\/strong> et \u00e9l\u00e9gant, affichant fi\u00e8rement votre logo et votre message personnalis\u00e9. Chaque fois qu&rsquo;un client utilise sa voiture, votre marque est mise en avant, offrant une visibilit\u00e9 in\u00e9gal\u00e9e. Les <strong>Porte-Vignettes 3 Couleurs<\/strong> attirent l&rsquo;\u0153il, renfor\u00e7ant la reconnaissance de votre marque.<\/p>\n\n<p>La personnalisation n&rsquo;est pas seulement une question de style. Avec le <strong>Porte-Vignette Assurance Design<\/strong>, vous offrez \u00e0 vos clients un produit de qualit\u00e9 qui refl\u00e8te l&rsquo;engagement et le professionnalisme de votre entreprise. Chaque <strong>Porte-Vignette Assurance Durable<\/strong> est un gage de confiance entre vous et votre client\u00e8le, qu&rsquo;elle soit BtoB ou BtoC.<\/p>\n\n<p>Le <strong>Porte-Vignette Assurance Personnalis\u00e9<\/strong> est plus qu&rsquo;un simple produit ; c&rsquo;est une strat\u00e9gie de communication efficace. Il transforme un objet quotidien en un puissant outil de fid\u00e9lisation et de promotion. En choisissant un <strong>Porte-Vignette Assurance Unique<\/strong>, vous investissez dans une publicit\u00e9 continue, subtile et efficace.<\/p>\n\n<p>En conclusion, le <strong>Porte-Vignette Assurance Personnalis\u00e9<\/strong> est l&rsquo;outil parfait pour booster votre visibilit\u00e9 et renforcer votre image de marque. C&rsquo;est un investissement intelligent dans votre strat\u00e9gie marketing, offrant une communication gratuite et continue. N&rsquo;attendez plus pour offrir \u00e0 votre client\u00e8le un accessoire qui va bien au-del\u00e0 de l&rsquo;ordinaire, un symbole de votre engagement envers la qualit\u00e9 et le service.<\/p>\n\n\n\n<p>&nbsp;<p>\n\n\n\n<div class=\"wp-block-group is-content-justification-right is-nowrap is-layout-flex wp-container-core-group-is-layout-17124a9a wp-block-group-is-layout-flex\">\r\n\t\t\t\t\r\n\t\t<a \r\n\t\t\t\r\n\t\t\tclass=\"block-fea04d89-1ca0-480c-9e4f-4064dd1d4bbf btn areoi-has-url position-relative btn-primary\"\r\n\t href=\"https:\/\/drancourt.fr\/Shop\/categorie-produit\/porte-vignette-assurance-personnalise\/\" >\r\n\t\t\t\t\t\r\n\t\t\t\t\tAutres Porte-Vignettes Assurance \r\n\t\t\t\t\t\r\n\t\t\t\t\t \r\n\t\t\t\t<\/a>\r\n\t\t\t<\/div>\n\n\n\n<p>&nbsp;<p>\n\n\n\n<hr>\n\n\n\n<!-- UseStrict's Calendly Embedder - Calendly popup widget start -->\n<div id=\"wpcalel-calendly-popup-1\"\n\tdata-wpcalel-type=\"popup\"\n\tdata-wpcalel-url=\"https:\/\/calendly.com\/drancourtservice\/\"\n\tdata-wpcalel-prefill=\"false\"\n\tdata-wpcalel-query-str=\"false\"\n\tdata-wpcalel-text=\"Programmer un RDV avec Nous\"\n\tdata-wpcalel-color=\"#1c4499\"\n\tdata-wpcalel-textColor=\"#ffffff\"\n\tdata-wpcalel-branding=\"false\"\n\t\t\t\t\t\t\t\t\t\t\t\t\t\t\t\t\t\t\t\t\t\t\t\t\t\t\t\t\t\t\t\t\t\t\t\t\t\t\t\t\t\t\t\t\t\t\t\t\t\t\t\t\t \n><\/div>\n<!-- UseStrict's Calendly Embedder - Calendly popup widget end -->\n\n\t\t\t\n","protected":false},"excerpt":{"rendered":"<p>Porte Vignette Personnalis\u00e9<\/p>\n","protected":false},"featured_media":20307,"comment_status":"open","ping_status":"closed","template":"","meta":{"content-type":"","om_disable_all_campaigns":false,"_monsterinsights_skip_tracking":false,"_monsterinsights_sitenote_active":false,"_monsterinsights_sitenote_note":"","_monsterinsights_sitenote_category":0,"_uf_show_specific_survey":0,"_uf_disable_surveys":false,"jetpack_post_was_ever_published":false},"product_brand":[],"product_cat":[289,283],"product_tag":[284],"class_list":{"0":"post-20343","1":"product","2":"type-product","3":"status-publish","4":"has-post-thumbnail","6":"product_cat-porte-vignette-3-couleurs-recto-verso","7":"product_cat-porte-vignette-assurance-personnalise","8":"product_tag-porte-vignette-assurance-personnalise","10":"first","11":"instock","12":"taxable","13":"shipping-taxable","14":"purchasable","15":"product-type-variable","16":"has-default-attributes"},"aioseo_notices":[],"jetpack_sharing_enabled":true,"_links":{"self":[{"href":"https:\/\/drancourt.fr\/Shop\/wp-json\/wp\/v2\/product\/20343","targetHints":{"allow":["GET"]}}],"collection":[{"href":"https:\/\/drancourt.fr\/Shop\/wp-json\/wp\/v2\/product"}],"about":[{"href":"https:\/\/drancourt.fr\/Shop\/wp-json\/wp\/v2\/types\/product"}],"replies":[{"embeddable":true,"href":"https:\/\/drancourt.fr\/Shop\/wp-json\/wp\/v2\/comments?post=20343"}],"wp:featuredmedia":[{"embeddable":true,"href":"https:\/\/drancourt.fr\/Shop\/wp-json\/wp\/v2\/media\/20307"}],"wp:attachment":[{"href":"https:\/\/drancourt.fr\/Shop\/wp-json\/wp\/v2\/media?parent=20343"}],"wp:term":[{"taxonomy":"product_brand","embeddable":true,"href":"https:\/\/drancourt.fr\/Shop\/wp-json\/wp\/v2\/product_brand?post=20343"},{"taxonomy":"product_cat","embeddable":true,"href":"https:\/\/drancourt.fr\/Shop\/wp-json\/wp\/v2\/product_cat?post=20343"},{"taxonomy":"product_tag","embeddable":true,"href":"https:\/\/drancourt.fr\/Shop\/wp-json\/wp\/v2\/product_tag?post=20343"}],"curies":[{"name":"wp","href":"https:\/\/api.w.org\/{rel}","templated":true}]}}