{"id":2223,"date":"2023-11-09T11:00:21","date_gmt":"2023-11-09T10:00:21","guid":{"rendered":"http:\/\/drancourt.fr\/Shop\/?post_type=product&#038;p=2223"},"modified":"2024-02-25T11:57:00","modified_gmt":"2024-02-25T10:57:00","slug":"porte-cles-volkswagen-vag028v-la-sobriete-metallique","status":"publish","type":"product","link":"https:\/\/drancourt.fr\/Shop\/produit\/porte-cles-volkswagen-vag028v-la-sobriete-metallique\/","title":{"rendered":"Porte-Cl\u00e9s VOLKSWAGEN VAG028V. La Sobri\u00e9t\u00e9 M\u00e9tallique"},"content":{"rendered":"\n<script type=\"application\/ld+json\">\n{\n  \"@context\": \"https:\/\/schema.org\",\n  \"@type\": \"Product\",\n  \"name\": \"Porte-Cl\u00e9s VOLKSWAGEN VAG028V. La Sobri\u00e9t\u00e9 M\u00e9tallique\",\n  \"sku\": \"VAG028V\",\n  \"image\": \"https:\/\/drancourt.fr\/Shop\/wp-content\/uploads\/2023\/11\/Porte-Cles-Volkswagen-Double-Face-VAG028V-2.webp\",\n  \"description\": \"Porte-cl\u00e9s Volkswagen VAG028V : la sobri\u00e9t\u00e9 m\u00e9tallique incarn\u00e9e. Exprimez votre style avec cet accessoire distingu\u00e9. Demandez un devis personnalis\u00e9 d\u00e8s maintenant !\",\n  \"brand\": {\n    \"@type\": \"Brand\",\n    \"name\": \"VOLKSWAGEN\"\n  },\n  \"offers\": [\n    {\n      \"@type\": \"Offer\",\n      \"url\": \"https:\/\/drancourt.fr\/Shop\/produit\/porte-cles-volkswagen-vag028v-la-sobriete-metallique\/\",\n      \"priceCurrency\": \"EUR\",\n      \"price\": \"278.10\",\n      \"priceSpecification\": {\n        \"@type\": \"UnitPriceSpecification\",\n        \"name\": \"Par 150\",\n        \"price\": \"278.10\",\n        \"priceCurrency\": \"EUR\",\n        \"priceType\": \"Unit\",\n        \"unitCode\": \"C62\",\n        \"valueAddedTaxIncluded\": true\n      }\n    },\n    {\n      \"@type\": \"Offer\",\n      \"url\": \"https:\/\/drancourt.fr\/Shop\/produit\/porte-cles-audi-aud038velours-personnalisables-accessoire-de-prestige\/\",\n      \"priceCurrency\": \"EUR\",\n      \"price\": \"538.80\",\n      \"priceSpecification\": {\n        \"@type\": \"UnitPriceSpecification\",\n        \"name\": \"Par 300\",\n        \"price\": \"538.80\",\n        \"priceCurrency\": \"EUR\",\n        \"priceType\": \"Unit\",\n        \"unitCode\": \"C62\",\n        \"valueAddedTaxIncluded\": true\n      }\n    },\n    {\n      \"@type\": \"Offer\",\n      \"url\": \"https:\/\/drancourt.fr\/Shop\/produit\/porte-cles-audi-aud038velours-personnalisables-accessoire-de-prestige\/\",\n      \"priceCurrency\": \"EUR\",\n      \"price\":\"870.00\",\n      \"priceSpecification\": {\n        \"@type\": \"UnitPriceSpecification\",\n        \"name\": \"Par 600\",\n        \"price\": \"870.00\",\n        \"priceCurrency\": \"EUR\",\n        \"priceType\": \"Unit\",\n        \"unitCode\": \"C62\",\n        \"valueAddedTaxIncluded\": true\n      }\n    },\n    {\n      \"@type\": \"Offer\",\n      \"url\": \"https:\/\/drancourt.fr\/Shop\/produit\/porte-cles-audi-aud038velours-personnalisables-accessoire-de-prestige\/\",\n      \"priceCurrency\": \"EUR\",\n      \"price\": \"1670.00\",\n      \"priceSpecification\": {\n        \"@type\": \"UnitPriceSpecification\",\n        \"name\": \"Par 1200\",\n        \"price\": \"1670.00\",\n        \"priceCurrency\": \"EUR\",\n        \"priceType\": \"Unit\",\n        \"unitCode\": \"C62\",\n        \"valueAddedTaxIncluded\": true\n      }\n    },\n    {\n      \"@type\": \"Offer\",\n      \"url\": \"https:\/\/drancourt.fr\/Shop\/produit\/porte-cles-audi-aud038velours-personnalisables-accessoire-de-prestige\/\",\n      \"priceCurrency\": \"EUR\",\n      \"price\": \"3345.00\",\n      \"priceSpecification\": {\n        \"@type\": \"UnitPriceSpecification\",\n        \"name\": \"Par 2500\",\n        \"price\": \"3345.00\",\n        \"priceCurrency\": \"EUR\",\n        \"priceType\": \"Unit\",\n        \"unitCode\": \"C62\",\n        \"valueAddedTaxIncluded\": true\n      }\n    },\n    {\n      \"@type\": \"Offer\",\n      \"url\": \"https:\/\/drancourt.fr\/Shop\/produit\/porte-cles-audi-aud038velours-personnalisables-accessoire-de-prestige\/\",\n      \"priceCurrency\": \"EUR\",\n      \"price\": \"6410.00\",\n      \"priceSpecification\": {\n        \"@type\": \"UnitPriceSpecification\",\n        \"name\": \"Par 5000\",\n        \"price\": \"6410.00\",\n        \"priceCurrency\": \"EUR\",\n        \"priceType\": \"Unit\",\n        \"unitCode\": \"C62\",\n        \"valueAddedTaxIncluded\": true\n      }\n    }\n  ]\n}\n<\/script>\n\n\n\n\n<h3><span style=\"color: #19419b\"><strong>VOLKSWAGEN VAG028V : <i>Accessoire de Style et de Distinction<\/i><\/strong><\/span><\/h3> \n\n\n\n<div class=\"container\">\n            <div class=\"row align-items-center\">\n               <div class=\"col-10\">\n<p>Distinguez-vous avec les <strong>porte-cl\u00e9s Volkswagen VAG028V<\/strong>, un accessoire qui allie style et distinction. Exprimez votre personnalit\u00e9 et votre go\u00fbt avec cet accessoire raffin\u00e9.<\/p> \n\n<p>Ces porte-cl\u00e9s ne sont pas seulement pratiques, ils sont aussi une v\u00e9ritable d\u00e9claration de votre engagement envers la qualit\u00e9 et le service de vos clients. Mettez en valeur <strong>votre image de marque<\/strong> avec ces porte-cl\u00e9s personnalisables qui offrent une visibilit\u00e9 in\u00e9gal\u00e9e \u00e0 votre logo.<\/p>\n\n<p>Optez pour l&rsquo;excellence et demandez-nous vite <strong>un devis personnalis\u00e9<\/strong> ! Profitez d&rsquo;une <strong>grille tarifaire d\u00e9gressive<\/strong> \u00e0 <em>partir de 150 pi\u00e8ces grav\u00e9es<\/em>.<\/p>\n\n<\/div>\n             \n                <div class=\"col-2\"><figure><img data-recalc-dims=\"1\" decoding=\"async\" src=\"https:\/\/i0.wp.com\/drancourt.fr\/Shop\/wp-content\/uploads\/2024\/02\/Logo-Volkswagen-2.png?ssl=1\" alt=\"Logo VOLKSWAGEN\" style=\"width:200px; height:auto\" class=\"img-thumbnail\"><\/figure><\/div>\n            <\/div>\n        <\/div>\n\n\n\n<p>&nbsp;<p>\n<hr>\n<p>&nbsp;<p>\n<div class=\"wp-block-columns is-not-stacked-on-mobile aro-price shop-by-cat justify-content-center\">\n\n<div class=\"wp-block-column col-3\">\n<figure class=\"wp-block-image aligncenter size-full is-resized rounded mx-auto d-block\"><a href=\"\"><img data-recalc-dims=\"1\" decoding=\"async\" src=\"https:\/\/i0.wp.com\/drancourt.fr\/Shop\/wp-content\/uploads\/2024\/02\/tarif-degessif.png?ssl=1\" alt=\"Tarifs D\u00e9gressifs\" class=\"wp-image-6825\" style=\"object-fit:cover;width:64px;height:64px\"\/><\/a><\/figure>\n<h2 class=\"wp-block-heading has-text-align-center\" style=\"margin-top:var(--wp--preset--spacing--40);font-size:20px;font-style:normal;font-weight:500;line-height:1.2\"><a href=\"\"><span style=\"color: #1c4499\">Tarifs D\u00e9gressifs<\/span><\/a><\/h2>\n<\/div>\n\n<div class=\"wp-block-column col-3\">\n<figure class=\"wp-block-image aligncenter size-full is-resized rounded mx-auto d-block\"><a href=\"\"><img data-recalc-dims=\"1\" decoding=\"async\" src=\"https:\/\/i0.wp.com\/drancourt.fr\/Shop\/wp-content\/uploads\/2024\/02\/a-votre-ecoute.png?ssl=1\" alt=\"A votre \u00e9coute\" class=\"wp-image-6825\" style=\"object-fit:cover;width:64px;height:64px\"\/><\/a><\/figure>\n<h2 class=\"wp-block-heading has-text-align-center\" style=\"margin-top:var(--wp--preset--spacing--40);font-size:20px;font-style:normal;font-weight:500;line-height:1.2\"><a href=\"\"><span style=\"color: #1c4499\">A votre \u00c9coute<\/span><\/a><\/h2>\n<\/div>\n\n<div class=\"wp-block-column col-3\">\n<figure class=\"wp-block-image aligncenter size-full is-resized rounded mx-auto d-block\"><a href=\"\"><img data-recalc-dims=\"1\" decoding=\"async\" width=\"64\" height=\"64\" src=\"https:\/\/i0.wp.com\/drancourt.fr\/Shop\/wp-content\/uploads\/2023\/11\/icone-porte-cles.png?resize=64%2C64\" alt=\"\" class=\"wp-image-6826\" style=\"object-fit:cover;width:64px;height:64px\"\/><\/a><\/figure>\n<h2 class=\"wp-block-heading has-text-align-center\" style=\"margin-top:var(--wp--preset--spacing--40);font-size:20px;font-style:normal;font-weight:500;line-height:1.2\"><a href=\"\"><span style=\"color: #1c4499\"><em>Porte-Cl\u00e9s VOLKSWAGEN<\/em><\/span><\/a><\/h2>\n<\/div>\n\n\n\n<div class=\"wp-block-column col-3\">\n<figure class=\"wp-block-image aligncenter size-full is-resized rounded mx-auto d-block\"><a href=\"\"><img data-recalc-dims=\"1\" decoding=\"async\" src=\"https:\/\/i0.wp.com\/drancourt.fr\/Shop\/wp-content\/uploads\/2024\/02\/devis-en-ligne.png?ssl=1\" alt=\"Devis en ligne\" class=\"wp-image-6827\" style=\"object-fit:cover;width:64px;height:64px\"\/><\/a><\/figure>\n<h2 class=\"wp-block-heading has-text-align-center\" style=\"margin-top:var(--wp--preset--spacing--40);font-size:20px;font-style:normal;font-weight:500;line-height:1.2\"><a href=\"Devis en Ligne\"><span style=\"color: #1c4499\">Devis en Ligne<\/span><\/a><\/h2>\n<\/div>\n\n\n\n<\/div>\n<hr>\n<p>&nbsp;<p>\n\n\n\n<h4><span style=\"color: #19419b\">Prix Unitaire des Porte-Cl\u00e9s : <\/span><\/h4>\n\n\n\n<table class=\"table table-responsive table-hover table-bordered\">\n  <thead>\n     <tr class=\"table-primary\">\n<td style=\"text-align: center\"><span style=\"color: #19419b\">Par<\/span><\/td>\n<td style=\"text-align: center\"><span style=\"color: #19419b\">Par<\/span><\/td>\n<td style=\"text-align: center\"><span style=\"color: #19419b\">Par<\/span><\/td>\n<td style=\"text-align: center\"><span style=\"color: #19419b\">Par<\/span><\/td>\n<td style=\"text-align: center\"><span style=\"color: #19419b\">Par<\/span><\/td>\n<td style=\"text-align: center\"><span style=\"color: #19419b\">Par<\/span><\/td>\n     <\/tr>\n  <\/thead>\n\n  <tbody>\n\n    <tr>\n  \n   \n<td style=\"text-align: center\"><span style=\"color: #19419b\">150 :<\/span><\/td>\n<td style=\"text-align: center\"><span style=\"color: #19419b\">300 :<\/span><\/td>\n<td style=\"text-align: center\"><span style=\"color: #19419b\">600 :<\/span><\/td>\n<td style=\"text-align: center\"><span style=\"color: #19419b\">1200 :<\/span><\/td>\n<td style=\"text-align: center\"><span style=\"color: #19419b\">2500 :<\/span><\/td>\n<td style=\"text-align: center\"><span style=\"color: #19419b\">5000 :<\/span><\/td>  \n\n    <\/tr>\n\n    <tr>\n \n<td style=\"text-align: center\"><span style=\"color: #19419b\"><b>1,854 \u20ac<b><\/span><\/td>\n<td style=\"text-align: center\"><span style=\"color: #19419b\"><b>1,796 \u20ac<b><\/span><\/td>\n<td style=\"text-align: center\"><span style=\"color: #19419b\"><b>1,450 \u20ac<b><\/span><\/td>\n<td style=\"text-align: center\"><span style=\"color: #19419b\"><b>1,392 \u20ac<b><\/span><\/td>\n<td style=\"text-align: center\"><span style=\"color: #19419b\"><b>1,338 \u20ac<b><\/span><\/td>\n<td style=\"text-align: center\"><span style=\"color: #19419b\"><b>1,282 \u20ac<b><\/span><\/td>  \n\n    <\/tr>\n\n   \n\n<tr>\n<td style=\"text-align: center\"><span style=\"color: #19419b\"><b>278,10 \u20ac<b><\/span><\/td>\n<td style=\"text-align: center\"><span style=\"color: #19419b\"><b>538,80 \u20ac<b><\/span><\/td>\n<td style=\"text-align: center\"><span style=\"color: #19419b\"><b>870,00 \u20ac<b><\/span><\/td>\n<td style=\"text-align: center\"><span style=\"color: #19419b\"><b>1670,40 \u20ac<b><\/span><\/td>\n<td style=\"text-align: center\"><span style=\"color: #19419b\"><b>3345,00 \u20ac<b><\/span><\/td>\n<td style=\"text-align: center\"><span style=\"color: #19419b\"><b>6410,00 \u20ac<b><\/span><\/td>\n<\/tr>\n\n  <\/tbody>\n<\/table>\n\n\n\n<h5 class=\"wp-block-heading\"><span style=\"color: #19419b\">Cette r\u00e9f\u00e9rence ne permet pas la gravure en marquage relief.<\/span><\/h5>\n\n\n\n<p>&nbsp;<p>\n\n\n\n<h3><span style=\"color: #19419b\">Porte-Cl\u00e9s VOLKSWAGEN VAG028V. Logo 3d Double Face Ajour\u00e9. Tout M\u00e9tal  : <\/span><\/h3>\n\n\n\n<p>&nbsp;<p>\n\n\n\n<div class=\"wp-block-columns\">\n<div class=\"wp-block-column\">\n<figure class=\"wp-block-image aligncenter size-full\"><img data-recalc-dims=\"1\" decoding=\"async\" src=\"https:\/\/i0.wp.com\/drancourt.fr\/Shop\/wp-content\/uploads\/2023\/11\/Logo-Volkswagen.webp\" alt=\"Logo-Volkswagen\" class=\"wp-image-1388\"><\/figure>\n<\/div>\n<div class=\"wp-block-column\">\n<div class=\"wp-block-group\">\n<div class=\"wp-block-group\">\n<h2 class=\"wp-block-heading\" id=\"block-80d37238-861c-4921-b650-550d4e855d0e\">Description<\/h2>\n<p id=\"block-b96fc4b1-0ffa-4724-8d2f-98c73e4b6f7b\"><strong><span style=\"color: #1c4499\">Tout M\u00e9tal<\/span><\/strong><\/p>\n<ul id=\"block-feaf2cde-eab6-4b64-b323-c328005bda9e\">\n<li style=\"line-height:2\"><strong>Volkswagen <\/strong> : VAG028V Logo 3d Double-Face.   <\/li>\n<li style=\"line-height:2\"><strong>Face<\/strong> : Bomb\u00e9e avec Logo<\/li>\n<li style=\"line-height:2\"><strong>Dimension de l&rsquo;article<\/strong> : dia. 32<\/li>\n<li style=\"line-height:2\"><strong>Revers<\/strong> : Texte en relief<\/li>\n<li style=\"line-height:2\"><strong>Finition<\/strong> : M\u00e9tal<\/li>\n<li style=\"line-height:2\"><strong>Gravure<\/strong> : 38 caract\u00e8res<\/li>\n<li style=\"line-height:2\"><strong>Gravure Sp\u00e9ciale<\/strong> : En Option<\/li>\n<\/ul>\n<\/div>\n<\/div>\n<\/div>\n<\/div>\n\n\n\n<p><\/p>\n","protected":false},"excerpt":{"rendered":"<p>VOLKSWAGEN : VAG028V<\/p>\n","protected":false},"featured_media":2232,"comment_status":"open","ping_status":"closed","template":"","meta":{"content-type":"","om_disable_all_campaigns":false,"_monsterinsights_skip_tracking":false,"_monsterinsights_sitenote_active":false,"_monsterinsights_sitenote_note":"","_monsterinsights_sitenote_category":0,"_uf_show_specific_survey":0,"_uf_disable_surveys":false},"product_brand":[],"product_cat":[29,76],"product_tag":[77],"class_list":{"0":"post-2223","1":"product","2":"type-product","3":"status-publish","4":"has-post-thumbnail","6":"product_cat-portes-cles-personnalises","7":"product_cat-portes-cles-volkswagen","8":"product_tag-portes-cles-volkswagen","10":"first","11":"instock","12":"taxable","13":"shipping-taxable","14":"purchasable","15":"product-type-variable","16":"has-default-attributes"},"aioseo_notices":[],"jetpack_sharing_enabled":true,"_links":{"self":[{"href":"https:\/\/drancourt.fr\/Shop\/wp-json\/wp\/v2\/product\/2223","targetHints":{"allow":["GET"]}}],"collection":[{"href":"https:\/\/drancourt.fr\/Shop\/wp-json\/wp\/v2\/product"}],"about":[{"href":"https:\/\/drancourt.fr\/Shop\/wp-json\/wp\/v2\/types\/product"}],"replies":[{"embeddable":true,"href":"https:\/\/drancourt.fr\/Shop\/wp-json\/wp\/v2\/comments?post=2223"}],"wp:featuredmedia":[{"embeddable":true,"href":"https:\/\/drancourt.fr\/Shop\/wp-json\/wp\/v2\/media\/2232"}],"wp:attachment":[{"href":"https:\/\/drancourt.fr\/Shop\/wp-json\/wp\/v2\/media?parent=2223"}],"wp:term":[{"taxonomy":"product_brand","embeddable":true,"href":"https:\/\/drancourt.fr\/Shop\/wp-json\/wp\/v2\/product_brand?post=2223"},{"taxonomy":"product_cat","embeddable":true,"href":"https:\/\/drancourt.fr\/Shop\/wp-json\/wp\/v2\/product_cat?post=2223"},{"taxonomy":"product_tag","embeddable":true,"href":"https:\/\/drancourt.fr\/Shop\/wp-json\/wp\/v2\/product_tag?post=2223"}],"curies":[{"name":"wp","href":"https:\/\/api.w.org\/{rel}","templated":true}]}}