{"id":2400,"date":"2023-11-13T10:00:07","date_gmt":"2023-11-13T09:00:07","guid":{"rendered":"http:\/\/drancourt.fr\/Shop\/?post_type=product&#038;p=2400"},"modified":"2024-11-13T12:20:01","modified_gmt":"2024-11-13T11:20:01","slug":"voiles-pour-drapeaux-a-plumes-beach-small-noir-et-orange","status":"publish","type":"product","link":"https:\/\/drancourt.fr\/Shop\/produit\/voiles-pour-drapeaux-a-plumes-beach-small-noir-et-orange\/","title":{"rendered":"Voiles Pour Drapeaux \u00e0 Plumes BEACH SMALL Noir Et Orange"},"content":{"rendered":"\n<script type=\"application\/ld+json\">\n{\n  \"@context\": \"https:\/\/schema.org\/\",\n  \"@type\": \"Product\",\n  \"name\": \"Voiles Pour Drapeaux \u00e0 Plumes BEACH SMALLNoir Et Orange\",\n  \"image\": \"https:\/\/drancourt.fr\/Shop\/wp-content\/uploads\/2023\/11\/voiles-beach-small-noir-et-orange-1.webp\",\n  \"description\": \"Voile publicitaire Beach Small \u00e9l\u00e9gante en Noir Et Orange, id\u00e9ale pour les \u00e9v\u00e9nements\",\n  \"brand\": {\n    \"@type\": \"Brand\",\n    \"name\":\"Drancourt\"\n\n  },\n  \"sku\": \"Voiles Pour Drapeaux \u00e0 Plumes BEACH SMALLNoir Et Orange\",\n  \"offers\": {\n    \"@type\": \"AggregateOffer\",\n    \"url\": \"https:\/\/drancourt.fr\/Shop\/produit\/voiles-pour-drapeaux-a-plumes-beach-small-noir-et-orange\/\",\n    \"priceCurrency\": \"EUR\",\n    \"lowPrice\":\"69.00\",\n    \"highPrice\":\"1800.00\",\n    \"offerCount\": \"6\",\n    \"priceSpecification\": [\n      \n{\n        \"@type\": \"UnitPriceSpecification\",\n        \"description\": \"Tarif pour la premi\u00e8re commande : 1 unit\u00e9s\",\n        \"price\":\"69.00\",\n        \"priceCurrency\": \"EUR\",\n        \"eligibleQuantity\": {\n          \"@type\": \"QuantitativeValue\",\n          \"value\": 1\n       }\n\t  },\t\t\n{\n        \"@type\": \"UnitPriceSpecification\",\n        \"description\": \"Tarif pour la premi\u00e8re commande : 6 unit\u00e9s\",\n        \"price\":\"390.00\",\n        \"priceCurrency\": \"EUR\",\n        \"eligibleQuantity\": {\n          \"@type\": \"QuantitativeValue\",\n          \"value\": 6\n       }\n\t  },\n\t\t{\n        \"@type\": \"UnitPriceSpecification\",\n        \"description\": \"Tarif pour la premi\u00e8re commande : 12 unit\u00e9s\",\n        \"price\":\"732.00\",\n        \"priceCurrency\": \"EUR\",\n        \"eligibleQuantity\": {\n          \"@type\": \"QuantitativeValue\",\n          \"value\": 12\n        }\n\t\t },\n{\n        \"@type\": \"UnitPriceSpecification\",\n        \"description\": \"Tarif pour la premi\u00e8re commande : 24 unit\u00e9s\",\n        \"price\":\"1368.00\",\n        \"priceCurrency\": \"EUR\",\n        \"eligibleQuantity\": {\n          \"@type\": \"QuantitativeValue\",\n          \"value\": 24\n        }\n\t\t },\n{\n        \"@type\": \"UnitPriceSpecification\",\n        \"description\": \"Tarif pour la premi\u00e8re commande : 36 unit\u00e9s\",\n        \"price\":\"1800.00\",\n        \"priceCurrency\": \"EUR\",\n        \"eligibleQuantity\": {\n          \"@type\": \"QuantitativeValue\",\n          \"value\": 36\n        }\n\t\t }\n    ],\n    \"itemCondition\": \"https:\/\/schema.org\/NewCondition\",\n    \"availability\": \"https:\/\/schema.org\/InStock\",\n    \"seller\": {\n      \"@type\": \"Organization\",\n      \"name\": \"Drancourt sarl\"\n    }\n  }\n}\n\n<\/script>\n\n\n\n<h3><span style=\"color: #1c4499\"><strong>Prix Unitaire HT des Voiles Beach Small : <\/strong><\/span><\/h3>\n\n\n\n<table class=\"table table-responsive table-hover table-bordered\">\n  <thead>\n     <tr class=\"table-primary\">\n<td style=\"text-align: center\"><span style=\"color: #19419b\">Par<\/span><\/td>\n<td style=\"text-align: center\"><span style=\"color: #19419b\">Par<\/span><\/td>\n<td style=\"text-align: center\"><span style=\"color: #19419b\">Par<\/span><\/td>\n<td style=\"text-align: center\"><span style=\"color: #19419b\">Par<\/span><\/td>\n<td style=\"text-align: center\"><span style=\"color: #19419b\">Par<\/span><\/td>\n\n\n     <\/tr>\n  <\/thead>\n\n  <tbody>\n\n<tr>\n<td style=\"text-align: center\"><span style=\"color: #19419b\">1 :<\/span><\/td>\n<td style=\"text-align: center\"><span style=\"color: #19419b\">6 :<\/span><\/td>\n<td style=\"text-align: center\"><span style=\"color: #19419b\">12 :<\/span><\/td>\n<td style=\"text-align: center\"><span style=\"color: #19419b\">24 :<\/span><\/td>\n<td style=\"text-align: center\"><span style=\"color: #19419b\">36 :<\/span><\/td>\n\n  \n<\/tr>\n\n<tr>\n<td style=\"text-align: center\"><span style=\"color: #19419b\"><b>69,00 \u20ac<b><\/span><\/td>\n<td style=\"text-align: center\"><span style=\"color: #19419b\"><b>65,00 \u20ac<b><\/span><\/td>\n<td style=\"text-align: center\"><span style=\"color: #19419b\"><b>61,00 \u20ac<b><\/span><\/td>\n<td style=\"text-align: center\"><span style=\"color: #19419b\"><b>57,00 \u20ac<b><\/span><\/td>\n<td style=\"text-align: center\"><span style=\"color: #19419b\"><b>50,00 \u20ac<b><\/span><\/td>\n\n \n<\/tr>\n\n\n\n<tr>\n<td style=\"text-align: center\"><span style=\"color: #19419b\"><b>69,00 \u20ac<b><\/span><\/td>\n<td style=\"text-align: center\"><span style=\"color: #19419b\"><b>390,00 \u20ac<b><\/span><\/td>\n<td style=\"text-align: center\"><span style=\"color: #19419b\"><b>732,00 \u20ac<b><\/span><\/td>\n<td style=\"text-align: center\"><span style=\"color: #19419b\"><b>1368,00 \u20ac<b><\/span><\/td>\n<td style=\"text-align: center\"><span style=\"color: #19419b\"><b>1800,00 \u20ac<b><\/span><\/td>\n\n\n<\/tr>\n\n  <\/tbody>\n<\/table>\n\n\n\n<p>&nbsp;<p>\n\n\n\n<h3><span style=\"color: #1c4499\"><strong>Voiles BEACH SMALL noir et orange<\/strong><\/span><\/h3>\n\n\n\n<p>Les voiles Pour Drapeaux \u00e0 Plumes BEACH SMALL noir et orange sont la solution id\u00e9ale pour les entreprises cherchant \u00e0 maximiser leur visibilit\u00e9 lors d&rsquo;\u00e9v\u00e9nements ext\u00e9rieurs, tout en b\u00e9n\u00e9ficiant d&rsquo;une installation facile et d&rsquo;une durabilit\u00e9 \u00e0 toute \u00e9preuve.<\/p>\n\n\n\n<ul>\n  <li><span style=\"color: #1c4499\">Dimensions Optimales :<\/span> <strong>210 \u00d7 75 cm<\/strong>, cette voile offre une visibilit\u00e9 exceptionnelle pour une utilisation ext\u00e9rieure.<\/li>\n  <li><span style=\"color: #1c4499\">Impression de Haute Qualit\u00e9 :<\/span> Gr\u00e2ce \u00e0 une impression inalt\u00e9rable grand teint, la voile conserve ses couleurs vives et son message clair sur le long terme.<\/li>\n\n<li><span style=\"color: #1c4499\">Visible Double-Face :<\/span> L&rsquo;impression recto verso assure une visibilit\u00e9 maximale de votre marque sous tous les angles.<\/li>\n<\/li>\n <li><span style=\"color: #1c4499\">Design Accrocheur :<\/span> La voile en forme de goutte, combin\u00e9e \u00e0 un design attractif, capte l&rsquo;attention et renforce l&rsquo;impact de votre message.<\/li>\n\n<li><span style=\"color: #1c4499\">L\u00e9g\u00e8ret\u00e9 et Portabilit\u00e9 :<\/span> Pesant seulement 115\u2009g, cette voile est fabriqu\u00e9e \u00e0 partir d&rsquo;un mat\u00e9riau polyester l\u00e9ger, facilitant son transport et son installation.<\/li>\n<li><span style=\"color: #1c4499\">Mat\u00e9riau Durable :<\/span> Fabriqu\u00e9e en maille micro-perfor\u00e9e 100\u2009% polyester, cette voile r\u00e9siste aux intemp\u00e9ries et est id\u00e9ale pour une utilisation ext\u00e9rieure prolong\u00e9e.<\/li>\n\n<li><span style=\"color: #1c4499\">Facile \u00e0 Assembler :<\/span> Con\u00e7ue pour une mise en place rapide et sans effort, cette voile est parfaite pour les professionnels en d\u00e9placement.<\/li><\/ul>\n\n\n\n<p>&nbsp;<p>\n\n\n\n<div class=\"wp-block-group is-content-justification-right is-nowrap is-layout-flex wp-container-core-group-is-layout-17124a9a wp-block-group-is-layout-flex\">\r\n\t\t\t\t\r\n\t\t<a \r\n\t\t\t\r\n\t\t\tclass=\"block-fea04d89-1ca0-480c-9e4f-4064dd1d4bbf btn areoi-has-url position-relative btn-primary\"\r\n\t href=\"https:\/\/drancourt.fr\/Shop\/categorie-produit\/drapeaux\/drapeaux-beach-small\/\" >\r\n\t\t\t\t\t\r\n\t\t\t\t\tAutres Drapeaux \u00e0 Plumes Beach Small \r\n\t\t\t\t\t\r\n\t\t\t\t\t \r\n\t\t\t\t<\/a>\r\n\t\t\t<\/div>\n\n\n\n<p>&nbsp;<p>\n\n\n\r\n\t\t<div  class=\"block-b580172a-422d-4651-93c8-cae7c6f38423 accordion\">\r\n\t\t\t\n\r\n\t\t<div  class=\"block-d608ebf2-73fe-4651-b55c-b30550ddfce1 accordion-item\">\r\n\r\n\t\t\t<h3 \r\n\t\t\t\tclass=\"accordion-header\" \r\n\t\t\t\tid=\"block-d608ebf2-73fe-4651-b55c-b30550ddfce1-header\"\r\n\t\t\t>\r\n\t\t\t\t<button \r\n\t\t\t\t\tclass=\"accordion-button collapsed\" \r\n\t\t\t\t\ttype=\"button\" \r\n\t\t\t\t\tdata-bs-toggle=\"collapse\" \r\n\t\t\t\t\tdata-bs-target=\"#block-d608ebf2-73fe-4651-b55c-b30550ddfce1-collapse\" \r\n\t\t\t\t\taria-expanded=\"false\" \r\n\t\t\t\t\taria-controls=\"block-d608ebf2-73fe-4651-b55c-b30550ddfce1-collapse\"\r\n\t\t\t\t>\r\n\t\t\t\t\t<strong><em>Vos Principales Questions :<\/em><\/strong>\r\n\t\t\t\t<\/button>\r\n\t\t\t<\/h3>\r\n\r\n\t\t\t<div \r\n\t\t\t\tid=\"block-d608ebf2-73fe-4651-b55c-b30550ddfce1-collapse\" \r\n\t\t\t\tclass=\"accordion-collapse collapse\" \r\n\t\t\t\taria-labelledby=\"block-d608ebf2-73fe-4651-b55c-b30550ddfce1-header\"\r\n\t\t\t\tdata-bs-parent=\".block-b580172a-422d-4651-93c8-cae7c6f38423\"\r\n\t\t\t>\r\n\t\t\t\t<div class=\"accordion-body\">\r\n\t\t\t\t\t\n\n<p>\u00ab\u00a0<strong><em>Les drapeaux Beach Small sont-ils facile \u00e0 installer ?<\/em><\/strong>\u00ab\u00a0<\/p>\n\n\n\n<p>Oui, vous pouvez monter ou d\u00e9monter vos drapeaux en quelques minutes, sans outils sp\u00e9cifiques ou comp\u00e9tences techniques d\u00e9velopp\u00e9es.<p>\n\n\n\n<div class=\"wp-block-group is-content-justification-right is-nowrap is-layout-flex wp-container-core-group-is-layout-17124a9a wp-block-group-is-layout-flex\">\r\n\t\t\t\t\r\n\t\t<a \r\n\t\t\t\r\n\t\t\tclass=\"block-cea57816-940b-4fab-ad97-6d3091704bea btn areoi-has-url position-relative btn-primary\"\r\n\t href=\"https:\/\/drancourt.fr\/Shop\/2024\/03\/05\/les-drapeaux-beach-small-sont-ils-facile-a-installer\/\" >\r\n\t\t\t\t\t\r\n\t\t\t\t\tEn savoir plus \r\n\t\t\t\t\t\r\n\t\t\t\t\t \r\n\t\t\t\t<\/a>\r\n\t\t\t<\/div>\n\n\n\n<p>\u00ab\u00a0<strong><em>Les drapeaux Beach Small offrent-ils un bon rapport qualit\u00e9-prix ?<\/em><\/strong>\u00ab\u00a0<\/p>\n\n\n\n<p>Nos drapeaux sont fabriqu\u00e9s avec des mat\u00e9riaux de haute qualit\u00e9 qui r\u00e9sistent aux intemp\u00e9ries. Cela signifie que vous n\u2019aurez pas \u00e0 les remplacer fr\u00e9quemment, ce qui r\u00e9duit vos co\u00fbts \u00e0 long terme.<p>\n\n\n\n<div class=\"wp-block-group is-content-justification-right is-nowrap is-layout-flex wp-container-core-group-is-layout-17124a9a wp-block-group-is-layout-flex\">\r\n\t\t\t\t\r\n\t\t<a \r\n\t\t\t\r\n\t\t\tclass=\"block-3c478ddf-e61b-4ef7-b894-5c610a9c80c3 btn areoi-has-url position-relative btn-primary\"\r\n\t href=\"https:\/\/drancourt.fr\/Shop\/2024\/03\/05\/les-drapeaux-beach-small-offrent-ils-un-bon-rapport-qualite-prix\/\" >\r\n\t\t\t\t\t\r\n\t\t\t\t\tEn savoir plus \r\n\t\t\t\t\t\r\n\t\t\t\t\t \r\n\t\t\t\t<\/a>\r\n\t\t\t<\/div>\n\n\n\n<p>\u00ab\u00a0<strong><em>Les drapeaux seront-ils suffisamment visibles sur ma concession ?<\/em><\/strong>\u00ab\u00a0<\/p>\n\n\n\n<p>Nos drapeaux ont des dimensions et des formes \u00e9tudi\u00e9es pour \u00eatre le plus visible possible de loin, de plus nous utilisons des techniques d\u2019impression recto verso pour garantir que votre message soit visible sous tous les angles.<p>\n\n\n\n<div class=\"wp-block-group is-content-justification-right is-nowrap is-layout-flex wp-container-core-group-is-layout-17124a9a wp-block-group-is-layout-flex\">\r\n\t\t\t\t\r\n\t\t<a \r\n\t\t\t\r\n\t\t\tclass=\"block-ab99c9a2-c267-4ca2-a019-88d37cc3194b btn areoi-has-url position-relative btn-primary\"\r\n\t href=\"https:\/\/drancourt.fr\/Shop\/2024\/03\/05\/les-drapeaux-seront-ils-suffisamment-visibles-sur-ma-concession\/\" >\r\n\t\t\t\t\t\r\n\t\t\t\t\tEn savoir plus \r\n\t\t\t\t\t\r\n\t\t\t\t\t \r\n\t\t\t\t<\/a>\r\n\t\t\t<\/div>\n\n \r\n\t\t\t\t<\/div>\r\n\t\t\t<\/div>\r\n\t\t<\/div>\r\n\t\n \r\n\t\t<\/div>\r\n\t\n\n\n<p>&nbsp;<p>\n\n\n\n<hr>\n\n\n\n<!-- UseStrict's Calendly Embedder - Calendly popup widget start -->\n<div id=\"wpcalel-calendly-popup-1\"\n\tdata-wpcalel-type=\"popup\"\n\tdata-wpcalel-url=\"https:\/\/calendly.com\/drancourtservice\/\"\n\tdata-wpcalel-prefill=\"false\"\n\tdata-wpcalel-query-str=\"false\"\n\tdata-wpcalel-text=\"Programmer un RDV avec Nous\"\n\tdata-wpcalel-color=\"#1c4499\"\n\tdata-wpcalel-textColor=\"#ffffff\"\n\tdata-wpcalel-branding=\"false\"\n\t\t\t\t\t\t\t\t\t\t\t\t\t\t\t\t\t\t\t\t\t\t\t\t\t\t\t\t\t\t\t\t\t\t\t\t\t\t\t\t\t\t\t\t\t\t\t\t\t\t\t\t\t \n><\/div>\n<!-- UseStrict's Calendly Embedder - Calendly popup widget end -->\n\n\t\t\t\n","protected":false},"excerpt":{"rendered":"<p>Voile BEACH SMALL<\/p>\n","protected":false},"featured_media":2469,"comment_status":"open","ping_status":"closed","template":"","meta":{"content-type":"","om_disable_all_campaigns":false,"_monsterinsights_skip_tracking":false,"_monsterinsights_sitenote_active":false,"_monsterinsights_sitenote_note":"","_monsterinsights_sitenote_category":0,"_uf_show_specific_survey":0,"_uf_disable_surveys":false,"jetpack_post_was_ever_published":false},"product_brand":[],"product_cat":[86,91],"product_tag":[88],"class_list":{"0":"post-2400","1":"product","2":"type-product","3":"status-publish","4":"has-post-thumbnail","6":"product_cat-animation-de-parc","7":"product_cat-drapeaux-a-plumes-beach-small","8":"product_tag-voiles-rectangulaires-beach-small","10":"first","11":"instock","12":"taxable","13":"shipping-taxable","14":"purchasable","15":"product-type-variable","16":"has-default-attributes"},"aioseo_notices":[],"jetpack_sharing_enabled":true,"_links":{"self":[{"href":"https:\/\/drancourt.fr\/Shop\/wp-json\/wp\/v2\/product\/2400","targetHints":{"allow":["GET"]}}],"collection":[{"href":"https:\/\/drancourt.fr\/Shop\/wp-json\/wp\/v2\/product"}],"about":[{"href":"https:\/\/drancourt.fr\/Shop\/wp-json\/wp\/v2\/types\/product"}],"replies":[{"embeddable":true,"href":"https:\/\/drancourt.fr\/Shop\/wp-json\/wp\/v2\/comments?post=2400"}],"wp:featuredmedia":[{"embeddable":true,"href":"https:\/\/drancourt.fr\/Shop\/wp-json\/wp\/v2\/media\/2469"}],"wp:attachment":[{"href":"https:\/\/drancourt.fr\/Shop\/wp-json\/wp\/v2\/media?parent=2400"}],"wp:term":[{"taxonomy":"product_brand","embeddable":true,"href":"https:\/\/drancourt.fr\/Shop\/wp-json\/wp\/v2\/product_brand?post=2400"},{"taxonomy":"product_cat","embeddable":true,"href":"https:\/\/drancourt.fr\/Shop\/wp-json\/wp\/v2\/product_cat?post=2400"},{"taxonomy":"product_tag","embeddable":true,"href":"https:\/\/drancourt.fr\/Shop\/wp-json\/wp\/v2\/product_tag?post=2400"}],"curies":[{"name":"wp","href":"https:\/\/api.w.org\/{rel}","templated":true}]}}