{"id":2462,"date":"2023-11-13T11:17:17","date_gmt":"2023-11-13T10:17:17","guid":{"rendered":"http:\/\/drancourt.fr\/Shop\/?post_type=product&#038;p=2462"},"modified":"2024-03-21T16:29:33","modified_gmt":"2024-03-21T15:29:33","slug":"kit-drapeaux-a-plumes-sur-mat-beach-small-rouge-et-blanc","status":"publish","type":"product","link":"https:\/\/drancourt.fr\/Shop\/produit\/kit-drapeaux-a-plumes-sur-mat-beach-small-rouge-et-blanc\/","title":{"rendered":"Kit Drapeaux \u00e0 Plumes sur m\u00e2t BEACH SMALL Rouge Et Blanc"},"content":{"rendered":"\n<script type=\"application\/ld+json\">\n{\n  \"@context\": \"https:\/\/schema.org\/\",\n  \"@type\": \"Product\",\n  \"name\": \"Kit Drapeaux \u00e0 Plumes BEACH SMALL Rouge Et Blanc\",\n  \"image\": \"https:\/\/drancourt.fr\/Shop\/wp-content\/uploads\/2023\/11\/kit-drapeaux-publicitaires-sur-mat-beach-small-rouge-et-blanc.webp\",\n  \"description\": \"Kit Drapeaux Beach Small de 210 \u00d7 75 cm, en rouge et blanc, id\u00e9al pour promotions ext\u00e9rieures et \u00e9v\u00e9nements d'entreprise. Grille Tarifaire D\u00e9gressive.\",\n  \"brand\": {\n    \"@type\": \"Brand\",\n    \"name\": \"Drancourt\"\n\n  },\n  \"sku\": \"BEACH SMALL Rouge Et Blanc\",\n  \"offers\": {\n    \"@type\": \"AggregateOffer\",\n    \"url\": \"https:\/\/drancourt.fr\/Shop\/produit\/drapeaux-a-plumes-beach-small-rouge-et-blanc\/\",\n    \"priceCurrency\": \"EUR\",\n    \"lowPrice\":\"242.90\",\n    \"highPrice\":\"1334.00\",\n    \"offerCount\": \"6\",\n    \"priceSpecification\": [\n      \n{\n        \"@type\": \"UnitPriceSpecification\",\n        \"description\": \"Tarif pour la premi\u00e8re commande : 1 unit\u00e9s\",\n        \"price\":\"242.90\",\n        \"priceCurrency\": \"EUR\",\n        \"eligibleQuantity\": {\n          \"@type\": \"QuantitativeValue\",\n          \"value\": 1\n       }\n\t  },\t\t\n{\n        \"@type\": \"UnitPriceSpecification\",\n        \"description\": \"Tarif pour la premi\u00e8re commande : 3 unit\u00e9s\",\n        \"price\":\"\u00a0700.35\",\n        \"priceCurrency\": \"EUR\",\n        \"eligibleQuantity\": {\n          \"@type\": \"QuantitativeValue\",\n          \"value\": 3\n       }\n\t  },\n\t\t{\n        \"@type\": \"UnitPriceSpecification\",\n        \"description\": \"Tarif pour la premi\u00e8re commande : 6 unit\u00e9s\",\n        \"price\":\"1344.00\",\n        \"priceCurrency\": \"EUR\",\n        \"eligibleQuantity\": {\n          \"@type\": \"QuantitativeValue\",\n          \"value\": 6\n        }\n\t\t }\n    ],\n    \"itemCondition\": \"https:\/\/schema.org\/NewCondition\",\n    \"availability\": \"https:\/\/schema.org\/InStock\",\n    \"seller\": {\n      \"@type\": \"Organization\",\n      \"name\": \"Drancourt sarl\"\n    }\n  }\n}\n<\/script>\n\n\n\n<h3><span style=\"color: #1c4499\"><strong>Kit Drapeaux Beach Small Rouge-Blanc : Id\u00e9al pour Publicit\u00e9 Ext\u00e9rieure et \u00c9v\u00e9nements<\/strong><\/span><\/h3>\n\n\n\n<p>Captez l&rsquo;attention avec le <strong>Kit Drapeaux Beach Small Rouge-Blanc<\/strong>, votre solution incontournable pour une <strong>publicit\u00e9 ext\u00e9rieure<\/strong> impactante. Ces drapeaux, parfaits pour les \u00e9v\u00e9nements professionnels, allient visibilit\u00e9 et \u00e9l\u00e9gance.<\/p>\n\n<p>Chaque <strong>drapeau et flamme publicitaire pour l&rsquo;ext\u00e9rieur<\/strong> est con\u00e7u pour r\u00e9sister aux \u00e9l\u00e9ments, garantissant une durabilit\u00e9 maximale. <strong>Demandez-nous vite un devis personnalis\u00e9 !<\/strong> et d\u00e9couvrez notre <strong>grille tarifaire d\u00e9gressive<\/strong>.<\/p>\n\n<p>En tant que <strong>grossiste drapeaux personnalis\u00e9s<\/strong>, nous offrons une gamme vari\u00e9e incluant des <strong>drapeaux en forme de larmes<\/strong> et des <strong>oriflammes publicitaires<\/strong>, id\u00e9als pour attirer le regard lors de salons professionnels.<\/p>\n\n<p>Nos <strong>kits complets de drapeau avec m\u00e2t et pied<\/strong> sont faciles \u00e0 installer, assurant une pr\u00e9sence marquante et professionnelle pour votre entreprise. Avec des <strong>id\u00e9es de design pour drapeaux publicitaires<\/strong> innovantes, votre marque sera mise en valeur comme jamais auparavant.<\/p>\n\n<p>Optez pour la qualit\u00e9 avec nos <strong>drapeaux publicitaires sur m\u00e2t<\/strong> et <strong>kit drapeaux publicitaires<\/strong>, et transformez chaque rue en une opportunit\u00e9 publicitaire. Votre marque m\u00e9rite une visibilit\u00e9 exceptionnelle avec nos <strong>drapeaux de publicit\u00e9 en plein air de qualit\u00e9<\/strong>.<\/p>\n\n\n\n\n<p>&nbsp;<p>\n\n\n\n<h3><span style=\"color: #1c4499\"><strong>Prix Unitaire HT des Drapeaux Beach Small  <\/strong><\/span><\/h3>\n\n\n\n<table class=\"table table-responsive table-hover table-bordered\">\n\n <thead>\n     <tr class=\"table-primary\">\n<td style=\"text-align: center\"><span style=\"color: #19419b\">Par<\/span><\/td>\n<td style=\"text-align: center\"><span style=\"color: #19419b\">Par<\/span><\/td>\n<td style=\"text-align: center\"><span style=\"color: #19419b\">Par<\/span><\/td>\n <\/tr>\n  <\/thead>\n <tbody>\n\n<tr>\n<td style=\"text-align: center\"><span style=\"color: #19419b\">1 :<\/span><\/td>\n<td style=\"text-align: center\"><span style=\"color: #19419b\">3 :<\/span><\/td>\n<td style=\"text-align: center\"><span style=\"color: #19419b\">6 :<\/span><\/td>\n<\/tr>\n\n\n<tr>\n<td style=\"text-align: center\"><span style=\"color: #19419b\"><b>242,90 \u20ac<b><\/span><\/td>\n<td style=\"text-align: center\"><span style=\"color: #19419b\"><b>233,45 \u20ac<b><\/span><\/td>\n<td style=\"text-align: center\"><span style=\"color: #19419b\"><b>224,00 \u20ac<b><\/span><\/td>\n<\/tr>\n\n<tr>\n<td style=\"text-align: center\"><span style=\"color: #19419b\"><b>242,90 \u20ac<b><\/span><\/td>\n<td style=\"text-align: center\"><span style=\"color: #19419b\"><b>700,35 \u20ac<b><\/span><\/td>\n<td style=\"text-align: center\"><span style=\"color: #19419b\"><b>1344,00 \u20ac<b><\/span><\/td>\n<\/tr>\n\n <\/tbody>\n<\/table>\n\n\n\n<p>&nbsp;<p>\n\n\n\n<h3><span style=\"color: #1c4499\"><strong>Kit Drapeaux Beach Small :<\/strong><\/span><\/h3>\n\n\n\n<h4><span style=\"color: #1c4499\">Drapeaux \u00e0 Plumes BEACH SMALL Rouge-Blanc :<\/span><\/h4>\n<ul>\n  <li><strong><span style=\"color: #1c4499\">Dimensions :<\/span><\/strong><strong> 210 \u00d7 75 cm<\/strong>, id\u00e9ales pour une visibilit\u00e9 maximale en ext\u00e9rieur.<\/li>\n  <li><strong><span style=\"color: #1c4499\">Impression inalt\u00e9rable grand teint :<\/span><\/strong> Garantit une durabilit\u00e9 et une r\u00e9sistance aux intemp\u00e9ries, parfait pour une utilisation prolong\u00e9e.<\/li>\n  <li><strong><span style=\"color: #1c4499\">Visible double-face :<\/span><\/strong> Assure une excellente visibilit\u00e9 de votre marque sous tous les angles.<\/li>\n  <li><strong><span style=\"color: #1c4499\">Voile en forme de goutte :<\/span><\/strong> Design moderne et attractif pour capter l&rsquo;attention.<\/li>\n  <li><strong><span style=\"color: #1c4499\">En maille micro-perfor\u00e9e 100\u2009% polyester :<\/span><\/strong> Drapeaux en polyester durable pour une utilisation ext\u00e9rieure, combinant r\u00e9sistance et esth\u00e9tique.<\/li>\n  <li><strong><span style=\"color: #1c4499\">115 gr :<\/span><\/strong> Drapeaux fabriqu\u00e9s \u00e0 partir d&rsquo;un mat\u00e9riau polyester l\u00e9ger pour une portabilit\u00e9 facile, facilitant le transport et l&rsquo;installation.<\/li>\n<\/ul>\n\n<h4><span style=\"color: #1c4499\">Pied en V :<\/span><\/h4>\n<ul>\n  <li><strong><span style=\"color: #1c4499\">Pied en V pour drapeaux Beach Small :<\/span><\/strong> Con\u00e7u sp\u00e9cifiquement pour une stabilit\u00e9 optimale de vos drapeaux Beach Small.<\/li>\n  <li><strong><span style=\"color: #1c4499\">Pied en V pour m\u00e2t t\u00e9lescopique :<\/span><\/strong> Id\u00e9al pour une installation rapide sous la roue d\u2019un v\u00e9hicule, parfait pour les \u00e9v\u00e9nements et les salons professionnels.<\/li>\n  <li><strong><span style=\"color: #1c4499\">Fixation en acier laqu\u00e9 pour secteur Automobile :<\/span><\/strong> Offre une solidit\u00e9 accrue, adapt\u00e9e aux environnements exigeants du secteur automobile.<\/li>\n  <li><strong><span style=\"color: #1c4499\">Pied compos\u00e9 de 2 pales et d\u2019une embase :<\/span><\/strong> Assure une fixation s\u00fbre et stable, m\u00eame en cas de conditions m\u00e9t\u00e9orologiques difficiles.<\/li>\n<\/ul>\n\n<h4><span style=\"color: #1c4499\">Caract\u00e9ristiques techniques Pied en V :<\/span><\/h4>\n<ul>\n  <li><strong><span style=\"color: #1c4499\">Utilisation(s) :<\/span><\/strong> Ext\u00e9rieure, con\u00e7u pour r\u00e9sister aux intemp\u00e9ries et garantir une longue dur\u00e9e de vie.<\/li>\n  <li><strong><span style=\"color: #1c4499\">Mati\u00e8re(s) :<\/span><\/strong> Acier laqu\u00e9, pour une r\u00e9sistance accrue et une maintenance r\u00e9duite.<\/li>\n  <li><strong><span style=\"color: #1c4499\">Facilit\u00e9 d\u2019installation :<\/span><\/strong> Poids de 4 kg, combinant robustesse et facilit\u00e9 de manutention.<\/li>\n  <li><strong><span style=\"color: #1c4499\">Pour m\u00e2ts t\u00e9lescopiques diam\u00e8tre 45 mm :<\/span><\/strong> Compatible avec une large gamme de m\u00e2ts, offrant une flexibilit\u00e9 d&rsquo;utilisation pour diff\u00e9rents \u00e9v\u00e9nements et contextes.<\/li>\n<\/ul>\n\n\n\n<p>&nbsp;<p>\n\n\n\n<div class=\"wp-block-group is-content-justification-right is-nowrap is-layout-flex wp-container-core-group-is-layout-17124a9a wp-block-group-is-layout-flex\">\r\n\t\t\t\t\r\n\t\t<a \r\n\t\t\t\r\n\t\t\tclass=\"block-fea04d89-1ca0-480c-9e4f-4064dd1d4bbf btn areoi-has-url position-relative btn-primary\"\r\n\t href=\"https:\/\/drancourt.fr\/Shop\/categorie-produit\/drapeaux\/drapeaux-beach-small\/\" >\r\n\t\t\t\t\t\r\n\t\t\t\t\tAutres Drapeaux \u00e0 Plumes Beach Small \r\n\t\t\t\t\t\r\n\t\t\t\t\t \r\n\t\t\t\t<\/a>\r\n\t\t\t<\/div>\n\n\n\n<p>&nbsp;<p>\n\n\n\r\n\t\t<div  class=\"block-b580172a-422d-4651-93c8-cae7c6f38423 accordion\">\r\n\t\t\t\n\r\n\t\t<div  class=\"block-59b35d03-1c84-4c2f-8526-b8188ce4f7f9 accordion-item\">\r\n\r\n\t\t\t<h3 \r\n\t\t\t\tclass=\"accordion-header\" \r\n\t\t\t\tid=\"block-59b35d03-1c84-4c2f-8526-b8188ce4f7f9-header\"\r\n\t\t\t>\r\n\t\t\t\t<button \r\n\t\t\t\t\tclass=\"accordion-button collapsed\" \r\n\t\t\t\t\ttype=\"button\" \r\n\t\t\t\t\tdata-bs-toggle=\"collapse\" \r\n\t\t\t\t\tdata-bs-target=\"#block-59b35d03-1c84-4c2f-8526-b8188ce4f7f9-collapse\" \r\n\t\t\t\t\taria-expanded=\"false\" \r\n\t\t\t\t\taria-controls=\"block-59b35d03-1c84-4c2f-8526-b8188ce4f7f9-collapse\"\r\n\t\t\t\t>\r\n\t\t\t\t\t<strong><em>Vos Principales Questions :<\/em><\/strong>\r\n\t\t\t\t<\/button>\r\n\t\t\t<\/h3>\r\n\r\n\t\t\t<div \r\n\t\t\t\tid=\"block-59b35d03-1c84-4c2f-8526-b8188ce4f7f9-collapse\" \r\n\t\t\t\tclass=\"accordion-collapse collapse\" \r\n\t\t\t\taria-labelledby=\"block-59b35d03-1c84-4c2f-8526-b8188ce4f7f9-header\"\r\n\t\t\t\tdata-bs-parent=\".block-b580172a-422d-4651-93c8-cae7c6f38423\"\r\n\t\t\t>\r\n\t\t\t\t<div class=\"accordion-body\">\r\n\t\t\t\t\t\n\n<p>\u00ab\u00a0<strong><em>Les drapeaux Beach Small sont-ils facile \u00e0 installer ?<\/em><\/strong>\u00ab\u00a0<\/p>\n\n\n\n<div class=\"wp-block-group is-content-justification-right is-nowrap is-layout-flex wp-container-core-group-is-layout-17124a9a wp-block-group-is-layout-flex\">\r\n\t\t\t\t\r\n\t\t<a \r\n\t\t\t\r\n\t\t\tclass=\"block-cea57816-940b-4fab-ad97-6d3091704bea btn areoi-has-url position-relative btn-primary\"\r\n\t href=\"https:\/\/drancourt.fr\/Shop\/2024\/03\/05\/les-drapeaux-beach-small-sont-ils-facile-a-installer\/\" >\r\n\t\t\t\t\t\r\n\t\t\t\t\tEn savoir plus \r\n\t\t\t\t\t\r\n\t\t\t\t\t \r\n\t\t\t\t<\/a>\r\n\t\t\t<\/div>\n\n\n\n<p>&nbsp;<p>\n\n\n\n<p>\u00ab\u00a0<strong><em>Les drapeaux Beach Small offrent-ils un bon rapport qualit\u00e9-prix ?<\/em><\/strong>\u00ab\u00a0<\/p>\n\n\n\n<div class=\"wp-block-group is-content-justification-right is-nowrap is-layout-flex wp-container-core-group-is-layout-17124a9a wp-block-group-is-layout-flex\">\r\n\t\t\t\t\r\n\t\t<a \r\n\t\t\t\r\n\t\t\tclass=\"block-3c478ddf-e61b-4ef7-b894-5c610a9c80c3 btn areoi-has-url position-relative btn-primary\"\r\n\t href=\"https:\/\/drancourt.fr\/Shop\/2024\/03\/05\/les-drapeaux-beach-small-offrent-ils-un-bon-rapport-qualite-prix\/\" >\r\n\t\t\t\t\t\r\n\t\t\t\t\tEn savoir plus \r\n\t\t\t\t\t\r\n\t\t\t\t\t \r\n\t\t\t\t<\/a>\r\n\t\t\t<\/div>\n\n\n\n<p>&nbsp;<p>\n\n\n\n<p>\u00ab\u00a0<strong><em>Les drapeaux seront-ils suffisamment visibles sur ma concession ?<\/em><\/strong>\u00ab\u00a0<\/p>\n\n\n\n<div class=\"wp-block-group is-content-justification-right is-nowrap is-layout-flex wp-container-core-group-is-layout-17124a9a wp-block-group-is-layout-flex\">\r\n\t\t\t\t\r\n\t\t<a \r\n\t\t\t\r\n\t\t\tclass=\"block-ab99c9a2-c267-4ca2-a019-88d37cc3194b btn areoi-has-url position-relative btn-primary\"\r\n\t href=\"https:\/\/drancourt.fr\/Shop\/2024\/03\/05\/les-drapeaux-seront-ils-suffisamment-visibles-sur-ma-concession\/\" >\r\n\t\t\t\t\t\r\n\t\t\t\t\tEn savoir plus \r\n\t\t\t\t\t\r\n\t\t\t\t\t \r\n\t\t\t\t<\/a>\r\n\t\t\t<\/div>\n\n \r\n\t\t\t\t<\/div>\r\n\t\t\t<\/div>\r\n\t\t<\/div>\r\n\t\n \r\n\t\t<\/div>\r\n\t\n\n\n<p>&nbsp;<p>\n\n\n\n<hr>\n\n\n\n<!-- UseStrict's Calendly Embedder - Calendly popup widget start -->\n<div id=\"wpcalel-calendly-popup-1\"\n\tdata-wpcalel-type=\"popup\"\n\tdata-wpcalel-url=\"https:\/\/calendly.com\/drancourtservice\/\"\n\tdata-wpcalel-prefill=\"false\"\n\tdata-wpcalel-query-str=\"false\"\n\tdata-wpcalel-text=\"Programmer un RDV avec Nous\"\n\tdata-wpcalel-color=\"#1c4499\"\n\tdata-wpcalel-textColor=\"#ffffff\"\n\tdata-wpcalel-branding=\"false\"\n\t\t\t\t\t\t\t\t\t\t\t\t\t\t\t\t\t\t\t\t\t\t\t\t\t\t\t\t\t\t\t\t\t\t\t\t\t\t\t\t\t\t\t\t\t\t\t\t\t\t\t\t\t \n><\/div>\n<!-- UseStrict's Calendly Embedder - Calendly popup widget end -->\n\n\t\t\t\n","protected":false},"excerpt":{"rendered":"<p>Le Kit Drapeaux Beach Small Rouge-Blanc offre une publicit\u00e9 ext\u00e9rieure efficace et \u00e9l\u00e9gante pour les \u00e9v\u00e9nements professionnels. R\u00e9sistants et faciles \u00e0 installer, ces drapeaux et oriflammes personnalisables garantissent une visibilit\u00e9 de marque optimale.<\/p>\n","protected":false},"featured_media":2466,"comment_status":"open","ping_status":"closed","template":"","meta":{"content-type":"","om_disable_all_campaigns":false,"_monsterinsights_skip_tracking":false,"_monsterinsights_sitenote_active":false,"_monsterinsights_sitenote_note":"","_monsterinsights_sitenote_category":0,"_uf_show_specific_survey":0,"_uf_disable_surveys":false,"jetpack_post_was_ever_published":false},"product_brand":[],"product_cat":[86,91],"product_tag":[304],"class_list":{"0":"post-2462","1":"product","2":"type-product","3":"status-publish","4":"has-post-thumbnail","6":"product_cat-animation-de-parc","7":"product_cat-drapeaux-a-plumes-beach-small","8":"product_tag-drapeaux-a-plumes-beach-small-rouge-et-blanc","10":"first","11":"instock","12":"taxable","13":"shipping-taxable","14":"purchasable","15":"product-type-variable","16":"has-default-attributes"},"aioseo_notices":[],"jetpack_sharing_enabled":true,"_links":{"self":[{"href":"https:\/\/drancourt.fr\/Shop\/wp-json\/wp\/v2\/product\/2462","targetHints":{"allow":["GET"]}}],"collection":[{"href":"https:\/\/drancourt.fr\/Shop\/wp-json\/wp\/v2\/product"}],"about":[{"href":"https:\/\/drancourt.fr\/Shop\/wp-json\/wp\/v2\/types\/product"}],"replies":[{"embeddable":true,"href":"https:\/\/drancourt.fr\/Shop\/wp-json\/wp\/v2\/comments?post=2462"}],"wp:featuredmedia":[{"embeddable":true,"href":"https:\/\/drancourt.fr\/Shop\/wp-json\/wp\/v2\/media\/2466"}],"wp:attachment":[{"href":"https:\/\/drancourt.fr\/Shop\/wp-json\/wp\/v2\/media?parent=2462"}],"wp:term":[{"taxonomy":"product_brand","embeddable":true,"href":"https:\/\/drancourt.fr\/Shop\/wp-json\/wp\/v2\/product_brand?post=2462"},{"taxonomy":"product_cat","embeddable":true,"href":"https:\/\/drancourt.fr\/Shop\/wp-json\/wp\/v2\/product_cat?post=2462"},{"taxonomy":"product_tag","embeddable":true,"href":"https:\/\/drancourt.fr\/Shop\/wp-json\/wp\/v2\/product_tag?post=2462"}],"curies":[{"name":"wp","href":"https:\/\/api.w.org\/{rel}","templated":true}]}}