{"id":2474,"date":"2023-11-13T11:56:06","date_gmt":"2023-11-13T10:56:06","guid":{"rendered":"http:\/\/drancourt.fr\/Shop\/?post_type=product&#038;p=2474"},"modified":"2024-11-13T11:29:23","modified_gmt":"2024-11-13T10:29:23","slug":"voile-en-forme-de-larme-petale-small-orange-et-blanc","status":"publish","type":"product","link":"https:\/\/drancourt.fr\/Shop\/produit\/voile-en-forme-de-larme-petale-small-orange-et-blanc\/","title":{"rendered":"Voile en forme PETALE SMALL Orange Et Blanc"},"content":{"rendered":"\n<script type=\"application\/ld+json\">\n{\n  \"@context\": \"https:\/\/schema.org\/\",\n  \"@type\": \"Product\",\n  \"name\": \"Voile en forme de larme PETALE SMALL Orange Et Blanc\",\n  \"image\": \"https:\/\/drancourt.fr\/Shop\/wp-content\/uploads\/2023\/11\/voiles-petale-small-orange-et-blanc.webp\",\n  \"description\": \"Devenez incontournable avec nos voiles en forme de larme P\u00c9TALE SMALL OCCASION Orange Et Blanc !\",\n  \"brand\": {\n    \"@type\": \"Brand\",\n    \"name\": \"Drancourt\"\n\n  },\n  \"sku\": \"Voile en forme de larme PETALE SMALL Orange Et Blanc\",\n  \"offers\": {\n    \"@type\": \"AggregateOffer\",\n    \"url\": \"https:\/\/drancourt.fr\/Shop\/produit\/voile-en-forme-de-larme-petale-small-orange-et-blanc\/\",\n    \"priceCurrency\": \"EUR\",\n    \"lowPrice\":\"69.00\",\n    \"highPrice\":\"1800.00\",\n    \"offerCount\": \"6\",\n    \"priceSpecification\": [\n      \n{\n        \"@type\": \"UnitPriceSpecification\",\n        \"description\": \"Tarif pour la premi\u00e8re commande : 1 unit\u00e9s\",\n        \"price\":\"69.00\",\n        \"priceCurrency\": \"EUR\",\n        \"eligibleQuantity\": {\n          \"@type\": \"QuantitativeValue\",\n          \"value\": 1\n       }\n\t  },\t\t\n{\n        \"@type\": \"UnitPriceSpecification\",\n        \"description\": \"Tarif pour la premi\u00e8re commande : 6 unit\u00e9s\",\n        \"price\":\"390.00\",\n        \"priceCurrency\": \"EUR\",\n        \"eligibleQuantity\": {\n          \"@type\": \"QuantitativeValue\",\n          \"value\": 6\n       }\n\t  },\n\t\t{\n        \"@type\": \"UnitPriceSpecification\",\n        \"description\": \"Tarif pour la premi\u00e8re commande : 12 unit\u00e9s\",\n        \"price\":\"732.00\",\n        \"priceCurrency\": \"EUR\",\n        \"eligibleQuantity\": {\n          \"@type\": \"QuantitativeValue\",\n          \"value\": 12\n        }\n\t\t },\n{\n        \"@type\": \"UnitPriceSpecification\",\n        \"description\": \"Tarif pour la premi\u00e8re commande : 24 unit\u00e9s\",\n        \"price\":\"1368.00\",\n        \"priceCurrency\": \"EUR\",\n        \"eligibleQuantity\": {\n          \"@type\": \"QuantitativeValue\",\n          \"value\": 24\n        }\n\t\t },\n{\n        \"@type\": \"UnitPriceSpecification\",\n        \"description\": \"Tarif pour la premi\u00e8re commande : 24 unit\u00e9s\",\n        \"price\":\"1800.00\",\n        \"priceCurrency\": \"EUR\",\n        \"eligibleQuantity\": {\n          \"@type\": \"QuantitativeValue\",\n          \"value\": 24\n        }\n\t\t }\n    ],\n    \"itemCondition\": \"https:\/\/schema.org\/NewCondition\",\n    \"availability\": \"https:\/\/schema.org\/InStock\",\n    \"seller\": {\n      \"@type\": \"Organization\",\n      \"name\": \"Drancourt\"\n    }\n  }\n}\n\n<\/script>\n\n\n\n<h3><span style=\"color: #1c4499\"><strong>Prix Unitaire HT des Voiles P\u00e9tale Small : <\/strong><\/span><\/h3>\n\n\n\n<table class=\"table table-responsive table-hover table-bordered\">\n  <thead>\n     <tr class=\"table-primary\">\n<td style=\"text-align: center\"><span style=\"color: #19419b\">Par<\/span><\/td>\n<td style=\"text-align: center\"><span style=\"color: #19419b\">Par<\/span><\/td>\n<td style=\"text-align: center\"><span style=\"color: #19419b\">Par<\/span><\/td>\n<td style=\"text-align: center\"><span style=\"color: #19419b\">Par<\/span><\/td>\n<td style=\"text-align: center\"><span style=\"color: #19419b\">Par<\/span><\/td>\n\n\n     <\/tr>\n  <\/thead>\n\n  <tbody>\n\n<tr>\n<td style=\"text-align: center\"><span style=\"color: #19419b\">1 :<\/span><\/td>\n<td style=\"text-align: center\"><span style=\"color: #19419b\">6 :<\/span><\/td>\n<td style=\"text-align: center\"><span style=\"color: #19419b\">12 :<\/span><\/td>\n<td style=\"text-align: center\"><span style=\"color: #19419b\">24 :<\/span><\/td>\n<td style=\"text-align: center\"><span style=\"color: #19419b\">36 :<\/span><\/td>\n\n  \n<\/tr>\n\n<tr>\n<td style=\"text-align: center\"><span style=\"color: #19419b\"><b>69,00 \u20ac<b><\/span><\/td>\n<td style=\"text-align: center\"><span style=\"color: #19419b\"><b>65,00 \u20ac<b><\/span><\/td>\n<td style=\"text-align: center\"><span style=\"color: #19419b\"><b>61,00 \u20ac<b><\/span><\/td>\n<td style=\"text-align: center\"><span style=\"color: #19419b\"><b>57,00 \u20ac<b><\/span><\/td>\n<td style=\"text-align: center\"><span style=\"color: #19419b\"><b>50,00 \u20ac<b><\/span><\/td>\n\n \n<\/tr>\n\n\n\n<tr>\n<td style=\"text-align: center\"><span style=\"color: #19419b\"><b>69,00 \u20ac<b><\/span><\/td>\n<td style=\"text-align: center\"><span style=\"color: #19419b\"><b>390,00 \u20ac<b><\/span><\/td>\n<td style=\"text-align: center\"><span style=\"color: #19419b\"><b>732,00 \u20ac<b><\/span><\/td>\n<td style=\"text-align: center\"><span style=\"color: #19419b\"><b>1368,00 \u20ac<b><\/span><\/td>\n<td style=\"text-align: center\"><span style=\"color: #19419b\"><b>1800,00 \u20ac<b><\/span><\/td>\n\n\n<\/tr>\n\n  <\/tbody>\n<\/table>\n\n\n\n<p>&nbsp;<p>\n\n\n\n<h3><span style=\"color: #1c4499\">Voile P\u00e9tale Small orange et blanc : Un atout publicitaire strat\u00e9gique pour les professionnels<\/span><\/h3>\n\n\n\n<p>&nbsp;<p>\n\n\n\n<ul>\n  <li><strong><span style=\"color: #1c4499\">Dimensions Strat\u00e9giques :<\/span><\/strong> <strong>195 \u00d7 85 cm <\/strong>pour une surface de communication optimale et une visibilit\u00e9 maximale.<\/li>\n\n  <li><strong><span style=\"color: #1c4499\">Impression de Haute Durabilit\u00e9 :<\/span><\/strong> Technique d&rsquo;impression inalt\u00e9rable grand teint pour une qualit\u00e9 visuelle durable.<\/li>\n\n  <li><strong><span style=\"color: #1c4499\">Double Visibilit\u00e9 :<\/span><\/strong> Conception visible des deux c\u00f4t\u00e9s pour une exposition maximale de votre marque.<\/li>\n\n  <li><strong><span style=\"color: #1c4499\">Design Innovant :<\/span><\/strong> Forme en goutte \u00e9l\u00e9gante et originale pour une approche publicitaire unique.<\/li>\n\n  <li><strong><span style=\"color: #1c4499\">Mat\u00e9riau Premium :<\/span><\/strong> Maille micro-perfor\u00e9e 100% polyester, alliant l\u00e9g\u00e8ret\u00e9 (115 gr) et robustesse.<\/li>\n<\/ul>\n\n\n\n<p>&nbsp;<p>\n\n\n\n<div class=\"wp-block-group is-content-justification-right is-nowrap is-layout-flex wp-container-core-group-is-layout-17124a9a wp-block-group-is-layout-flex\">\r\n\t\t\t\t\r\n\t\t<a \r\n\t\t\t\r\n\t\t\tclass=\"block-fea04d89-1ca0-480c-9e4f-4064dd1d4bbf btn areoi-has-url position-relative btn-primary\"\r\n\t href=\"https:\/\/drancourt.fr\/Shop\/categorie-produit\/drapeaux\/drapeaux-en-forme-de-larme-petale-small\/\" >\r\n\t\t\t\t\t\r\n\t\t\t\t\tAutres Drapeaux en forme de larme P\u00e9tale Small \r\n\t\t\t\t\t\r\n\t\t\t\t\t \r\n\t\t\t\t<\/a>\r\n\t\t\t<\/div>\n\n\n\n<p>&nbsp;<p>\n\n\n\n<hr>\n\n\n\n<!-- UseStrict's Calendly Embedder - Calendly popup widget start -->\n<div id=\"wpcalel-calendly-popup-1\"\n\tdata-wpcalel-type=\"popup\"\n\tdata-wpcalel-url=\"https:\/\/calendly.com\/drancourtservice\/\"\n\tdata-wpcalel-prefill=\"false\"\n\tdata-wpcalel-query-str=\"false\"\n\tdata-wpcalel-text=\"Programmer un RDV avec Nous\"\n\tdata-wpcalel-color=\"#1c4499\"\n\tdata-wpcalel-textColor=\"#ffffff\"\n\tdata-wpcalel-branding=\"false\"\n\t\t\t\t\t\t\t\t\t\t\t\t\t\t\t\t\t\t\t\t\t\t\t\t\t\t\t\t\t\t\t\t\t\t\t\t\t\t\t\t\t\t\t\t\t\t\t\t\t\t\t\t\t \n><\/div>\n<!-- UseStrict's Calendly Embedder - Calendly popup widget end -->\n\n\t\t\t\n","protected":false},"excerpt":{"rendered":"<p>Voile P\u00c9TALE SMALL<\/p>\n","protected":false},"featured_media":2485,"comment_status":"open","ping_status":"closed","template":"","meta":{"content-type":"","om_disable_all_campaigns":false,"_monsterinsights_skip_tracking":false,"_monsterinsights_sitenote_active":false,"_monsterinsights_sitenote_note":"","_monsterinsights_sitenote_category":0,"_uf_show_specific_survey":0,"_uf_disable_surveys":false,"jetpack_post_was_ever_published":false},"product_brand":[],"product_cat":[86,94],"product_tag":[96],"class_list":{"0":"post-2474","1":"product","2":"type-product","3":"status-publish","4":"has-post-thumbnail","6":"product_cat-animation-de-parc","7":"product_cat-drapeaux-en-forme-de-larme-petale-small","8":"product_tag-voiles-rectangulaires-petale-small","10":"first","11":"instock","12":"taxable","13":"shipping-taxable","14":"purchasable","15":"product-type-variable","16":"has-default-attributes"},"aioseo_notices":[],"jetpack_sharing_enabled":true,"_links":{"self":[{"href":"https:\/\/drancourt.fr\/Shop\/wp-json\/wp\/v2\/product\/2474","targetHints":{"allow":["GET"]}}],"collection":[{"href":"https:\/\/drancourt.fr\/Shop\/wp-json\/wp\/v2\/product"}],"about":[{"href":"https:\/\/drancourt.fr\/Shop\/wp-json\/wp\/v2\/types\/product"}],"replies":[{"embeddable":true,"href":"https:\/\/drancourt.fr\/Shop\/wp-json\/wp\/v2\/comments?post=2474"}],"wp:featuredmedia":[{"embeddable":true,"href":"https:\/\/drancourt.fr\/Shop\/wp-json\/wp\/v2\/media\/2485"}],"wp:attachment":[{"href":"https:\/\/drancourt.fr\/Shop\/wp-json\/wp\/v2\/media?parent=2474"}],"wp:term":[{"taxonomy":"product_brand","embeddable":true,"href":"https:\/\/drancourt.fr\/Shop\/wp-json\/wp\/v2\/product_brand?post=2474"},{"taxonomy":"product_cat","embeddable":true,"href":"https:\/\/drancourt.fr\/Shop\/wp-json\/wp\/v2\/product_cat?post=2474"},{"taxonomy":"product_tag","embeddable":true,"href":"https:\/\/drancourt.fr\/Shop\/wp-json\/wp\/v2\/product_tag?post=2474"}],"curies":[{"name":"wp","href":"https:\/\/api.w.org\/{rel}","templated":true}]}}