{"id":2587,"date":"2023-11-15T12:10:13","date_gmt":"2023-11-15T11:10:13","guid":{"rendered":"http:\/\/drancourt.fr\/Shop\/?post_type=product&#038;p=2587"},"modified":"2024-11-13T11:51:11","modified_gmt":"2024-11-13T10:51:11","slug":"drapeaux-publicitaires-rectangulaires-avec-mat-techno-jaune","status":"publish","type":"product","link":"https:\/\/drancourt.fr\/Shop\/produit\/drapeaux-publicitaires-rectangulaires-avec-mat-techno-jaune\/","title":{"rendered":"Drapeaux Publicitaires Rectangulaires avec m\u00e2t TECHNO Jaune"},"content":{"rendered":"\n<script type=\"application\/ld+json\">\n{\n  \"@context\": \"https:\/\/schema.org\/\",\n  \"@type\": \"Product\",\n  \"name\": \"Drapeaux Rectangulaires TECHNO Jaune\",\n  \"image\": \"https:\/\/drancourt.fr\/Shop\/wp-content\/uploads\/2024\/02\/drapeau-Techno-jaune.webp\",\n  \"description\": \"Drapeau Publicitaire Techno Jaune \u00e9clatant pour une publicit\u00e9 ext\u00e9rieure efficace.\",\n  \"brand\": {\n    \"@type\": \"Brand\",\n    \"name\": \"Drancourt\"\n\n  },\n  \"sku\": \"Drapeaux Rectangulaires TECHNO Jaune\",\n  \"offers\": {\n    \"@type\": \"AggregateOffer\",\n    \"url\": \"https:\/\/drancourt.fr\/Shop\/produit\/drapeaux-rectangulaires-techno-jaune\/\",\n    \"priceCurrency\": \"EUR\",\n    \"lowPrice\":\"299.90\",\n    \"highPrice\":\"1622.00\",\n    \"offerCount\": \"3\",\n    \"priceSpecification\": [\n      \n{\n        \"@type\": \"UnitPriceSpecification\",\n        \"description\": \"Tarif pour la premi\u00e8re commande : 1 unit\u00e9s\",\n        \"price\":\"299.90\",\n        \"priceCurrency\": \"EUR\",\n        \"eligibleQuantity\": {\n          \"@type\": \"QuantitativeValue\",\n          \"value\": 1\n       }\n\t  },\t\t\n{\n        \"@type\": \"UnitPriceSpecification\",\n        \"description\": \"Tarif pour la premi\u00e8re commande : 3 unit\u00e9s\",\n        \"price\":\"836.55\",\n        \"priceCurrency\": \"EUR\",\n        \"eligibleQuantity\": {\n          \"@type\": \"QuantitativeValue\",\n          \"value\": 3\n       }\n\t  },\n\t\t{\n        \"@type\": \"UnitPriceSpecification\",\n        \"description\": \"Tarif pour la premi\u00e8re commande : 6 unit\u00e9s\",\n        \"price\":\"1622.40\",\n        \"priceCurrency\": \"EUR\",\n        \"eligibleQuantity\": {\n          \"@type\": \"QuantitativeValue\",\n          \"value\": 6\n        }\n\t\t }\n\n    ],\n    \"itemCondition\": \"https:\/\/schema.org\/NewCondition\",\n    \"availability\": \"https:\/\/schema.org\/InStock\",\n    \"seller\": {\n      \"@type\": \"Organization\",\n      \"name\": \"Drancourt\"\n    }\n  }\n}\n\n<\/script>\n\n\n\n<h3><span style=\"color: #19419b\"><strong>Prix Unitaire HT des Drapeaux TECHNO Jaune<\/strong><\/span><\/h3>\n\n\n\n<table class=\"table table-responsive table-hover table-bordered\">\n\n  <thead>\n     <tr class=\"table-primary\">\n<td style=\"text-align: center\"><span style=\"color: #19419b\">Par<\/span><\/td>\n<td style=\"text-align: center\"><span style=\"color: #19419b\">Par<\/span><\/td>\n<td style=\"text-align: center\"><span style=\"color: #19419b\">Par<\/span><\/td>\n <\/tr>\n  <\/thead>\n\n\n  <tbody>\n\n<tr>\n<td style=\"text-align: center\"><span style=\"color: #19419b\">1 :<\/span><\/td>\n<td style=\"text-align: center\"><span style=\"color: #19419b\">3 :<\/span><\/td>\n<td style=\"text-align: center\"><span style=\"color: #19419b\">6 :<\/span><\/td>\n<\/tr>\n\n\n<tr>\n<td style=\"text-align: center\"><span style=\"color: #19419b\"><b>299,90 \u20ac<b><\/span><\/td>\n<td style=\"text-align: center\"><span style=\"color: #19419b\"><b>278,85 \u20ac<b><\/span><\/td>\n<td style=\"text-align: center\"><span style=\"color: #19419b\"><b>270,40 \u20ac<b><\/span><\/td>\n<\/tr>\n\n\n\n<tr>\n<td style=\"text-align: center\"><span style=\"color: #19419b\"><b>299,90 \u20ac<b><\/span><\/td>\n<td style=\"text-align: center\"><span style=\"color: #19419b\"><b>836,55 \u20ac<b><\/span><\/td>\n<td style=\"text-align: center\"><span style=\"color: #19419b\"><b>1622,40 \u20ac<b><\/span><\/td>\n<\/tr>\n\n\n  <\/tbody>\n<\/table>\n\n\n\n<p>&nbsp;<\/p>\n\n\n\n<h3><span style=\"color: #19419b\">Drapeaux TECHNO Jaune : Hissez votre image vers de nouveaux sommets ! <\/span><\/h3>\n\n\n\n<p>&nbsp;<\/p>\n\n\n\n<h5><strong><span style=\"color: #19419b\">Caract\u00e9ristiques techniques : <\/span><\/strong><\/h5>\n <ul>\n  <li><span style=\"color: #19419b\">Mati\u00e8re :<\/span> Drapeau en maille polyester 115g.<\/li>\n  <li><span style=\"color: #19419b\">Dimensions :<\/span> 220 x 95 cm.<\/li>\n  <li><span style=\"color: #19419b\">M\u00e2t t\u00e9lescopique pour une installation facile.<\/span><\/li>\n  <li><span style=\"color: #19419b\">Personnalisable sur devis :<\/span> Offre de personnalisation compl\u00e8te pour adapter le drapeau \u00e0 l&rsquo;image de votre marque, avec assistance professionnelle pour la conception graphique.<\/li>\n  <li><span style=\"color: #19419b\">Pied Autocal pour une stabilit\u00e9 parfaite :<\/span> Base innovante garantissant que le drapeau reste droit et stable, m\u00eame dans des conditions m\u00e9t\u00e9orologiques difficiles, assurant ainsi une pr\u00e9sentation impeccable en tout temps.<\/li>\n<\/ul>\n\n\n\n<p>&nbsp;<\/p>\n\n\n\n<div class=\"wp-block-group is-content-justification-right is-nowrap is-layout-flex wp-container-core-group-is-layout-17124a9a wp-block-group-is-layout-flex\">\r\n\t\t\t\t\r\n\t\t<a \r\n\t\t\t\r\n\t\t\tclass=\"block-fea04d89-1ca0-480c-9e4f-4064dd1d4bbf btn areoi-has-url position-relative btn-primary\"\r\n\t href=\"https:\/\/drancourt.fr\/Shop\/categorie-produit\/drapeaux\/drapeaux-rectangulaires-techno\/\" >\r\n\t\t\t\t\t\r\n\t\t\t\t\tAutres Drapeaux Rectangulaires Techno \r\n\t\t\t\t\t\r\n\t\t\t\t\t \r\n\t\t\t\t<\/a>\r\n\t\t\t<\/div>\n\n\n\n<p>&nbsp;<\/p>\n\n\n\n<hr>\n\n\n\n<!-- UseStrict's Calendly Embedder - Calendly popup widget start -->\n<div id=\"wpcalel-calendly-popup-1\"\n\tdata-wpcalel-type=\"popup\"\n\tdata-wpcalel-url=\"https:\/\/calendly.com\/drancourtservice\/\"\n\tdata-wpcalel-prefill=\"false\"\n\tdata-wpcalel-query-str=\"false\"\n\tdata-wpcalel-text=\"Programmer un RDV avec Nous\"\n\tdata-wpcalel-color=\"#1c4499\"\n\tdata-wpcalel-textColor=\"#ffffff\"\n\tdata-wpcalel-branding=\"false\"\n\t\t\t\t\t\t\t\t\t\t\t\t\t\t\t\t\t\t\t\t\t\t\t\t\t\t\t\t\t\t\t\t\t\t\t\t\t\t\t\t\t\t\t\t\t\t\t\t\t\t\t\t\t \n><\/div>\n<!-- UseStrict's Calendly Embedder - Calendly popup widget end -->\n\n\t\t\t\n","protected":false},"excerpt":{"rendered":"<p>Con\u00e7u pour les entreprises ambitieuses, ce drapeau rectangulaire est d&rsquo;une qualit\u00e9 exceptionnelle. Sa grande taille et son design moderne lui garantissent une visibilit\u00e9 optimale, m\u00eame \u00e0 distance. Drapeau TECHNO Jaune : la solution id\u00e9ale pour booster votre communication et atteindre vos objectifs !<\/p>\n","protected":false},"featured_media":20609,"comment_status":"open","ping_status":"closed","template":"","meta":{"content-type":"","om_disable_all_campaigns":false,"_monsterinsights_skip_tracking":false,"_monsterinsights_sitenote_active":false,"_monsterinsights_sitenote_note":"","_monsterinsights_sitenote_category":0,"_uf_show_specific_survey":0,"_uf_disable_surveys":false},"product_brand":[],"product_cat":[86,101],"product_tag":[102],"class_list":{"0":"post-2587","1":"product","2":"type-product","3":"status-publish","4":"has-post-thumbnail","6":"product_cat-animation-de-parc","7":"product_cat-drapeaux-rectangulaires-techno","8":"product_tag-drapeaux-rectangulaires-techno","10":"first","11":"instock","12":"taxable","13":"shipping-taxable","14":"purchasable","15":"product-type-variable","16":"has-default-attributes"},"aioseo_notices":[],"jetpack_sharing_enabled":true,"_links":{"self":[{"href":"https:\/\/drancourt.fr\/Shop\/wp-json\/wp\/v2\/product\/2587","targetHints":{"allow":["GET"]}}],"collection":[{"href":"https:\/\/drancourt.fr\/Shop\/wp-json\/wp\/v2\/product"}],"about":[{"href":"https:\/\/drancourt.fr\/Shop\/wp-json\/wp\/v2\/types\/product"}],"replies":[{"embeddable":true,"href":"https:\/\/drancourt.fr\/Shop\/wp-json\/wp\/v2\/comments?post=2587"}],"wp:featuredmedia":[{"embeddable":true,"href":"https:\/\/drancourt.fr\/Shop\/wp-json\/wp\/v2\/media\/20609"}],"wp:attachment":[{"href":"https:\/\/drancourt.fr\/Shop\/wp-json\/wp\/v2\/media?parent=2587"}],"wp:term":[{"taxonomy":"product_brand","embeddable":true,"href":"https:\/\/drancourt.fr\/Shop\/wp-json\/wp\/v2\/product_brand?post=2587"},{"taxonomy":"product_cat","embeddable":true,"href":"https:\/\/drancourt.fr\/Shop\/wp-json\/wp\/v2\/product_cat?post=2587"},{"taxonomy":"product_tag","embeddable":true,"href":"https:\/\/drancourt.fr\/Shop\/wp-json\/wp\/v2\/product_tag?post=2587"}],"curies":[{"name":"wp","href":"https:\/\/api.w.org\/{rel}","templated":true}]}}