{"id":2608,"date":"2023-11-15T12:30:06","date_gmt":"2023-11-15T11:30:06","guid":{"rendered":"http:\/\/drancourt.fr\/Shop\/?post_type=product&#038;p=2608"},"modified":"2024-11-13T11:48:56","modified_gmt":"2024-11-13T10:48:56","slug":"drapeaux-publicitaires-rectangulaires-avec-mat-techno-violet","status":"publish","type":"product","link":"https:\/\/drancourt.fr\/Shop\/produit\/drapeaux-publicitaires-rectangulaires-avec-mat-techno-violet\/","title":{"rendered":"Drapeaux Publicitaires Rectangulaires avec m\u00e2t TECHNO Violet"},"content":{"rendered":"\n<h3><span style=\"color: #19419b\">Prix Unitaire HT des Drapeaux TECHNO Violet : <\/span><\/h3>\n\n\n\n<table class=\"table table-responsive table-hover table-bordered\">\n\n  <thead>\n     <tr class=\"table-primary\">\n<td style=\"text-align: center\"><span style=\"color: #19419b\">Par<\/span><\/td>\n<td style=\"text-align: center\"><span style=\"color: #19419b\">Par<\/span><\/td>\n<td style=\"text-align: center\"><span style=\"color: #19419b\">Par<\/span><\/td>\n <\/tr>\n  <\/thead>\n\n\n  <tbody>\n\n<tr>\n<td style=\"text-align: center\"><span style=\"color: #19419b\">1 :<\/span><\/td>\n<td style=\"text-align: center\"><span style=\"color: #19419b\">3 :<\/span><\/td>\n<td style=\"text-align: center\"><span style=\"color: #19419b\">6 :<\/span><\/td>\n<\/tr>\n\n\n<tr>\n<td style=\"text-align: center\"><span style=\"color: #19419b\"><b>299,90 \u20ac<b><\/span><\/td>\n<td style=\"text-align: center\"><span style=\"color: #19419b\"><b>278,85 \u20ac<b><\/span><\/td>\n<td style=\"text-align: center\"><span style=\"color: #19419b\"><b>270,40 \u20ac<b><\/span><\/td>\n<\/tr>\n\n\n\n<tr>\n<td style=\"text-align: center\"><span style=\"color: #19419b\"><b>299,90 \u20ac<b><\/span><\/td>\n<td style=\"text-align: center\"><span style=\"color: #19419b\"><b>836,55 \u20ac<b><\/span><\/td>\n<td style=\"text-align: center\"><span style=\"color: #19419b\"><b>1622,40 \u20ac<b><\/span><\/td>\n<\/tr>\n\n\n  <\/tbody>\n<\/table>\n\n\n\n<h3><span style=\"color: #19419b\">Drapeaux TECHNO Violet : Hissez votre image vers de nouveaux sommets ! <\/span><\/h3>\n\n\n\n<p>&nbsp;<\/p>\n\n\n\n<h5><strong><span style=\"color: #19419b\">Caract\u00e9ristiques techniques : <\/span><\/strong><\/h5>\n <ul>\n  <li><span style=\"color: #19419b\">Mati\u00e8re :<\/span> Drapeau en maille polyester 115g.<\/li>\n  <li><span style=\"color: #19419b\">Dimensions :<\/span> 220 x 95 cm.<\/li>\n  <li><span style=\"color: #19419b\">M\u00e2t t\u00e9lescopique pour une installation facile.<\/span><\/li>\n  <li><span style=\"color: #19419b\">Personnalisable sur devis :<\/span> Offre de personnalisation compl\u00e8te pour adapter le drapeau \u00e0 l&rsquo;image de votre marque, avec assistance professionnelle pour la conception graphique.<\/li>\n  <li><span style=\"color: #19419b\">Pied Autocal pour une stabilit\u00e9 parfaite :<\/span> Base innovante garantissant que le drapeau reste droit et stable, m\u00eame dans des conditions m\u00e9t\u00e9orologiques difficiles, assurant ainsi une pr\u00e9sentation impeccable en tout temps.<\/li>\n<\/ul>\n","protected":false},"excerpt":{"rendered":"<p>Drapeaux TECHNO<\/p>\n","protected":false},"featured_media":2613,"comment_status":"open","ping_status":"closed","template":"","meta":{"content-type":"","om_disable_all_campaigns":false,"_monsterinsights_skip_tracking":false,"_monsterinsights_sitenote_active":false,"_monsterinsights_sitenote_note":"","_monsterinsights_sitenote_category":0,"_uf_show_specific_survey":0,"_uf_disable_surveys":false,"jetpack_post_was_ever_published":false},"product_brand":[],"product_cat":[86,101],"product_tag":[102],"class_list":{"0":"post-2608","1":"product","2":"type-product","3":"status-publish","4":"has-post-thumbnail","6":"product_cat-animation-de-parc","7":"product_cat-drapeaux-rectangulaires-techno","8":"product_tag-drapeaux-rectangulaires-techno","10":"first","11":"instock","12":"taxable","13":"shipping-taxable","14":"purchasable","15":"product-type-variable","16":"has-default-attributes"},"aioseo_notices":[],"jetpack_sharing_enabled":true,"_links":{"self":[{"href":"https:\/\/drancourt.fr\/Shop\/wp-json\/wp\/v2\/product\/2608","targetHints":{"allow":["GET"]}}],"collection":[{"href":"https:\/\/drancourt.fr\/Shop\/wp-json\/wp\/v2\/product"}],"about":[{"href":"https:\/\/drancourt.fr\/Shop\/wp-json\/wp\/v2\/types\/product"}],"replies":[{"embeddable":true,"href":"https:\/\/drancourt.fr\/Shop\/wp-json\/wp\/v2\/comments?post=2608"}],"wp:featuredmedia":[{"embeddable":true,"href":"https:\/\/drancourt.fr\/Shop\/wp-json\/wp\/v2\/media\/2613"}],"wp:attachment":[{"href":"https:\/\/drancourt.fr\/Shop\/wp-json\/wp\/v2\/media?parent=2608"}],"wp:term":[{"taxonomy":"product_brand","embeddable":true,"href":"https:\/\/drancourt.fr\/Shop\/wp-json\/wp\/v2\/product_brand?post=2608"},{"taxonomy":"product_cat","embeddable":true,"href":"https:\/\/drancourt.fr\/Shop\/wp-json\/wp\/v2\/product_cat?post=2608"},{"taxonomy":"product_tag","embeddable":true,"href":"https:\/\/drancourt.fr\/Shop\/wp-json\/wp\/v2\/product_tag?post=2608"}],"curies":[{"name":"wp","href":"https:\/\/api.w.org\/{rel}","templated":true}]}}