{"id":2641,"date":"2023-11-16T09:30:18","date_gmt":"2023-11-16T08:30:18","guid":{"rendered":"http:\/\/drancourt.fr\/Shop\/?post_type=product&#038;p=2641"},"modified":"2024-11-13T13:57:55","modified_gmt":"2024-11-13T12:57:55","slug":"drapeaux-rectangulaires-avec-mat-elegance-bleu","status":"publish","type":"product","link":"https:\/\/drancourt.fr\/Shop\/produit\/drapeaux-rectangulaires-avec-mat-elegance-bleu\/","title":{"rendered":"Drapeaux Rectangulaires avec m\u00e2t \u00c9L\u00c9GANCE Bleu"},"content":{"rendered":"\n<script type=\"application\/ld+json\">\n{\n  \"@context\": \"https:\/\/schema.org\/\",\n  \"@type\": \"Product\",\n  \"name\": \"Drapeaux Rectangulaires avec m\u00e2t \u00c9L\u00c9GANCE Bleu\",\n  \"image\": \"https:\/\/drancourt.fr\/Shop\/wp-content\/uploads\/2023\/11\/drapeau-Elegance-bleu.webp\",\n  \"description\": \"Drapeau \u00c9l\u00e9gance Bleu vibrant pour une publicit\u00e9 ext\u00e9rieure impactante\",\n  \"brand\": {\n    \"@type\": \"Brand\",\n    \"name\": \"Drancourt\"\n\n  },\n  \"sku\": \"Drapeaux Rectangulaires avec m\u00e2t \u00c9L\u00c9GANCE Bleu\",\n  \"offers\": {\n    \"@type\": \"AggregateOffer\",\n    \"url\": \"https:\/\/drancourt.fr\/Shop\/produit\/drapeaux-rectangulaires-avec-mat-elegance-bleu\/\",\n    \"priceCurrency\": \"EUR\",\n    \"lowPrice\":\"299.90\",\n    \"highPrice\":\"1622.40\",\n    \"offerCount\": \"3\",\n    \"priceSpecification\": [\n      \n{\n        \"@type\": \"UnitPriceSpecification\",\n        \"description\": \"Tarif pour : 1 unit\u00e9s\",\n        \"price\":\"299.90\",\n        \"priceCurrency\": \"EUR\",\n        \"eligibleQuantity\": {\n          \"@type\": \"QuantitativeValue\",\n          \"value\": 1\n       }\n\t  },\t\t\n{\n        \"@type\": \"UnitPriceSpecification\",\n        \"description\": \"Tarif pour : 3 unit\u00e9s\",\n        \"price\":\"836.55\",\n        \"priceCurrency\": \"EUR\",\n        \"eligibleQuantity\": {\n          \"@type\": \"QuantitativeValue\",\n          \"value\": 3\n       }\n\t  },\n\t\t{\n        \"@type\": \"UnitPriceSpecification\",\n        \"description\": \"Tarif pour : 6 unit\u00e9s\",\n        \"price\":\"1622.40\",\n        \"priceCurrency\": \"EUR\",\n        \"eligibleQuantity\": {\n          \"@type\": \"QuantitativeValue\",\n          \"value\": 6\n        }\n\t\t }\n    ],\n    \"itemCondition\": \"https:\/\/schema.org\/NewCondition\",\n    \"availability\": \"https:\/\/schema.org\/InStock\",\n    \"seller\": {\n      \"@type\": \"Organization\",\n      \"name\": \"Drancourt sarl\"\n    }\n  }\n}\n\n<\/script>\n\n\n\n<h3><span style=\"color: #1c4499\"><strong>Prix Unitaire HT des Drapeaux \u00c9L\u00c9GANCE Bleu : <\/strong><\/span><\/h3>\n\n\n\n<table class=\"table table-responsive table-hover table-bordered\">\n\n  <thead>\n     <tr class=\"table-primary\">\n<td style=\"text-align: center\"><span style=\"color: #19419b\">Par<\/span><\/td>\n<td style=\"text-align: center\"><span style=\"color: #19419b\">Par<\/span><\/td>\n<td style=\"text-align: center\"><span style=\"color: #19419b\">Par<\/span><\/td>\n <\/tr>\n  <\/thead>\n\n\n  <tbody>\n\n<tr>\n<td style=\"text-align: center\"><span style=\"color: #19419b\">1 :<\/span><\/td>\n<td style=\"text-align: center\"><span style=\"color: #19419b\">3 :<\/span><\/td>\n<td style=\"text-align: center\"><span style=\"color: #19419b\">6 :<\/span><\/td>\n<\/tr>\n\n\n<tr>\n<td style=\"text-align: center\"><span style=\"color: #19419b\"><b>299,90 \u20ac<b><\/span><\/td>\n<td style=\"text-align: center\"><span style=\"color: #19419b\"><b>278,85 \u20ac<b><\/span><\/td>\n<td style=\"text-align: center\"><span style=\"color: #19419b\"><b>270,40 \u20ac<b><\/span><\/td>\n<\/tr>\n\n\n\n<tr>\n<td style=\"text-align: center\"><span style=\"color: #19419b\"><b>299,90 \u20ac<b><\/span><\/td>\n<td style=\"text-align: center\"><span style=\"color: #19419b\"><b>836,55 \u20ac<b><\/span><\/td>\n<td style=\"text-align: center\"><span style=\"color: #19419b\"><b>1622,40 \u20ac<b><\/span><\/td>\n<\/tr>\n\n\n  <\/tbody>\n<\/table>\n\n\n\n<p>&nbsp;<p>\n\n\n\n<h3><span style=\"color: #1c4499\">Drapeaux \u00c9l\u00e9gance : D\u00e9marquez-vous de la concurrence !<\/span><\/h3>\n\n\n\n<p>&nbsp;<p>\n\n\n\n<h5><span style=\"color: #1c4499\"><strong>Caract\u00e9ristiques techniques :<\/strong><\/span><\/h5>\n<ul>  \n     <li><span style=\"color: #1c4499\">Mati\u00e8re :<\/span> Drapeau en maille polyester 115g<\/li>\n     <li><span style=\"color: #1c4499\">Dimensions :<\/span> 220 x 95 cm<\/li>\n     <li><span style=\"color: #1c4499\">M\u00e2t : <\/span>3 hauteurs = 3,50m\/4,50m\/5,50m<\/li>\n     <li><span style=\"color: #1c4499\">Personnalisable sur devis pour une communication sur mesure<\/span><\/li>\n     <li><span style=\"color: #1c4499\">Pied :<\/span> autocal 4kg<\/li>\n<\/ul>\n<br>\n\n<h5><span style=\"color: #1c4499\"><strong>Informations suppl\u00e9mentaires :<\/strong><\/span><\/h5>\n<ul>\n  <li><span style=\"color: #1c4499\">Caract\u00e9ristiques techniques du m\u00e2t t\u00e9lescopique :<\/span>\n    <ul>\n      <li>M\u00e2t compos\u00e9 de plusieurs tubes en aluminium anodis\u00e9.<\/li>\n      <li>R\u00e9glage de la hauteur par simple clic.<\/li>\n      <li>Fixation autocal en acier laqu\u00e9.<\/li>\n      <li>Pied compos\u00e9 de 2 pales et d\u2019une embase.<\/li>\n    <\/ul>\n  <\/li><br>\n  <li><span style=\"color: #1c4499\">Caract\u00e9ristiques techniques du pied autocal : <\/span>\n    <ul>\n      <li>Utilisation : ext\u00e9rieure<\/li>\n      <li>Mati\u00e8re : acier laqu\u00e9<\/li>\n      <li>Facilit\u00e9 d\u2019installation : 4kg<\/li>\n      <li>Avantages : esth\u00e9tique, fonctionnel et l\u00e9ger.<\/li>\n      <li>Dimensions : L40 x l 25,4 x h27 cm.<\/li>\n    <\/ul>\n  <\/li>\n<\/ul>\n\n\n\n<p>&nbsp;<p>\n\n\n\n<div class=\"wp-block-group is-content-justification-right is-nowrap is-layout-flex wp-container-core-group-is-layout-17124a9a wp-block-group-is-layout-flex\">\r\n\t\t\t\t\r\n\t\t<a \r\n\t\t\t\r\n\t\t\tclass=\"block-fea04d89-1ca0-480c-9e4f-4064dd1d4bbf btn areoi-has-url position-relative btn-primary\"\r\n\t href=\"https:\/\/drancourt.fr\/Shop\/categorie-produit\/drapeaux\/drapeaux-rectangulaires-elegance\/\" >\r\n\t\t\t\t\t\r\n\t\t\t\t\tAutres Drapeaux Rectangulaires \u00c9L\u00c9GANCE  \r\n\t\t\t\t\t\r\n\t\t\t\t\t \r\n\t\t\t\t<\/a>\r\n\t\t\t<\/div>\n\n\n\n<p>&nbsp;<p>\n\n\n\n<hr>\n\n\n\n<!-- UseStrict's Calendly Embedder - Calendly popup widget start -->\n<div id=\"wpcalel-calendly-popup-1\"\n\tdata-wpcalel-type=\"popup\"\n\tdata-wpcalel-url=\"https:\/\/calendly.com\/drancourtservice\/\"\n\tdata-wpcalel-prefill=\"false\"\n\tdata-wpcalel-query-str=\"false\"\n\tdata-wpcalel-text=\"Programmer un RDV avec Nous\"\n\tdata-wpcalel-color=\"#1c4499\"\n\tdata-wpcalel-textColor=\"#ffffff\"\n\tdata-wpcalel-branding=\"false\"\n\t\t\t\t\t\t\t\t\t\t\t\t\t\t\t\t\t\t\t\t\t\t\t\t\t\t\t\t\t\t\t\t\t\t\t\t\t\t\t\t\t\t\t\t\t\t\t\t\t\t\t\t\t \n><\/div>\n<!-- UseStrict's Calendly Embedder - Calendly popup widget end -->\n\n\t\t\t\n","protected":false},"excerpt":{"rendered":"<p>D\u00e9couvrez les Drapeaux Rectangulaires \u00c9l\u00e9gance Bleu, parfaits pour les entreprises. Offrant durabilit\u00e9, personnalisation et facilit\u00e9 d&rsquo;installation, ils sont id\u00e9aux pour une visibilit\u00e9 accrue et une communication \u00e9l\u00e9gante.<\/p>\n","protected":false},"featured_media":2646,"comment_status":"open","ping_status":"closed","template":"","meta":{"content-type":"","om_disable_all_campaigns":false,"_monsterinsights_skip_tracking":false,"_monsterinsights_sitenote_active":false,"_monsterinsights_sitenote_note":"","_monsterinsights_sitenote_category":0,"_uf_show_specific_survey":0,"_uf_disable_surveys":false,"jetpack_post_was_ever_published":false},"product_brand":[],"product_cat":[86,105],"product_tag":[107],"class_list":{"0":"post-2641","1":"product","2":"type-product","3":"status-publish","4":"has-post-thumbnail","6":"product_cat-animation-de-parc","7":"product_cat-drapeaux-rectangulaires-elegance","8":"product_tag-drapeaux-rectangulaires-elegance","10":"first","11":"instock","12":"taxable","13":"shipping-taxable","14":"purchasable","15":"product-type-variable","16":"has-default-attributes"},"aioseo_notices":[],"jetpack_sharing_enabled":true,"_links":{"self":[{"href":"https:\/\/drancourt.fr\/Shop\/wp-json\/wp\/v2\/product\/2641","targetHints":{"allow":["GET"]}}],"collection":[{"href":"https:\/\/drancourt.fr\/Shop\/wp-json\/wp\/v2\/product"}],"about":[{"href":"https:\/\/drancourt.fr\/Shop\/wp-json\/wp\/v2\/types\/product"}],"replies":[{"embeddable":true,"href":"https:\/\/drancourt.fr\/Shop\/wp-json\/wp\/v2\/comments?post=2641"}],"wp:featuredmedia":[{"embeddable":true,"href":"https:\/\/drancourt.fr\/Shop\/wp-json\/wp\/v2\/media\/2646"}],"wp:attachment":[{"href":"https:\/\/drancourt.fr\/Shop\/wp-json\/wp\/v2\/media?parent=2641"}],"wp:term":[{"taxonomy":"product_brand","embeddable":true,"href":"https:\/\/drancourt.fr\/Shop\/wp-json\/wp\/v2\/product_brand?post=2641"},{"taxonomy":"product_cat","embeddable":true,"href":"https:\/\/drancourt.fr\/Shop\/wp-json\/wp\/v2\/product_cat?post=2641"},{"taxonomy":"product_tag","embeddable":true,"href":"https:\/\/drancourt.fr\/Shop\/wp-json\/wp\/v2\/product_tag?post=2641"}],"curies":[{"name":"wp","href":"https:\/\/api.w.org\/{rel}","templated":true}]}}