{"id":2701,"date":"2023-11-16T12:27:02","date_gmt":"2023-11-16T11:27:02","guid":{"rendered":"http:\/\/drancourt.fr\/Shop\/?post_type=product&#038;p=2701"},"modified":"2024-11-13T14:51:30","modified_gmt":"2024-11-13T13:51:30","slug":"drapeaux-de-voiture-mini-petale-bleu-et-blanc","status":"publish","type":"product","link":"https:\/\/drancourt.fr\/Shop\/produit\/drapeaux-de-voiture-mini-petale-bleu-et-blanc\/","title":{"rendered":"Drapeaux de voiture MINI P\u00c9TALE Bleu Et Blanc"},"content":{"rendered":"\n<script type=\"application\/ld+json\">\n{\n  \"@context\": \"https:\/\/schema.org\/\",\n  \"@type\": \"Product\",\n  \"name\": \"Drapeaux de voiture MINI P\u00c9TALE Bleu Et Blanc\",\n  \"image\": \"https:\/\/drancourt.fr\/Shop\/wp-content\/uploads\/2023\/11\/drapeaux-mini-petale-vitre-bleu-et-blanc.webp\",\n  \"description\": \"Drapeaux Mini P\u00e9tale Bleu et Blanc pour Voiture. Parfait pour Marketing Automobile Efficace et Visuel.\",\n  \"brand\": {\n    \"@type\": \"Brand\",\n    \"name\": \"Drancourt\"\n\n  },\n  \"sku\": \"Drapeaux de voiture MINI P\u00c9TALE Bleu Et Blanc\",\n  \"offers\": {\n    \"@type\": \"AggregateOffer\",\n    \"url\": \"https:\/\/drancourt.fr\/Shop\/produit\/drapeaux-de-voiture-mini-petale-bleu-et-blanc\/\",\n    \"priceCurrency\": \"EUR\",\n    \"lowPrice\":\"42.20\",\n    \"highPrice\":\"1209.60\",\n    \"offerCount\":\"\u00a05\",\n    \"priceSpecification\": [\n      \n{\n        \"@type\": \"UnitPriceSpecification\",\n        \"description\": \"Tarif pour : 1 unit\u00e9s\",\n        \"price\":\"42.20\",\n        \"priceCurrency\": \"EUR\",\n        \"eligibleQuantity\": {\n          \"@type\": \"QuantitativeValue\",\n          \"value\": 1\n       }\n\t  },\t\t\n{\n        \"@type\": \"UnitPriceSpecification\",\n        \"description\": \"Tarif pour : 6 unit\u00e9s\",\n        \"price\":\"264.60\",\n        \"priceCurrency\": \"EUR\",\n        \"eligibleQuantity\": {\n          \"@type\": \"QuantitativeValue\",\n          \"value\": 6\n       }\n\t  },\n\t\t{\n        \"@type\": \"UnitPriceSpecification\",\n        \"description\": \"Tarif pour : 12 unit\u00e9s\",\n        \"price\":\"504.00\",\n        \"priceCurrency\": \"EUR\",\n        \"eligibleQuantity\": {\n          \"@type\": \"QuantitativeValue\",\n          \"value\": 12\n        }\n\t\t },\n{\n        \"@type\": \"UnitPriceSpecification\",\n        \"description\": \"Tarif pour : 24 unit\u00e9s\",\n        \"price\":\"907.20\",\n        \"priceCurrency\": \"EUR\",\n        \"eligibleQuantity\": {\n          \"@type\": \"QuantitativeValue\",\n          \"value\": 24\n        }\n\t\t },\n{\n        \"@type\": \"UnitPriceSpecification\",\n        \"description\": \"Tarif pour : 36 unit\u00e9s\",\n        \"price\":\"1209.60\",\n        \"priceCurrency\": \"EUR\",\n        \"eligibleQuantity\": {\n          \"@type\": \"QuantitativeValue\",\n          \"value\": 36\n        }\n\t\t }\n    ],\n    \"itemCondition\": \"https:\/\/schema.org\/NewCondition\",\n    \"availability\": \"https:\/\/schema.org\/InStock\",\n    \"seller\": {\n      \"@type\": \"Organization\",\n      \"name\": \"Drancourt\"\n    }\n  }\n}\n\n<\/script>\n\n\n\n<h3><span style=\"color: #1c4499\"><strong>Prix Unitaire HT des Drapeaux de voiture Mini P\u00c9TALE Bleu Et Blanc <\/strong><\/span><\/h3>\n\n\n\n<table class=\"table table-responsive table-hover table-bordered\">\n  <thead>\n     <tr class=\"table-primary\">\n<td style=\"text-align: center\"><span style=\"color: #19419b\">Par<\/span><\/td>\n<td style=\"text-align: center\"><span style=\"color: #19419b\">Par<\/span><\/td>\n<td style=\"text-align: center\"><span style=\"color: #19419b\">Par<\/span><\/td>\n<td style=\"text-align: center\"><span style=\"color: #19419b\">Par<\/span><\/td>\n<td style=\"text-align: center\"><span style=\"color: #19419b\">Par<\/span><\/td>\n\n     <\/tr>\n  <\/thead>\n\n  <tbody>\n\n<tr>\n<td style=\"text-align: center\"><span style=\"color: #19419b\">1 :<\/span><\/td>\n<td style=\"text-align: center\"><span style=\"color: #19419b\">6 :<\/span><\/td>\n<td style=\"text-align: center\"><span style=\"color: #19419b\">12 :<\/span><\/td>\n<td style=\"text-align: center\"><span style=\"color: #19419b\">24 :<\/span><\/td>\n<td style=\"text-align: center\"><span style=\"color: #19419b\">36 :<\/span><\/td>\n  \n<\/tr>\n\n<tr>\n<td style=\"text-align: center\"><span style=\"color: #19419b\"><b>46,20 \u20ac<b><\/span><\/td>\n<td style=\"text-align: center\"><span style=\"color: #19419b\"><b>44,10 \u20ac<b><\/span><\/td>\n<td style=\"text-align: center\"><span style=\"color: #19419b\"><b>42,00 \u20ac<b><\/span><\/td>\n<td style=\"text-align: center\"><span style=\"color: #19419b\"><b>37,80 \u20ac<b><\/span><\/td>\n<td style=\"text-align: center\"><span style=\"color: #19419b\"><b>33,60 \u20ac<b><\/span><\/td>\n \n<\/tr>\n\n\n\n<tr>\n<td style=\"text-align: center\"><span style=\"color: #19419b\"><b>46,20 \u20ac<b><\/span><\/td>\n<td style=\"text-align: center\"><span style=\"color: #19419b\"><b>264,60 \u20ac<b><\/span><\/td>\n<td style=\"text-align: center\"><span style=\"color: #19419b\"><b>504,00 \u20ac<b><\/span><\/td>\n<td style=\"text-align: center\"><span style=\"color: #19419b\"><b>907,20 \u20ac<b><\/span><\/td>\n<td style=\"text-align: center\"><span style=\"color: #19419b\"><b>1209,60 \u20ac<b><\/span><\/td>\n\n<\/tr>\n\n  <\/tbody>\n<\/table>\n\n\n\n<p>&nbsp;<p>\n\n\n\n<h3><span style=\"color: #1c4499\">Boostez votre visibilit\u00e9 gr\u00e2ce aux drapeaux de voiture Mini P\u00e9tale ! <\/span><\/h3>\n<p>D\u00e9couvrez nos drapeaux de voiture mini p\u00e9tale haut de gamme, sp\u00e9cialement con\u00e7us pour les professionnels de l\u2019automobile. Utilisez-les strat\u00e9giquement lors de vos \u00e9v\u00e9nements locaux pour <strong>attirer l\u2019attention des passants<\/strong>. Leur petite taille ne r\u00e9duit en rien <strong>l\u2019impact visuel<\/strong> qu\u2019ils peuvent avoir ; elle les rend simplement plus compacts et plus facilement transportables.<\/p>\n\n\n\n<h5><span style=\"color: #1c4499\"><strong>Caract\u00e9ristiques techniques :<\/strong><\/span><\/h5>\n<ul>  \n     <li><span style=\"color: #1c4499\">Mati\u00e8re :<\/span> Drapeau en maille polyester 115g<\/li>\n     <li><span style=\"color: #1c4499\">Dimensions :<\/span> 80 x 32 cm<\/li>\n     <li><span style=\"color: #1c4499\">M\u00e2t : <\/span>Support rotatif<\/li>\n<\/ul>\n<br>\n\n\n\n<p>&nbsp;<p>\n\n\n\n<div class=\"wp-block-group is-content-justification-right is-nowrap is-layout-flex wp-container-core-group-is-layout-17124a9a wp-block-group-is-layout-flex\">\r\n\t\t\t\t\r\n\t\t<a \r\n\t\t\t\r\n\t\t\tclass=\"block-fea04d89-1ca0-480c-9e4f-4064dd1d4bbf btn areoi-has-url position-relative btn-primary\"\r\n\t href=\"https:\/\/drancourt.fr\/Shop\/categorie-produit\/drapeaux\/drapeaux-de-voiture-mini-petale-vitre\/\" >\r\n\t\t\t\t\t\r\n\t\t\t\t\tAutres Drapeaux de voiture MINI P\u00c9TALE  \r\n\t\t\t\t\t\r\n\t\t\t\t\t \r\n\t\t\t\t<\/a>\r\n\t\t\t<\/div>\n\n\n\n<p>&nbsp;<p>\n\n\n\n<hr>\n\n\n\n<!-- UseStrict's Calendly Embedder - Calendly popup widget start -->\n<div id=\"wpcalel-calendly-popup-1\"\n\tdata-wpcalel-type=\"popup\"\n\tdata-wpcalel-url=\"https:\/\/calendly.com\/drancourtservice\/\"\n\tdata-wpcalel-prefill=\"false\"\n\tdata-wpcalel-query-str=\"false\"\n\tdata-wpcalel-text=\"Programmer un RDV avec Nous\"\n\tdata-wpcalel-color=\"#1c4499\"\n\tdata-wpcalel-textColor=\"#ffffff\"\n\tdata-wpcalel-branding=\"false\"\n\t\t\t\t\t\t\t\t\t\t\t\t\t\t\t\t\t\t\t\t\t\t\t\t\t\t\t\t\t\t\t\t\t\t\t\t\t\t\t\t\t\t\t\t\t\t\t\t\t\t\t\t\t \n><\/div>\n<!-- UseStrict's Calendly Embedder - Calendly popup widget end -->\n\n\t\t\t\n","protected":false},"excerpt":{"rendered":"<p>Les Drapeaux de Voiture Mini P\u00e9tale Bleu et Blanc offrent une solution \u00e9l\u00e9gante et efficace pour augmenter la visibilit\u00e9 de votre marque dans le secteur automobile. Design accrocheur et mat\u00e9riaux de qualit\u00e9 pour un impact visuel maximal.<\/p>\n","protected":false},"featured_media":2707,"comment_status":"open","ping_status":"closed","template":"","meta":{"content-type":"","om_disable_all_campaigns":false,"_monsterinsights_skip_tracking":false,"_monsterinsights_sitenote_active":false,"_monsterinsights_sitenote_note":"","_monsterinsights_sitenote_category":0,"_uf_show_specific_survey":0,"_uf_disable_surveys":false},"product_brand":[],"product_cat":[86,110],"product_tag":[111],"class_list":{"0":"post-2701","1":"product","2":"type-product","3":"status-publish","4":"has-post-thumbnail","6":"product_cat-animation-de-parc","7":"product_cat-drapeaux-de-voiture-mini-petale","8":"product_tag-drapeaux-de-voiture-mini-petale","10":"first","11":"instock","12":"taxable","13":"shipping-taxable","14":"purchasable","15":"product-type-variable","16":"has-default-attributes"},"aioseo_notices":[],"jetpack_sharing_enabled":true,"_links":{"self":[{"href":"https:\/\/drancourt.fr\/Shop\/wp-json\/wp\/v2\/product\/2701","targetHints":{"allow":["GET"]}}],"collection":[{"href":"https:\/\/drancourt.fr\/Shop\/wp-json\/wp\/v2\/product"}],"about":[{"href":"https:\/\/drancourt.fr\/Shop\/wp-json\/wp\/v2\/types\/product"}],"replies":[{"embeddable":true,"href":"https:\/\/drancourt.fr\/Shop\/wp-json\/wp\/v2\/comments?post=2701"}],"wp:featuredmedia":[{"embeddable":true,"href":"https:\/\/drancourt.fr\/Shop\/wp-json\/wp\/v2\/media\/2707"}],"wp:attachment":[{"href":"https:\/\/drancourt.fr\/Shop\/wp-json\/wp\/v2\/media?parent=2701"}],"wp:term":[{"taxonomy":"product_brand","embeddable":true,"href":"https:\/\/drancourt.fr\/Shop\/wp-json\/wp\/v2\/product_brand?post=2701"},{"taxonomy":"product_cat","embeddable":true,"href":"https:\/\/drancourt.fr\/Shop\/wp-json\/wp\/v2\/product_cat?post=2701"},{"taxonomy":"product_tag","embeddable":true,"href":"https:\/\/drancourt.fr\/Shop\/wp-json\/wp\/v2\/product_tag?post=2701"}],"curies":[{"name":"wp","href":"https:\/\/api.w.org\/{rel}","templated":true}]}}