{"id":2841,"date":"2023-11-17T12:38:48","date_gmt":"2023-11-17T11:38:48","guid":{"rendered":"http:\/\/drancourt.fr\/Shop\/?post_type=product&#038;p=2841"},"modified":"2024-11-15T10:03:55","modified_gmt":"2024-11-15T09:03:55","slug":"porte-cartes-grises-3-volets-cousus-casablanca-noir","status":"publish","type":"product","link":"https:\/\/drancourt.fr\/Shop\/produit\/porte-cartes-grises-3-volets-cousus-casablanca-noir\/","title":{"rendered":"Porte-Cartes Grises 3 Volets Cousus CASABLANCA Noir"},"content":{"rendered":"\n<h2><span style=\"color: #1c4499\">Prix Unitaire HT des Porte-Cartes Grises 3 Volets Cousus CASABLANCA Noir : <\/span><\/h2>\n\n\n\n<p>&nbsp;<p>\n\n\n\n<h5><span style=\"color: #19419b\">1<sup>ere<\/sup> commande :<\/span><\/h5>\n<table class=\"table table-responsive table-hover table-bordered\">\n  <thead>\n <tr>\n     <tr class=\"table-primary\">\n<td style=\"text-align: center\"><span style=\"color: #19419b\">Par<\/span><\/td>\n<td style=\"text-align: center\"><span style=\"color: #19419b\">Par<\/span><\/td>\n<td style=\"text-align: center\"><span style=\"color: #19419b\">Par<\/span><\/td>\n<td style=\"text-align: center\"><span style=\"color: #19419b\">Par<\/span><\/td>\n<td style=\"text-align: center\"><span style=\"color: #19419b\">Par<\/span><\/td>\n<td style=\"text-align: center\"><span style=\"color: #19419b\">Par<\/span><\/td>\n\n<\/tr>\n  <\/thead>\n\n  <tbody>\n\n    <tr>\n<td style=\"text-align: center\"><span style=\"color: #19419b\">100 :<\/span><\/td>\n<td style=\"text-align: center\"><span style=\"color: #19419b\">250 :<\/span><\/td>\n<td style=\"text-align: center\"><span style=\"color: #19419b\">500 :<\/span><\/td>\n<td style=\"text-align: center\"><span style=\"color: #19419b\">1000 :<\/span><\/td>\n<td style=\"text-align: center\"><span style=\"color: #19419b\">2500 :<\/span><\/td>\n<td style=\"text-align: center\"><span style=\"color: #19419b\">5000 :<\/span><\/td>\n\n <\/tr>\n\n <tr>\n<td style=\"text-align: center\"><span style=\"color: #19419b\"><b>5,04 \u20ac<b><\/span><\/td>\n<td style=\"text-align: center\"><span style=\"color: #19419b\"><b>3,72 \u20ac<b><\/span><\/td>\n<td style=\"text-align: center\"><span style=\"color: #19419b\"><b>3,28 \u20ac<b><\/span><\/td>\n<td style=\"text-align: center\"><span style=\"color: #19419b\"><b>2,72 \u20ac<b><\/span><\/td>\n<td style=\"text-align: center\"><span style=\"color: #19419b\"><b>2,28 \u20ac<b><\/span><\/td>\n<td style=\"text-align: center\"><span style=\"color: #19419b\"><b>2,20 \u20ac<b><\/span><\/td>\n<\/tr>\n\n  <tr>\n <td style=\"text-align: center\"><span style=\"color: #19419b\"><i>+ 98 \u20ac<\/i><\/span><\/td>\n<td style=\"text-align: center\"><span style=\"color: #19419b\"><i>+ 98 \u20ac<\/i><\/span><\/td>\n<td style=\"text-align: center\"><span style=\"color: #19419b\"><i>+ 98 \u20ac<\/i><\/span><\/td>\n<td style=\"text-align: center\"><span style=\"color: #19419b\"><i>+ 98 \u20ac<\/i><\/span><\/td>\n<td style=\"text-align: center\"><span style=\"color: #19419b\"><i>+ 98 \u20ac<\/i><\/span><\/td>\n<td style=\"text-align: center\"><span style=\"color: #19419b\"><i>+ 98 \u20ac<\/i><\/span><\/td>\n<\/tr>  \n\n<tr>\n<td style=\"text-align: center\"><span style=\"color: #19419b\"><b>602,00 \u20ac<b><\/span><\/td>\n<td style=\"text-align: center\"><span style=\"color: #19419b\"><b>1028,00 \u20ac<b><\/span><\/td>\n<td style=\"text-align: center\"><span style=\"color: #19419b\"><b>1738,00 \u20ac<b><\/span><\/td>\n<td style=\"text-align: center\"><span style=\"color: #19419b\"><b>2818,80 \u20ac<b><\/span><\/td>\n<td style=\"text-align: center\"><span style=\"color: #19419b\"><b>5798,00 \u20ac<b><\/span><\/td>\n<td style=\"text-align: center\"><span style=\"color: #19419b\"><b>11098,00 \u20ac<b><\/span><\/td>\n\n<\/tr>\n\n <\/tbody>\n<\/table>\n\n<p>&nbsp;<p>\n\n\n<h5><span style=\"color: #19419b\">2<sup>eme<\/sup> commande :<\/span><\/h5>\n\n<table class=\"table table-responsive table-hover table-bordered\">\n  <thead>\n <tr>\n     <tr class=\"table-primary\">\n<td style=\"text-align: center\"><span style=\"color: #19419b\">Par<\/span><\/td>\n<td style=\"text-align: center\"><span style=\"color: #19419b\">Par<\/span><\/td>\n<td style=\"text-align: center\"><span style=\"color: #19419b\">Par<\/span><\/td>\n<td style=\"text-align: center\"><span style=\"color: #19419b\">Par<\/span><\/td>\n<td style=\"text-align: center\"><span style=\"color: #19419b\">Par<\/span><\/td>\n<td style=\"text-align: center\"><span style=\"color: #19419b\">Par<\/span><\/td>\n\n<\/tr>\n  <\/thead>\n\n<tbody>\n\n    <tr>\n<td style=\"text-align: center\"><span style=\"color: #19419b\">100 :<\/span><\/td>\n<td style=\"text-align: center\"><span style=\"color: #19419b\">250 :<\/span><\/td>\n<td style=\"text-align: center\"><span style=\"color: #19419b\">500 :<\/span><\/td>\n<td style=\"text-align: center\"><span style=\"color: #19419b\">1000 :<\/span><\/td>\n<td style=\"text-align: center\"><span style=\"color: #19419b\">2500 :<\/span><\/td>\n<td style=\"text-align: center\"><span style=\"color: #19419b\">5000 :<\/span><\/td>\n <\/tr>\n\n<tr>\n<td style=\"text-align: center\"><span style=\"color: #19419b\"><b>5,04 \u20ac<b><\/span><\/td>\n<td style=\"text-align: center\"><span style=\"color: #19419b\"><b>3,72 \u20ac<b><\/span><\/td>\n<td style=\"text-align: center\"><span style=\"color: #19419b\"><b>3,28 \u20ac<b><\/span><\/td>\n<td style=\"text-align: center\"><span style=\"color: #19419b\"><b>2,72 \u20ac<b><\/span><\/td>\n<td style=\"text-align: center\"><span style=\"color: #19419b\"><b>2,28 \u20ac<b><\/span><\/td>\n<td style=\"text-align: center\"><span style=\"color: #19419b\"><b>2,20 \u20ac<b><\/span><\/td>\n<\/tr>\n\n\n<tr>\n<td style=\"text-align: center\"><span style=\"color: #19419b\"><b>504,00 \u20ac<b><\/span><\/td>\n<td style=\"text-align: center\"><span style=\"color: #19419b\"><b>930,00 \u20ac<b><\/span><\/td>\n<td style=\"text-align: center\"><span style=\"color: #19419b\"><b>1640,00 \u20ac<b><\/span><\/td>\n<td style=\"text-align: center\"><span style=\"color: #19419b\"><b>2720,00 \u20ac<b><\/span><\/td>\n<td style=\"text-align: center\"><span style=\"color: #19419b\"><b>5700,00 \u20ac<b><\/span><\/td>\n<td style=\"text-align: center\"><span style=\"color: #19419b\"><b>11000,00 \u20ac<b><\/span><\/td>\n\n<\/tr>\n\n<\/tbody>\n<\/table>\n\n\n\n<p>&nbsp;<p>\n\n\n\n<h3 class=\"wp-block-heading\">Porte-Cartes Grises 3 Volets Cousus CASABLANCA :<\/h3>\n\n<p>Le porte-carte grise 3 volets cousus Casablanca est enti\u00e8rement personnalisable avec votre logo, adresse, num\u00e9ro de t\u00e9l\u00e9phone et bien plus. La diversit\u00e9 dans le choix des couleurs et des options de personnalisation vous offre une libert\u00e9 cr\u00e9ative dans la cr\u00e9ation de vos portes-cartes grises pour qu\u2019ils correspondent au mieux \u00e0 votre image de marque.<\/p>\n\n\n\n<p>&nbsp;<p>\n\n\n\n<h5><strong><span style=\"color: #19419b\">Caract\u00e9ristiques techniques : <\/span><\/strong><\/h5>\n <ul>\n  <li>2 poches en cristal sur le 1er volet int\u00e9rieur.<\/li>\n  <li>2 passants en cristal sur les 2\u00e8me et 3\u00e8me volets int\u00e9rieurs.<\/li>\n  <li>Insertion facilit\u00e9e par l&rsquo;existence d&rsquo;un passant sur le 3\u00e8me volet int\u00e9rieur.<\/li>\n  <li>Ouverture sur le bord \u00e0 l&rsquo;extr\u00e9mit\u00e9 du produit.<\/li>\n  <li>Frais technique inclus dans la 1\u00e8re commande (98\u20ac) uniquement.<\/li>\n  <li><span style=\"color: #19419b\">Exp\u00e9dition :<\/span> 4 semaines apr\u00e8s le BAT valid\u00e9.<\/li>\n<br>\n\n<h5><strong><span style=\"color: #19419b\">Options sur devis : <\/span><\/strong><\/h5>\n  <li>Doublure standard strie noir.<\/li>\n  <li>Couleurs suppl\u00e9mentaires.<\/li>\n  <li>Impression volet suppl\u00e9mentaire.<\/li>\n  <li>Ajout de deux coins m\u00e9talliques.<\/li>\n  \n<br>\n\n<p><span style=\"color: #ED0010\"><strong>Toute commande sera suivie d&rsquo;appels t\u00e9l\u00e9phoniques et d&rsquo;envoi\/r\u00e9ception de BAT valid\u00e9, avant fabrication.<\/strong><\/p>\n\n\n\n<p><\/p>\n","protected":false},"excerpt":{"rendered":"<p>3 Volets Cousus Casablanca<\/p>\n","protected":false},"featured_media":2849,"comment_status":"open","ping_status":"closed","template":"","meta":{"content-type":"","om_disable_all_campaigns":false,"_monsterinsights_skip_tracking":false,"_monsterinsights_sitenote_active":false,"_monsterinsights_sitenote_note":"","_monsterinsights_sitenote_category":0,"_uf_show_specific_survey":0,"_uf_disable_surveys":false},"product_brand":[],"product_cat":[117,118],"product_tag":[119],"class_list":{"0":"post-2841","1":"product","2":"type-product","3":"status-publish","4":"has-post-thumbnail","6":"product_cat-porte-cartes-grises-3-volets-cousus","7":"product_cat-porte-cartes-grises-3-volets-cousus-casablanca","8":"product_tag-porte-cartes-grises-3-volets-cousus-casablanca","10":"first","11":"instock","12":"taxable","13":"shipping-taxable","14":"purchasable","15":"product-type-variable","16":"has-default-attributes"},"aioseo_notices":[],"jetpack_sharing_enabled":true,"_links":{"self":[{"href":"https:\/\/drancourt.fr\/Shop\/wp-json\/wp\/v2\/product\/2841","targetHints":{"allow":["GET"]}}],"collection":[{"href":"https:\/\/drancourt.fr\/Shop\/wp-json\/wp\/v2\/product"}],"about":[{"href":"https:\/\/drancourt.fr\/Shop\/wp-json\/wp\/v2\/types\/product"}],"replies":[{"embeddable":true,"href":"https:\/\/drancourt.fr\/Shop\/wp-json\/wp\/v2\/comments?post=2841"}],"wp:featuredmedia":[{"embeddable":true,"href":"https:\/\/drancourt.fr\/Shop\/wp-json\/wp\/v2\/media\/2849"}],"wp:attachment":[{"href":"https:\/\/drancourt.fr\/Shop\/wp-json\/wp\/v2\/media?parent=2841"}],"wp:term":[{"taxonomy":"product_brand","embeddable":true,"href":"https:\/\/drancourt.fr\/Shop\/wp-json\/wp\/v2\/product_brand?post=2841"},{"taxonomy":"product_cat","embeddable":true,"href":"https:\/\/drancourt.fr\/Shop\/wp-json\/wp\/v2\/product_cat?post=2841"},{"taxonomy":"product_tag","embeddable":true,"href":"https:\/\/drancourt.fr\/Shop\/wp-json\/wp\/v2\/product_tag?post=2841"}],"curies":[{"name":"wp","href":"https:\/\/api.w.org\/{rel}","templated":true}]}}